{"id":142678,"date":"2023-07-02T11:20:51","date_gmt":"2023-07-02T09:20:51","guid":{"rendered":"https:\/\/wave-lovers.com\/audi-e-tron-foil-remote-control-charger\/"},"modified":"2024-07-10T12:23:35","modified_gmt":"2024-07-10T10:23:35","slug":"cargador-de-mando-a-distancia-audi-e-tron-foil","status":"publish","type":"product","link":"https:\/\/wave-lovers.com\/es\/cargador-de-mando-a-distancia-audi-e-tron-foil\/","title":{"rendered":"Cargador De Mando A Distancia Audi E-Tron Foil"},"content":{"rendered":"<h2>Cargador de mando a distancia Audi e-tron foil - INFORMACI\u00d3N<\/h2>\n<p>El cargador del mando a distancia Audi e-tron foil utiliza tecnolog\u00eda inductiva para recargar la bater\u00eda de tu mando en no m\u00e1s de 3 horas. Una carga proporciona un tiempo de funcionamiento del mando a distancia de hasta 8 horas, por lo que s\u00f3lo tendr\u00e1s que cargarlo cada pocos d\u00edas.<\/p>\n<h2>Cargador de mando a distancia Audi e-tron foil - DESTACADOS<\/h2>\n<p>- seguro y f\u00e1cil de usar<br \/>\n- tiempos de carga r\u00e1pidos (aprox. 3 horas)<br \/>\n- c\u00f3moda tecnolog\u00eda de carga inductiva<\/p>\n","protected":false},"excerpt":{"rendered":"<p>Recambio para el cargador del mando a distancia del Audi e-tron foil. Utiliza tecnolog\u00eda inductiva para recargar la bater\u00eda de tu mando en no m\u00e1s de 3 horas.<\/p>\n","protected":false},"featured_media":101046,"comment_status":"open","ping_status":"closed","template":"","meta":{"_acf_changed":false,"_editorskit_title_hidden":false,"_editorskit_reading_time":0,"_editorskit_is_block_options_detached":false,"_editorskit_block_options_position":"{}","site-sidebar-layout":"default","site-content-layout":"default","ast-site-content-layout":"default","site-content-style":"default","site-sidebar-style":"default","ast-global-header-display":"","ast-banner-title-visibility":"","ast-main-header-display":"","ast-hfb-above-header-display":"","ast-hfb-below-header-display":"","ast-hfb-mobile-header-display":"","site-post-title":"","ast-breadcrumbs-content":"","ast-featured-img":"","footer-sml-layout":"","ast-disable-related-posts":"","theme-transparent-header-meta":"default","adv-header-id-meta":"","stick-header-meta":"","header-above-stick-meta":"","header-main-stick-meta":"","header-below-stick-meta":"","astra-migrate-meta-layouts":"set","ast-page-background-enabled":"default","ast-page-background-meta":{"desktop":{"background-color":"","background-image":"","background-repeat":"repeat","background-position":"center center","background-size":"auto","background-attachment":"scroll","background-type":"","background-media":"","overlay-type":"","overlay-color":"","overlay-opacity":"","overlay-gradient":""},"tablet":{"background-color":"","background-image":"","background-repeat":"repeat","background-position":"center center","background-size":"auto","background-attachment":"scroll","background-type":"","background-media":"","overlay-type":"","overlay-color":"","overlay-opacity":"","overlay-gradient":""},"mobile":{"background-color":"","background-image":"","background-repeat":"repeat","background-position":"center center","background-size":"auto","background-attachment":"scroll","background-type":"","background-media":"","overlay-type":"","overlay-color":"","overlay-opacity":"","overlay-gradient":""}},"ast-content-background-meta":{"desktop":{"background-color":"var(--ast-global-color-5)","background-image":"","background-repeat":"repeat","background-position":"center center","background-size":"auto","background-attachment":"scroll","background-type":"","background-media":"","overlay-type":"","overlay-color":"","overlay-opacity":"","overlay-gradient":""},"tablet":{"background-color":"var(--ast-global-color-5)","background-image":"","background-repeat":"repeat","background-position":"center center","background-size":"auto","background-attachment":"scroll","background-type":"","background-media":"","overlay-type":"","overlay-color":"","overlay-opacity":"","overlay-gradient":""},"mobile":{"background-color":"var(--ast-global-color-5)","background-image":"","background-repeat":"repeat","background-position":"center center","background-size":"auto","background-attachment":"scroll","background-type":"","background-media":"","overlay-type":"","overlay-color":"","overlay-opacity":"","overlay-gradient":""}},"_jf_save_progress":""},"product_brand":[],"product_cat":[4098,60,114,536,4099,24],"product_tag":[],"class_list":{"0":"post-142678","1":"product","2":"type-product","3":"status-publish","4":"has-post-thumbnail","6":"product_cat-recambios-e-foil","7":"product_cat-buy","8":"product_cat-comprar","9":"product_cat-e-foil-spare-parts","10":"product_cat-recambios","11":"product_cat-spare-parts","12":"product_shipping_class-s-es","13":"desktop-align-center","14":"tablet-align-center","15":"mobile-align-center","16":"ast-product-gallery-layout-horizontal","17":"ast-product-gallery-with-no-image","18":"ast-magnify-disabled","19":"ast-product-tabs-layout-horizontal","21":"first","22":"instock","23":"taxable","24":"shipping-taxable","25":"purchasable","26":"product-type-simple"},"acf":[],"brizy_media":[],"_links":{"self":[{"href":"https:\/\/wave-lovers.com\/es\/wp-json\/wp\/v2\/product\/142678","targetHints":{"allow":["GET"]}}],"collection":[{"href":"https:\/\/wave-lovers.com\/es\/wp-json\/wp\/v2\/product"}],"about":[{"href":"https:\/\/wave-lovers.com\/es\/wp-json\/wp\/v2\/types\/product"}],"replies":[{"embeddable":true,"href":"https:\/\/wave-lovers.com\/es\/wp-json\/wp\/v2\/comments?post=142678"}],"wp:featuredmedia":[{"embeddable":true,"href":"https:\/\/wave-lovers.com\/es\/wp-json\/wp\/v2\/media\/101046"}],"wp:attachment":[{"href":"https:\/\/wave-lovers.com\/es\/wp-json\/wp\/v2\/media?parent=142678"}],"wp:term":[{"taxonomy":"product_brand","embeddable":true,"href":"https:\/\/wave-lovers.com\/es\/wp-json\/wp\/v2\/product_brand?post=142678"},{"taxonomy":"product_cat","embeddable":true,"href":"https:\/\/wave-lovers.com\/es\/wp-json\/wp\/v2\/product_cat?post=142678"},{"taxonomy":"product_tag","embeddable":true,"href":"https:\/\/wave-lovers.com\/es\/wp-json\/wp\/v2\/product_tag?post=142678"}],"curies":[{"name":"wp","href":"https:\/\/api.w.org\/{rel}","templated":true}]}}