{"id":142674,"date":"2023-07-05T11:25:07","date_gmt":"2023-07-05T09:25:07","guid":{"rendered":"https:\/\/wave-lovers.com\/audi-e-tron-e-foil-helmet\/"},"modified":"2024-03-10T23:17:36","modified_gmt":"2024-03-10T22:17:36","slug":"casco-surf-audi-e-tron-e-foil","status":"publish","type":"product","link":"https:\/\/wave-lovers.com\/es\/casco-surf-audi-e-tron-e-foil\/","title":{"rendered":"Casco Surf Audi E-Tron E-Foil"},"content":{"rendered":"<h2>Casco Audi E-Tron E-Foil - INFORMACI\u00d3N<\/h2>\n<p>\u00a1H\u00e1gase con el equipamiento de seguridad m\u00e1s novedoso de Audi | Aerofoils! El casco de carcasa dura de protecci\u00f3n puede salvarle la vida en situaciones imprevisibles. Es su propia responsabilidad tomar las precauciones de seguridad adecuadas. Con el e-foil alcanzando velocidades de hasta 50 km\/h cualquier accidente podr\u00eda ser el \u00faltimo. Especialmente si hay rocas o cualquier otra formaci\u00f3n bloqueando su camino. Por eso recomendamos este casco a todos los surfistas, independientemente de su experiencia.<\/p>\n<p>El dise\u00f1o se mantiene simple y se ve profesional en cualquier situaci\u00f3n. Con orificios de ventilaci\u00f3n adicionales en la parte superior y las correas ajustables para la longitud y anchura de la cabeza, el concepto fue bien pensado y es particularmente c\u00f3modo de llevar. El acabado no deja nada que desear, como es habitual en Audi.<\/p>\n<p>Los cascos tambi\u00e9n est\u00e1n disponibles en diferentes tallas. A continuaci\u00f3n se indican las dimensiones.<\/p>\n<h3>Casco Audi E-Tron E-Foil - DETALLES<\/h3>\n<p>Circunferencia de la cabeza:<\/p>\n<p>S \/ M - 51-56cm<br \/>\nM \/ L - 55-61cm<\/p>\n<h3>Casco Audi E-Tron E-Foil - DESTACADOS<\/h3>\n<p>- recomendado para cualquier surfista, independientemente de su nivel de experiencia<br \/>\n- dise\u00f1o elegante para un look profesional<br \/>\n- disponible en 2 tallas con correas de ajuste adicionales<br \/>\n- c\u00f3modo de llevar y fabricado con materiales de alta calidad<\/p>\n","protected":false},"excerpt":{"rendered":"<p>Casco de surf de carcasa dura profesional, disponible en dos tallas con correas de ajuste adicionales. C\u00f3modo y seguro.<\/p>\n","protected":false},"featured_media":101050,"comment_status":"open","ping_status":"closed","template":"","meta":{"_acf_changed":false,"_editorskit_title_hidden":false,"_editorskit_reading_time":0,"_editorskit_is_block_options_detached":false,"_editorskit_block_options_position":"{}","site-sidebar-layout":"default","site-content-layout":"","ast-site-content-layout":"default","site-content-style":"default","site-sidebar-style":"default","ast-global-header-display":"","ast-banner-title-visibility":"","ast-main-header-display":"","ast-hfb-above-header-display":"","ast-hfb-below-header-display":"","ast-hfb-mobile-header-display":"","site-post-title":"","ast-breadcrumbs-content":"","ast-featured-img":"","footer-sml-layout":"","ast-disable-related-posts":"","theme-transparent-header-meta":"default","adv-header-id-meta":"","stick-header-meta":"","header-above-stick-meta":"","header-main-stick-meta":"","header-below-stick-meta":"","astra-migrate-meta-layouts":"set","ast-page-background-enabled":"default","ast-page-background-meta":{"desktop":{"background-color":"","background-image":"","background-repeat":"repeat","background-position":"center center","background-size":"auto","background-attachment":"scroll","background-type":"","background-media":"","overlay-type":"","overlay-color":"","overlay-opacity":"","overlay-gradient":""},"tablet":{"background-color":"","background-image":"","background-repeat":"repeat","background-position":"center center","background-size":"auto","background-attachment":"scroll","background-type":"","background-media":"","overlay-type":"","overlay-color":"","overlay-opacity":"","overlay-gradient":""},"mobile":{"background-color":"","background-image":"","background-repeat":"repeat","background-position":"center center","background-size":"auto","background-attachment":"scroll","background-type":"","background-media":"","overlay-type":"","overlay-color":"","overlay-opacity":"","overlay-gradient":""}},"ast-content-background-meta":{"desktop":{"background-color":"var(--ast-global-color-5)","background-image":"","background-repeat":"repeat","background-position":"center center","background-size":"auto","background-attachment":"scroll","background-type":"","background-media":"","overlay-type":"","overlay-color":"","overlay-opacity":"","overlay-gradient":""},"tablet":{"background-color":"var(--ast-global-color-5)","background-image":"","background-repeat":"repeat","background-position":"center center","background-size":"auto","background-attachment":"scroll","background-type":"","background-media":"","overlay-type":"","overlay-color":"","overlay-opacity":"","overlay-gradient":""},"mobile":{"background-color":"var(--ast-global-color-5)","background-image":"","background-repeat":"repeat","background-position":"center center","background-size":"auto","background-attachment":"scroll","background-type":"","background-media":"","overlay-type":"","overlay-color":"","overlay-opacity":"","overlay-gradient":""}},"_jf_save_progress":""},"product_brand":[],"product_cat":[114,4113,558,60],"product_tag":[],"class_list":{"0":"post-142674","1":"product","2":"type-product","3":"status-publish","4":"has-post-thumbnail","6":"product_cat-comprar","7":"product_cat-accesorios","8":"product_cat-accessoires","9":"product_cat-buy","10":"product_shipping_class-s-es","11":"desktop-align-center","12":"tablet-align-center","13":"mobile-align-center","14":"ast-product-gallery-layout-horizontal","15":"ast-magnify-disabled","16":"ast-product-single-variable","17":"ast-product-tabs-layout-horizontal","19":"first","20":"instock","21":"taxable","22":"shipping-taxable","23":"purchasable","24":"product-type-variable"},"acf":[],"brizy_media":[],"_links":{"self":[{"href":"https:\/\/wave-lovers.com\/es\/wp-json\/wp\/v2\/product\/142674","targetHints":{"allow":["GET"]}}],"collection":[{"href":"https:\/\/wave-lovers.com\/es\/wp-json\/wp\/v2\/product"}],"about":[{"href":"https:\/\/wave-lovers.com\/es\/wp-json\/wp\/v2\/types\/product"}],"replies":[{"embeddable":true,"href":"https:\/\/wave-lovers.com\/es\/wp-json\/wp\/v2\/comments?post=142674"}],"wp:featuredmedia":[{"embeddable":true,"href":"https:\/\/wave-lovers.com\/es\/wp-json\/wp\/v2\/media\/101050"}],"wp:attachment":[{"href":"https:\/\/wave-lovers.com\/es\/wp-json\/wp\/v2\/media?parent=142674"}],"wp:term":[{"taxonomy":"product_brand","embeddable":true,"href":"https:\/\/wave-lovers.com\/es\/wp-json\/wp\/v2\/product_brand?post=142674"},{"taxonomy":"product_cat","embeddable":true,"href":"https:\/\/wave-lovers.com\/es\/wp-json\/wp\/v2\/product_cat?post=142674"},{"taxonomy":"product_tag","embeddable":true,"href":"https:\/\/wave-lovers.com\/es\/wp-json\/wp\/v2\/product_tag?post=142674"}],"curies":[{"name":"wp","href":"https:\/\/api.w.org\/{rel}","templated":true}]}}