{"id":142671,"date":"2023-07-05T13:04:29","date_gmt":"2023-07-05T11:04:29","guid":{"rendered":"https:\/\/wave-lovers.com\/audi-e-tron-e-foil-life-jacket\/"},"modified":"2024-05-16T20:56:45","modified_gmt":"2024-05-16T18:56:45","slug":"chaleco-salvavidas-audi-e-tron-efoil","status":"publish","type":"product","link":"https:\/\/wave-lovers.com\/es\/chaleco-salvavidas-audi-e-tron-efoil\/","title":{"rendered":"Chaleco Salvavidas Audi E-Tron eFoil"},"content":{"rendered":"<h2>Chaleco salvavidas Audi E-Tron eFoil - INFORMACI\u00d3N<\/h2>\n<p>\u00a1H\u00e1gase con el equipamiento de seguridad m\u00e1s novedoso de Audi | Aerofoils! Con chaleco salvavidas puedes evitar ahogarte y protege tu cuerpo de cualquier impacto. Es tu responsabilidad tomar las precauciones de seguridad adecuadas. Con el eFoil puedes alcanzar velocidades de hasta 50 km\/h, cualquier accidente podr\u00eda ser el \u00faltimo. Especialmente si hay rocas o cualquier otro objeto bloqueando tu camino. Recomendamos este chaleco salvavidas a cualquier surfista, \u00a1da igual tu experiencia!<\/p>\n<p>El dise\u00f1o es simple y se ve profesional por todos los medios. Material suave y duradero con cremallera lateral, un concepto inteligente, es c\u00f3modo de llevar y f\u00e1cil de quitar. El acabado es de alta calidad, como es habitual en Audi.<\/p>\n<p>Los chalecos salvavidas est\u00e1n disponibles en 6 tallas diferentes. A continuaci\u00f3n encontrar\u00e1 la altura recomendada para ellos.<\/p>\n<h2>Chaleco salvavidas Audi E-Tron eFoil - TALLAS<\/h2>\n<p>Altura recomendada:<\/p>\n<p>XS - 164-170cm<br \/>\nS - 168-174cm<br \/>\nM - 172-178cm<br \/>\nL - 176-184cm<br \/>\nXL - 182-189 cm<br \/>\nXXL - 187-194cm<\/p>\n<h2>Chaleco salvavidas Audi E-Tron E-Foil - DESTACADOS<\/h2>\n<p>- recomendado para cualquier surfista, \u00a1da igual tu experiencia!<br \/>\n- dise\u00f1o elegante para un look profesional<br \/>\n- disponible en 6 tallas<\/p>\n","protected":false},"excerpt":{"rendered":"<p>Chaleco salvavidas profesional en diferentes tallas con cremallera lateral para facilitar su extracci\u00f3n. C\u00f3modo y seguro.<\/p>\n","protected":false},"featured_media":101053,"comment_status":"open","ping_status":"closed","template":"","meta":{"_acf_changed":false,"_editorskit_title_hidden":false,"_editorskit_reading_time":0,"_editorskit_is_block_options_detached":false,"_editorskit_block_options_position":"{}","site-sidebar-layout":"default","site-content-layout":"","ast-site-content-layout":"default","site-content-style":"default","site-sidebar-style":"default","ast-global-header-display":"","ast-banner-title-visibility":"","ast-main-header-display":"","ast-hfb-above-header-display":"","ast-hfb-below-header-display":"","ast-hfb-mobile-header-display":"","site-post-title":"","ast-breadcrumbs-content":"","ast-featured-img":"","footer-sml-layout":"","ast-disable-related-posts":"","theme-transparent-header-meta":"default","adv-header-id-meta":"","stick-header-meta":"","header-above-stick-meta":"","header-main-stick-meta":"","header-below-stick-meta":"","astra-migrate-meta-layouts":"set","ast-page-background-enabled":"default","ast-page-background-meta":{"desktop":{"background-color":"","background-image":"","background-repeat":"repeat","background-position":"center center","background-size":"auto","background-attachment":"scroll","background-type":"","background-media":"","overlay-type":"","overlay-color":"","overlay-opacity":"","overlay-gradient":""},"tablet":{"background-color":"","background-image":"","background-repeat":"repeat","background-position":"center center","background-size":"auto","background-attachment":"scroll","background-type":"","background-media":"","overlay-type":"","overlay-color":"","overlay-opacity":"","overlay-gradient":""},"mobile":{"background-color":"","background-image":"","background-repeat":"repeat","background-position":"center center","background-size":"auto","background-attachment":"scroll","background-type":"","background-media":"","overlay-type":"","overlay-color":"","overlay-opacity":"","overlay-gradient":""}},"ast-content-background-meta":{"desktop":{"background-color":"var(--ast-global-color-5)","background-image":"","background-repeat":"repeat","background-position":"center center","background-size":"auto","background-attachment":"scroll","background-type":"","background-media":"","overlay-type":"","overlay-color":"","overlay-opacity":"","overlay-gradient":""},"tablet":{"background-color":"var(--ast-global-color-5)","background-image":"","background-repeat":"repeat","background-position":"center center","background-size":"auto","background-attachment":"scroll","background-type":"","background-media":"","overlay-type":"","overlay-color":"","overlay-opacity":"","overlay-gradient":""},"mobile":{"background-color":"var(--ast-global-color-5)","background-image":"","background-repeat":"repeat","background-position":"center center","background-size":"auto","background-attachment":"scroll","background-type":"","background-media":"","overlay-type":"","overlay-color":"","overlay-opacity":"","overlay-gradient":""}},"_jf_save_progress":""},"product_brand":[],"product_cat":[114,4113,558,60],"product_tag":[],"class_list":{"0":"post-142671","1":"product","2":"type-product","3":"status-publish","4":"has-post-thumbnail","6":"product_cat-comprar","7":"product_cat-accesorios","8":"product_cat-accessoires","9":"product_cat-buy","10":"product_shipping_class-s-es","11":"desktop-align-center","12":"tablet-align-center","13":"mobile-align-center","14":"ast-product-gallery-layout-horizontal","15":"ast-product-gallery-with-no-image","16":"ast-magnify-disabled","17":"ast-product-single-variable","18":"ast-product-tabs-layout-horizontal","20":"first","21":"instock","22":"taxable","23":"shipping-taxable","24":"purchasable","25":"product-type-variable"},"acf":[],"brizy_media":[],"_links":{"self":[{"href":"https:\/\/wave-lovers.com\/es\/wp-json\/wp\/v2\/product\/142671","targetHints":{"allow":["GET"]}}],"collection":[{"href":"https:\/\/wave-lovers.com\/es\/wp-json\/wp\/v2\/product"}],"about":[{"href":"https:\/\/wave-lovers.com\/es\/wp-json\/wp\/v2\/types\/product"}],"replies":[{"embeddable":true,"href":"https:\/\/wave-lovers.com\/es\/wp-json\/wp\/v2\/comments?post=142671"}],"wp:featuredmedia":[{"embeddable":true,"href":"https:\/\/wave-lovers.com\/es\/wp-json\/wp\/v2\/media\/101053"}],"wp:attachment":[{"href":"https:\/\/wave-lovers.com\/es\/wp-json\/wp\/v2\/media?parent=142671"}],"wp:term":[{"taxonomy":"product_brand","embeddable":true,"href":"https:\/\/wave-lovers.com\/es\/wp-json\/wp\/v2\/product_brand?post=142671"},{"taxonomy":"product_cat","embeddable":true,"href":"https:\/\/wave-lovers.com\/es\/wp-json\/wp\/v2\/product_cat?post=142671"},{"taxonomy":"product_tag","embeddable":true,"href":"https:\/\/wave-lovers.com\/es\/wp-json\/wp\/v2\/product_tag?post=142671"}],"curies":[{"name":"wp","href":"https:\/\/api.w.org\/{rel}","templated":true}]}}