{"id":142645,"date":"2022-07-21T16:08:19","date_gmt":"2022-07-21T14:08:19","guid":{"rendered":"https:\/\/wave-lovers.com\/seabob-f5-s-underwater-scooter\/"},"modified":"2024-07-01T15:11:41","modified_gmt":"2024-07-01T13:11:41","slug":"scooter-submarino-seabob-f5-s","status":"publish","type":"product","link":"https:\/\/wave-lovers.com\/es\/scooter-submarino-seabob-f5-s\/","title":{"rendered":"Scooter Submarino SEABOB F5 S"},"content":{"rendered":"<h2>SEABOB F5 S Scooter Submarino - INFORMACI\u00d3N<\/h2>\n<p><img decoding=\"async\" class=\"alignright wp-image-73362 size-thumbnail\" src=\"https:\/\/wave-lovers.com\/wp-content\/uploads\/2022\/07\/couple-diving-with-the-SEABOB-F5S-in-the-sea-e1688638972150.jpg\" alt=\"Couple diving with the SEABOB F5S in the sea\" width=\"150\" height=\"150\" srcset=\"https:\/\/wave-lovers.com\/wp-content\/uploads\/2022\/07\/couple-diving-with-the-SEABOB-F5S-in-the-sea-e1688638972150.jpg 801w, https:\/\/wave-lovers.com\/wp-content\/uploads\/2022\/07\/couple-diving-with-the-SEABOB-F5S-in-the-sea-e1688638972150-300x300.jpg 300w, https:\/\/wave-lovers.com\/wp-content\/uploads\/2022\/07\/couple-diving-with-the-SEABOB-F5S-in-the-sea-e1688638972150-150x150.jpg 150w, https:\/\/wave-lovers.com\/wp-content\/uploads\/2022\/07\/couple-diving-with-the-SEABOB-F5S-in-the-sea-e1688638972150-768x767.jpg 768w, https:\/\/wave-lovers.com\/wp-content\/uploads\/2022\/07\/couple-diving-with-the-SEABOB-F5S-in-the-sea-e1688638972150-600x599.jpg 600w, https:\/\/wave-lovers.com\/wp-content\/uploads\/2022\/07\/couple-diving-with-the-SEABOB-F5S-in-the-sea-e1688638972150-100x100.jpg 100w, https:\/\/wave-lovers.com\/wp-content\/uploads\/2022\/07\/couple-diving-with-the-SEABOB-F5S-in-the-sea-e1688638972150-32x32.jpg 32w\" sizes=\"(max-width: 150px) 100vw, 150px\" \/><\/p>\n<p>El SEABOB F5 S se encuentra en el centro de la gama de productos y, por lo tanto, ofrece un equilibrio en t\u00e9rminos de rendimiento, peso, tiempo de funcionamiento y, por supuesto, el precio. En t\u00e9rminos de rendimiento, sin embargo, el scooter subacu\u00e1tico se encuentra en la gama alta, ya que es s\u00f3lo ligeramente m\u00e1s lento que el modelo superior (SEABOB F5 SR). Desenfrenado e intenso, es un veh\u00edculo de altas prestaciones absolutas.<\/p>\n<p>Con un peso total de s\u00f3lo 34 kg, tiene unas caracter\u00edsticas de manejo excepcionalmente buenas. El sistema de propulsi\u00f3n eJet puede accionarse en 6 marchas para garantizar el estilo de conducci\u00f3n deseado. Su car\u00e1cter deportivo impresiona por su extraordinario dinamismo y su aspecto lujoso queda subrayado por la amplia gama de colores entre los que puede elegir.<\/p>\n<p>Tanto si eres un principiante como un experimentado conductor de scooters subacu\u00e1ticos, el SEABOB F5 S es una gran elecci\u00f3n para cualquiera que desee un scooter subacu\u00e1tico potente y r\u00e1pido que siga siendo ligero y f\u00e1cil de manejar.<\/p>\n<h3>Tecnolog\u00eda avanzada<\/h3>\n<p><img decoding=\"async\" class=\"wp-image-100594 size-thumbnail alignright\" src=\"https:\/\/wave-lovers.com\/wp-content\/uploads\/2022\/07\/seabob-tech-2-150x150.jpg\" alt=\"Seabob rear view zoomed in\" width=\"100\" height=\"100\" srcset=\"https:\/\/wave-lovers.com\/wp-content\/uploads\/2022\/07\/seabob-tech-2-150x150.jpg 150w, https:\/\/wave-lovers.com\/wp-content\/uploads\/2022\/07\/seabob-tech-2-300x300.jpg 300w, https:\/\/wave-lovers.com\/wp-content\/uploads\/2022\/07\/seabob-tech-2-1024x1024.jpg 1024w, https:\/\/wave-lovers.com\/wp-content\/uploads\/2022\/07\/seabob-tech-2-768x768.jpg 768w, https:\/\/wave-lovers.com\/wp-content\/uploads\/2022\/07\/seabob-tech-2-600x600.jpg 600w, https:\/\/wave-lovers.com\/wp-content\/uploads\/2022\/07\/seabob-tech-2-100x100.jpg 100w, https:\/\/wave-lovers.com\/wp-content\/uploads\/2022\/07\/seabob-tech-2-32x32.jpg 32w, https:\/\/wave-lovers.com\/wp-content\/uploads\/2022\/07\/seabob-tech-2.jpg 1200w\" sizes=\"(max-width: 100px) 100vw, 100px\" \/>La unidad motriz el\u00e9ctrica de alto rendimiento es una innovaci\u00f3n respetuosa con el medio ambiente, que no deja nada que desear. Sus materiales de alta calidad reflejan la excelente elaboraci\u00f3n artesanal.<\/p>\n<p>Utilizando la \u00faltima tecnolog\u00eda, el scooter subacu\u00e1tico consigue una potencia incre\u00edble con una eficiencia excepcional y un tama\u00f1o total compacto. Calidad hasta en el m\u00e1s m\u00ednimo detalle.<\/p>\n<h3>Visi\u00f3n clara y control perfecto<\/h3>\n<p><img decoding=\"async\" class=\"wp-image-100597 size-thumbnail alignright\" src=\"https:\/\/wave-lovers.com\/wp-content\/uploads\/2022\/07\/seabob-display-150x150.jpg\" alt=\"\" width=\"100\" height=\"100\" srcset=\"https:\/\/wave-lovers.com\/wp-content\/uploads\/2022\/07\/seabob-display-150x150.jpg 150w, https:\/\/wave-lovers.com\/wp-content\/uploads\/2022\/07\/seabob-display-300x300.jpg 300w, https:\/\/wave-lovers.com\/wp-content\/uploads\/2022\/07\/seabob-display-1024x1024.jpg 1024w, https:\/\/wave-lovers.com\/wp-content\/uploads\/2022\/07\/seabob-display-768x768.jpg 768w, https:\/\/wave-lovers.com\/wp-content\/uploads\/2022\/07\/seabob-display-600x600.jpg 600w, https:\/\/wave-lovers.com\/wp-content\/uploads\/2022\/07\/seabob-display-100x100.jpg 100w, https:\/\/wave-lovers.com\/wp-content\/uploads\/2022\/07\/seabob-display-32x32.jpg 32w, https:\/\/wave-lovers.com\/wp-content\/uploads\/2022\/07\/seabob-display.jpg 1200w\" sizes=\"(max-width: 100px) 100vw, 100px\" \/>El puesto de conducci\u00f3n central se encuentra exactamente en el campo de visi\u00f3n del conductor. Toda la informaci\u00f3n importante se muestra en la brillante pantalla tft en color. Con la visualizaci\u00f3n del nivel de carga de la bater\u00eda se mantiene la visi\u00f3n de conjunto.<\/p>\n<p>Adem\u00e1s, el conductor recibe informaci\u00f3n actualizada sobre su profundidad de inmersi\u00f3n y la temperatura del agua. Las funciones de programaci\u00f3n tambi\u00e9n pueden controlarse c\u00f3modamente a trav\u00e9s de la pantalla.<\/p>\n<h3>Pu\u00f1os de control inteligentes<\/h3>\n<p><img loading=\"lazy\" decoding=\"async\" class=\"alignright wp-image-100600 size-thumbnail\" src=\"https:\/\/wave-lovers.com\/wp-content\/uploads\/2022\/07\/seabob-control-150x150.jpg\" alt=\"\" width=\"100\" height=\"100\" srcset=\"https:\/\/wave-lovers.com\/wp-content\/uploads\/2022\/07\/seabob-control-150x150.jpg 150w, https:\/\/wave-lovers.com\/wp-content\/uploads\/2022\/07\/seabob-control-300x300.jpg 300w, https:\/\/wave-lovers.com\/wp-content\/uploads\/2022\/07\/seabob-control-1024x1024.jpg 1024w, https:\/\/wave-lovers.com\/wp-content\/uploads\/2022\/07\/seabob-control-768x768.jpg 768w, https:\/\/wave-lovers.com\/wp-content\/uploads\/2022\/07\/seabob-control-600x600.jpg 600w, https:\/\/wave-lovers.com\/wp-content\/uploads\/2022\/07\/seabob-control-100x100.jpg 100w, https:\/\/wave-lovers.com\/wp-content\/uploads\/2022\/07\/seabob-control-32x32.jpg 32w, https:\/\/wave-lovers.com\/wp-content\/uploads\/2022\/07\/seabob-control.jpg 1200w\" sizes=\"(max-width: 100px) 100vw, 100px\" \/>El scooter subacu\u00e1tico encarna la tecnolog\u00eda m\u00e1s avanzada hasta la m\u00e9dula. El piloto controla el veh\u00edculo mediante dos pu\u00f1os de control inteligentes con tecnolog\u00eda piezoel\u00e9ctrica.<\/p>\n<p>Una ligera presi\u00f3n sobre el sensor verde acelera en potentes golpes sin intervalos hasta alcanzar la velocidad deseada. Por el contrario, una presi\u00f3n sobre el sensor rojo ralentiza el SEABOB reduciendo el empuje. Si la situaci\u00f3n requiere una parada inmediata, basta con soltar el gatillo.<\/p>\n<h3>C\u00e1mara opcional<\/h3>\n<p><img loading=\"lazy\" decoding=\"async\" class=\"wp-image-100623 size-thumbnail alignright\" src=\"https:\/\/wave-lovers.com\/wp-content\/uploads\/2022\/07\/seabob-cam-150x150.jpg\" alt=\"\" width=\"100\" height=\"100\" srcset=\"https:\/\/wave-lovers.com\/wp-content\/uploads\/2022\/07\/seabob-cam-150x150.jpg 150w, https:\/\/wave-lovers.com\/wp-content\/uploads\/2022\/07\/seabob-cam-300x300.jpg 300w, https:\/\/wave-lovers.com\/wp-content\/uploads\/2022\/07\/seabob-cam-768x768.jpg 768w, https:\/\/wave-lovers.com\/wp-content\/uploads\/2022\/07\/seabob-cam-600x600.jpg 600w, https:\/\/wave-lovers.com\/wp-content\/uploads\/2022\/07\/seabob-cam-100x100.jpg 100w, https:\/\/wave-lovers.com\/wp-content\/uploads\/2022\/07\/seabob-cam-32x32.jpg 32w, https:\/\/wave-lovers.com\/wp-content\/uploads\/2022\/07\/seabob-cam.jpg 1000w\" sizes=\"(max-width: 100px) 100vw, 100px\" \/>Si lo desea, la SEABOB puede equiparse con un sistema de c\u00e1mara integrado compuesto por dos objetivos. Una c\u00e1mara Full HD como sistema de grabaci\u00f3n en la proa de la moto acu\u00e1tica, que filma el entorno y lo guarda todo con s\u00f3lo pulsar un bot\u00f3n. Otra c\u00e1mara full HD se encuentra en la pantalla de informaci\u00f3n para actuar como c\u00e1mara selfie de acci\u00f3n para mostrar al piloto en sus aventuras.<\/p>\n<h2>SEABOB F5 S Scooter Submarino - DETALLES<\/h2>\n<div class=\"column mcb-column one column_column column-margin-30px\">\n<div class=\"column_attr clearfix align_left\">\n<table border=\"1\" width=\"100%\">\n<tbody>\n<tr style=\"height: 41px;\">\n<th style=\"color: #c0c0c0; border-bottom: 1px solid #c9c9c9 !important; padding-top: 20px; height: 41px;\" width=\"40%\"><\/th>\n<td style=\"border-bottom: 1px solid #c9c9c9 !important; height: 41px;\" width=\"20%\"><a href=\"https:\/\/wave-lovers.com\/seabob-f5-underwater-scooter\/\">SEABOB F5<\/a><\/td>\n<td style=\"border-bottom: 1px solid #c9c9c9 !important; height: 41px;\" width=\"20%\"><strong>SEABOB F5 S<\/strong><\/td>\n<td style=\"border-bottom: 1px solid #c9c9c9 !important; height: 41px;\" width=\"20%\"><a href=\"https:\/\/wave-lovers.com\/seabob-f5-sr-underwater-scooter\/\">SEABOB F5 SR<\/a><\/td>\n<\/tr>\n<tr style=\"height: 41px;\">\n<th style=\"color: #c0c0c0; border-bottom: 1px solid #c9c9c9 !important; padding-top: 20px; height: 41px;\" width=\"40%\">Propulsi\u00f3n<\/th>\n<td style=\"border-bottom: 1px solid #c9c9c9 !important; height: 41px;\" width=\"20%\"><\/td>\n<td style=\"border-bottom: 1px solid #c9c9c9 !important; height: 41px;\" width=\"20%\"><\/td>\n<td style=\"border-bottom: 1px solid #c9c9c9 !important; height: 41px;\" width=\"20%\"><\/td>\n<\/tr>\n<tr style=\"height: 21px;\">\n<th style=\"height: 21px;\">Rendimiento hasta<\/th>\n<td style=\"height: 21px;\">2.5 kW<\/td>\n<td style=\"height: 21px;\"><strong>4.0 kW<\/strong><\/td>\n<td style=\"height: 21px;\">4.5 kW<\/td>\n<\/tr>\n<tr style=\"height: 21px;\">\n<th style=\"height: 21px;\">Empuje m\u00e1ximo hasta<\/th>\n<td style=\"height: 21px;\">480 N<\/td>\n<td style=\"height: 21px;\"><strong>680 N<\/strong><\/td>\n<td style=\"height: 21px;\">745 N<\/td>\n<\/tr>\n<tr style=\"height: 21px;\">\n<th style=\"height: 21px;\">Niveles de potencia<\/th>\n<td style=\"height: 21px;\">4<\/td>\n<td style=\"height: 21px;\"><strong>6<\/strong><\/td>\n<td style=\"height: 21px;\">7<\/td>\n<\/tr>\n<tr style=\"height: 41.3833px;\">\n<th style=\"color: #c0c0c0; border-bottom: 1px solid #c9c9c9 !important; padding-top: 20px; height: 41.3833px;\">Velocidad<\/th>\n<td style=\"border-bottom: 1px solid #c9c9c9 !important; height: 41.3833px;\"><\/td>\n<td style=\"border-bottom: 1px solid #c9c9c9 !important; height: 41.3833px;\"><\/td>\n<td style=\"border-bottom: 1px solid #c9c9c9 !important; height: 41.3833px;\"><\/td>\n<\/tr>\n<tr style=\"height: 21px;\">\n<th style=\"height: 21px;\">Sobre el agua hasta<\/th>\n<td style=\"height: 21px;\">14 km\/h<\/td>\n<td style=\"height: 21px;\"><strong>20 km\/h<\/strong><\/td>\n<td style=\"height: 21px;\">22 km\/h<\/td>\n<\/tr>\n<tr style=\"height: 21px;\">\n<th style=\"height: 21px;\">Bajo el agua hasta<\/th>\n<td style=\"height: 21px;\">13 km\/h<\/td>\n<td style=\"height: 21px;\"><strong>18 km\/h<\/strong><\/td>\n<td style=\"height: 21px;\">20 km\/h<\/td>\n<\/tr>\n<\/tbody>\n<\/table>\n<\/div>\n<\/div>\n<div class=\"column mcb-column one column_column column-margin-30px\">\n<div class=\"column_attr clearfix align_left\">\n<div class=\"specs\">\n<h3>Bater\u00eda<\/h3>\n<\/div>\n<table border=\"1\" width=\"100%\">\n<tbody>\n<tr>\n<th style=\"padding-top: 20px;\" width=\"40%\">Tiempo de operaci\u00f3n<\/th>\n<td style=\"padding-top: 20px;\" width=\"20%\">\u2205 50 min<\/td>\n<td style=\"padding-top: 20px;\" width=\"20%\"><strong>\u2205 60 min<\/strong><\/td>\n<td style=\"padding-top: 20px;\" width=\"20%\">\u2205 70 min<\/td>\n<\/tr>\n<tr>\n<th style=\"color: #c0c0c0; border-bottom: 1px #c9c9c9 solid !important; padding-top: 20px;\">Tiempo de carga<\/th>\n<td style=\"border-bottom: 1px #c9c9c9 solid !important;\"><\/td>\n<td style=\"border-bottom: 1px #c9c9c9 solid !important;\"><\/td>\n<td style=\"border-bottom: 1px #c9c9c9 solid !important;\"><\/td>\n<\/tr>\n<tr>\n<th>Carga est\u00e1ndar<\/th>\n<td>\u2205 8 h<\/td>\n<td><strong>\u2205 7 h<\/strong><\/td>\n<td>\u2205 7 h<\/td>\n<\/tr>\n<tr>\n<th>Carga r\u00e1pida<\/th>\n<td>\u2205 1,5 h<\/td>\n<td><strong>\u2205 1,5 h<\/strong><\/td>\n<td>\u2205 1,5 h<\/td>\n<\/tr>\n<\/tbody>\n<\/table>\n<\/div>\n<\/div>\n<div class=\"column mcb-column one column_column column-margin-30px\">\n<div class=\"column_attr clearfix align_left\">\n<div class=\"specs\">\n<h3>Dimensiones &amp; Peso<\/h3>\n<\/div>\n<table border=\"1\" width=\"100%\">\n<tbody>\n<tr>\n<th style=\"padding-top: 20px;\" width=\"40%\">Dimensiones L x A x A (en mm)<\/th>\n<td style=\"padding-top: 20px;\" width=\"20%\">1.152 x 507 x 372<\/td>\n<td style=\"padding-top: 20px;\" width=\"20%\"><strong>1.152 x 507 x 372<\/strong><\/td>\n<td style=\"padding-top: 20px;\" width=\"20%\">1.152 x 543 x 372<\/td>\n<\/tr>\n<tr>\n<th>Peso<\/th>\n<td>aprox. 29 kg<\/td>\n<td><strong>aprox. 34 kg<\/strong><\/td>\n<td>aprox. 35 kg<\/td>\n<\/tr>\n<tr>\n<th>Flotabilidad en agua<\/th>\n<td>14 kg<\/td>\n<td><strong>10 kg<\/strong><\/td>\n<td>10 kg<\/td>\n<\/tr>\n<\/tbody>\n<\/table>\n<\/div>\n<\/div>\n<div class=\"column mcb-column one column_column column-margin-30px\">\n<div class=\"column_attr clearfix align_left\">\n<div class=\"specs\">\n<h3>Clasificaci\u00f3n de Profundidad<\/h3>\n<\/div>\n<table border=\"1\" width=\"100%\">\n<tbody>\n<tr>\n<th style=\"padding-top: 20px;\" width=\"40%\">2.5 m (Corte de seguridad)<\/th>\n<td style=\"padding-top: 20px;\" width=\"20%\">\u2713<\/td>\n<td style=\"padding-top: 20px;\" width=\"20%\"><strong>\u2713<\/strong><\/td>\n<td style=\"padding-top: 20px;\" width=\"20%\">\u2713<\/td>\n<\/tr>\n<tr>\n<th>max. 40 m puede ser ajustado mediante control electr\u00f3nico<\/th>\n<td>\u2713<\/td>\n<td><strong>\u2713<\/strong><\/td>\n<td>\u2713<\/td>\n<\/tr>\n<\/tbody>\n<\/table>\n<\/div>\n<\/div>\n<h2 style=\"text-align: center;\">\u00bfPor qu\u00e9 deber\u00eda comprar un SEABOB F5 S?<\/h2>\n<p>\u00bfPor qu\u00e9 debo comprar un SEABOB F5 S? Es una gran manera de hacer algo de ejercicio mientras disfruta del agua, y tambi\u00e9n es perfecto para aquellos que quieren explorar el mundo submarino sin tener que llevar un voluminoso equipo de buceo.<\/p>\n<p>Aqu\u00ed hay <strong>10 grandes razones para comprar un SEABOB F5 S<\/strong> y por qu\u00e9 el SEABOB F5 S es uno de los mejores scooters submarinos en el mercado:<\/p>\n<ol>\n<li>Es r\u00e1pido. Con una velocidad m\u00e1xima de 20 km\/h, el SEABOB F5 S es uno de los veh\u00edculos para deportes acu\u00e1ticos m\u00e1s r\u00e1pidos del mercado.<\/li>\n<li>El SEABOB F5 S es incre\u00edblemente potente, por lo que es perfecto tanto para adultos como para ni\u00f1os.<\/li>\n<li>Es vers\u00e1til, y se puede utilizar tanto en agua salada como en agua dulce, por lo que es una gran elecci\u00f3n para aquellos que quieran explorar diferentes entornos submarinos.<\/li>\n<li>Es muy f\u00e1cil de usar. A diferencia de otros juguetes acu\u00e1ticos, es f\u00e1cil de manejar, incluso para aquellos que nunca han usado uno antes.<\/li>\n<li>Es ECO-Friendly. El motor el\u00e9ctrico del SEABOB no s\u00f3lo es potente, sino tambi\u00e9n respetuoso con el medio ambiente. No hay emisiones nocivas, por lo que es una gran opci\u00f3n para aquellos que quieren minimizar su impacto sobre el medio ambiente. Es respetuoso con el medio ambiente.<\/li>\n<li>El dise\u00f1o \u00fanico y ergon\u00f3mico del SEABOB F5 S hace que sea extremadamente estable en el agua, lo que significa que puede disfrutar de su tiempo sin preocupaciones.<\/li>\n<li>La calidad de construcci\u00f3n es excepcional, lo que significa que resistir\u00e1 a\u00f1os de uso sin ning\u00fan problema.<\/li>\n<li>\u00a1Es divertido! Tanto si lo utiliza para hacer ejercicio como para explorar el mundo submarino, este patinete acu\u00e1tico es una forma estupenda de divertirse en el agua.<\/li>\n<li>El SEABOB F5 S es ligero y port\u00e1til. Con s\u00f3lo 34 kg, es uno de los veh\u00edculos subacu\u00e1ticos m\u00e1s ligeros del mercado. Su tama\u00f1o compacto hace que sea f\u00e1cil de transportar y almacenar, perfecto para aquellos que quieren llevar sus aventuras submarinas con ellos dondequiera que vayan.<\/li>\n<li>Y, por \u00faltimo, el precio del SEABOB F5 S es extremadamente competitivo, lo que lo convierte en una opci\u00f3n con una excelente relaci\u00f3n calidad-precio.<\/li>\n<\/ol>\n<p style=\"text-align: center;\"><strong>Si est\u00e1 buscando un juguete acu\u00e1tico excepcional que le proporcione horas de diversi\u00f3n descubriendo el mundo submarino al mejor precio, \u00a1el SEABOB F5 S es la elecci\u00f3n perfecta!<\/strong><\/p>\n<div class=\"BorlabsCookie _brlbs-cb-youtube\"><div class=\"_brlbs-content-blocker\"> <div class=\"_brlbs-embed _brlbs-video-youtube\"> <img class=\"_brlbs-thumbnail\" src=\"https:\/\/wave-lovers.com\/wp-content\/plugins\/borlabs-cookie\/assets\/images\/cb-no-thumbnail.png\" alt=\"YouTube\"> <div class=\"_brlbs-caption\"> <p>By loading the video, you agree to YouTube's privacy policy.<br><a href=\"https:\/\/policies.google.com\/privacy?hl=en&amp;gl=en\" target=\"_blank\" rel=\"nofollow noopener noreferrer\">Learn more<\/a><\/p> <p><a class=\"_brlbs-btn _brlbs-icon-play-white\" href=\"#\" data-borlabs-cookie-unblock role=\"button\">Load video<\/a><\/p> <p><label><input type=\"checkbox\" name=\"unblockAll\" value=\"1\" checked> <small>Always unblock YouTube<\/small><\/label><\/p> <\/div> <\/div> <\/div><div class=\"borlabs-hide\" data-borlabs-cookie-type=\"content-blocker\" data-borlabs-cookie-id=\"youtube\"><script type=\"text\/template\">PHA+PGlmcmFtZSB0aXRsZT0iU0VBQk9CIEY1UyBWaWRlbyIgc3JjPSJodHRwczovL3d3dy55b3V0dWJlLW5vY29va2llLmNvbS9lbWJlZC9xQUZ4LWh4bWE4RT92cT1oZDEwODAmYW1wO21vZGVzdGJyYW5kaW5nPTEmYW1wO3JlbD0wJmFtcDtpdl9sb2FkX3BvbGljeT0zIiB3aWR0aD0iMTA4MCIgaGVpZ2h0PSI3MjAiIGZyYW1lYm9yZGVyPSIwIiBhbGxvd2Z1bGxzY3JlZW49ImFsbG93ZnVsbHNjcmVlbiI+PC9pZnJhbWU+PC9wPg==<\/script><\/div><\/div>\n<p>&nbsp;<\/p>\n","protected":false},"excerpt":{"rendered":"<p>El SEABOB F5 S tiene la mejor relaci\u00f3n calidad-precio de la gama e impresiona por su dise\u00f1o deportivo y su gran eficiencia. Esta innovaci\u00f3n respetuosa con el medio ambiente se ensambla a mano con materiales de la mejor calidad.<\/p>\n","protected":false},"featured_media":100728,"comment_status":"open","ping_status":"closed","template":"","meta":{"_acf_changed":false,"_editorskit_title_hidden":false,"_editorskit_reading_time":0,"_editorskit_is_block_options_detached":false,"_editorskit_block_options_position":"{}","site-sidebar-layout":"default","site-content-layout":"default","ast-site-content-layout":"default","site-content-style":"default","site-sidebar-style":"default","ast-global-header-display":"","ast-banner-title-visibility":"","ast-main-header-display":"","ast-hfb-above-header-display":"","ast-hfb-below-header-display":"","ast-hfb-mobile-header-display":"","site-post-title":"","ast-breadcrumbs-content":"","ast-featured-img":"","footer-sml-layout":"","ast-disable-related-posts":"","theme-transparent-header-meta":"default","adv-header-id-meta":"","stick-header-meta":"","header-above-stick-meta":"","header-main-stick-meta":"","header-below-stick-meta":"","astra-migrate-meta-layouts":"set","ast-page-background-enabled":"default","ast-page-background-meta":{"desktop":{"background-color":"","background-image":"","background-repeat":"repeat","background-position":"center center","background-size":"auto","background-attachment":"scroll","background-type":"","background-media":"","overlay-type":"","overlay-color":"","overlay-opacity":"","overlay-gradient":""},"tablet":{"background-color":"","background-image":"","background-repeat":"repeat","background-position":"center center","background-size":"auto","background-attachment":"scroll","background-type":"","background-media":"","overlay-type":"","overlay-color":"","overlay-opacity":"","overlay-gradient":""},"mobile":{"background-color":"","background-image":"","background-repeat":"repeat","background-position":"center center","background-size":"auto","background-attachment":"scroll","background-type":"","background-media":"","overlay-type":"","overlay-color":"","overlay-opacity":"","overlay-gradient":""}},"ast-content-background-meta":{"desktop":{"background-color":"var(--ast-global-color-5)","background-image":"","background-repeat":"repeat","background-position":"center center","background-size":"auto","background-attachment":"scroll","background-type":"","background-media":"","overlay-type":"","overlay-color":"","overlay-opacity":"","overlay-gradient":""},"tablet":{"background-color":"var(--ast-global-color-5)","background-image":"","background-repeat":"repeat","background-position":"center center","background-size":"auto","background-attachment":"scroll","background-type":"","background-media":"","overlay-type":"","overlay-color":"","overlay-opacity":"","overlay-gradient":""},"mobile":{"background-color":"var(--ast-global-color-5)","background-image":"","background-repeat":"repeat","background-position":"center center","background-size":"auto","background-attachment":"scroll","background-type":"","background-media":"","overlay-type":"","overlay-color":"","overlay-opacity":"","overlay-gradient":""}},"_jf_save_progress":""},"product_brand":[],"product_cat":[60,114,4631,19],"product_tag":[],"class_list":{"0":"post-142645","1":"product","2":"type-product","3":"status-publish","4":"has-post-thumbnail","6":"product_cat-buy","7":"product_cat-comprar","8":"product_cat-scooter-buceo-submarino","9":"product_cat-underwater-scooter","10":"product_shipping_class-mg-es","11":"desktop-align-center","12":"tablet-align-center","13":"mobile-align-center","14":"ast-product-gallery-layout-horizontal","15":"ast-magnify-disabled","16":"ast-product-single-variable","17":"ast-product-tabs-layout-horizontal","19":"first","20":"instock","21":"taxable","22":"shipping-taxable","23":"purchasable","24":"product-type-variable"},"acf":[],"brizy_media":[],"_links":{"self":[{"href":"https:\/\/wave-lovers.com\/es\/wp-json\/wp\/v2\/product\/142645","targetHints":{"allow":["GET"]}}],"collection":[{"href":"https:\/\/wave-lovers.com\/es\/wp-json\/wp\/v2\/product"}],"about":[{"href":"https:\/\/wave-lovers.com\/es\/wp-json\/wp\/v2\/types\/product"}],"replies":[{"embeddable":true,"href":"https:\/\/wave-lovers.com\/es\/wp-json\/wp\/v2\/comments?post=142645"}],"wp:featuredmedia":[{"embeddable":true,"href":"https:\/\/wave-lovers.com\/es\/wp-json\/wp\/v2\/media\/100728"}],"wp:attachment":[{"href":"https:\/\/wave-lovers.com\/es\/wp-json\/wp\/v2\/media?parent=142645"}],"wp:term":[{"taxonomy":"product_brand","embeddable":true,"href":"https:\/\/wave-lovers.com\/es\/wp-json\/wp\/v2\/product_brand?post=142645"},{"taxonomy":"product_cat","embeddable":true,"href":"https:\/\/wave-lovers.com\/es\/wp-json\/wp\/v2\/product_cat?post=142645"},{"taxonomy":"product_tag","embeddable":true,"href":"https:\/\/wave-lovers.com\/es\/wp-json\/wp\/v2\/product_tag?post=142645"}],"curies":[{"name":"wp","href":"https:\/\/api.w.org\/{rel}","templated":true}]}}