{"id":142619,"date":"2023-07-06T16:26:46","date_gmt":"2023-07-06T14:26:46","guid":{"rendered":"https:\/\/wave-lovers.com\/seabob-f5-sr-underwater-scooter\/"},"modified":"2024-07-10T12:51:12","modified_gmt":"2024-07-10T10:51:12","slug":"scooter-submarino-seabob-f5-sr","status":"publish","type":"product","link":"https:\/\/wave-lovers.com\/es\/scooter-submarino-seabob-f5-sr\/","title":{"rendered":"Scooter Submarino SEABOB F5 SR"},"content":{"rendered":"<h2>SEABOB F5 SR Scooter Submarino - INFORMACI\u00d3N<\/h2>\n<p><img decoding=\"async\" class=\"wp-image-100805 size-thumbnail alignright\" src=\"https:\/\/wave-lovers.com\/wp-content\/uploads\/2023\/07\/seabob-f5sr-04-e1688654471427.jpg\" alt=\"\" width=\"150\" height=\"150\" srcset=\"https:\/\/wave-lovers.com\/wp-content\/uploads\/2023\/07\/seabob-f5sr-04-e1688654471427.jpg 822w, https:\/\/wave-lovers.com\/wp-content\/uploads\/2023\/07\/seabob-f5sr-04-e1688654471427-300x300.jpg 300w, https:\/\/wave-lovers.com\/wp-content\/uploads\/2023\/07\/seabob-f5sr-04-e1688654471427-150x150.jpg 150w, https:\/\/wave-lovers.com\/wp-content\/uploads\/2023\/07\/seabob-f5sr-04-e1688654471427-768x767.jpg 768w, https:\/\/wave-lovers.com\/wp-content\/uploads\/2023\/07\/seabob-f5sr-04-e1688654471427-600x599.jpg 600w, https:\/\/wave-lovers.com\/wp-content\/uploads\/2023\/07\/seabob-f5sr-04-e1688654471427-100x100.jpg 100w, https:\/\/wave-lovers.com\/wp-content\/uploads\/2023\/07\/seabob-f5sr-04-e1688654471427-32x32.jpg 32w\" sizes=\"(max-width: 150px) 100vw, 150px\" \/>El SEABOB F5 SR es una bestia absoluta en t\u00e9rminos de rendimiento. El producto m\u00e1s destacado de la gama convence con una potencia incre\u00edble y un tiempo de funcionamiento mejorado. Adem\u00e1s, el modelo ofrece tres colores exclusivos que a\u00f1aden el toque final al aspecto sobresaliente. \u00a1Un imprescindible absoluto!<\/p>\n<p>En t\u00e9rminos de agilidad y control, el SEABOB F5 SR no tiene rival. La velocidad tambi\u00e9n se ha elevado a un nivel que es notablemente el m\u00e1ximo para permanecer c\u00f3modo. Con 7 marchas, cada uno puede probar su propia zona de confort y encontrar la opci\u00f3n de velocidad que m\u00e1s le convenga.<\/p>\n<p>Con un peso total de solo 35 kg, el scooter SEABOB tambi\u00e9n es relativamente ligero. Esto enfatiza a\u00fan m\u00e1s el car\u00e1cter deportivo. Por su f\u00e1cil manejo y operaci\u00f3n amigable para principiantes, el F5 SR es una excelente opci\u00f3n para cualquiera que quiera experimentar la ingenier\u00eda de siguiente nivel.<\/p>\n<h3><img decoding=\"async\" class=\"alignleft wp-image-100835 size-thumbnail\" src=\"https:\/\/wave-lovers.com\/wp-content\/uploads\/2023\/07\/seabob-tech2-150x150.jpg\" alt=\"\" width=\"150\" height=\"150\" srcset=\"https:\/\/wave-lovers.com\/wp-content\/uploads\/2023\/07\/seabob-tech2-150x150.jpg 150w, https:\/\/wave-lovers.com\/wp-content\/uploads\/2023\/07\/seabob-tech2-300x300.jpg 300w, https:\/\/wave-lovers.com\/wp-content\/uploads\/2023\/07\/seabob-tech2-100x100.jpg 100w, https:\/\/wave-lovers.com\/wp-content\/uploads\/2023\/07\/seabob-tech2-32x32.jpg 32w, https:\/\/wave-lovers.com\/wp-content\/uploads\/2023\/07\/seabob-tech2.jpg 313w\" sizes=\"(max-width: 150px) 100vw, 150px\" \/>Tecnolog\u00eda M\u00e1s Reciente Involucrada<\/h3>\n<p>La unidad de propulsi\u00f3n el\u00e9ctrica de alto rendimiento es una innovaci\u00f3n amigable con el medio ambiente, que no deja nada que desear. Sus materiales de alta calidad reflejan el sobresaliente procesamiento artesanal.<\/p>\n<p>Utilizando la tecnolog\u00eda m\u00e1s reciente, el scooter submarino logra una potencia incre\u00edble con una eficiencia excepcional y un tama\u00f1o compacto general. Calidad hasta el \u00faltimo detalle.<\/p>\n<h3><img decoding=\"async\" class=\"wp-image-100597 size-thumbnail alignleft\" src=\"https:\/\/wave-lovers.com\/wp-content\/uploads\/2022\/07\/seabob-display-150x150.jpg\" alt=\"\" width=\"150\" height=\"150\" srcset=\"https:\/\/wave-lovers.com\/wp-content\/uploads\/2022\/07\/seabob-display-150x150.jpg 150w, https:\/\/wave-lovers.com\/wp-content\/uploads\/2022\/07\/seabob-display-300x300.jpg 300w, https:\/\/wave-lovers.com\/wp-content\/uploads\/2022\/07\/seabob-display-1024x1024.jpg 1024w, https:\/\/wave-lovers.com\/wp-content\/uploads\/2022\/07\/seabob-display-768x768.jpg 768w, https:\/\/wave-lovers.com\/wp-content\/uploads\/2022\/07\/seabob-display-600x600.jpg 600w, https:\/\/wave-lovers.com\/wp-content\/uploads\/2022\/07\/seabob-display-100x100.jpg 100w, https:\/\/wave-lovers.com\/wp-content\/uploads\/2022\/07\/seabob-display-32x32.jpg 32w, https:\/\/wave-lovers.com\/wp-content\/uploads\/2022\/07\/seabob-display.jpg 1200w\" sizes=\"(max-width: 150px) 100vw, 150px\" \/>Actualizaciones de Estado Detalladas<\/h3>\n<p>La cabina central est\u00e1 exactamente en el campo de visi\u00f3n del conductor. Toda la informaci\u00f3n importante se muestra en la brillante pantalla a color tft. Con la visualizaci\u00f3n del nivel de carga de la bater\u00eda mantienes la visi\u00f3n general.<\/p>\n<p>&nbsp;<\/p>\n<p>Adem\u00e1s, el conductor recibe informaci\u00f3n actualizada sobre su profundidad de buceo y temperatura del agua. Las funciones de programaci\u00f3n tambi\u00e9n pueden ser controladas c\u00f3modamente a trav\u00e9s de la pantalla.<\/p>\n<h3><img loading=\"lazy\" decoding=\"async\" class=\"alignleft wp-image-100838 size-thumbnail\" src=\"https:\/\/wave-lovers.com\/wp-content\/uploads\/2023\/07\/seabob-control2-150x150.jpg\" alt=\"\" width=\"150\" height=\"150\" srcset=\"https:\/\/wave-lovers.com\/wp-content\/uploads\/2023\/07\/seabob-control2-150x150.jpg 150w, https:\/\/wave-lovers.com\/wp-content\/uploads\/2023\/07\/seabob-control2-300x300.jpg 300w, https:\/\/wave-lovers.com\/wp-content\/uploads\/2023\/07\/seabob-control2-100x100.jpg 100w, https:\/\/wave-lovers.com\/wp-content\/uploads\/2023\/07\/seabob-control2-32x32.jpg 32w, https:\/\/wave-lovers.com\/wp-content\/uploads\/2023\/07\/seabob-control2.jpg 313w\" sizes=\"(max-width: 150px) 100vw, 150px\" \/>Controles Inteligentes<\/h3>\n<p>El scooter submarino incorpora tecnolog\u00eda de punta de principio a fin. El piloto controla el veh\u00edculo a trav\u00e9s de dos empu\u00f1aduras de control inteligentes con tecnolog\u00eda piezo.<\/p>\n<p>Un ligero toque en el sensor verde acelera en potentes trazos sin ning\u00fan hueco hasta alcanzar la velocidad deseada. En contraste, la presi\u00f3n sobre el sensor rojo desacelera el SEABOB reduciendo el empuje. Si la situaci\u00f3n requiere una parada inmediata, simplemente con soltar el gatillo es suficiente.<\/p>\n<h3><img loading=\"lazy\" decoding=\"async\" class=\"wp-image-100811 size-thumbnail alignleft\" src=\"https:\/\/wave-lovers.com\/wp-content\/uploads\/2023\/07\/seabob-cam2-150x150.jpg\" alt=\"\" width=\"150\" height=\"150\" srcset=\"https:\/\/wave-lovers.com\/wp-content\/uploads\/2023\/07\/seabob-cam2-150x150.jpg 150w, https:\/\/wave-lovers.com\/wp-content\/uploads\/2023\/07\/seabob-cam2-300x300.jpg 300w, https:\/\/wave-lovers.com\/wp-content\/uploads\/2023\/07\/seabob-cam2-100x100.jpg 100w, https:\/\/wave-lovers.com\/wp-content\/uploads\/2023\/07\/seabob-cam2-32x32.jpg 32w, https:\/\/wave-lovers.com\/wp-content\/uploads\/2023\/07\/seabob-cam2.jpg 313w\" sizes=\"(max-width: 150px) 100vw, 150px\" \/>Sistema de C\u00e1mara Opcional<\/h3>\n<p>Si se deseas, el SEABOB puede estar equipado con un sistema de c\u00e1mara integrado que consta de dos lentes. Una c\u00e1mara full HD como sistema de grabaci\u00f3n en la proa de la embarcaci\u00f3n, que filma los alrededores y guarda todo al presionar un bot\u00f3n. Otra c\u00e1mara full HD se encuentra en la pantalla de informaci\u00f3n para actuar como una c\u00e1mara selfie de acci\u00f3n para mostrar al piloto en sus aventuras.<\/p>\n<p>&nbsp;<\/p>\n<h2>SEABOB F5 SR Scooter Submarino - DETALLES<\/h2>\n<div class=\"column mcb-column one column_column column-margin-30px\">\n<div class=\"column_attr clearfix align_left\">\n<table border=\"1\" width=\"100%\">\n<tbody>\n<tr style=\"height: 41px;\">\n<th style=\"color: #c0c0c0; border-bottom: 1px solid #c9c9c9 !important; padding-top: 20px; height: 41px;\" width=\"40%\"><\/th>\n<td style=\"border-bottom: 1px solid #c9c9c9 !important; height: 41px;\" width=\"20%\"><a href=\"https:\/\/wave-lovers.com\/seabob-f5-underwater-scooter\/\">SEABOB F5<\/a><\/td>\n<td style=\"border-bottom: 1px solid #c9c9c9 !important; height: 41px;\" width=\"20%\"><a href=\"https:\/\/wave-lovers.com\/seabob-f5-s-underwater-scooter\/\">SEABOB F5 S<\/a><\/td>\n<td style=\"border-bottom: 1px solid #c9c9c9 !important; height: 41px;\" width=\"20%\"><strong>SEABOB F5 SR<\/strong><\/td>\n<\/tr>\n<tr style=\"height: 41px;\">\n<th style=\"color: #c0c0c0; border-bottom: 1px solid #c9c9c9 !important; padding-top: 20px; height: 41px;\" width=\"40%\">Propulsi\u00f3n<\/th>\n<td style=\"border-bottom: 1px solid #c9c9c9 !important; height: 41px;\" width=\"20%\"><\/td>\n<td style=\"border-bottom: 1px solid #c9c9c9 !important; height: 41px;\" width=\"20%\"><\/td>\n<td style=\"border-bottom: 1px solid #c9c9c9 !important; height: 41px;\" width=\"20%\"><\/td>\n<\/tr>\n<tr style=\"height: 21px;\">\n<th style=\"height: 21px;\">Rendimiento hasta<\/th>\n<td style=\"height: 21px;\">2.5 kW<\/td>\n<td style=\"height: 21px;\">4.0 kW<\/td>\n<td style=\"height: 21px;\"><strong>4.5 kW<\/strong><\/td>\n<\/tr>\n<tr style=\"height: 21px;\">\n<th style=\"height: 21px;\">Empuje m\u00e1ximo hasta<\/th>\n<td style=\"height: 21px;\">480 N<\/td>\n<td style=\"height: 21px;\">680 N<\/td>\n<td style=\"height: 21px;\"><strong>745 N<\/strong><\/td>\n<\/tr>\n<tr style=\"height: 21px;\">\n<th style=\"height: 21px;\">Niveles de potencia<\/th>\n<td style=\"height: 21px;\">4<\/td>\n<td style=\"height: 21px;\">6<\/td>\n<td style=\"height: 21px;\"><strong>7<\/strong><\/td>\n<\/tr>\n<tr style=\"height: 41.3833px;\">\n<th style=\"color: #c0c0c0; border-bottom: 1px solid #c9c9c9 !important; padding-top: 20px; height: 41.3833px;\">Velocidad<\/th>\n<td style=\"border-bottom: 1px solid #c9c9c9 !important; height: 41.3833px;\"><\/td>\n<td style=\"border-bottom: 1px solid #c9c9c9 !important; height: 41.3833px;\"><\/td>\n<td style=\"border-bottom: 1px solid #c9c9c9 !important; height: 41.3833px;\"><\/td>\n<\/tr>\n<tr style=\"height: 21px;\">\n<th style=\"height: 21px;\">Sobre el agua hasta<\/th>\n<td style=\"height: 21px;\">14 km\/h<\/td>\n<td style=\"height: 21px;\">20 km\/h<\/td>\n<td style=\"height: 21px;\"><strong>22 km\/h<\/strong><\/td>\n<\/tr>\n<tr style=\"height: 21px;\">\n<th style=\"height: 21px;\">Bajo el agua hasta<\/th>\n<td style=\"height: 21px;\">13 km\/h<\/td>\n<td style=\"height: 21px;\">18 km\/h<\/td>\n<td style=\"height: 21px;\"><strong>20 km\/h<\/strong><\/td>\n<\/tr>\n<\/tbody>\n<\/table>\n<\/div>\n<\/div>\n<div class=\"column mcb-column one column_column column-margin-30px\">\n<div class=\"column_attr clearfix align_left\">\n<div class=\"specs\">\n<h3>Bater\u00eda<\/h3>\n<\/div>\n<table border=\"1\" width=\"100%\">\n<tbody>\n<tr>\n<th style=\"padding-top: 20px;\" width=\"40%\">Tiempo de operaci\u00f3n<\/th>\n<td style=\"padding-top: 20px;\" width=\"20%\">\u2205 50 min<\/td>\n<td style=\"padding-top: 20px;\" width=\"20%\">\u2205 60 min<\/td>\n<td style=\"padding-top: 20px;\" width=\"20%\"><strong>\u2205 70 min<\/strong><\/td>\n<\/tr>\n<tr>\n<th style=\"color: #c0c0c0; border-bottom: 1px #c9c9c9 solid !important; padding-top: 20px;\">Tiempo de carga<\/th>\n<td style=\"border-bottom: 1px #c9c9c9 solid !important;\"><\/td>\n<td style=\"border-bottom: 1px #c9c9c9 solid !important;\"><\/td>\n<td style=\"border-bottom: 1px #c9c9c9 solid !important;\"><\/td>\n<\/tr>\n<tr>\n<th>Carga est\u00e1ndar<\/th>\n<td>\u2205 8 h<\/td>\n<td>\u2205 7 h<\/td>\n<td><strong>\u2205 7 h<\/strong><\/td>\n<\/tr>\n<tr>\n<th>Carga r\u00e1pida<\/th>\n<td>\u2205 1,5 h<\/td>\n<td>\u2205 1,5 h<\/td>\n<td><strong>\u2205 1,5 h<\/strong><\/td>\n<\/tr>\n<\/tbody>\n<\/table>\n<\/div>\n<\/div>\n<div class=\"column mcb-column one column_column column-margin-30px\">\n<div class=\"column_attr clearfix align_left\">\n<div class=\"specs\">\n<h3>Dimensiones &amp; Peso<\/h3>\n<\/div>\n<table border=\"1\" width=\"100%\">\n<tbody>\n<tr>\n<th style=\"padding-top: 20px;\" width=\"40%\">Dimensiones L x A x A (en mm)<\/th>\n<td style=\"padding-top: 20px;\" width=\"20%\">1.152 x 507 x 372<\/td>\n<td style=\"padding-top: 20px;\" width=\"20%\">1.152 x 507 x 372<\/td>\n<td style=\"padding-top: 20px;\" width=\"20%\"><strong>1.152 x 543 x 372<\/strong><\/td>\n<\/tr>\n<tr>\n<th>Peso<\/th>\n<td>aprox. 29 kg<\/td>\n<td>aprox. 34 kg<\/td>\n<td><strong>aprox. 35 kg<\/strong><\/td>\n<\/tr>\n<tr>\n<th>Flotabilidad en agua<\/th>\n<td>14 kg<\/td>\n<td>10 kg<\/td>\n<td><strong>10 kg<\/strong><\/td>\n<\/tr>\n<\/tbody>\n<\/table>\n<\/div>\n<\/div>\n<div class=\"column mcb-column one column_column column-margin-30px\">\n<div class=\"column_attr clearfix align_left\">\n<div class=\"specs\">\n<h3>Clasificaci\u00f3n de Profundidad<\/h3>\n<\/div>\n<table border=\"1\" width=\"100%\">\n<tbody>\n<tr>\n<th style=\"padding-top: 20px;\" width=\"40%\">2.5 m (Corte de seguridad)<\/th>\n<td style=\"padding-top: 20px;\" width=\"20%\">\u2713<\/td>\n<td style=\"padding-top: 20px;\" width=\"20%\">\u2713<\/td>\n<td style=\"padding-top: 20px;\" width=\"20%\"><strong>\u2713<\/strong><\/td>\n<\/tr>\n<tr>\n<th>max. 40 m puede ser ajustado mediante control electr\u00f3nico<\/th>\n<td>\u2713<\/td>\n<td>\u2713<\/td>\n<td><strong>\u2713<\/strong><\/td>\n<\/tr>\n<\/tbody>\n<\/table>\n<\/div>\n<\/div>\n<p>&nbsp;<\/p>\n<div class=\"BorlabsCookie _brlbs-cb-default\"><div class=\"_brlbs-content-blocker\"> <div class=\"_brlbs-default\"> <p>Click on the button to load the content from seabob.com.<\/p> <p><a class=\"_brlbs-btn\" href=\"#\" data-borlabs-cookie-unblock role=\"button\">Load content<\/a><\/p> <\/div> <\/div><div class=\"borlabs-hide\" data-borlabs-cookie-type=\"content-blocker\" data-borlabs-cookie-id=\"default\"><script type=\"text\/template\">PHA+PGlmcmFtZSB0aXRsZT0iVmlkZW8gU0VBQk9CIEY1U1IiIHNyYz0iaHR0cHM6Ly9zZWFib2IuY29tL3dwLWNvbnRlbnQvdXBsb2Fkcy9BcXVhdGljLUh1bWFuLUlJLVNlYWJvYi1QbGFpbi5tcDQiIHdpZHRoPSIxMDgwIiBoZWlnaHQ9IjcyMCIgZnJhbWVib3JkZXI9IjAiIGFsbG93ZnVsbHNjcmVlbj0iYWxsb3dmdWxsc2NyZWVuIj48c3BhbiBzdHlsZT0iZGlzcGxheTogaW5saW5lLWJsb2NrOyB3aWR0aDogMHB4OyBvdmVyZmxvdzogaGlkZGVuOyBsaW5lLWhlaWdodDogMDsiIGRhdGEtbWNlLXR5cGU9ImJvb2ttYXJrIiBjbGFzcz0ibWNlX1NFTFJFU19zdGFydCI+77u\/PC9zcGFuPjwvaWZyYW1lPjwvcD4=<\/script><\/div><\/div>\n","protected":false},"excerpt":{"rendered":"<p>El SEABOB F5 SR es el dispositivo m\u00e1s potente de la l\u00ednea de productos e impresiona por sus dise\u00f1os exclusivos y su eficiencia mejorada.<\/p>\n","protected":false},"featured_media":100816,"comment_status":"open","ping_status":"closed","template":"","meta":{"_acf_changed":false,"_editorskit_title_hidden":false,"_editorskit_reading_time":0,"_editorskit_is_block_options_detached":false,"_editorskit_block_options_position":"{}","site-sidebar-layout":"default","site-content-layout":"default","ast-site-content-layout":"default","site-content-style":"default","site-sidebar-style":"default","ast-global-header-display":"","ast-banner-title-visibility":"","ast-main-header-display":"","ast-hfb-above-header-display":"","ast-hfb-below-header-display":"","ast-hfb-mobile-header-display":"","site-post-title":"","ast-breadcrumbs-content":"","ast-featured-img":"","footer-sml-layout":"","ast-disable-related-posts":"","theme-transparent-header-meta":"default","adv-header-id-meta":"","stick-header-meta":"","header-above-stick-meta":"","header-main-stick-meta":"","header-below-stick-meta":"","astra-migrate-meta-layouts":"set","ast-page-background-enabled":"default","ast-page-background-meta":{"desktop":{"background-color":"","background-image":"","background-repeat":"repeat","background-position":"center center","background-size":"auto","background-attachment":"scroll","background-type":"","background-media":"","overlay-type":"","overlay-color":"","overlay-opacity":"","overlay-gradient":""},"tablet":{"background-color":"","background-image":"","background-repeat":"repeat","background-position":"center center","background-size":"auto","background-attachment":"scroll","background-type":"","background-media":"","overlay-type":"","overlay-color":"","overlay-opacity":"","overlay-gradient":""},"mobile":{"background-color":"","background-image":"","background-repeat":"repeat","background-position":"center center","background-size":"auto","background-attachment":"scroll","background-type":"","background-media":"","overlay-type":"","overlay-color":"","overlay-opacity":"","overlay-gradient":""}},"ast-content-background-meta":{"desktop":{"background-color":"var(--ast-global-color-5)","background-image":"","background-repeat":"repeat","background-position":"center center","background-size":"auto","background-attachment":"scroll","background-type":"","background-media":"","overlay-type":"","overlay-color":"","overlay-opacity":"","overlay-gradient":""},"tablet":{"background-color":"var(--ast-global-color-5)","background-image":"","background-repeat":"repeat","background-position":"center center","background-size":"auto","background-attachment":"scroll","background-type":"","background-media":"","overlay-type":"","overlay-color":"","overlay-opacity":"","overlay-gradient":""},"mobile":{"background-color":"var(--ast-global-color-5)","background-image":"","background-repeat":"repeat","background-position":"center center","background-size":"auto","background-attachment":"scroll","background-type":"","background-media":"","overlay-type":"","overlay-color":"","overlay-opacity":"","overlay-gradient":""}},"_jf_save_progress":""},"product_brand":[],"product_cat":[60,114,4631,19],"product_tag":[],"class_list":{"0":"post-142619","1":"product","2":"type-product","3":"status-publish","4":"has-post-thumbnail","6":"product_cat-buy","7":"product_cat-comprar","8":"product_cat-scooter-buceo-submarino","9":"product_cat-underwater-scooter","10":"product_shipping_class-mg-es","11":"desktop-align-center","12":"tablet-align-center","13":"mobile-align-center","14":"ast-product-gallery-layout-horizontal","15":"ast-magnify-disabled","16":"ast-product-single-variable","17":"ast-product-tabs-layout-horizontal","19":"first","20":"instock","21":"taxable","22":"shipping-taxable","23":"purchasable","24":"product-type-variable"},"acf":[],"brizy_media":[],"_links":{"self":[{"href":"https:\/\/wave-lovers.com\/es\/wp-json\/wp\/v2\/product\/142619","targetHints":{"allow":["GET"]}}],"collection":[{"href":"https:\/\/wave-lovers.com\/es\/wp-json\/wp\/v2\/product"}],"about":[{"href":"https:\/\/wave-lovers.com\/es\/wp-json\/wp\/v2\/types\/product"}],"replies":[{"embeddable":true,"href":"https:\/\/wave-lovers.com\/es\/wp-json\/wp\/v2\/comments?post=142619"}],"wp:featuredmedia":[{"embeddable":true,"href":"https:\/\/wave-lovers.com\/es\/wp-json\/wp\/v2\/media\/100816"}],"wp:attachment":[{"href":"https:\/\/wave-lovers.com\/es\/wp-json\/wp\/v2\/media?parent=142619"}],"wp:term":[{"taxonomy":"product_brand","embeddable":true,"href":"https:\/\/wave-lovers.com\/es\/wp-json\/wp\/v2\/product_brand?post=142619"},{"taxonomy":"product_cat","embeddable":true,"href":"https:\/\/wave-lovers.com\/es\/wp-json\/wp\/v2\/product_cat?post=142619"},{"taxonomy":"product_tag","embeddable":true,"href":"https:\/\/wave-lovers.com\/es\/wp-json\/wp\/v2\/product_tag?post=142619"}],"curies":[{"name":"wp","href":"https:\/\/api.w.org\/{rel}","templated":true}]}}