{"id":142599,"date":"2023-07-06T18:35:51","date_gmt":"2023-07-06T16:35:51","guid":{"rendered":"https:\/\/wave-lovers.com\/seabob-f5-underwater-scooter\/"},"modified":"2024-07-10T13:27:05","modified_gmt":"2024-07-10T11:27:05","slug":"scooter-submarino-seabob-f5","status":"publish","type":"product","link":"https:\/\/wave-lovers.com\/es\/scooter-submarino-seabob-f5\/","title":{"rendered":"Scooter Submarino SEABOB F5"},"content":{"rendered":"<h2>SEABOB F5 Scooter Subacu\u00e1tico - INFORMACI\u00d3N<\/h2>\n<p><img decoding=\"async\" class=\"alignright wp-image-100665 size-thumbnail\" src=\"https:\/\/wave-lovers.com\/wp-content\/uploads\/2022\/07\/seabob-15-e1688654116868.jpg\" alt=\"\" width=\"150\" height=\"150\" srcset=\"https:\/\/wave-lovers.com\/wp-content\/uploads\/2022\/07\/seabob-15-e1688654116868.jpg 718w, https:\/\/wave-lovers.com\/wp-content\/uploads\/2022\/07\/seabob-15-e1688654116868-300x300.jpg 300w, https:\/\/wave-lovers.com\/wp-content\/uploads\/2022\/07\/seabob-15-e1688654116868-150x150.jpg 150w, https:\/\/wave-lovers.com\/wp-content\/uploads\/2022\/07\/seabob-15-e1688654116868-600x602.jpg 600w, https:\/\/wave-lovers.com\/wp-content\/uploads\/2022\/07\/seabob-15-e1688654116868-100x100.jpg 100w, https:\/\/wave-lovers.com\/wp-content\/uploads\/2022\/07\/seabob-15-e1688654116868-32x32.jpg 32w\" sizes=\"(max-width: 150px) 100vw, 150px\" \/><\/p>\n<p>El SEABOB F5 es el modelo m\u00e1s asequible de la gama. No obstante, se ha integrado suficiente potencia de conducci\u00f3n para tener mucha diversi\u00f3n. La amplia gama de colores y el material robusto convencen incluso a los cr\u00edticos m\u00e1s duros.<\/p>\n<p>En t\u00e9rminos de maniobrabilidad, el SEABOB F5 est\u00e1 muy adelante. Dado que la velocidad es menor que la de sus modelos hermanos, puedes deslizarte c\u00f3moda y controladamente. Los 4 engranajes existentes ofrecen suficiente variedad y ayudan a una experiencia equilibrada.<\/p>\n<h3><img decoding=\"async\" class=\"wp-image-100641 size-thumbnail alignleft\" src=\"https:\/\/wave-lovers.com\/wp-content\/uploads\/2022\/07\/seabob-05-e1688661498864.jpg\" alt=\"\" width=\"150\" height=\"150\" srcset=\"https:\/\/wave-lovers.com\/wp-content\/uploads\/2022\/07\/seabob-05-e1688661498864.jpg 206w, https:\/\/wave-lovers.com\/wp-content\/uploads\/2022\/07\/seabob-05-e1688661498864-150x150.jpg 150w, https:\/\/wave-lovers.com\/wp-content\/uploads\/2022\/07\/seabob-05-e1688661498864-100x100.jpg 100w, https:\/\/wave-lovers.com\/wp-content\/uploads\/2022\/07\/seabob-05-e1688661498864-32x32.jpg 32w\" sizes=\"(max-width: 150px) 100vw, 150px\" \/>\u00daltima Tecnolog\u00eda<\/h3>\n<p>La unidad de accionamiento el\u00e9ctrico de alto rendimiento es una innovaci\u00f3n respetuosa con el medio ambiente, que no deja nada que desear. Sus materiales de alta calidad reflejan el excepcional procesamiento hecho a mano.<\/p>\n<p>Utilizando la \u00faltima tecnolog\u00eda, el scooter subacu\u00e1tico logra una potencia incre\u00edble con una eficiencia excepcional y un tama\u00f1o compacto en general. Calidad hasta el \u00faltimo detalle.<\/p>\n<h3><img decoding=\"async\" class=\"wp-image-100647 size-thumbnail alignleft\" src=\"https:\/\/wave-lovers.com\/wp-content\/uploads\/2022\/07\/seabob-07-e1688661567636.jpg\" alt=\"\" width=\"150\" height=\"150\" srcset=\"https:\/\/wave-lovers.com\/wp-content\/uploads\/2022\/07\/seabob-07-e1688661567636.jpg 235w, https:\/\/wave-lovers.com\/wp-content\/uploads\/2022\/07\/seabob-07-e1688661567636-150x150.jpg 150w, https:\/\/wave-lovers.com\/wp-content\/uploads\/2022\/07\/seabob-07-e1688661567636-100x100.jpg 100w, https:\/\/wave-lovers.com\/wp-content\/uploads\/2022\/07\/seabob-07-e1688661567636-32x32.jpg 32w\" sizes=\"(max-width: 150px) 100vw, 150px\" \/>Pantalla Pr\u00e1ctica<\/h3>\n<p>La cabina central est\u00e1 exactamente en el campo de visi\u00f3n del conductor. Toda la informaci\u00f3n importante se muestra en la brillante pantalla tft a color. Con la visualizaci\u00f3n del nivel de carga de la bater\u00eda mantienes la visi\u00f3n general.<\/p>\n<p>Adem\u00e1s, el conductor recibe informaci\u00f3n actualizada sobre su profundidad de buceo y temperatura del agua. Las funciones de programaci\u00f3n tambi\u00e9n se pueden controlar c\u00f3modamente a trav\u00e9s de la pantalla.<\/p>\n<h3><img loading=\"lazy\" decoding=\"async\" class=\"alignleft wp-image-100866 size-thumbnail\" src=\"https:\/\/wave-lovers.com\/wp-content\/uploads\/2023\/07\/seabob-cam3-150x150.jpg\" alt=\"\" width=\"150\" height=\"150\" srcset=\"https:\/\/wave-lovers.com\/wp-content\/uploads\/2023\/07\/seabob-cam3-150x150.jpg 150w, https:\/\/wave-lovers.com\/wp-content\/uploads\/2023\/07\/seabob-cam3-300x300.jpg 300w, https:\/\/wave-lovers.com\/wp-content\/uploads\/2023\/07\/seabob-cam3-100x100.jpg 100w, https:\/\/wave-lovers.com\/wp-content\/uploads\/2023\/07\/seabob-cam3-32x32.jpg 32w, https:\/\/wave-lovers.com\/wp-content\/uploads\/2023\/07\/seabob-cam3.jpg 313w\" sizes=\"(max-width: 150px) 100vw, 150px\" \/>Sistema de C\u00e1mara Opcional<\/h3>\n<p>Si se desea, el SEABOB puede equiparse con un sistema de c\u00e1mara integrado compuesto por dos lentes. Una c\u00e1mara full HD como sistema de grabaci\u00f3n en la proa de la embarcaci\u00f3n, que filma el entorno y guarda todo con solo pulsar un bot\u00f3n. Otra c\u00e1mara full HD se encuentra en la pantalla de informaci\u00f3n para actuar como una c\u00e1mara selfie de acci\u00f3n para mostrar al piloto en sus aventuras.<\/p>\n<p>&nbsp;<\/p>\n<h2>SEABOB F5 Scooter Subacu\u00e1tico - DETALLES<\/h2>\n<div class=\"column mcb-column one column_column column-margin-30px\">\n<div class=\"column_attr clearfix align_left\">\n<table border=\"1\" width=\"100%\">\n<tbody>\n<tr style=\"height: 41px;\">\n<th style=\"color: #c0c0c0; border-bottom: 1px solid #c9c9c9 !important; padding-top: 20px; height: 41px;\" width=\"40%\"><\/th>\n<td style=\"border-bottom: 1px solid #c9c9c9 !important; height: 41px;\" width=\"20%\"><strong>SEABOB F5<\/strong><\/td>\n<td style=\"border-bottom: 1px solid #c9c9c9 !important; height: 41px;\" width=\"20%\"><a href=\"https:\/\/wave-lovers.com\/seabob-f5-s-underwater-scooter\/\">SEABOB F5 S<\/a><\/td>\n<td style=\"border-bottom: 1px solid #c9c9c9 !important; height: 41px;\" width=\"20%\"><a href=\"https:\/\/wave-lovers.com\/seabob-f5-sr-underwater-scooter\/\">SEABOB F5 SR<\/a><\/td>\n<\/tr>\n<tr style=\"height: 21px;\">\n<th style=\"height: 21px;\">Rendimiento hasta<\/th>\n<td style=\"height: 21px;\"><strong>2.5 kW<\/strong><\/td>\n<td style=\"height: 21px;\">4.0 kW<\/td>\n<td style=\"height: 21px;\">4.5 kW<\/td>\n<\/tr>\n<tr style=\"height: 21px;\">\n<th style=\"height: 21px;\">Empuje m\u00e1ximo hasta<\/th>\n<td style=\"height: 21px;\"><strong>480 N<\/strong><\/td>\n<td style=\"height: 21px;\">680 N<\/td>\n<td style=\"height: 21px;\">745 N<\/td>\n<\/tr>\n<tr style=\"height: 21px;\">\n<th style=\"height: 21px;\">Niveles de potencia<\/th>\n<td style=\"height: 21px;\"><strong>4<\/strong><\/td>\n<td style=\"height: 21px;\">6<\/td>\n<td style=\"height: 21px;\">7<\/td>\n<\/tr>\n<tr style=\"height: 41.3833px;\">\n<th style=\"color: #c0c0c0; border-bottom: 1px solid #c9c9c9 !important; padding-top: 20px; height: 41.3833px;\">Velocidad<\/th>\n<td style=\"border-bottom: 1px solid #c9c9c9 !important; height: 41.3833px;\"><\/td>\n<td style=\"border-bottom: 1px solid #c9c9c9 !important; height: 41.3833px;\"><\/td>\n<td style=\"border-bottom: 1px solid #c9c9c9 !important; height: 41.3833px;\"><\/td>\n<\/tr>\n<tr style=\"height: 21px;\">\n<th style=\"height: 21px;\">Sobre el agua hasta<\/th>\n<td style=\"height: 21px;\"><strong>14 km\/h<\/strong><\/td>\n<td style=\"height: 21px;\">20 km\/h<\/td>\n<td style=\"height: 21px;\">22 km\/h<\/td>\n<\/tr>\n<tr style=\"height: 21px;\">\n<th style=\"height: 21px;\">Bajo el agua hasta<\/th>\n<td style=\"height: 21px;\"><strong>13 km\/h<\/strong><\/td>\n<td style=\"height: 21px;\">18 km\/h<\/td>\n<td style=\"height: 21px;\">20 km\/h<\/td>\n<\/tr>\n<\/tbody>\n<\/table>\n<\/div>\n<\/div>\n<div class=\"column mcb-column one column_column column-margin-30px\">\n<div class=\"column_attr clearfix align_left\">\n<div class=\"specs\">\n<h3>Bater\u00eda<\/h3>\n<\/div>\n<table border=\"1\" width=\"100%\">\n<tbody>\n<tr>\n<th style=\"padding-top: 20px;\" width=\"40%\">Tiempo de operaci\u00f3n<\/th>\n<td style=\"padding-top: 20px;\" width=\"20%\"><strong>\u2205 50 min<\/strong><\/td>\n<td style=\"padding-top: 20px;\" width=\"20%\">\u2205 60 min<\/td>\n<td style=\"padding-top: 20px;\" width=\"20%\">\u2205 70 min<\/td>\n<\/tr>\n<tr>\n<th style=\"color: #c0c0c0; border-bottom: 1px #c9c9c9 solid !important; padding-top: 20px;\">Tiempo de carga<\/th>\n<td style=\"border-bottom: 1px #c9c9c9 solid !important;\"><\/td>\n<td style=\"border-bottom: 1px #c9c9c9 solid !important;\"><\/td>\n<td style=\"border-bottom: 1px #c9c9c9 solid !important;\"><\/td>\n<\/tr>\n<tr>\n<th>Carga est\u00e1ndar<\/th>\n<td><strong>\u2205 8 h<\/strong><\/td>\n<td>\u2205 7 h<\/td>\n<td>\u2205 7 h<\/td>\n<\/tr>\n<tr>\n<th>Carga r\u00e1pida<\/th>\n<td><strong>\u2205 1,5 h<\/strong><\/td>\n<td>\u2205 1,5 h<\/td>\n<td>\u2205 1,5 h<\/td>\n<\/tr>\n<\/tbody>\n<\/table>\n<\/div>\n<\/div>\n<div class=\"column mcb-column one column_column column-margin-30px\">\n<div class=\"column_attr clearfix align_left\">\n<div class=\"specs\">\n<h3>Dimensiones &amp; Peso<\/h3>\n<\/div>\n<table border=\"1\" width=\"100%\">\n<tbody>\n<tr>\n<th style=\"padding-top: 20px;\" width=\"40%\">Dimensiones L x A x A (en mm)<\/th>\n<td style=\"padding-top: 20px;\" width=\"20%\"><strong>1.152 x 507 x 372<\/strong><\/td>\n<td style=\"padding-top: 20px;\" width=\"20%\">1.152 x 507 x 372<\/td>\n<td style=\"padding-top: 20px;\" width=\"20%\">1.152 x 543 x 372<\/td>\n<\/tr>\n<tr>\n<th>Peso<\/th>\n<td><strong>aprox. 29 kg<\/strong><\/td>\n<td>aprox. 34 kg<\/td>\n<td>aprox. 35 kg<\/td>\n<\/tr>\n<tr>\n<th>Flotabilidad en agua<\/th>\n<td><strong>14 kg<\/strong><\/td>\n<td>10 kg<\/td>\n<td>10 kg<\/td>\n<\/tr>\n<\/tbody>\n<\/table>\n<\/div>\n<\/div>\n<div class=\"column mcb-column one column_column column-margin-30px\">\n<div class=\"column_attr clearfix align_left\">\n<div class=\"specs\">\n<h3>Clasificaci\u00f3n de Profundidad<\/h3>\n<\/div>\n<table border=\"1\" width=\"100%\">\n<tbody>\n<tr>\n<th style=\"padding-top: 20px;\" width=\"40%\">2.5 m (Corte de seguridad)<\/th>\n<td style=\"padding-top: 20px;\" width=\"20%\"><strong>\u2713<\/strong><\/td>\n<td style=\"padding-top: 20px;\" width=\"20%\">\u2713<\/td>\n<td style=\"padding-top: 20px;\" width=\"20%\">\u2713<\/td>\n<\/tr>\n<tr>\n<th>m\u00e1x. 40 m se puede ajustar mediante control electr\u00f3nico<\/th>\n<td><strong>\u2713<\/strong><\/td>\n<td>\u2713<\/td>\n<td>\u2713<\/td>\n<\/tr>\n<\/tbody>\n<\/table>\n<\/div>\n<\/div>\n","protected":false},"excerpt":{"rendered":"<p>El SEABOB F5 es el modelo m\u00e1s asequible de la gama. No obstante, tiene suficiente potencia de conducci\u00f3n para divertirse a lo grande.<\/p>\n","protected":false},"featured_media":100749,"comment_status":"open","ping_status":"closed","template":"","meta":{"_acf_changed":false,"_editorskit_title_hidden":false,"_editorskit_reading_time":0,"_editorskit_is_block_options_detached":false,"_editorskit_block_options_position":"{}","site-sidebar-layout":"default","site-content-layout":"default","ast-site-content-layout":"default","site-content-style":"default","site-sidebar-style":"default","ast-global-header-display":"","ast-banner-title-visibility":"","ast-main-header-display":"","ast-hfb-above-header-display":"","ast-hfb-below-header-display":"","ast-hfb-mobile-header-display":"","site-post-title":"","ast-breadcrumbs-content":"","ast-featured-img":"","footer-sml-layout":"","ast-disable-related-posts":"","theme-transparent-header-meta":"default","adv-header-id-meta":"","stick-header-meta":"","header-above-stick-meta":"","header-main-stick-meta":"","header-below-stick-meta":"","astra-migrate-meta-layouts":"set","ast-page-background-enabled":"default","ast-page-background-meta":{"desktop":{"background-color":"","background-image":"","background-repeat":"repeat","background-position":"center center","background-size":"auto","background-attachment":"scroll","background-type":"","background-media":"","overlay-type":"","overlay-color":"","overlay-opacity":"","overlay-gradient":""},"tablet":{"background-color":"","background-image":"","background-repeat":"repeat","background-position":"center center","background-size":"auto","background-attachment":"scroll","background-type":"","background-media":"","overlay-type":"","overlay-color":"","overlay-opacity":"","overlay-gradient":""},"mobile":{"background-color":"","background-image":"","background-repeat":"repeat","background-position":"center center","background-size":"auto","background-attachment":"scroll","background-type":"","background-media":"","overlay-type":"","overlay-color":"","overlay-opacity":"","overlay-gradient":""}},"ast-content-background-meta":{"desktop":{"background-color":"var(--ast-global-color-5)","background-image":"","background-repeat":"repeat","background-position":"center center","background-size":"auto","background-attachment":"scroll","background-type":"","background-media":"","overlay-type":"","overlay-color":"","overlay-opacity":"","overlay-gradient":""},"tablet":{"background-color":"var(--ast-global-color-5)","background-image":"","background-repeat":"repeat","background-position":"center center","background-size":"auto","background-attachment":"scroll","background-type":"","background-media":"","overlay-type":"","overlay-color":"","overlay-opacity":"","overlay-gradient":""},"mobile":{"background-color":"var(--ast-global-color-5)","background-image":"","background-repeat":"repeat","background-position":"center center","background-size":"auto","background-attachment":"scroll","background-type":"","background-media":"","overlay-type":"","overlay-color":"","overlay-opacity":"","overlay-gradient":""}},"_jf_save_progress":""},"product_brand":[],"product_cat":[60,114,4631,19],"product_tag":[],"class_list":{"0":"post-142599","1":"product","2":"type-product","3":"status-publish","4":"has-post-thumbnail","6":"product_cat-buy","7":"product_cat-comprar","8":"product_cat-scooter-buceo-submarino","9":"product_cat-underwater-scooter","10":"product_shipping_class-mg-es","11":"desktop-align-center","12":"tablet-align-center","13":"mobile-align-center","14":"ast-product-gallery-layout-horizontal","15":"ast-magnify-disabled","16":"ast-product-single-variable","17":"ast-product-tabs-layout-horizontal","19":"first","20":"instock","21":"taxable","22":"shipping-taxable","23":"purchasable","24":"product-type-variable"},"acf":[],"brizy_media":[],"_links":{"self":[{"href":"https:\/\/wave-lovers.com\/es\/wp-json\/wp\/v2\/product\/142599","targetHints":{"allow":["GET"]}}],"collection":[{"href":"https:\/\/wave-lovers.com\/es\/wp-json\/wp\/v2\/product"}],"about":[{"href":"https:\/\/wave-lovers.com\/es\/wp-json\/wp\/v2\/types\/product"}],"replies":[{"embeddable":true,"href":"https:\/\/wave-lovers.com\/es\/wp-json\/wp\/v2\/comments?post=142599"}],"wp:featuredmedia":[{"embeddable":true,"href":"https:\/\/wave-lovers.com\/es\/wp-json\/wp\/v2\/media\/100749"}],"wp:attachment":[{"href":"https:\/\/wave-lovers.com\/es\/wp-json\/wp\/v2\/media?parent=142599"}],"wp:term":[{"taxonomy":"product_brand","embeddable":true,"href":"https:\/\/wave-lovers.com\/es\/wp-json\/wp\/v2\/product_brand?post=142599"},{"taxonomy":"product_cat","embeddable":true,"href":"https:\/\/wave-lovers.com\/es\/wp-json\/wp\/v2\/product_cat?post=142599"},{"taxonomy":"product_tag","embeddable":true,"href":"https:\/\/wave-lovers.com\/es\/wp-json\/wp\/v2\/product_tag?post=142599"}],"curies":[{"name":"wp","href":"https:\/\/api.w.org\/{rel}","templated":true}]}}