{"id":139565,"date":"2023-10-05T22:09:35","date_gmt":"2023-10-05T20:09:35","guid":{"rendered":"https:\/\/wave-lovers.com\/audi-e-tron-competition-e-foil\/"},"modified":"2024-12-09T00:21:19","modified_gmt":"2024-12-08T23:21:19","slug":"audi-e-tron-competition-e-foil","status":"publish","type":"product","link":"https:\/\/wave-lovers.com\/es\/audi-e-tron-competition-e-foil\/","title":{"rendered":"Audi E-Tron Competition E-Foil"},"content":{"rendered":"<h2>Audi E-Tron Competition E-Foil - INFORMACI\u00d3N<\/h2>\n<p><img decoding=\"async\" class=\"wp-image-117181 size-thumbnail alignright\" src=\"https:\/\/wave-lovers.com\/wp-content\/uploads\/2023\/10\/audi-e-tron-efoil-competition-1-150x150.jpg\" alt=\"\" width=\"150\" height=\"150\" srcset=\"https:\/\/wave-lovers.com\/wp-content\/uploads\/2023\/10\/audi-e-tron-efoil-competition-1-150x150.jpg 150w, https:\/\/wave-lovers.com\/wp-content\/uploads\/2023\/10\/audi-e-tron-efoil-competition-1-300x300.jpg 300w, https:\/\/wave-lovers.com\/wp-content\/uploads\/2023\/10\/audi-e-tron-efoil-competition-1-600x600.jpg 600w, https:\/\/wave-lovers.com\/wp-content\/uploads\/2023\/10\/audi-e-tron-efoil-competition-1-100x100.jpg 100w, https:\/\/wave-lovers.com\/wp-content\/uploads\/2023\/10\/audi-e-tron-efoil-competition-1-32x32.jpg 32w, https:\/\/wave-lovers.com\/wp-content\/uploads\/2023\/10\/audi-e-tron-efoil-competition-1.jpg 700w\" sizes=\"(max-width: 150px) 100vw, 150px\" \/><\/p>\n<p>La Audi e-tron foil Competition es una tabla efoil de alta tecnolog\u00eda dise\u00f1ada para los riders m\u00e1s exigentes. Consigue el equilibrio perfecto entre agilidad y funcionalidad, por lo que es ideal para carreras de competici\u00f3n y freestyle.<\/p>\n<p>La tabla est\u00e1 construida con fibra de carbono ligera pero duradera, reforzada con refuerzos estrat\u00e9gicos Innegra para una mayor resistencia. Su nuevo casco en forma de V garantiza un manejo r\u00e1pido y sensible y estabilidad, incluso en las condiciones m\u00e1s extremas.<\/p>\n<p>La COMPETITION tambi\u00e9n cuenta con un conector de leash especializado para un control inquebrantable, correas de pie personalizables para un apoyo a medida y una almohadilla de micropuntos para un agarre y estabilidad superiores.<\/p>\n<p>Dise\u00f1ada con precisi\u00f3n, la COMPETITION presenta un \u00e1ngulo optimizado de la placa del m\u00e1stil que garantiza una colocaci\u00f3n neutra y equilibrada de la tabla. Tanto si corres por una recta como si trazas curvas, esta tabla te asegura un control total, permiti\u00e9ndote superar a tus competidores.<\/p>\n<hr \/>\n<h2>VOLUMEN DE SUMINISTRO - \u00bfQU\u00c9 INCLUYE?<\/h2>\n<ul>\n<li>Placa y unidad motriz<\/li>\n<li>Nuevo juego de alas (1000x300)<\/li>\n<li>Bater\u00eda y cargador r\u00e1pido<\/li>\n<li>Mando a distancia<\/li>\n<li>3 fundas separadas (placa, unidad motriz y alas)<\/li>\n<\/ul>\n<hr \/>\n<h3>Unidad de accionamiento revisada que le hace brillar<img decoding=\"async\" class=\"wp-image-117193 size-thumbnail alignright\" src=\"https:\/\/wave-lovers.com\/wp-content\/uploads\/2023\/10\/audi-e-tron-efoil-competition-drive-unit-150x150.jpg\" alt=\"\" width=\"150\" height=\"150\" srcset=\"https:\/\/wave-lovers.com\/wp-content\/uploads\/2023\/10\/audi-e-tron-efoil-competition-drive-unit-150x150.jpg 150w, https:\/\/wave-lovers.com\/wp-content\/uploads\/2023\/10\/audi-e-tron-efoil-competition-drive-unit-300x300.jpg 300w, https:\/\/wave-lovers.com\/wp-content\/uploads\/2023\/10\/audi-e-tron-efoil-competition-drive-unit-600x600.jpg 600w, https:\/\/wave-lovers.com\/wp-content\/uploads\/2023\/10\/audi-e-tron-efoil-competition-drive-unit-100x100.jpg 100w, https:\/\/wave-lovers.com\/wp-content\/uploads\/2023\/10\/audi-e-tron-efoil-competition-drive-unit-32x32.jpg 32w, https:\/\/wave-lovers.com\/wp-content\/uploads\/2023\/10\/audi-e-tron-efoil-competition-drive-unit.jpg 700w\" sizes=\"(max-width: 150px) 100vw, 150px\" \/><\/h3>\n<p>El \u00faltimo Audi E-Tron Foil Competition incorpora una unidad motriz con una tecnolog\u00eda innovadora que redefine el rendimiento y la eficiencia. El E-Foil ofrece ahora una aceleraci\u00f3n un 20% m\u00e1s r\u00e1pida, un 10% m\u00e1s de eficiencia energ\u00e9tica y un 15% m\u00e1s de peso m\u00e1ximo del conductor. Pero eso no es todo. El nuevo buque insignia ofrece toda una serie de ventajas. Hay que sentirlo para comprender que la experiencia de conducci\u00f3n es inigualable hasta el momento y que cualquier profesional se enamorar\u00e1 de inmediato. \u00a1Un sue\u00f1o hecho realidad!<\/p>\n<h3>Tecnolog\u00eda de controladores excepcional<img decoding=\"async\" class=\"wp-image-117190 size-thumbnail alignright\" src=\"https:\/\/wave-lovers.com\/wp-content\/uploads\/2023\/10\/audi-e-tron-efoil-competition-controller-150x150.jpg\" alt=\"\" width=\"150\" height=\"150\" srcset=\"https:\/\/wave-lovers.com\/wp-content\/uploads\/2023\/10\/audi-e-tron-efoil-competition-controller-150x150.jpg 150w, https:\/\/wave-lovers.com\/wp-content\/uploads\/2023\/10\/audi-e-tron-efoil-competition-controller-300x300.jpg 300w, https:\/\/wave-lovers.com\/wp-content\/uploads\/2023\/10\/audi-e-tron-efoil-competition-controller-600x600.jpg 600w, https:\/\/wave-lovers.com\/wp-content\/uploads\/2023\/10\/audi-e-tron-efoil-competition-controller-100x100.jpg 100w, https:\/\/wave-lovers.com\/wp-content\/uploads\/2023\/10\/audi-e-tron-efoil-competition-controller-32x32.jpg 32w, https:\/\/wave-lovers.com\/wp-content\/uploads\/2023\/10\/audi-e-tron-efoil-competition-controller.jpg 700w\" sizes=\"(max-width: 150px) 100vw, 150px\" \/><\/h3>\n<p>El mando a distancia Audi e-tron foil es el compa\u00f1ero perfecto para su tabla e-foil, ya que le ofrece el m\u00e1ximo control y visibilidad en todas las condiciones. Gracias a su pantalla en color de alta resoluci\u00f3n, podr\u00e1s leer f\u00e1cilmente todos los datos importantes del viaje, como el consumo de la bater\u00eda, la velocidad GPS, la eficiencia y el tiempo de vuelo. Adem\u00e1s, el Remote es flotante y tiene un lazo de sujeci\u00f3n ajustable, por lo que puedes estar seguro de que te acompa\u00f1ar\u00e1 incluso si te caes.<\/p>\n<h3>Capacidad unida a eficiencia<img loading=\"lazy\" decoding=\"async\" class=\"wp-image-117187 size-thumbnail alignright\" src=\"https:\/\/wave-lovers.com\/wp-content\/uploads\/2023\/10\/audi-e-tron-efoil-competition-battery-150x150.jpg\" alt=\"\" width=\"150\" height=\"150\" srcset=\"https:\/\/wave-lovers.com\/wp-content\/uploads\/2023\/10\/audi-e-tron-efoil-competition-battery-150x150.jpg 150w, https:\/\/wave-lovers.com\/wp-content\/uploads\/2023\/10\/audi-e-tron-efoil-competition-battery-300x300.jpg 300w, https:\/\/wave-lovers.com\/wp-content\/uploads\/2023\/10\/audi-e-tron-efoil-competition-battery-600x600.jpg 600w, https:\/\/wave-lovers.com\/wp-content\/uploads\/2023\/10\/audi-e-tron-efoil-competition-battery-100x100.jpg 100w, https:\/\/wave-lovers.com\/wp-content\/uploads\/2023\/10\/audi-e-tron-efoil-competition-battery-32x32.jpg 32w, https:\/\/wave-lovers.com\/wp-content\/uploads\/2023\/10\/audi-e-tron-efoil-competition-battery.jpg 700w\" sizes=\"(max-width: 150px) 100vw, 150px\" \/><\/h3>\n<p>La incre\u00edble potencia de la bater\u00eda de casi 2,3 kWh garantiza una autonom\u00eda extremadamente larga de hasta 40 km. Eso significa un mont\u00f3n de diversi\u00f3n sin tener que cargar entre medias. La bater\u00eda dura hasta 2 horas y se recarga con la misma rapidez con la fuente de alimentaci\u00f3n incluida. Adem\u00e1s, el cargador es regulable y se puede ralentizar si la red el\u00e9ctrica est\u00e1 m\u00e1s cargada.<\/p>\n<hr \/>\n<h2>Audi E-Tron Competition E-Foil - NOVEDADES<\/h2>\n<table>\n<tbody>\n<tr>\n<td>Alas<\/td>\n<\/tr>\n<tr>\n<td>Carbon Front Wing 1000 &amp; Stabilizer 300 - Mejore la experiencia de su tabla de surf con los \u00faltimos avances del mercado y abra un mundo de posibilidades. Aerofoils es conocido por sus alas de carbono perfectamente dise\u00f1adas, que tienen su origen en la industria del modelismo y se adaptan a todas las situaciones. Agilidad mejorada, deslizamiento superior, penetraci\u00f3n mejorada en el agua y un punto de presi\u00f3n estable te dan el control y la confianza para llevar tu navegaci\u00f3n a nuevas cotas.<\/td>\n<\/tr>\n<tr>\n<td>Unidad de accionamiento<\/td>\n<\/tr>\n<tr>\n<td>Conducci\u00f3n m\u00e1s r\u00e1pida, m\u00e1s ecol\u00f3gica y m\u00e1s vers\u00e1til. Con una aceleraci\u00f3n un 20% m\u00e1s r\u00e1pida, un 10% m\u00e1s de eficiencia energ\u00e9tica y un 15% m\u00e1s de peso m\u00e1ximo del conductor, la unidad de tracci\u00f3n Aerofoils eleva su viaje y supera los l\u00edmites como nunca antes.<\/td>\n<\/tr>\n<tr>\n<td>Dise\u00f1o<\/td>\n<\/tr>\n<tr>\n<td>Para enfatizar el car\u00e1cter deportivo de la nueva tabla, se ha dise\u00f1ado un look completamente nuevo. El excitante look de camuflaje brilla incluso con mal tiempo y seguro que encuentra muchos amigos. Adem\u00e1s, la tabla es ahora a\u00fan m\u00e1s peque\u00f1a y maniobrable. Con un incre\u00edble volumen de 73L, pertenece a la clase superior absoluta. Pero cuidado, s\u00f3lo los surfistas experimentados saben dominar a la bestia.<\/td>\n<\/tr>\n<\/tbody>\n<\/table>\n<h2>Audi E-Tron Competition E-Foil - DETALLES<\/h2>\n<table>\n<tbody>\n<tr>\n<td>Modelo<\/td>\n<td>Audi E-Tron Foil<br \/>\n(Adventure \/ Performance)<\/td>\n<td>Audi E-Tron<br \/>\nCompetition<\/td>\n<\/tr>\n<tr>\n<td>Velocidad<\/td>\n<td>hasta 50 km\/h<\/td>\n<td><strong>hasta 50 km\/h<\/strong><\/td>\n<\/tr>\n<tr>\n<td>Autonom\u00eda \/ Alcance<\/td>\n<td>hasta 2 hrs \/ 36km<\/td>\n<td><strong>hasta <\/strong><strong>2 hrs \/ 40km<br \/>\n<\/strong><\/td>\n<\/tr>\n<tr>\n<td>Tiempo de carga<\/td>\n<td>aprox. 2 hrs<\/td>\n<td><strong>aprox. <\/strong><strong>2 hrs<\/strong><\/td>\n<\/tr>\n<tr>\n<td>Peso<\/td>\n<td>33 kg<\/td>\n<td><strong>31 kg<\/strong><\/td>\n<\/tr>\n<tr>\n<td>Volumen<\/td>\n<td>103 L \/ 83 L<\/td>\n<td><strong>73 L<\/strong><\/td>\n<\/tr>\n<tr>\n<td>Capacidad de carga<\/td>\n<td>hasta 85kg<\/td>\n<td><strong>hasta 100kg<br \/>\n<\/strong><\/td>\n<\/tr>\n<tr>\n<td>Dimensiones<\/td>\n<td>176 x 72 x 15 \/ 153 x 67 x 15<\/td>\n<td><strong>135 x 63 x 15<\/strong><\/td>\n<\/tr>\n<tr>\n<td>Experiencia de conducci\u00f3n<\/td>\n<td>Carving: 6-7 \/ 10<br \/>\nEstabilidad: 6-7 \/ 10<br \/>\nNivel de conocimientos: 4 \/ 10<\/td>\n<td><strong>Carving: 8 \/ 10<br \/>\nEstabilidad: 5 \/ 10<br \/>\nNivel de conocimientos: 6 \/ 10<\/strong><\/td>\n<\/tr>\n<\/tbody>\n<\/table>\n","protected":false},"excerpt":{"rendered":"<p>Mejore su experiencia con la tabla de surf con el \u00faltimo Audi E-Tron Competition E-Foil y abra un mundo de posibilidades. La nueva era del efoiling te est\u00e1 esperando. Pero cuidado, solo los surfistas experimentados saben c\u00f3mo frenar a la bestia.<\/p>\n<p><img loading=\"lazy\" decoding=\"async\" class=\"wp-image-117223 alignnone\" src=\"https:\/\/wave-lovers.com\/wp-content\/uploads\/2023\/10\/audi-competition-banner.jpg\" alt=\"\" width=\"300\" height=\"115\" srcset=\"https:\/\/wave-lovers.com\/wp-content\/uploads\/2023\/10\/audi-competition-banner.jpg 378w, https:\/\/wave-lovers.com\/wp-content\/uploads\/2023\/10\/audi-competition-banner-300x115.jpg 300w\" sizes=\"(max-width: 300px) 100vw, 300px\" \/><\/p>\n","protected":false},"featured_media":117198,"comment_status":"open","ping_status":"closed","template":"","meta":{"_acf_changed":false,"_editorskit_title_hidden":false,"_editorskit_reading_time":0,"_editorskit_is_block_options_detached":false,"_editorskit_block_options_position":"{}","site-sidebar-layout":"default","site-content-layout":"default","ast-site-content-layout":"default","site-content-style":"default","site-sidebar-style":"default","ast-global-header-display":"","ast-banner-title-visibility":"","ast-main-header-display":"","ast-hfb-above-header-display":"","ast-hfb-below-header-display":"","ast-hfb-mobile-header-display":"","site-post-title":"disabled","ast-breadcrumbs-content":"","ast-featured-img":"","footer-sml-layout":"","ast-disable-related-posts":"","theme-transparent-header-meta":"default","adv-header-id-meta":"","stick-header-meta":"","header-above-stick-meta":"","header-main-stick-meta":"","header-below-stick-meta":"","astra-migrate-meta-layouts":"set","ast-page-background-enabled":"default","ast-page-background-meta":{"desktop":{"background-color":"","background-image":"","background-repeat":"repeat","background-position":"center center","background-size":"auto","background-attachment":"scroll","background-type":"","background-media":"","overlay-type":"","overlay-color":"","overlay-opacity":"","overlay-gradient":""},"tablet":{"background-color":"","background-image":"","background-repeat":"repeat","background-position":"center center","background-size":"auto","background-attachment":"scroll","background-type":"","background-media":"","overlay-type":"","overlay-color":"","overlay-opacity":"","overlay-gradient":""},"mobile":{"background-color":"","background-image":"","background-repeat":"repeat","background-position":"center center","background-size":"auto","background-attachment":"scroll","background-type":"","background-media":"","overlay-type":"","overlay-color":"","overlay-opacity":"","overlay-gradient":""}},"ast-content-background-meta":{"desktop":{"background-color":"var(--ast-global-color-5)","background-image":"","background-repeat":"repeat","background-position":"center center","background-size":"auto","background-attachment":"scroll","background-type":"","background-media":"","overlay-type":"","overlay-color":"","overlay-opacity":"","overlay-gradient":""},"tablet":{"background-color":"var(--ast-global-color-5)","background-image":"","background-repeat":"repeat","background-position":"center center","background-size":"auto","background-attachment":"scroll","background-type":"","background-media":"","overlay-type":"","overlay-color":"","overlay-opacity":"","overlay-gradient":""},"mobile":{"background-color":"var(--ast-global-color-5)","background-image":"","background-repeat":"repeat","background-position":"center center","background-size":"auto","background-attachment":"scroll","background-type":"","background-media":"","overlay-type":"","overlay-color":"","overlay-opacity":"","overlay-gradient":""}},"_jf_save_progress":""},"product_brand":[],"product_cat":[114,60,18,110,115,40],"product_tag":[],"class_list":{"0":"post-139565","1":"product","2":"type-product","3":"status-publish","4":"has-post-thumbnail","6":"product_cat-comprar","7":"product_cat-buy","8":"product_cat-electric-hydrofoil-surfboard","9":"product_cat-tablas-de-surf-electricas-efoil","10":"product_cat-try-and-buy-es","11":"product_cat-try-and-buy","12":"product_shipping_class-lg-es","13":"desktop-align-center","14":"tablet-align-center","15":"mobile-align-center","16":"ast-product-gallery-layout-horizontal","17":"ast-magnify-disabled","18":"ast-product-tabs-layout-horizontal","20":"first","21":"instock","22":"taxable","23":"shipping-taxable","24":"purchasable","25":"product-type-simple"},"acf":[],"brizy_media":[{"id":394,"url":"https:\/\/wave-lovers.com\/wp-content\/uploads\/2021\/01\/E-Foil-Surf-in-Fuerteventura.png","name":"E-Foil-Surf-in-Fuerteventura.png","meta":{"brizy_attachment_uid":"wp-94c9cce8d679a7c3867d56ce02984e39.png","brizy_post_uid":["036f3c858f7493a96f1ecf6bf97c3739","a9cb51fc18b3a0e5c20b367b123782f1","4d07bf27702d9e74ca4c3511c74110e4","57a9f74eb861a76ebdbcd0ca0523c138"]}}],"_links":{"self":[{"href":"https:\/\/wave-lovers.com\/es\/wp-json\/wp\/v2\/product\/139565","targetHints":{"allow":["GET"]}}],"collection":[{"href":"https:\/\/wave-lovers.com\/es\/wp-json\/wp\/v2\/product"}],"about":[{"href":"https:\/\/wave-lovers.com\/es\/wp-json\/wp\/v2\/types\/product"}],"replies":[{"embeddable":true,"href":"https:\/\/wave-lovers.com\/es\/wp-json\/wp\/v2\/comments?post=139565"}],"wp:featuredmedia":[{"embeddable":true,"href":"https:\/\/wave-lovers.com\/es\/wp-json\/wp\/v2\/media\/117198"}],"wp:attachment":[{"href":"https:\/\/wave-lovers.com\/es\/wp-json\/wp\/v2\/media?parent=139565"}],"wp:term":[{"taxonomy":"product_brand","embeddable":true,"href":"https:\/\/wave-lovers.com\/es\/wp-json\/wp\/v2\/product_brand?post=139565"},{"taxonomy":"product_cat","embeddable":true,"href":"https:\/\/wave-lovers.com\/es\/wp-json\/wp\/v2\/product_cat?post=139565"},{"taxonomy":"product_tag","embeddable":true,"href":"https:\/\/wave-lovers.com\/es\/wp-json\/wp\/v2\/product_tag?post=139565"}],"curies":[{"name":"wp","href":"https:\/\/api.w.org\/{rel}","templated":true}]}}