{"id":139340,"date":"2022-04-21T16:26:11","date_gmt":"2022-04-21T14:26:11","guid":{"rendered":"https:\/\/wave-lovers.com\/rent-e-foil-electric-hydrofoil\/"},"modified":"2024-05-03T16:12:32","modified_gmt":"2024-05-03T14:12:32","slug":"alquiler-efoil-tabla-de-surf-electrica-hidroala","status":"publish","type":"product","link":"https:\/\/wave-lovers.com\/es\/alquiler-efoil-tabla-de-surf-electrica-hidroala\/","title":{"rendered":"Alquiler eFoil tabla de surf el\u00e9ctrica hidroala"},"content":{"rendered":"<h2>Alquiler de eFoil, la tabla de surf el\u00e9ctrica de hidroala<\/h2>\n<p>Con nuestros eFoils en alquiler en Mallorca, descubrir\u00e1 una nueva libertad. \u00a1Vuele sobre el agua! El eFoil es r\u00e1pido, silencioso y sin emisiones. Y para aquellos que prueben el eFoil surf por primera vez, les recomendamos reservar una formaci\u00f3n adicional a trav\u00e9s de nuestra academia de eFoil. Estaremos encantados de ense\u00f1arle a volar sobre el agua. El eFoil surf es un deporte acu\u00e1tico para todos, desde los m\u00e1s peque\u00f1os hasta los de edad avanzada.<\/p>\n<p>Benef\u00edciese de los descuentos que le ofrecemos al alquilar una tabla de eFoil, a partir del segundo d\u00eda de alquiler. No olvide alquilar bater\u00edas extra para disfrutar m\u00e1s tiempo del eFoil surf sin tener que esperar hasta volver a cargar su bater\u00eda.<\/p>\n","protected":false},"excerpt":{"rendered":"<p><strong>DESCUENTOS (IVA inclu\u00eddo)<\/strong><br \/>\n1 eFoil - 1 d\u00eda - 450\u20ac\/d\u00eda<br \/>\n1 eFoil - a partir de 2 d\u00edas - 425\u20ac\/d\u00eda<br \/>\n1 eFoil - &gt;7 d\u00edas - 400\u20ac\/d\u00eda<\/p>\n<p><strong>BATER\u00cdAS EXTRA (IVA inclu\u00eddo)<\/strong><br \/>\n100\u20ac por bater\u00eda\/d\u00eda<\/p>\n<div><a class=\"button\" style=\"margin-bottom: 15px; padding: 5px;\" href=\"https:\/\/wave-lovers.com\/es\/alquiler-efoil-audi-aerofoils-tabla-surf-electrica\/\" aria-label=\"Alquilar eFoil Audi\">Alquilar eFoil Audi<\/a><\/div>\n","protected":false},"featured_media":157155,"comment_status":"open","ping_status":"closed","template":"","meta":{"_acf_changed":false,"_editorskit_title_hidden":false,"_editorskit_reading_time":0,"_editorskit_is_block_options_detached":false,"_editorskit_block_options_position":"{}","site-sidebar-layout":"default","site-content-layout":"default","ast-site-content-layout":"default","site-content-style":"default","site-sidebar-style":"default","ast-global-header-display":"","ast-banner-title-visibility":"","ast-main-header-display":"","ast-hfb-above-header-display":"","ast-hfb-below-header-display":"","ast-hfb-mobile-header-display":"","site-post-title":"","ast-breadcrumbs-content":"","ast-featured-img":"","footer-sml-layout":"","ast-disable-related-posts":"","theme-transparent-header-meta":"default","adv-header-id-meta":"","stick-header-meta":"","header-above-stick-meta":"","header-main-stick-meta":"","header-below-stick-meta":"","astra-migrate-meta-layouts":"set","ast-page-background-enabled":"default","ast-page-background-meta":{"desktop":{"background-color":"","background-image":"","background-repeat":"repeat","background-position":"center center","background-size":"auto","background-attachment":"scroll","background-type":"","background-media":"","overlay-type":"","overlay-color":"","overlay-opacity":"","overlay-gradient":""},"tablet":{"background-color":"","background-image":"","background-repeat":"repeat","background-position":"center center","background-size":"auto","background-attachment":"scroll","background-type":"","background-media":"","overlay-type":"","overlay-color":"","overlay-opacity":"","overlay-gradient":""},"mobile":{"background-color":"","background-image":"","background-repeat":"repeat","background-position":"center center","background-size":"auto","background-attachment":"scroll","background-type":"","background-media":"","overlay-type":"","overlay-color":"","overlay-opacity":"","overlay-gradient":""}},"ast-content-background-meta":{"desktop":{"background-color":"var(--ast-global-color-5)","background-image":"","background-repeat":"repeat","background-position":"center center","background-size":"auto","background-attachment":"scroll","background-type":"","background-media":"","overlay-type":"","overlay-color":"","overlay-opacity":"","overlay-gradient":""},"tablet":{"background-color":"var(--ast-global-color-5)","background-image":"","background-repeat":"repeat","background-position":"center center","background-size":"auto","background-attachment":"scroll","background-type":"","background-media":"","overlay-type":"","overlay-color":"","overlay-opacity":"","overlay-gradient":""},"mobile":{"background-color":"var(--ast-global-color-5)","background-image":"","background-repeat":"repeat","background-position":"center center","background-size":"auto","background-attachment":"scroll","background-type":"","background-media":"","overlay-type":"","overlay-color":"","overlay-opacity":"","overlay-gradient":""}},"_jf_save_progress":""},"product_brand":[],"product_cat":[4106,61],"product_tag":[],"class_list":{"0":"post-139340","1":"product","2":"type-product","3":"status-publish","4":"has-post-thumbnail","6":"product_cat-alquiler","7":"product_cat-rent","8":"desktop-align-center","9":"tablet-align-center","10":"mobile-align-center","11":"ast-product-gallery-layout-horizontal","12":"ast-product-gallery-with-no-image","13":"ast-magnify-disabled","14":"ast-product-tabs-layout-horizontal","16":"first","17":"instock","18":"taxable","19":"shipping-taxable","20":"purchasable","21":"product-type-simple"},"acf":[],"brizy_media":[],"_links":{"self":[{"href":"https:\/\/wave-lovers.com\/es\/wp-json\/wp\/v2\/product\/139340","targetHints":{"allow":["GET"]}}],"collection":[{"href":"https:\/\/wave-lovers.com\/es\/wp-json\/wp\/v2\/product"}],"about":[{"href":"https:\/\/wave-lovers.com\/es\/wp-json\/wp\/v2\/types\/product"}],"replies":[{"embeddable":true,"href":"https:\/\/wave-lovers.com\/es\/wp-json\/wp\/v2\/comments?post=139340"}],"wp:featuredmedia":[{"embeddable":true,"href":"https:\/\/wave-lovers.com\/es\/wp-json\/wp\/v2\/media\/157155"}],"wp:attachment":[{"href":"https:\/\/wave-lovers.com\/es\/wp-json\/wp\/v2\/media?parent=139340"}],"wp:term":[{"taxonomy":"product_brand","embeddable":true,"href":"https:\/\/wave-lovers.com\/es\/wp-json\/wp\/v2\/product_brand?post=139340"},{"taxonomy":"product_cat","embeddable":true,"href":"https:\/\/wave-lovers.com\/es\/wp-json\/wp\/v2\/product_cat?post=139340"},{"taxonomy":"product_tag","embeddable":true,"href":"https:\/\/wave-lovers.com\/es\/wp-json\/wp\/v2\/product_tag?post=139340"}],"curies":[{"name":"wp","href":"https:\/\/api.w.org\/{rel}","templated":true}]}}