{"id":139337,"date":"2022-04-21T16:54:18","date_gmt":"2022-04-21T14:54:18","guid":{"rendered":"https:\/\/wave-lovers.com\/rent-e-jet-surfboard\/"},"modified":"2024-05-03T16:12:39","modified_gmt":"2024-05-03T14:12:39","slug":"alquiler-tabla-surf-motorizada-electrica-e-jet","status":"publish","type":"product","link":"https:\/\/wave-lovers.com\/es\/alquiler-tabla-surf-motorizada-electrica-e-jet\/","title":{"rendered":"Alquiler de tablas de surf motorizadas el\u00e9ctricas e-Jet"},"content":{"rendered":"<h2>Alquiler de tablas de surf motorizadas el\u00e9ctricas e-Jet en Mallorca<\/h2>\n<p>\u00bfEst\u00e1 buscando una emocionante aventura de deportes acu\u00e1ticos? Con nuestras tablas de surf motorizadas e-Jet de alquiler, la adrenalina y la diversi\u00f3n en el agua est\u00e1n aseguradas desde el primer momento. \u00bfPor qu\u00e9? Porque son extremadamente potentes y f\u00e1ciles de manejar al mismo tiempo. \u00a1Conduzca a velocidades de hasta 50 km\/h y juegue con las olas! O cambie el modo de conducci\u00f3n a \"Principiante\" e incluso los ni\u00f1os navegar\u00e1n tranquila y serenamente. \u00a1Lleve la acci\u00f3n a su viaje en yate y alquile una tabla de surf motorizada el\u00e9ctrica e-Jet!<\/p>\n<p>Benef\u00edciese de los descuentos que le ofrecemos al alquilar nuestras tablas de surf motorizadas el\u00e9ctricas e-Jet desde el segundo d\u00eda de alquiler.<\/p>\n<p>Si as\u00ed lo desea, podemos hacer entrega de las tablas de surf motorizadas el\u00e9ctricas e-Jet en un lugar a su elecci\u00f3n acordado previamente (peque\u00f1o coste a\u00f1adido), y tambi\u00e9n pueden ser recogidas en nuestra base principal en Port Calanova.<\/p>\n","protected":false},"excerpt":{"rendered":"<p><strong>DESCUENTOS (IVA inclu\u00eddo)<\/strong><br \/>\n1 e-Jet - 1 d\u00eda - 400\u20ac\/d\u00eda<br \/>\n1 e-Jet - a partir de 2 d\u00edas - 375\u20ac\/d\u00eda<br \/>\n1 e-Jet - &gt;7 d\u00edas - 350\u20ac\/d\u00eda<br \/>\n<strong>INCLUIDO<\/strong><br \/>\nCargador est\u00e1ndar<br \/>\n<strong>BATER\u00cdAS EXTRA (IVA inclu\u00eddo)<\/strong><br \/>\n150\u20ac por bater\u00eda\/d\u00eda<\/p>\n","protected":false},"featured_media":157158,"comment_status":"open","ping_status":"closed","template":"","meta":{"_acf_changed":false,"_editorskit_title_hidden":false,"_editorskit_reading_time":0,"_editorskit_is_block_options_detached":false,"_editorskit_block_options_position":"{}","site-sidebar-layout":"default","site-content-layout":"default","ast-site-content-layout":"default","site-content-style":"default","site-sidebar-style":"default","ast-global-header-display":"","ast-banner-title-visibility":"","ast-main-header-display":"","ast-hfb-above-header-display":"","ast-hfb-below-header-display":"","ast-hfb-mobile-header-display":"","site-post-title":"","ast-breadcrumbs-content":"","ast-featured-img":"","footer-sml-layout":"","ast-disable-related-posts":"","theme-transparent-header-meta":"default","adv-header-id-meta":"","stick-header-meta":"","header-above-stick-meta":"","header-main-stick-meta":"","header-below-stick-meta":"","astra-migrate-meta-layouts":"set","ast-page-background-enabled":"default","ast-page-background-meta":{"desktop":{"background-color":"","background-image":"","background-repeat":"repeat","background-position":"center center","background-size":"auto","background-attachment":"scroll","background-type":"","background-media":"","overlay-type":"","overlay-color":"","overlay-opacity":"","overlay-gradient":""},"tablet":{"background-color":"","background-image":"","background-repeat":"repeat","background-position":"center center","background-size":"auto","background-attachment":"scroll","background-type":"","background-media":"","overlay-type":"","overlay-color":"","overlay-opacity":"","overlay-gradient":""},"mobile":{"background-color":"","background-image":"","background-repeat":"repeat","background-position":"center center","background-size":"auto","background-attachment":"scroll","background-type":"","background-media":"","overlay-type":"","overlay-color":"","overlay-opacity":"","overlay-gradient":""}},"ast-content-background-meta":{"desktop":{"background-color":"var(--ast-global-color-5)","background-image":"","background-repeat":"repeat","background-position":"center center","background-size":"auto","background-attachment":"scroll","background-type":"","background-media":"","overlay-type":"","overlay-color":"","overlay-opacity":"","overlay-gradient":""},"tablet":{"background-color":"var(--ast-global-color-5)","background-image":"","background-repeat":"repeat","background-position":"center center","background-size":"auto","background-attachment":"scroll","background-type":"","background-media":"","overlay-type":"","overlay-color":"","overlay-opacity":"","overlay-gradient":""},"mobile":{"background-color":"var(--ast-global-color-5)","background-image":"","background-repeat":"repeat","background-position":"center center","background-size":"auto","background-attachment":"scroll","background-type":"","background-media":"","overlay-type":"","overlay-color":"","overlay-opacity":"","overlay-gradient":""}},"_jf_save_progress":""},"product_brand":[],"product_cat":[4106,61],"product_tag":[],"class_list":{"0":"post-139337","1":"product","2":"type-product","3":"status-publish","4":"has-post-thumbnail","6":"product_cat-alquiler","7":"product_cat-rent","8":"desktop-align-center","9":"tablet-align-center","10":"mobile-align-center","11":"ast-product-gallery-layout-horizontal","12":"ast-product-gallery-with-no-image","13":"ast-magnify-disabled","14":"ast-product-tabs-layout-horizontal","16":"first","17":"instock","18":"taxable","19":"shipping-taxable","20":"purchasable","21":"product-type-simple"},"acf":[],"brizy_media":[],"_links":{"self":[{"href":"https:\/\/wave-lovers.com\/es\/wp-json\/wp\/v2\/product\/139337","targetHints":{"allow":["GET"]}}],"collection":[{"href":"https:\/\/wave-lovers.com\/es\/wp-json\/wp\/v2\/product"}],"about":[{"href":"https:\/\/wave-lovers.com\/es\/wp-json\/wp\/v2\/types\/product"}],"replies":[{"embeddable":true,"href":"https:\/\/wave-lovers.com\/es\/wp-json\/wp\/v2\/comments?post=139337"}],"wp:featuredmedia":[{"embeddable":true,"href":"https:\/\/wave-lovers.com\/es\/wp-json\/wp\/v2\/media\/157158"}],"wp:attachment":[{"href":"https:\/\/wave-lovers.com\/es\/wp-json\/wp\/v2\/media?parent=139337"}],"wp:term":[{"taxonomy":"product_brand","embeddable":true,"href":"https:\/\/wave-lovers.com\/es\/wp-json\/wp\/v2\/product_brand?post=139337"},{"taxonomy":"product_cat","embeddable":true,"href":"https:\/\/wave-lovers.com\/es\/wp-json\/wp\/v2\/product_cat?post=139337"},{"taxonomy":"product_tag","embeddable":true,"href":"https:\/\/wave-lovers.com\/es\/wp-json\/wp\/v2\/product_tag?post=139337"}],"curies":[{"name":"wp","href":"https:\/\/api.w.org\/{rel}","templated":true}]}}