{"id":139335,"date":"2022-04-21T23:24:07","date_gmt":"2022-04-21T21:24:07","guid":{"rendered":"https:\/\/wave-lovers.com\/rent-underwater-scooter\/"},"modified":"2024-05-03T16:12:46","modified_gmt":"2024-05-03T14:12:46","slug":"alquiler-scooters-buceo-profesional","status":"publish","type":"product","link":"https:\/\/wave-lovers.com\/es\/alquiler-scooters-buceo-profesional\/","title":{"rendered":"Alquiler de scooters de buceo profesional e-Dive"},"content":{"rendered":"<h2>Alquile los scooters de buceo el\u00e9ctricos e-Dive PRO SEABOB (o similar) en Mallorca<\/h2>\n<p>Descubrir el fant\u00e1stico mundo submarino nunca ha sido tan f\u00e1cil. Con nuestro potente scooter de buceo el\u00e9ctrico de alquiler, navegar\u00e1 sin esfuerzo por la superficie y podr\u00e1 bucear como un delf\u00edn por debajo del agua con una aceleraci\u00f3n asombrosa. Divi\u00e9rtase con sus amigos, familia o invitados del yate y disfrute de la pura sensaci\u00f3n al estilo James Bond. Un scooter subacu\u00e1tico profesional (p. ej. SEABOB) es la elecci\u00f3n correcta para todos los invitados, desde los m\u00e1s j\u00f3venes hasta los mayores, ya que es s\u00faper f\u00e1cil de conducir y muy manejable. \u00a1Sum\u00e9rjase como un delf\u00edn!<\/p>\n<h2>El alquiler de los scooters el\u00e9ctricos de buceo profesionales incluye:<\/h2>\n<p>- Scooter de buceo profesional: SEABOB F5S o similar (p. ej. iAQUAdart 720Q)<br \/>\n- Cargador est\u00e1ndar<\/p>\n<p>Benef\u00edciese de los descuentos que le ofrecemos al alquilar nuestros scooters de buceo profesionales e-Dive, desde el segundo d\u00eda de alquiler.<\/p>\n<p>Si as\u00ed lo desea, podemos hacer entrega de los scooters de buceo en un lugar a su elecci\u00f3n acordado previamente (peque\u00f1o coste a\u00f1adido), y tambi\u00e9n pueden ser recogidos en nuestra base principal en Port Calanova.<\/p>\n","protected":false},"excerpt":{"rendered":"<p><strong>DESCUENTOS (IVA inclu\u00eddo)<\/strong><br \/>\n1 Seabob - 1 d\u00eda - 350\u20ac\/d\u00eda<br \/>\n1 Seabob - a partir de 2 d\u00edas - 325\u20ac\/d\u00eda<br \/>\n1 Seabob - &gt;7 d\u00edas - 300\u20ac\/d\u00eda<\/p>\n<p><strong>INCLUIDO<\/strong><br \/>\n- Marca y Modelo: SEABOB F5S o similar (p. ej. iAQUAdart 720Q)<br \/>\n- Cargador est\u00e1ndar<\/p>\n","protected":false},"featured_media":157191,"comment_status":"open","ping_status":"closed","template":"","meta":{"_acf_changed":false,"_editorskit_title_hidden":false,"_editorskit_reading_time":0,"_editorskit_is_block_options_detached":false,"_editorskit_block_options_position":"{}","site-sidebar-layout":"default","site-content-layout":"default","ast-site-content-layout":"default","site-content-style":"default","site-sidebar-style":"default","ast-global-header-display":"","ast-banner-title-visibility":"","ast-main-header-display":"","ast-hfb-above-header-display":"","ast-hfb-below-header-display":"","ast-hfb-mobile-header-display":"","site-post-title":"","ast-breadcrumbs-content":"","ast-featured-img":"","footer-sml-layout":"","ast-disable-related-posts":"","theme-transparent-header-meta":"default","adv-header-id-meta":"","stick-header-meta":"","header-above-stick-meta":"","header-main-stick-meta":"","header-below-stick-meta":"","astra-migrate-meta-layouts":"set","ast-page-background-enabled":"default","ast-page-background-meta":{"desktop":{"background-color":"","background-image":"","background-repeat":"repeat","background-position":"center center","background-size":"auto","background-attachment":"scroll","background-type":"","background-media":"","overlay-type":"","overlay-color":"","overlay-opacity":"","overlay-gradient":""},"tablet":{"background-color":"","background-image":"","background-repeat":"repeat","background-position":"center center","background-size":"auto","background-attachment":"scroll","background-type":"","background-media":"","overlay-type":"","overlay-color":"","overlay-opacity":"","overlay-gradient":""},"mobile":{"background-color":"","background-image":"","background-repeat":"repeat","background-position":"center center","background-size":"auto","background-attachment":"scroll","background-type":"","background-media":"","overlay-type":"","overlay-color":"","overlay-opacity":"","overlay-gradient":""}},"ast-content-background-meta":{"desktop":{"background-color":"var(--ast-global-color-5)","background-image":"","background-repeat":"repeat","background-position":"center center","background-size":"auto","background-attachment":"scroll","background-type":"","background-media":"","overlay-type":"","overlay-color":"","overlay-opacity":"","overlay-gradient":""},"tablet":{"background-color":"var(--ast-global-color-5)","background-image":"","background-repeat":"repeat","background-position":"center center","background-size":"auto","background-attachment":"scroll","background-type":"","background-media":"","overlay-type":"","overlay-color":"","overlay-opacity":"","overlay-gradient":""},"mobile":{"background-color":"var(--ast-global-color-5)","background-image":"","background-repeat":"repeat","background-position":"center center","background-size":"auto","background-attachment":"scroll","background-type":"","background-media":"","overlay-type":"","overlay-color":"","overlay-opacity":"","overlay-gradient":""}},"_jf_save_progress":""},"product_brand":[],"product_cat":[4106,61],"product_tag":[],"class_list":{"0":"post-139335","1":"product","2":"type-product","3":"status-publish","4":"has-post-thumbnail","6":"product_cat-alquiler","7":"product_cat-rent","8":"desktop-align-center","9":"tablet-align-center","10":"mobile-align-center","11":"ast-product-gallery-layout-horizontal","12":"ast-magnify-disabled","13":"ast-product-tabs-layout-horizontal","15":"first","16":"instock","17":"taxable","18":"shipping-taxable","19":"purchasable","20":"product-type-simple"},"acf":[],"brizy_media":[],"_links":{"self":[{"href":"https:\/\/wave-lovers.com\/es\/wp-json\/wp\/v2\/product\/139335","targetHints":{"allow":["GET"]}}],"collection":[{"href":"https:\/\/wave-lovers.com\/es\/wp-json\/wp\/v2\/product"}],"about":[{"href":"https:\/\/wave-lovers.com\/es\/wp-json\/wp\/v2\/types\/product"}],"replies":[{"embeddable":true,"href":"https:\/\/wave-lovers.com\/es\/wp-json\/wp\/v2\/comments?post=139335"}],"wp:featuredmedia":[{"embeddable":true,"href":"https:\/\/wave-lovers.com\/es\/wp-json\/wp\/v2\/media\/157191"}],"wp:attachment":[{"href":"https:\/\/wave-lovers.com\/es\/wp-json\/wp\/v2\/media?parent=139335"}],"wp:term":[{"taxonomy":"product_brand","embeddable":true,"href":"https:\/\/wave-lovers.com\/es\/wp-json\/wp\/v2\/product_brand?post=139335"},{"taxonomy":"product_cat","embeddable":true,"href":"https:\/\/wave-lovers.com\/es\/wp-json\/wp\/v2\/product_cat?post=139335"},{"taxonomy":"product_tag","embeddable":true,"href":"https:\/\/wave-lovers.com\/es\/wp-json\/wp\/v2\/product_tag?post=139335"}],"curies":[{"name":"wp","href":"https:\/\/api.w.org\/{rel}","templated":true}]}}