{"id":139328,"date":"2022-04-22T10:38:47","date_gmt":"2022-04-22T08:38:47","guid":{"rendered":"https:\/\/wave-lovers.com\/rent-jet-ski\/"},"modified":"2024-06-25T12:16:29","modified_gmt":"2024-06-25T10:16:29","slug":"alquiler-motos-de-agua-jetski","status":"publish","type":"product","link":"https:\/\/wave-lovers.com\/es\/alquiler-motos-de-agua-jetski\/","title":{"rendered":"Alquiler motos de agua jetski"},"content":{"rendered":"<h2><strong>Alquiler de motos acu\u00e1ticas (con licencia) y excursiones en Jetski en Mallorca<\/strong><\/h2>\n<p>Alquila una moto acu\u00e1tica o moto de agua Jetski en Mallorca y siente la emoci\u00f3n en estado puro. Elije si quieres alquilar una moto de agua o si prefieres realizar una excursi\u00f3n, un instructor te guiar\u00e1 por las calas m\u00e1s bonitas de Mallorca. Vive una emocionante aventura en el agua con una moto acu\u00e1tica en solitario o en pareja.<\/p>\n<p>Si desea participar en una excursi\u00f3n con conductor, visite el siguiente enlace:<\/p>\n<p><a href=\"https:\/\/wave-lovers.com\/experiences\/jetski-excursion\"><button style=\"font-size: 14px; font-color: white; font-weight: bold; font-family: poppins; margin-bottom: 0px; padding: 6px 30px 6px 30px;\">EXCURSI\u00d3N EN MOTO DE AGUA \u2003\u279e<\/button><\/a><\/p>\n<h3><strong>ALQUILER (se necesita licencia - precios IVA incl.)<\/strong><\/h3>\n<p>2h - 185 \u20ac<br \/>\n4h - 290 \u20ac<br \/>\nD\u00eda completo (9:30 - 18:15) - 410 \u20ac<br \/>\n<strong>Los precios no incluyen la gasolina.<\/strong><\/p>\n","protected":false},"excerpt":{"rendered":"<p><strong>Esta oferta s\u00f3lo es v\u00e1lida para titulares de una licencia de navegaci\u00f3n.<\/strong><br \/>\nSi deseas participar en una excursi\u00f3n con conductor, lea a continuaci\u00f3n.<\/p>\n","protected":false},"featured_media":157173,"comment_status":"open","ping_status":"closed","template":"","meta":{"_acf_changed":false,"_editorskit_title_hidden":false,"_editorskit_reading_time":0,"_editorskit_is_block_options_detached":false,"_editorskit_block_options_position":"{}","site-sidebar-layout":"default","site-content-layout":"default","ast-site-content-layout":"default","site-content-style":"default","site-sidebar-style":"default","ast-global-header-display":"","ast-banner-title-visibility":"","ast-main-header-display":"","ast-hfb-above-header-display":"","ast-hfb-below-header-display":"","ast-hfb-mobile-header-display":"","site-post-title":"","ast-breadcrumbs-content":"","ast-featured-img":"","footer-sml-layout":"","ast-disable-related-posts":"","theme-transparent-header-meta":"default","adv-header-id-meta":"","stick-header-meta":"","header-above-stick-meta":"","header-main-stick-meta":"","header-below-stick-meta":"","astra-migrate-meta-layouts":"set","ast-page-background-enabled":"default","ast-page-background-meta":{"desktop":{"background-color":"","background-image":"","background-repeat":"repeat","background-position":"center center","background-size":"auto","background-attachment":"scroll","background-type":"","background-media":"","overlay-type":"","overlay-color":"","overlay-opacity":"","overlay-gradient":""},"tablet":{"background-color":"","background-image":"","background-repeat":"repeat","background-position":"center center","background-size":"auto","background-attachment":"scroll","background-type":"","background-media":"","overlay-type":"","overlay-color":"","overlay-opacity":"","overlay-gradient":""},"mobile":{"background-color":"","background-image":"","background-repeat":"repeat","background-position":"center center","background-size":"auto","background-attachment":"scroll","background-type":"","background-media":"","overlay-type":"","overlay-color":"","overlay-opacity":"","overlay-gradient":""}},"ast-content-background-meta":{"desktop":{"background-color":"var(--ast-global-color-5)","background-image":"","background-repeat":"repeat","background-position":"center center","background-size":"auto","background-attachment":"scroll","background-type":"","background-media":"","overlay-type":"","overlay-color":"","overlay-opacity":"","overlay-gradient":""},"tablet":{"background-color":"var(--ast-global-color-5)","background-image":"","background-repeat":"repeat","background-position":"center center","background-size":"auto","background-attachment":"scroll","background-type":"","background-media":"","overlay-type":"","overlay-color":"","overlay-opacity":"","overlay-gradient":""},"mobile":{"background-color":"var(--ast-global-color-5)","background-image":"","background-repeat":"repeat","background-position":"center center","background-size":"auto","background-attachment":"scroll","background-type":"","background-media":"","overlay-type":"","overlay-color":"","overlay-opacity":"","overlay-gradient":""}},"_jf_save_progress":""},"product_brand":[],"product_cat":[4106],"product_tag":[],"class_list":{"0":"post-139328","1":"product","2":"type-product","3":"status-publish","4":"has-post-thumbnail","6":"product_cat-alquiler","7":"desktop-align-center","8":"tablet-align-center","9":"mobile-align-center","10":"ast-product-gallery-layout-horizontal","11":"ast-product-gallery-with-no-image","12":"ast-magnify-disabled","13":"ast-product-single-variable","14":"ast-product-tabs-layout-horizontal","16":"first","17":"instock","18":"taxable","19":"shipping-taxable","20":"purchasable","21":"product-type-variable"},"acf":[],"brizy_media":[],"_links":{"self":[{"href":"https:\/\/wave-lovers.com\/es\/wp-json\/wp\/v2\/product\/139328","targetHints":{"allow":["GET"]}}],"collection":[{"href":"https:\/\/wave-lovers.com\/es\/wp-json\/wp\/v2\/product"}],"about":[{"href":"https:\/\/wave-lovers.com\/es\/wp-json\/wp\/v2\/types\/product"}],"replies":[{"embeddable":true,"href":"https:\/\/wave-lovers.com\/es\/wp-json\/wp\/v2\/comments?post=139328"}],"wp:featuredmedia":[{"embeddable":true,"href":"https:\/\/wave-lovers.com\/es\/wp-json\/wp\/v2\/media\/157173"}],"wp:attachment":[{"href":"https:\/\/wave-lovers.com\/es\/wp-json\/wp\/v2\/media?parent=139328"}],"wp:term":[{"taxonomy":"product_brand","embeddable":true,"href":"https:\/\/wave-lovers.com\/es\/wp-json\/wp\/v2\/product_brand?post=139328"},{"taxonomy":"product_cat","embeddable":true,"href":"https:\/\/wave-lovers.com\/es\/wp-json\/wp\/v2\/product_cat?post=139328"},{"taxonomy":"product_tag","embeddable":true,"href":"https:\/\/wave-lovers.com\/es\/wp-json\/wp\/v2\/product_tag?post=139328"}],"curies":[{"name":"wp","href":"https:\/\/api.w.org\/{rel}","templated":true}]}}