{"id":139324,"date":"2022-04-22T13:55:35","date_gmt":"2022-04-22T11:55:35","guid":{"rendered":"https:\/\/wave-lovers.com\/rent-anti-jellyfish-pool\/"},"modified":"2024-05-03T16:13:31","modified_gmt":"2024-05-03T14:13:31","slug":"alquiler-piscinas-antimedusas-hinchables","status":"publish","type":"product","link":"https:\/\/wave-lovers.com\/es\/alquiler-piscinas-antimedusas-hinchables\/","title":{"rendered":"Alquiler de piscinas antimedusas hinchables"},"content":{"rendered":"<h2>Alquiler de piscinas antimedusas hinchables. \u00a1Adi\u00f3s a las dolorosas picaduras!<\/h2>\n<p>Alquilar una piscina hinchable antimedusas es una gran inversi\u00f3n para pasar un rato en el mar sin estr\u00e9s y sin tener que preocuparse de las dolorosas picaduras de las medusas. La red protectora, no permite que las medusas u otras criaturas marinas entren en la piscina.<\/p>\n<p>Esta piscina antimedusas hinchable tambi\u00e9n es muy interesante como zona de juegos en el agua, especialmente para los ni\u00f1os m\u00e1s peque\u00f1os. Aunque haya corrientes alrededor del barco, los ni\u00f1os siempre pueden permanecer seguros en la piscina. El tama\u00f1o de la piscina antimedusas es de 3 x 4 metros. La piscina viene con una bomba el\u00e9ctrica para inflarla y desinflarla f\u00e1cilmente y una bolsa para su transporte.<\/p>\n<p>Benef\u00edciese de los descuentos que le ofrecemos al alquilar nuestras piscinas antimedusas hinchables desde el segundo d\u00eda de alquiler.<\/p>\n<p>Si as\u00ed lo desea, podemos hacer entrega de las piscinas antimedusa hinchables en un lugar a su elecci\u00f3n acordado previamente (peque\u00f1o coste a\u00f1adido), y tambi\u00e9n pueden ser recogidas en nuestra base principal en Port Calanova.<\/p>\n<p>Si desea comprar una de nuestras piscinas hinchables antimedusas, \u00a1preg\u00fantenos!<\/p>\n","protected":false},"excerpt":{"rendered":"<p><strong>DESCUENTOS (IVA inclu\u00eddo)<\/strong><br \/>\n1 Piscina Antimedusas - 1 d\u00eda - 150<br \/>\n1 Piscina Antimedusas - a partir de 2 d\u00edas - 140\u20ac\/d\u00eda<br \/>\n1 Piscina Antimedusas - &gt;7 d\u00edas - 125\u20ac\/d\u00eda<\/p>\n<p><strong>INCLUIDO<\/strong><br \/>\nBomba de aire el\u00e9ctrica (230V)<br \/>\nBolsa<\/p>\n","protected":false},"featured_media":157146,"comment_status":"open","ping_status":"closed","template":"","meta":{"_acf_changed":false,"_editorskit_title_hidden":false,"_editorskit_reading_time":0,"_editorskit_is_block_options_detached":false,"_editorskit_block_options_position":"{}","site-sidebar-layout":"default","site-content-layout":"default","ast-site-content-layout":"default","site-content-style":"default","site-sidebar-style":"default","ast-global-header-display":"","ast-banner-title-visibility":"","ast-main-header-display":"","ast-hfb-above-header-display":"","ast-hfb-below-header-display":"","ast-hfb-mobile-header-display":"","site-post-title":"","ast-breadcrumbs-content":"","ast-featured-img":"","footer-sml-layout":"","ast-disable-related-posts":"","theme-transparent-header-meta":"default","adv-header-id-meta":"","stick-header-meta":"","header-above-stick-meta":"","header-main-stick-meta":"","header-below-stick-meta":"","astra-migrate-meta-layouts":"set","ast-page-background-enabled":"default","ast-page-background-meta":{"desktop":{"background-color":"","background-image":"","background-repeat":"repeat","background-position":"center center","background-size":"auto","background-attachment":"scroll","background-type":"","background-media":"","overlay-type":"","overlay-color":"","overlay-opacity":"","overlay-gradient":""},"tablet":{"background-color":"","background-image":"","background-repeat":"repeat","background-position":"center center","background-size":"auto","background-attachment":"scroll","background-type":"","background-media":"","overlay-type":"","overlay-color":"","overlay-opacity":"","overlay-gradient":""},"mobile":{"background-color":"","background-image":"","background-repeat":"repeat","background-position":"center center","background-size":"auto","background-attachment":"scroll","background-type":"","background-media":"","overlay-type":"","overlay-color":"","overlay-opacity":"","overlay-gradient":""}},"ast-content-background-meta":{"desktop":{"background-color":"var(--ast-global-color-5)","background-image":"","background-repeat":"repeat","background-position":"center center","background-size":"auto","background-attachment":"scroll","background-type":"","background-media":"","overlay-type":"","overlay-color":"","overlay-opacity":"","overlay-gradient":""},"tablet":{"background-color":"var(--ast-global-color-5)","background-image":"","background-repeat":"repeat","background-position":"center center","background-size":"auto","background-attachment":"scroll","background-type":"","background-media":"","overlay-type":"","overlay-color":"","overlay-opacity":"","overlay-gradient":""},"mobile":{"background-color":"var(--ast-global-color-5)","background-image":"","background-repeat":"repeat","background-position":"center center","background-size":"auto","background-attachment":"scroll","background-type":"","background-media":"","overlay-type":"","overlay-color":"","overlay-opacity":"","overlay-gradient":""}},"_jf_save_progress":""},"product_brand":[],"product_cat":[4106,61],"product_tag":[],"class_list":{"0":"post-139324","1":"product","2":"type-product","3":"status-publish","4":"has-post-thumbnail","6":"product_cat-alquiler","7":"product_cat-rent","8":"desktop-align-center","9":"tablet-align-center","10":"mobile-align-center","11":"ast-product-gallery-layout-horizontal","12":"ast-magnify-disabled","13":"ast-product-tabs-layout-horizontal","15":"first","16":"instock","17":"taxable","18":"shipping-taxable","19":"purchasable","20":"product-type-simple"},"acf":[],"brizy_media":[],"_links":{"self":[{"href":"https:\/\/wave-lovers.com\/es\/wp-json\/wp\/v2\/product\/139324","targetHints":{"allow":["GET"]}}],"collection":[{"href":"https:\/\/wave-lovers.com\/es\/wp-json\/wp\/v2\/product"}],"about":[{"href":"https:\/\/wave-lovers.com\/es\/wp-json\/wp\/v2\/types\/product"}],"replies":[{"embeddable":true,"href":"https:\/\/wave-lovers.com\/es\/wp-json\/wp\/v2\/comments?post=139324"}],"wp:featuredmedia":[{"embeddable":true,"href":"https:\/\/wave-lovers.com\/es\/wp-json\/wp\/v2\/media\/157146"}],"wp:attachment":[{"href":"https:\/\/wave-lovers.com\/es\/wp-json\/wp\/v2\/media?parent=139324"}],"wp:term":[{"taxonomy":"product_brand","embeddable":true,"href":"https:\/\/wave-lovers.com\/es\/wp-json\/wp\/v2\/product_brand?post=139324"},{"taxonomy":"product_cat","embeddable":true,"href":"https:\/\/wave-lovers.com\/es\/wp-json\/wp\/v2\/product_cat?post=139324"},{"taxonomy":"product_tag","embeddable":true,"href":"https:\/\/wave-lovers.com\/es\/wp-json\/wp\/v2\/product_tag?post=139324"}],"curies":[{"name":"wp","href":"https:\/\/api.w.org\/{rel}","templated":true}]}}