{"id":139317,"date":"2022-04-22T13:59:18","date_gmt":"2022-04-22T11:59:18","guid":{"rendered":"https:\/\/wave-lovers.com\/rent-inflatable-sea-water-platforms\/"},"modified":"2024-05-03T16:13:39","modified_gmt":"2024-05-03T14:13:39","slug":"alquiler-plataformas-acuaticas-hinchables","status":"publish","type":"product","link":"https:\/\/wave-lovers.com\/es\/alquiler-plataformas-acuaticas-hinchables\/","title":{"rendered":"Alquiler de plataformas acu\u00e1ticas hinchables"},"content":{"rendered":"<h2>Alquiler de plataformas acu\u00e1ticas hinchables \u00a1M\u00e1s espacio en el mar!<\/h2>\n<p>\u00bfBusca plataformas inflables para alquilar en Mallorca? El espacio en el barco es limitado, al alquilar nuestras plataformas flotantes estables, disfrutar\u00e1 de m\u00e1s espacio en el agua para todo tipo de juguetes acu\u00e1ticos o para su disfrute personal.<\/p>\n<p>Las plataformas son de primera calidad y la capacidad de carga es asombrosa. Sin problemas pueden disfrutar de una isla flotante 8 personas adultas. No hay necesidad de llevar sus juguetes acu\u00e1ticos de vuelta al barco despu\u00e9s de cada uso. Simplemente d\u00e9jelos seguros y listos para usar todo el d\u00eda en su isla flotante hinchable.<\/p>\n<p>Si desea comprar una de nuestras plataformas, \u00a1preg\u00fantenos!<\/p>\n<h2>Tama\u00f1o de las plataformas hinchables en alquiler<\/h2>\n<p>Todas nuestras plataformas en alquiler son de gran tama\u00f1o, pero dependiendo de sus necesidades puede necesitar distintos modelos o formas. A continuaci\u00f3n le detallamos las medidas y usos m\u00e1s comunes para cada modelo.<\/p>\n<h3>Plataformas rectangulares<\/h3>\n<p>La plataforma m\u00e1s solicitada es la de 4x2 m por su gran tama\u00f1o y gran capacidad de carga, lo cual la hace \u00f3ptima para asegurar sus juguetes acu\u00e1ticos y acceder al agua c\u00f3modamente.<\/p>\n<h3>Plataformas hexagonales HEX<\/h3>\n<p>Las plataformas en alquiler de forma hexagonal \"HEX\" est\u00e1n disponibles en 3 distintos modelos \"Sport\", \"Party\", y \"Relax\" y miden 2.5 m. Son ideales para disfrutar sentados, con los pies en remojo, o tambi\u00e9n para dejar sus juguetes n\u00e1uticos.<\/p>\n<h3>Sof\u00e1-Tumbona solarium gigante<\/h3>\n<p>Los sof\u00e1s o tumbonas hinchables gigantes miden 2.2 x 1.5 m, y son ideales para relajarse y tomar el sol tranquilamente. \u00f6ptimas para 2 personas adultas<\/p>\n<h2>Alquiler de plataformas acu\u00e1ticas hinchables \u00bfque incluye?<\/h2>\n<p>Obviamente el alquiler de nuestras plataformas acu\u00e1ticas hinchables, incluye sus plataformas deseadas, pero tambi\u00e9n incluye una bomba profesional de inflado y desinflado para su comodidad.<\/p>\n<p>Benef\u00edciese de los descuentos que le ofrecemos al alquilar nuestras plataformas acu\u00e1ticas hinchables desde el segundo d\u00eda de alquiler.<\/p>\n<p>Si as\u00ed lo desea, podemos hacer entrega de las plataformas en un lugar a su elecci\u00f3n acordado previamente (peque\u00f1o coste a\u00f1adido), y tambi\u00e9n pueden ser recogidas en nuestra base principal en Port Calanova.<\/p>\n","protected":false},"excerpt":{"rendered":"<p><strong>PRECIOS (IVA inclu\u00eddo).<\/strong><br \/>\nPlataforma hinchable 4x2m - 350\u20ac\/d\u00eda<br \/>\nPlataforma hexagonal - 250\u20ac\/d\u00eda<br \/>\nSof\u00e1 hinchable - 150\u20ac\/d\u00eda<\/p>\n<p><strong>DESCUENTOS<\/strong><br \/>\n1 plataforma - 1 d\u00eda - Precio normal<br \/>\n1 plataforma - a partir de 2 d\u00edas - 5% descuento<br \/>\n1 plataforma - &gt;7 d\u00edas - 15% descuento<\/p>\n<p><strong>INCLUYE<\/strong><br \/>\nBomba de aire el\u00e9ctrica (230V)<\/p>\n","protected":false},"featured_media":157170,"comment_status":"open","ping_status":"closed","template":"","meta":{"_acf_changed":false,"_editorskit_title_hidden":false,"_editorskit_reading_time":0,"_editorskit_is_block_options_detached":false,"_editorskit_block_options_position":"{}","site-sidebar-layout":"default","site-content-layout":"default","ast-site-content-layout":"default","site-content-style":"default","site-sidebar-style":"default","ast-global-header-display":"","ast-banner-title-visibility":"","ast-main-header-display":"","ast-hfb-above-header-display":"","ast-hfb-below-header-display":"","ast-hfb-mobile-header-display":"","site-post-title":"","ast-breadcrumbs-content":"","ast-featured-img":"","footer-sml-layout":"","ast-disable-related-posts":"","theme-transparent-header-meta":"default","adv-header-id-meta":"","stick-header-meta":"","header-above-stick-meta":"","header-main-stick-meta":"","header-below-stick-meta":"","astra-migrate-meta-layouts":"set","ast-page-background-enabled":"default","ast-page-background-meta":{"desktop":{"background-color":"","background-image":"","background-repeat":"repeat","background-position":"center center","background-size":"auto","background-attachment":"scroll","background-type":"","background-media":"","overlay-type":"","overlay-color":"","overlay-opacity":"","overlay-gradient":""},"tablet":{"background-color":"","background-image":"","background-repeat":"repeat","background-position":"center center","background-size":"auto","background-attachment":"scroll","background-type":"","background-media":"","overlay-type":"","overlay-color":"","overlay-opacity":"","overlay-gradient":""},"mobile":{"background-color":"","background-image":"","background-repeat":"repeat","background-position":"center center","background-size":"auto","background-attachment":"scroll","background-type":"","background-media":"","overlay-type":"","overlay-color":"","overlay-opacity":"","overlay-gradient":""}},"ast-content-background-meta":{"desktop":{"background-color":"var(--ast-global-color-5)","background-image":"","background-repeat":"repeat","background-position":"center center","background-size":"auto","background-attachment":"scroll","background-type":"","background-media":"","overlay-type":"","overlay-color":"","overlay-opacity":"","overlay-gradient":""},"tablet":{"background-color":"var(--ast-global-color-5)","background-image":"","background-repeat":"repeat","background-position":"center center","background-size":"auto","background-attachment":"scroll","background-type":"","background-media":"","overlay-type":"","overlay-color":"","overlay-opacity":"","overlay-gradient":""},"mobile":{"background-color":"var(--ast-global-color-5)","background-image":"","background-repeat":"repeat","background-position":"center center","background-size":"auto","background-attachment":"scroll","background-type":"","background-media":"","overlay-type":"","overlay-color":"","overlay-opacity":"","overlay-gradient":""}},"_jf_save_progress":""},"product_brand":[],"product_cat":[4106,61],"product_tag":[],"class_list":{"0":"post-139317","1":"product","2":"type-product","3":"status-publish","4":"has-post-thumbnail","6":"product_cat-alquiler","7":"product_cat-rent","8":"desktop-align-center","9":"tablet-align-center","10":"mobile-align-center","11":"ast-product-gallery-layout-horizontal","12":"ast-magnify-disabled","13":"ast-product-single-variable","14":"ast-product-tabs-layout-horizontal","16":"first","17":"instock","18":"taxable","19":"shipping-taxable","20":"purchasable","21":"product-type-variable"},"acf":[],"brizy_media":[],"_links":{"self":[{"href":"https:\/\/wave-lovers.com\/es\/wp-json\/wp\/v2\/product\/139317","targetHints":{"allow":["GET"]}}],"collection":[{"href":"https:\/\/wave-lovers.com\/es\/wp-json\/wp\/v2\/product"}],"about":[{"href":"https:\/\/wave-lovers.com\/es\/wp-json\/wp\/v2\/types\/product"}],"replies":[{"embeddable":true,"href":"https:\/\/wave-lovers.com\/es\/wp-json\/wp\/v2\/comments?post=139317"}],"wp:featuredmedia":[{"embeddable":true,"href":"https:\/\/wave-lovers.com\/es\/wp-json\/wp\/v2\/media\/157170"}],"wp:attachment":[{"href":"https:\/\/wave-lovers.com\/es\/wp-json\/wp\/v2\/media?parent=139317"}],"wp:term":[{"taxonomy":"product_brand","embeddable":true,"href":"https:\/\/wave-lovers.com\/es\/wp-json\/wp\/v2\/product_brand?post=139317"},{"taxonomy":"product_cat","embeddable":true,"href":"https:\/\/wave-lovers.com\/es\/wp-json\/wp\/v2\/product_cat?post=139317"},{"taxonomy":"product_tag","embeddable":true,"href":"https:\/\/wave-lovers.com\/es\/wp-json\/wp\/v2\/product_tag?post=139317"}],"curies":[{"name":"wp","href":"https:\/\/api.w.org\/{rel}","templated":true}]}}