{"id":139304,"date":"2023-01-14T20:37:15","date_gmt":"2023-01-14T19:37:15","guid":{"rendered":"https:\/\/wave-lovers.com\/rent-tankless-dive-system-nemo\/"},"modified":"2024-05-03T16:13:46","modified_gmt":"2024-05-03T14:13:46","slug":"alquiler-sistema-buceo-sin-bombona-nemo","status":"publish","type":"product","link":"https:\/\/wave-lovers.com\/es\/alquiler-sistema-buceo-sin-bombona-nemo\/","title":{"rendered":"Alquiler de sistema de buceo sin bombona \"Nemo\""},"content":{"rendered":"<h2>Alquile un sistema de buceo sin bombona \"Nemo\" y disfrute de una experiencia de buceo elevada al siguiente nivel<\/h2>\n<p>El sistema de buceo sin bombona es f\u00e1cil de usar y muy divertido. Permite al buceador estar bajo el agua hasta 3 metros durante aproximadamente media hora por carga de bater\u00eda. Al alquilar el sistema de buceo sin bombona \"Nemo\" se suministran dos bater\u00edas y un cargador.<\/p>\n<p>Benef\u00edciese de los descuentos que le ofrecemos al alquilar nuestros sistemas de buceo sin bombona, desde el segundo d\u00eda de alquiler.<\/p>\n<p>Si as\u00ed lo desea, podemos hacer entrega de los sistemas de buceo sin bombona en un lugar a su elecci\u00f3n acordado previamente (peque\u00f1o coste a\u00f1adido), y tambi\u00e9n pueden ser recogidos en nuestra base principal en Port Calanova.<\/p>\n","protected":false},"excerpt":{"rendered":"<p>El sistema de buceo sin bombona \"Nemo\" es f\u00e1cil de usar y muy divertido. Permite al buceador estar bajo el agua hasta 3 metros durante aproximadamente media hora (por cada carga de bater\u00eda). Se suministran dos bater\u00edas y un cargador.<\/p>\n","protected":false},"featured_media":157185,"comment_status":"open","ping_status":"closed","template":"","meta":{"_acf_changed":false,"_editorskit_title_hidden":false,"_editorskit_reading_time":0,"_editorskit_is_block_options_detached":false,"_editorskit_block_options_position":"{}","site-sidebar-layout":"default","site-content-layout":"default","ast-site-content-layout":"default","site-content-style":"default","site-sidebar-style":"default","ast-global-header-display":"","ast-banner-title-visibility":"","ast-main-header-display":"","ast-hfb-above-header-display":"","ast-hfb-below-header-display":"","ast-hfb-mobile-header-display":"","site-post-title":"","ast-breadcrumbs-content":"","ast-featured-img":"","footer-sml-layout":"","ast-disable-related-posts":"","theme-transparent-header-meta":"default","adv-header-id-meta":"","stick-header-meta":"","header-above-stick-meta":"","header-main-stick-meta":"","header-below-stick-meta":"","astra-migrate-meta-layouts":"set","ast-page-background-enabled":"default","ast-page-background-meta":{"desktop":{"background-color":"","background-image":"","background-repeat":"repeat","background-position":"center center","background-size":"auto","background-attachment":"scroll","background-type":"","background-media":"","overlay-type":"","overlay-color":"","overlay-opacity":"","overlay-gradient":""},"tablet":{"background-color":"","background-image":"","background-repeat":"repeat","background-position":"center center","background-size":"auto","background-attachment":"scroll","background-type":"","background-media":"","overlay-type":"","overlay-color":"","overlay-opacity":"","overlay-gradient":""},"mobile":{"background-color":"","background-image":"","background-repeat":"repeat","background-position":"center center","background-size":"auto","background-attachment":"scroll","background-type":"","background-media":"","overlay-type":"","overlay-color":"","overlay-opacity":"","overlay-gradient":""}},"ast-content-background-meta":{"desktop":{"background-color":"var(--ast-global-color-5)","background-image":"","background-repeat":"repeat","background-position":"center center","background-size":"auto","background-attachment":"scroll","background-type":"","background-media":"","overlay-type":"","overlay-color":"","overlay-opacity":"","overlay-gradient":""},"tablet":{"background-color":"var(--ast-global-color-5)","background-image":"","background-repeat":"repeat","background-position":"center center","background-size":"auto","background-attachment":"scroll","background-type":"","background-media":"","overlay-type":"","overlay-color":"","overlay-opacity":"","overlay-gradient":""},"mobile":{"background-color":"var(--ast-global-color-5)","background-image":"","background-repeat":"repeat","background-position":"center center","background-size":"auto","background-attachment":"scroll","background-type":"","background-media":"","overlay-type":"","overlay-color":"","overlay-opacity":"","overlay-gradient":""}},"_jf_save_progress":""},"product_brand":[],"product_cat":[4106,61],"product_tag":[],"class_list":{"0":"post-139304","1":"product","2":"type-product","3":"status-publish","4":"has-post-thumbnail","6":"product_cat-alquiler","7":"product_cat-rent","8":"desktop-align-center","9":"tablet-align-center","10":"mobile-align-center","11":"ast-product-gallery-layout-horizontal","12":"ast-product-gallery-with-no-image","13":"ast-magnify-disabled","14":"ast-product-tabs-layout-horizontal","16":"first","17":"instock","18":"taxable","19":"shipping-taxable","20":"purchasable","21":"product-type-simple"},"acf":[],"brizy_media":[],"_links":{"self":[{"href":"https:\/\/wave-lovers.com\/es\/wp-json\/wp\/v2\/product\/139304","targetHints":{"allow":["GET"]}}],"collection":[{"href":"https:\/\/wave-lovers.com\/es\/wp-json\/wp\/v2\/product"}],"about":[{"href":"https:\/\/wave-lovers.com\/es\/wp-json\/wp\/v2\/types\/product"}],"replies":[{"embeddable":true,"href":"https:\/\/wave-lovers.com\/es\/wp-json\/wp\/v2\/comments?post=139304"}],"wp:featuredmedia":[{"embeddable":true,"href":"https:\/\/wave-lovers.com\/es\/wp-json\/wp\/v2\/media\/157185"}],"wp:attachment":[{"href":"https:\/\/wave-lovers.com\/es\/wp-json\/wp\/v2\/media?parent=139304"}],"wp:term":[{"taxonomy":"product_brand","embeddable":true,"href":"https:\/\/wave-lovers.com\/es\/wp-json\/wp\/v2\/product_brand?post=139304"},{"taxonomy":"product_cat","embeddable":true,"href":"https:\/\/wave-lovers.com\/es\/wp-json\/wp\/v2\/product_cat?post=139304"},{"taxonomy":"product_tag","embeddable":true,"href":"https:\/\/wave-lovers.com\/es\/wp-json\/wp\/v2\/product_tag?post=139304"}],"curies":[{"name":"wp","href":"https:\/\/api.w.org\/{rel}","templated":true}]}}