{"id":139276,"date":"2023-01-14T22:57:28","date_gmt":"2023-01-14T21:57:28","guid":{"rendered":"https:\/\/wave-lovers.com\/rent-a-mobile-floating-dock\/"},"modified":"2024-05-03T16:13:48","modified_gmt":"2024-05-03T14:13:48","slug":"alquiler-plataforma-muelle-dique-flotante-movil","status":"publish","type":"product","link":"https:\/\/wave-lovers.com\/es\/alquiler-plataforma-muelle-dique-flotante-movil\/","title":{"rendered":"Alquiler Plataforma Muelle\/Dique Flotante M\u00f3vil"},"content":{"rendered":"<h2>Alquiler Plataforma Muelle\/Dique Flotante M\u00f3vil - INFORMACI\u00d3N<\/h2>\n<p><img decoding=\"async\" class=\"wp-image-151263 size-thumbnail alignright\" src=\"https:\/\/wave-lovers.com\/wp-content\/uploads\/2023\/01\/floating-dock-cube-150x150.webp\" alt=\"\" width=\"150\" height=\"150\" srcset=\"https:\/\/wave-lovers.com\/wp-content\/uploads\/2023\/01\/floating-dock-cube-150x150.webp 150w, https:\/\/wave-lovers.com\/wp-content\/uploads\/2023\/01\/floating-dock-cube-300x300.webp 300w, https:\/\/wave-lovers.com\/wp-content\/uploads\/2023\/01\/floating-dock-cube-768x768.webp 768w, https:\/\/wave-lovers.com\/wp-content\/uploads\/2023\/01\/floating-dock-cube-600x600.webp 600w, https:\/\/wave-lovers.com\/wp-content\/uploads\/2023\/01\/floating-dock-cube-100x100.webp 100w, https:\/\/wave-lovers.com\/wp-content\/uploads\/2023\/01\/floating-dock-cube-32x32.webp 32w, https:\/\/wave-lovers.com\/wp-content\/uploads\/2023\/01\/floating-dock-cube.webp 850w\" sizes=\"(max-width: 150px) 100vw, 150px\" \/>Alquile una plataforma flotante para su pr\u00f3ximo evento. \u00bfNecesita un acceso profesional en el mar para guiar a sus invitados a bordo de su yate? \u00bfO est\u00e1 planeando un evento y quiere montar una plataforma flotante estable en el mar? Con nuestro dique flotante m\u00f3vil, podemos hacerlo posible.<\/p>\n<p>El muelle est\u00e1 formado por cubos individuales de 50 x 50 cm. Esto significa que se pueden montar diferentes formas a su gusto. El tama\u00f1o m\u00e1ximo es de 25 m\u00b2 (= 100 cubos), por lo que tambi\u00e9n ofrece espacio suficiente para eventos m\u00e1s grandes.<\/p>\n<p><strong>Tenga en cuenta que el transporte y el montaje no son gratuitos.<\/strong> Dependiendo de la distancia y de la cantidad, cobramos un recargo que puede solicitarnos con antelaci\u00f3n. Utilice nuestro formulario de contacto o p\u00f3ngase en contacto con nosotros por tel\u00e9fono. Gracias.<\/p>\n<h3>Ejemplo de c\u00e1lculo de metros cuadrados<\/h3>\n<p><img fetchpriority=\"high\" decoding=\"async\" class=\"alignnone size-full wp-image-151254\" src=\"https:\/\/wave-lovers.com\/wp-content\/uploads\/2023\/01\/floating-dock-calculation.gif\" alt=\"\" width=\"580\" height=\"300\" \/><\/p>\n<h2>Alquiler Plataforma Muelle\/Dique Flotante M\u00f3vil - DETALLES<\/h2>\n<p>Tama\u00f1o del bloque individual: 50 x 50 x 40 cm<br \/>\nMax. Tama\u00f1o disponible: 25 m\u00b2.<br \/>\nPrecio por d\u00eda (1m\u00b2) 84\u20ac<\/p>\n","protected":false},"excerpt":{"rendered":"<p><strong>Tenga en cuenta que el transporte y el montaje no est\u00e1n inclu\u00eddos en el precio.<\/strong><\/p>\n<p>Dependiendo de la distancia y la cantidad de m\u00b2, se cobrar\u00e1 un recargo, que puede consultar con antelaci\u00f3n.<\/p>\n","protected":false},"featured_media":157179,"comment_status":"open","ping_status":"closed","template":"","meta":{"_acf_changed":false,"_editorskit_title_hidden":false,"_editorskit_reading_time":0,"_editorskit_is_block_options_detached":false,"_editorskit_block_options_position":"{}","site-sidebar-layout":"default","site-content-layout":"default","ast-site-content-layout":"default","site-content-style":"default","site-sidebar-style":"default","ast-global-header-display":"","ast-banner-title-visibility":"","ast-main-header-display":"","ast-hfb-above-header-display":"","ast-hfb-below-header-display":"","ast-hfb-mobile-header-display":"","site-post-title":"","ast-breadcrumbs-content":"","ast-featured-img":"","footer-sml-layout":"","ast-disable-related-posts":"","theme-transparent-header-meta":"default","adv-header-id-meta":"","stick-header-meta":"","header-above-stick-meta":"","header-main-stick-meta":"","header-below-stick-meta":"","astra-migrate-meta-layouts":"set","ast-page-background-enabled":"default","ast-page-background-meta":{"desktop":{"background-color":"","background-image":"","background-repeat":"repeat","background-position":"center center","background-size":"auto","background-attachment":"scroll","background-type":"","background-media":"","overlay-type":"","overlay-color":"","overlay-opacity":"","overlay-gradient":""},"tablet":{"background-color":"","background-image":"","background-repeat":"repeat","background-position":"center center","background-size":"auto","background-attachment":"scroll","background-type":"","background-media":"","overlay-type":"","overlay-color":"","overlay-opacity":"","overlay-gradient":""},"mobile":{"background-color":"","background-image":"","background-repeat":"repeat","background-position":"center center","background-size":"auto","background-attachment":"scroll","background-type":"","background-media":"","overlay-type":"","overlay-color":"","overlay-opacity":"","overlay-gradient":""}},"ast-content-background-meta":{"desktop":{"background-color":"var(--ast-global-color-5)","background-image":"","background-repeat":"repeat","background-position":"center center","background-size":"auto","background-attachment":"scroll","background-type":"","background-media":"","overlay-type":"","overlay-color":"","overlay-opacity":"","overlay-gradient":""},"tablet":{"background-color":"var(--ast-global-color-5)","background-image":"","background-repeat":"repeat","background-position":"center center","background-size":"auto","background-attachment":"scroll","background-type":"","background-media":"","overlay-type":"","overlay-color":"","overlay-opacity":"","overlay-gradient":""},"mobile":{"background-color":"var(--ast-global-color-5)","background-image":"","background-repeat":"repeat","background-position":"center center","background-size":"auto","background-attachment":"scroll","background-type":"","background-media":"","overlay-type":"","overlay-color":"","overlay-opacity":"","overlay-gradient":""}},"_jf_save_progress":""},"product_brand":[],"product_cat":[4106,61],"product_tag":[],"class_list":{"0":"post-139276","1":"product","2":"type-product","3":"status-publish","4":"has-post-thumbnail","6":"product_cat-alquiler","7":"product_cat-rent","8":"desktop-align-center","9":"tablet-align-center","10":"mobile-align-center","11":"ast-product-gallery-layout-horizontal","12":"ast-product-gallery-with-no-image","13":"ast-magnify-disabled","14":"ast-product-tabs-layout-horizontal","16":"first","17":"instock","18":"taxable","19":"shipping-taxable","20":"purchasable","21":"product-type-simple"},"acf":[],"brizy_media":[],"_links":{"self":[{"href":"https:\/\/wave-lovers.com\/es\/wp-json\/wp\/v2\/product\/139276","targetHints":{"allow":["GET"]}}],"collection":[{"href":"https:\/\/wave-lovers.com\/es\/wp-json\/wp\/v2\/product"}],"about":[{"href":"https:\/\/wave-lovers.com\/es\/wp-json\/wp\/v2\/types\/product"}],"replies":[{"embeddable":true,"href":"https:\/\/wave-lovers.com\/es\/wp-json\/wp\/v2\/comments?post=139276"}],"wp:featuredmedia":[{"embeddable":true,"href":"https:\/\/wave-lovers.com\/es\/wp-json\/wp\/v2\/media\/157179"}],"wp:attachment":[{"href":"https:\/\/wave-lovers.com\/es\/wp-json\/wp\/v2\/media?parent=139276"}],"wp:term":[{"taxonomy":"product_brand","embeddable":true,"href":"https:\/\/wave-lovers.com\/es\/wp-json\/wp\/v2\/product_brand?post=139276"},{"taxonomy":"product_cat","embeddable":true,"href":"https:\/\/wave-lovers.com\/es\/wp-json\/wp\/v2\/product_cat?post=139276"},{"taxonomy":"product_tag","embeddable":true,"href":"https:\/\/wave-lovers.com\/es\/wp-json\/wp\/v2\/product_tag?post=139276"}],"curies":[{"name":"wp","href":"https:\/\/api.w.org\/{rel}","templated":true}]}}