{"id":139031,"date":"2023-01-16T13:56:19","date_gmt":"2023-01-16T12:56:19","guid":{"rendered":"https:\/\/wave-lovers.com\/rent-giant-floating-mat\/"},"modified":"2024-05-03T16:13:57","modified_gmt":"2024-05-03T14:13:57","slug":"alquiler-alfombra-acuatica-flotante-gigante","status":"publish","type":"product","link":"https:\/\/wave-lovers.com\/es\/alquiler-alfombra-acuatica-flotante-gigante\/","title":{"rendered":"Alquiler alfombra acu\u00e1tica flotante gigante"},"content":{"rendered":"<h2>Alquile una alfombra acu\u00e1tica flotante gigante y disfrute de una cama de agua en el mar<\/h2>\n<p>Esta estera acu\u00e1tica flotante gigante es la forma perfecta de disfrutar de la piscina o el mar con estilo. Est\u00e1 fabricada con materiales de alta calidad y dise\u00f1ada para proporcionar una flotaci\u00f3n segura y c\u00f3moda en el agua. Con su tama\u00f1o extragrande, puede acomodar f\u00e1cilmente hasta cuatro personas a la vez, lo que la convierte en el accesorio perfecto para cualquier piscina o d\u00eda en el mar. Esta alfombra acu\u00e1tica flotante gigante le ofrece un lugar perfecto para descansar y divertirse durante horas en el agua.<\/p>\n<p>La alfombra acu\u00e1tica flotante est\u00e1 fabricada con espuma de alta calidad. Tiene un punto de fijaci\u00f3n especial en la parte delantera para sujetarla por ejemplo a un barco. La alfombra acu\u00e1tica se puede enrollar de forma compacta para guardarla y transportarla f\u00e1cilmente. El tama\u00f1o es de 460 cm x 178 cm. El color es lima\/amarillo y la capacidad m\u00e1xima de flotaci\u00f3n es de 450 kg. Si busca una forma divertida de refrescarse o simplemente quiere relajarse y disfrutar del agua, esta estera acu\u00e1tica flotante gigante es la elecci\u00f3n perfecta.<\/p>\n","protected":false},"excerpt":{"rendered":"<p>Con su tama\u00f1o extragrande (460 cm x 178 cm), puede acomodar f\u00e1cilmente hasta cuatro personas a la vez, lo que la convierte en el accesorio perfecto para cualquier piscina o d\u00eda en el mar.<\/p>\n<p><strong>PERIODO DE ALQUILER:<\/strong><br \/>\nM\u00ednimo 3 d\u00edas (50\u20ac por d\u00eda, IVA inclu\u00eddo).<\/p>\n","protected":false},"featured_media":157164,"comment_status":"open","ping_status":"closed","template":"","meta":{"_acf_changed":false,"_editorskit_title_hidden":false,"_editorskit_reading_time":0,"_editorskit_is_block_options_detached":false,"_editorskit_block_options_position":"{}","site-sidebar-layout":"default","site-content-layout":"default","ast-site-content-layout":"default","site-content-style":"default","site-sidebar-style":"default","ast-global-header-display":"","ast-banner-title-visibility":"","ast-main-header-display":"","ast-hfb-above-header-display":"","ast-hfb-below-header-display":"","ast-hfb-mobile-header-display":"","site-post-title":"","ast-breadcrumbs-content":"","ast-featured-img":"","footer-sml-layout":"","ast-disable-related-posts":"","theme-transparent-header-meta":"default","adv-header-id-meta":"","stick-header-meta":"","header-above-stick-meta":"","header-main-stick-meta":"","header-below-stick-meta":"","astra-migrate-meta-layouts":"set","ast-page-background-enabled":"default","ast-page-background-meta":{"desktop":{"background-color":"","background-image":"","background-repeat":"repeat","background-position":"center center","background-size":"auto","background-attachment":"scroll","background-type":"","background-media":"","overlay-type":"","overlay-color":"","overlay-opacity":"","overlay-gradient":""},"tablet":{"background-color":"","background-image":"","background-repeat":"repeat","background-position":"center center","background-size":"auto","background-attachment":"scroll","background-type":"","background-media":"","overlay-type":"","overlay-color":"","overlay-opacity":"","overlay-gradient":""},"mobile":{"background-color":"","background-image":"","background-repeat":"repeat","background-position":"center center","background-size":"auto","background-attachment":"scroll","background-type":"","background-media":"","overlay-type":"","overlay-color":"","overlay-opacity":"","overlay-gradient":""}},"ast-content-background-meta":{"desktop":{"background-color":"var(--ast-global-color-5)","background-image":"","background-repeat":"repeat","background-position":"center center","background-size":"auto","background-attachment":"scroll","background-type":"","background-media":"","overlay-type":"","overlay-color":"","overlay-opacity":"","overlay-gradient":""},"tablet":{"background-color":"var(--ast-global-color-5)","background-image":"","background-repeat":"repeat","background-position":"center center","background-size":"auto","background-attachment":"scroll","background-type":"","background-media":"","overlay-type":"","overlay-color":"","overlay-opacity":"","overlay-gradient":""},"mobile":{"background-color":"var(--ast-global-color-5)","background-image":"","background-repeat":"repeat","background-position":"center center","background-size":"auto","background-attachment":"scroll","background-type":"","background-media":"","overlay-type":"","overlay-color":"","overlay-opacity":"","overlay-gradient":""}},"_jf_save_progress":""},"product_brand":[],"product_cat":[4106,61],"product_tag":[],"class_list":{"0":"post-139031","1":"product","2":"type-product","3":"status-publish","4":"has-post-thumbnail","6":"product_cat-alquiler","7":"product_cat-rent","8":"desktop-align-center","9":"tablet-align-center","10":"mobile-align-center","11":"ast-product-gallery-layout-horizontal","12":"ast-product-gallery-with-no-image","13":"ast-magnify-disabled","14":"ast-product-tabs-layout-horizontal","16":"first","17":"instock","18":"taxable","19":"shipping-taxable","20":"purchasable","21":"product-type-simple"},"acf":[],"brizy_media":[],"_links":{"self":[{"href":"https:\/\/wave-lovers.com\/es\/wp-json\/wp\/v2\/product\/139031","targetHints":{"allow":["GET"]}}],"collection":[{"href":"https:\/\/wave-lovers.com\/es\/wp-json\/wp\/v2\/product"}],"about":[{"href":"https:\/\/wave-lovers.com\/es\/wp-json\/wp\/v2\/types\/product"}],"replies":[{"embeddable":true,"href":"https:\/\/wave-lovers.com\/es\/wp-json\/wp\/v2\/comments?post=139031"}],"wp:featuredmedia":[{"embeddable":true,"href":"https:\/\/wave-lovers.com\/es\/wp-json\/wp\/v2\/media\/157164"}],"wp:attachment":[{"href":"https:\/\/wave-lovers.com\/es\/wp-json\/wp\/v2\/media?parent=139031"}],"wp:term":[{"taxonomy":"product_brand","embeddable":true,"href":"https:\/\/wave-lovers.com\/es\/wp-json\/wp\/v2\/product_brand?post=139031"},{"taxonomy":"product_cat","embeddable":true,"href":"https:\/\/wave-lovers.com\/es\/wp-json\/wp\/v2\/product_cat?post=139031"},{"taxonomy":"product_tag","embeddable":true,"href":"https:\/\/wave-lovers.com\/es\/wp-json\/wp\/v2\/product_tag?post=139031"}],"curies":[{"name":"wp","href":"https:\/\/api.w.org\/{rel}","templated":true}]}}