{"id":139027,"date":"2023-06-02T15:25:01","date_gmt":"2023-06-02T13:25:01","guid":{"rendered":"https:\/\/wave-lovers.com\/rental-imatjet-inflatable-electric-sofa\/"},"modified":"2024-05-03T16:14:04","modified_gmt":"2024-05-03T14:14:04","slug":"alquiler-imatjet-tumbona-electrica-acuatica-hinchable","status":"publish","type":"product","link":"https:\/\/wave-lovers.com\/es\/alquiler-imatjet-tumbona-electrica-acuatica-hinchable\/","title":{"rendered":"Alquiler iMatJet\u00ae tumbona el\u00e9ctrica hinchable"},"content":{"rendered":"<h2>Alquile la tumbona el\u00e9ctrica hinchable iMatJet\u00ae - INFORMACI\u00d3N<\/h2>\n<p>Ponga sus manos en la primera tumbona acu\u00e1tica el\u00e9ctrica patentada del mundo y divi\u00e9rtase y rel\u00e1jese a un nivel completamente nuevo. La tumbona iMatJet\u00ae le ofrece el paseo m\u00e1s c\u00f3modo que jam\u00e1s haya tenido, con una velocidad m\u00e1xima de hasta 3 nudos (aprox. 5,5 - 6 km\/h). Equipada con un juego de bater\u00edas (2x 20.000mAh) o dos juegos (4x 20.000mAh) llegar\u00e1 a destinos tan lejanos como de 5 a 10 kil\u00f3metros aproximadamente. Eso es un mont\u00f3n de diversi\u00f3n garantizada en el agua. Gracias a su mando a distancia flotante e impermeable, y su fijaci\u00f3n a la tumbona con velcro, le garantiza que no lo perder\u00e1, por lo que podr\u00e1 disfrutar de su tiempo de crucero con la tumbona iMatJet\u00ae tranquilamente.<\/p>\n<h2>Tumbona el\u00e9ctrica acu\u00e1tica hinchable iMatJet\u00ae - DESTACADOS<\/h2>\n<p>- Mando a distancia impermeable, flotante y recargable (carga sin cables)<br \/>\n- 1,5 horas de autonom\u00eda m\u00ednima (dependiendo del uso)<br \/>\n- 3 nudos de velocidad m\u00e1xima (5,5 - 6 km\/h)<br \/>\n- 2 motores el\u00e9ctricos silenciosos<br \/>\n- capacidad de peso de hasta 180 kg (396 libras)<br \/>\n- bater\u00edas plug-n-play<\/p>\n<h2>Tumbona el\u00e9ctrica acu\u00e1tica hinchable iMatJet\u00ae - CONTENIDO DEL ALQUILER<\/h2>\n<p>- iMatJet\u00ae est\u00e1ndar con dos motores, v\u00e1lvulas SUP, 3 asas de agarre y 2 portabotellas<br \/>\n- bomba compresora SUP con funci\u00f3n de inflado y desinflado (incluye bater\u00eda de alimentaci\u00f3n)<br \/>\n- mando a distancia impermeable flotante con cable de carga USB (carga del mando inal\u00e1mbrica)<br \/>\n- cargadores de bater\u00eda<br \/>\n- mochila con ruedas + maleta peque\u00f1a de transporte (trolley) con ruedas<br \/>\n- 1 o 2 juegos de bater\u00edas (seleccione su opci\u00f3n preferida)<\/p>\n","protected":false},"excerpt":{"rendered":"<p>Alquile la primera tumbona acu\u00e1tica el\u00e9ctrica patentada del mundo. Dise\u00f1ada para el placer, la relajaci\u00f3n y la diversi\u00f3n.<\/p>\n<p><strong>Periodo m\u00ednimo de alquiler: 2 d\u00edas<\/strong><\/p>\n","protected":false},"featured_media":157167,"comment_status":"open","ping_status":"closed","template":"","meta":{"_acf_changed":false,"_editorskit_title_hidden":false,"_editorskit_reading_time":0,"_editorskit_is_block_options_detached":false,"_editorskit_block_options_position":"{}","site-sidebar-layout":"default","site-content-layout":"default","ast-site-content-layout":"default","site-content-style":"default","site-sidebar-style":"default","ast-global-header-display":"","ast-banner-title-visibility":"","ast-main-header-display":"","ast-hfb-above-header-display":"","ast-hfb-below-header-display":"","ast-hfb-mobile-header-display":"","site-post-title":"","ast-breadcrumbs-content":"","ast-featured-img":"","footer-sml-layout":"","ast-disable-related-posts":"","theme-transparent-header-meta":"default","adv-header-id-meta":"","stick-header-meta":"","header-above-stick-meta":"","header-main-stick-meta":"","header-below-stick-meta":"","astra-migrate-meta-layouts":"set","ast-page-background-enabled":"default","ast-page-background-meta":{"desktop":{"background-color":"","background-image":"","background-repeat":"repeat","background-position":"center center","background-size":"auto","background-attachment":"scroll","background-type":"","background-media":"","overlay-type":"","overlay-color":"","overlay-opacity":"","overlay-gradient":""},"tablet":{"background-color":"","background-image":"","background-repeat":"repeat","background-position":"center center","background-size":"auto","background-attachment":"scroll","background-type":"","background-media":"","overlay-type":"","overlay-color":"","overlay-opacity":"","overlay-gradient":""},"mobile":{"background-color":"","background-image":"","background-repeat":"repeat","background-position":"center center","background-size":"auto","background-attachment":"scroll","background-type":"","background-media":"","overlay-type":"","overlay-color":"","overlay-opacity":"","overlay-gradient":""}},"ast-content-background-meta":{"desktop":{"background-color":"var(--ast-global-color-5)","background-image":"","background-repeat":"repeat","background-position":"center center","background-size":"auto","background-attachment":"scroll","background-type":"","background-media":"","overlay-type":"","overlay-color":"","overlay-opacity":"","overlay-gradient":""},"tablet":{"background-color":"var(--ast-global-color-5)","background-image":"","background-repeat":"repeat","background-position":"center center","background-size":"auto","background-attachment":"scroll","background-type":"","background-media":"","overlay-type":"","overlay-color":"","overlay-opacity":"","overlay-gradient":""},"mobile":{"background-color":"var(--ast-global-color-5)","background-image":"","background-repeat":"repeat","background-position":"center center","background-size":"auto","background-attachment":"scroll","background-type":"","background-media":"","overlay-type":"","overlay-color":"","overlay-opacity":"","overlay-gradient":""}},"_jf_save_progress":""},"product_brand":[],"product_cat":[4106,61],"product_tag":[],"class_list":{"0":"post-139027","1":"product","2":"type-product","3":"status-publish","4":"has-post-thumbnail","6":"product_cat-alquiler","7":"product_cat-rent","8":"desktop-align-center","9":"tablet-align-center","10":"mobile-align-center","11":"ast-product-gallery-layout-horizontal","12":"ast-magnify-disabled","13":"ast-product-single-variable","14":"ast-product-tabs-layout-horizontal","16":"first","17":"instock","18":"taxable","19":"shipping-taxable","20":"purchasable","21":"product-type-variable"},"acf":[],"brizy_media":[],"_links":{"self":[{"href":"https:\/\/wave-lovers.com\/es\/wp-json\/wp\/v2\/product\/139027","targetHints":{"allow":["GET"]}}],"collection":[{"href":"https:\/\/wave-lovers.com\/es\/wp-json\/wp\/v2\/product"}],"about":[{"href":"https:\/\/wave-lovers.com\/es\/wp-json\/wp\/v2\/types\/product"}],"replies":[{"embeddable":true,"href":"https:\/\/wave-lovers.com\/es\/wp-json\/wp\/v2\/comments?post=139027"}],"wp:featuredmedia":[{"embeddable":true,"href":"https:\/\/wave-lovers.com\/es\/wp-json\/wp\/v2\/media\/157167"}],"wp:attachment":[{"href":"https:\/\/wave-lovers.com\/es\/wp-json\/wp\/v2\/media?parent=139027"}],"wp:term":[{"taxonomy":"product_brand","embeddable":true,"href":"https:\/\/wave-lovers.com\/es\/wp-json\/wp\/v2\/product_brand?post=139027"},{"taxonomy":"product_cat","embeddable":true,"href":"https:\/\/wave-lovers.com\/es\/wp-json\/wp\/v2\/product_cat?post=139027"},{"taxonomy":"product_tag","embeddable":true,"href":"https:\/\/wave-lovers.com\/es\/wp-json\/wp\/v2\/product_tag?post=139027"}],"curies":[{"name":"wp","href":"https:\/\/api.w.org\/{rel}","templated":true}]}}