{"id":138975,"date":"2022-04-23T18:08:32","date_gmt":"2022-04-23T16:08:32","guid":{"rendered":"https:\/\/wave-lovers.com\/private-flight-mallorca\/"},"modified":"2024-02-11T23:45:00","modified_gmt":"2024-02-11T22:45:00","slug":"vuelo-privado-mallorca","status":"publish","type":"product","link":"https:\/\/wave-lovers.com\/es\/vuelo-privado-mallorca\/","title":{"rendered":"Vuelo Privado Mallorca"},"content":{"rendered":"<h2>CURSO DE EFOIL EN MALLORCA | Vuelo Privado<\/h2>\n<p>Disfrute de una m\u00e1gica aventura de vuelo con una tabla de surf el\u00e9ctrica eFoil. Vuele sobre el agua con los cursos de eFoil \"Vuelo Privado\" de nuestra <a href=\"https:\/\/wave-lovers.com\/es\/academia-de-efoil\/mallorca\/\">Academia de eFoil en Mallorca<\/a>. \u00a1La tendencia de moda en el surf a nivel mundial!. Reserve ahora su curso de eFoil \"Vuelo Privado\" y aprenda a volar sobre el agua incluso sin viento ni olas. Nuestros instructores de surf profesionales especialistas en eFoil le ayudar\u00e1n a conseguirlo y le instruir\u00e1n durante todo el proceso de forma profesional y muy amena.<\/p>\n<h3>REQUISITOS:<\/h3>\n<p>DNI\/Pasaporte<br \/>\nDomicilio\/direcci\u00f3n local (por ej. Apartamento, Hotel)<\/p>\n<h3>INFORMACI\u00d3N GENERAL DEL CURSO DE EFOIL \"Vuelo Privado\"<\/h3>\n<p><strong>INCLUYE:<\/strong> Sesion privada con instructores de surf profesionales de eFoil, 2 horas de curso = 1 h de teor\u00eda, charla detallada y explicaci\u00f3n del eFoil surf, consejos de seguridad, min. 1 hora de clase efectiva en el agua acompa\u00f1ado por un instructor, 1 tabla de surf eFoil, chaleco salvavidas, bater\u00eda totalmente cargada, videos y fotos incluidos. El curso tambi\u00e9n puede ser compartido por 2 personas (30 min. cada uno de tiempo efectivo en el agua).<\/p>\n<p><strong>NO INCLUYE:<\/strong> Bater\u00eda extra.<\/p>\n<p><strong>QUE LLEVAR:<\/strong> Crema solar, toalla, bebidas y vibraciones positivas.<\/p>\n<p><strong>PUNTO DE ENCUENTRO:<\/strong> Como queremos asegurar la mejor experiencia de eFoiling, su sesi\u00f3n tendr\u00e1 lugar preferiblemente en nuestra base principal en Port Calanova, o en las calas m\u00e1s bonitas de Mallorca cerca de usted. Debido a las condiciones meteorol\u00f3gicas puede cambiar, as\u00ed que por favor mantengase en contacto con nosotros 24 horas antes de su curso de eFoil.<\/p>\n<p><strong>HORARIO:<\/strong> 100% flexible. Por favor, reserve su curso directamente online.<\/p>\n<p><strong>POL\u00cdTICA DE CANCELACI\u00d3N:<\/strong> Todas las reservas son reservas finales y deben abonarse antes del inicio del curso. Los clientes pueden cancelar sus reservas hasta 2 semanas antes del inicio del curso.<br \/>\nEn caso de cancelaci\u00f3n de forma voluntaria por parte del cliente, se emitir\u00e1 un vale por el importe del curso. Este vale podr\u00e1 utilizarse en cualquier momento, y para adquirir cualquier producto de la web de Wave Lovers. Si el curso no puede tener lugar debido a malas condiciones meteorol\u00f3gicas, el participante recibir\u00e1 el reembolso del 100% del pago, tambi\u00e9n tiene la opci\u00f3n de cambiar la fecha del curso, o recibir un vale por el importe del curso para utilizarlo en la tienda online de Wave Lovers.<\/p>\n","protected":false},"excerpt":{"rendered":"<p><span style=\"text-decoration: underline;\"><strong>INCLUYE<\/strong><\/span><\/p>\n<ul>\n<li>1 h de teor\u00eda + 1 h de surf<\/li>\n<li>1 tabla de surf eFoil<\/li>\n<li>Posibilidad de compartir con 2 personas (30 min. cada uno)<\/li>\n<li>Comienzo en una playa cercana<\/li>\n<li>Fotos y Videos<\/li>\n<\/ul>\n<p><strong><span style=\"text-decoration: underline;\">OPCIONAL<\/span><\/strong> Crucero en barco (+350\u20ac)<\/p>\n","protected":false},"featured_media":63411,"comment_status":"open","ping_status":"closed","template":"","meta":{"_acf_changed":false,"_editorskit_title_hidden":false,"_editorskit_reading_time":0,"_editorskit_is_block_options_detached":false,"_editorskit_block_options_position":"{}","site-sidebar-layout":"default","site-content-layout":"","ast-site-content-layout":"default","site-content-style":"default","site-sidebar-style":"default","ast-global-header-display":"","ast-banner-title-visibility":"","ast-main-header-display":"","ast-hfb-above-header-display":"","ast-hfb-below-header-display":"","ast-hfb-mobile-header-display":"","site-post-title":"","ast-breadcrumbs-content":"","ast-featured-img":"","footer-sml-layout":"","ast-disable-related-posts":"","theme-transparent-header-meta":"default","adv-header-id-meta":"","stick-header-meta":"","header-above-stick-meta":"","header-main-stick-meta":"","header-below-stick-meta":"","astra-migrate-meta-layouts":"set","ast-page-background-enabled":"default","ast-page-background-meta":{"desktop":{"background-color":"","background-image":"","background-repeat":"repeat","background-position":"center center","background-size":"auto","background-attachment":"scroll","background-type":"","background-media":"","overlay-type":"","overlay-color":"","overlay-opacity":"","overlay-gradient":""},"tablet":{"background-color":"","background-image":"","background-repeat":"repeat","background-position":"center center","background-size":"auto","background-attachment":"scroll","background-type":"","background-media":"","overlay-type":"","overlay-color":"","overlay-opacity":"","overlay-gradient":""},"mobile":{"background-color":"","background-image":"","background-repeat":"repeat","background-position":"center center","background-size":"auto","background-attachment":"scroll","background-type":"","background-media":"","overlay-type":"","overlay-color":"","overlay-opacity":"","overlay-gradient":""}},"ast-content-background-meta":{"desktop":{"background-color":"var(--ast-global-color-5)","background-image":"","background-repeat":"repeat","background-position":"center center","background-size":"auto","background-attachment":"scroll","background-type":"","background-media":"","overlay-type":"","overlay-color":"","overlay-opacity":"","overlay-gradient":""},"tablet":{"background-color":"var(--ast-global-color-5)","background-image":"","background-repeat":"repeat","background-position":"center center","background-size":"auto","background-attachment":"scroll","background-type":"","background-media":"","overlay-type":"","overlay-color":"","overlay-opacity":"","overlay-gradient":""},"mobile":{"background-color":"var(--ast-global-color-5)","background-image":"","background-repeat":"repeat","background-position":"center center","background-size":"auto","background-attachment":"scroll","background-type":"","background-media":"","overlay-type":"","overlay-color":"","overlay-opacity":"","overlay-gradient":""}},"_jf_save_progress":""},"product_brand":[],"product_cat":[4104,66,3900,4105],"product_tag":[],"class_list":{"0":"post-138975","1":"product","2":"type-product","3":"status-publish","4":"has-post-thumbnail","6":"product_cat-academia-de-e-foil","7":"product_cat-efoil-academy","8":"product_cat-mallorca","9":"product_cat-mallorca-es","10":"desktop-align-center","11":"tablet-align-center","12":"mobile-align-center","13":"ast-product-gallery-layout-horizontal","14":"ast-magnify-disabled","15":"ast-product-tabs-layout-horizontal","17":"first","18":"instock","19":"virtual","20":"taxable","21":"purchasable","22":"product-type-simple"},"acf":[],"brizy_media":[],"_links":{"self":[{"href":"https:\/\/wave-lovers.com\/es\/wp-json\/wp\/v2\/product\/138975","targetHints":{"allow":["GET"]}}],"collection":[{"href":"https:\/\/wave-lovers.com\/es\/wp-json\/wp\/v2\/product"}],"about":[{"href":"https:\/\/wave-lovers.com\/es\/wp-json\/wp\/v2\/types\/product"}],"replies":[{"embeddable":true,"href":"https:\/\/wave-lovers.com\/es\/wp-json\/wp\/v2\/comments?post=138975"}],"wp:featuredmedia":[{"embeddable":true,"href":"https:\/\/wave-lovers.com\/es\/wp-json\/wp\/v2\/media\/63411"}],"wp:attachment":[{"href":"https:\/\/wave-lovers.com\/es\/wp-json\/wp\/v2\/media?parent=138975"}],"wp:term":[{"taxonomy":"product_brand","embeddable":true,"href":"https:\/\/wave-lovers.com\/es\/wp-json\/wp\/v2\/product_brand?post=138975"},{"taxonomy":"product_cat","embeddable":true,"href":"https:\/\/wave-lovers.com\/es\/wp-json\/wp\/v2\/product_cat?post=138975"},{"taxonomy":"product_tag","embeddable":true,"href":"https:\/\/wave-lovers.com\/es\/wp-json\/wp\/v2\/product_tag?post=138975"}],"curies":[{"name":"wp","href":"https:\/\/api.w.org\/{rel}","templated":true}]}}