{"id":138890,"date":"2022-04-23T19:38:32","date_gmt":"2022-04-23T17:38:32","guid":{"rendered":"https:\/\/wave-lovers.com\/boat-group-flight-mallorca\/"},"modified":"2024-02-13T10:27:03","modified_gmt":"2024-02-13T09:27:03","slug":"vuelo-de-grupo-en-barco-mallorca","status":"publish","type":"product","link":"https:\/\/wave-lovers.com\/es\/vuelo-de-grupo-en-barco-mallorca\/","title":{"rendered":"Vuelo de Grupo en Barco Mallorca"},"content":{"rendered":"<h2>CURSO DE EFOIL EN MALLORCA<strong> | Vuelo de Grupo en Barco<\/strong><\/h2>\n<p>Sum\u00e9rjanse en una experiencia \u00fanica con nuestro exclusivo curso de eFoil \"Vuelo de Grupo en Barco\", <strong>dise\u00f1ado para grupos de 6 personas<\/strong>. A bordo de un lujoso yate, disfruten de 3 horas y media de aventura mar\u00edtima, donde tendr\u00e1n la oportunidad de aprender y perfeccionar el arte del eFoil surf con <strong>hasta 3 tablas de eFoil<\/strong> disponibles para su uso. Este curso no solo les permitir\u00e1 sobrevolar las olas de una manera innovadora y emocionante, sino que tambi\u00e9n podr\u00e1n compartir la experiencia con amigos o familiares, haciendo de su d\u00eda en el mar una jornada inolvidable.<\/p>\n<p>Nuestro equipo de <strong>instructores profesionales especializados en eFoil<\/strong>, les proporcionar\u00e1n orientaci\u00f3n profesional en cada momento, adaptando las lecciones a las habilidades individuales de los participantes para asegurar una experiencia segura y enriquecedora. El curso de eFoil \"Vuelo de Grupo en Barco\" no es solo una lecci\u00f3n de eFoiling, es una aventura compartida que eleva la pr\u00e1ctica de deportes acu\u00e1ticos a un nuevo nivel de lujo y emoci\u00f3n.<\/p>\n<p>No se pierdan la oportunidad de hacer de su encuentro grupal <strong>una experiencia \u00e9pica<\/strong>, aprendiendo a volar sobre el agua mientras disfrutan de la belleza del entorno. Reserven hoy y prep\u00e1rense para elevar su esp\u00edritu aventurero al siguiente nivel con nuestro curso \"Vuelo de Grupo en Barco\".<\/p>\n<h3>REQUISITOS:<\/h3>\n<p>DNI\/Pasaporte<br \/>\nDomicilio\/direcci\u00f3n local (por ej. Apartamento, Hotel)<\/p>\n<p><strong>INCLUYE:<\/strong> 3.5 h Curso en grupo de eFoil incluyendo un crucero en barco, instructor profesional de eFoil a bordo, min. 1 h de tiempo efectivo de surf (por persona), 2-3 tablas de surf eFoil, salida desde el bonito puerto Port Calanova en Palma, chalecos salvavidas, bater\u00edas, videos y fotos incluidas.<\/p>\n<p><strong>NO INCLUIDO:<\/strong> M\u00e1s de 6 personas. M\u00e1ximo 8 son posibles con costes adicionales.<\/p>\n<p><strong>QUE LLEVAR:<\/strong> Crema solar, toalla, vibraciones positivas<\/p>\n<p><strong>PUNTO DE ENCUENTRO:<\/strong> Como queremos asegurar la mejor experiencia de efoiling, el curso crucero eFoil comenzar\u00e1 desde nuestra base principal en el puerto Port Calanova en Palma. Por favor mant\u00e9ngase en contacto con nosotros 24 horas antes del comienzo de su curso de eFoil.<\/p>\n<p><strong>HORARIO:<\/strong> 100% flexible. Por favor, reserve su curso directamente online.<\/p>\n<p><strong>POL\u00cdTICA DE CANCELACI\u00d3N:<\/strong> Todas las reservas son reservas finales y deben abonarse antes del inicio del curso. Los clientes pueden cancelar sus reservas hasta 2 semanas antes del inicio del curso.<br \/>\nEn caso de cancelaci\u00f3n de forma voluntaria por parte del cliente, se emitir\u00e1 un vale por el importe del curso. Este vale podr\u00e1 utilizarse en cualquier momento, y para adquirir cualquier producto de la web de Wave Lovers. Si el curso no puede tener lugar debido a malas condiciones meteorol\u00f3gicas, el participante recibir\u00e1 el reembolso del 100% del pago, tambi\u00e9n tiene la opci\u00f3n de cambiar la fecha del curso, o recibir un vale por el importe del curso para utilizarlo en la tienda online de Wave Lovers.<\/p>\n","protected":false},"excerpt":{"rendered":"<p><span style=\"text-decoration: underline;\"><strong>INCLUIDO<\/strong><\/span><\/p>\n<ul>\n<li>3,5 h de crucero en barco en grupo para 6 personas (m\u00e1x. 8 con coste adicional)<\/li>\n<li>1 h de Surf (por persona)<\/li>\n<li>2-3 tablas de surf EFOIL<\/li>\n<li>Instructor profesional de eFoil a bordo<\/li>\n<li>Salida desde Port Calanova (Palma)<\/li>\n<li>Fotos y Videos<\/li>\n<\/ul>\n<p>Comida y bebida <span style=\"text-decoration: underline;\"><strong>OPCIONAL<\/strong><\/span><\/p>\n","protected":false},"featured_media":98776,"comment_status":"open","ping_status":"closed","template":"","meta":{"_acf_changed":false,"_editorskit_title_hidden":false,"_editorskit_reading_time":0,"_editorskit_is_block_options_detached":false,"_editorskit_block_options_position":"{}","site-sidebar-layout":"default","site-content-layout":"","ast-site-content-layout":"default","site-content-style":"default","site-sidebar-style":"default","ast-global-header-display":"","ast-banner-title-visibility":"","ast-main-header-display":"","ast-hfb-above-header-display":"","ast-hfb-below-header-display":"","ast-hfb-mobile-header-display":"","site-post-title":"","ast-breadcrumbs-content":"","ast-featured-img":"","footer-sml-layout":"","ast-disable-related-posts":"","theme-transparent-header-meta":"default","adv-header-id-meta":"","stick-header-meta":"","header-above-stick-meta":"","header-main-stick-meta":"","header-below-stick-meta":"","astra-migrate-meta-layouts":"set","ast-page-background-enabled":"default","ast-page-background-meta":{"desktop":{"background-color":"","background-image":"","background-repeat":"repeat","background-position":"center center","background-size":"auto","background-attachment":"scroll","background-type":"","background-media":"","overlay-type":"","overlay-color":"","overlay-opacity":"","overlay-gradient":""},"tablet":{"background-color":"","background-image":"","background-repeat":"repeat","background-position":"center center","background-size":"auto","background-attachment":"scroll","background-type":"","background-media":"","overlay-type":"","overlay-color":"","overlay-opacity":"","overlay-gradient":""},"mobile":{"background-color":"","background-image":"","background-repeat":"repeat","background-position":"center center","background-size":"auto","background-attachment":"scroll","background-type":"","background-media":"","overlay-type":"","overlay-color":"","overlay-opacity":"","overlay-gradient":""}},"ast-content-background-meta":{"desktop":{"background-color":"var(--ast-global-color-5)","background-image":"","background-repeat":"repeat","background-position":"center center","background-size":"auto","background-attachment":"scroll","background-type":"","background-media":"","overlay-type":"","overlay-color":"","overlay-opacity":"","overlay-gradient":""},"tablet":{"background-color":"var(--ast-global-color-5)","background-image":"","background-repeat":"repeat","background-position":"center center","background-size":"auto","background-attachment":"scroll","background-type":"","background-media":"","overlay-type":"","overlay-color":"","overlay-opacity":"","overlay-gradient":""},"mobile":{"background-color":"var(--ast-global-color-5)","background-image":"","background-repeat":"repeat","background-position":"center center","background-size":"auto","background-attachment":"scroll","background-type":"","background-media":"","overlay-type":"","overlay-color":"","overlay-opacity":"","overlay-gradient":""}},"_jf_save_progress":""},"product_brand":[],"product_cat":[4104,66,3900,4105],"product_tag":[],"class_list":{"0":"post-138890","1":"product","2":"type-product","3":"status-publish","4":"has-post-thumbnail","6":"product_cat-academia-de-e-foil","7":"product_cat-efoil-academy","8":"product_cat-mallorca","9":"product_cat-mallorca-es","10":"desktop-align-center","11":"tablet-align-center","12":"mobile-align-center","13":"ast-product-gallery-layout-horizontal","14":"ast-magnify-disabled","15":"ast-product-tabs-layout-horizontal","17":"first","18":"instock","19":"virtual","20":"taxable","21":"purchasable","22":"product-type-simple"},"acf":[],"brizy_media":[],"_links":{"self":[{"href":"https:\/\/wave-lovers.com\/es\/wp-json\/wp\/v2\/product\/138890","targetHints":{"allow":["GET"]}}],"collection":[{"href":"https:\/\/wave-lovers.com\/es\/wp-json\/wp\/v2\/product"}],"about":[{"href":"https:\/\/wave-lovers.com\/es\/wp-json\/wp\/v2\/types\/product"}],"replies":[{"embeddable":true,"href":"https:\/\/wave-lovers.com\/es\/wp-json\/wp\/v2\/comments?post=138890"}],"wp:featuredmedia":[{"embeddable":true,"href":"https:\/\/wave-lovers.com\/es\/wp-json\/wp\/v2\/media\/98776"}],"wp:attachment":[{"href":"https:\/\/wave-lovers.com\/es\/wp-json\/wp\/v2\/media?parent=138890"}],"wp:term":[{"taxonomy":"product_brand","embeddable":true,"href":"https:\/\/wave-lovers.com\/es\/wp-json\/wp\/v2\/product_brand?post=138890"},{"taxonomy":"product_cat","embeddable":true,"href":"https:\/\/wave-lovers.com\/es\/wp-json\/wp\/v2\/product_cat?post=138890"},{"taxonomy":"product_tag","embeddable":true,"href":"https:\/\/wave-lovers.com\/es\/wp-json\/wp\/v2\/product_tag?post=138890"}],"curies":[{"name":"wp","href":"https:\/\/api.w.org\/{rel}","templated":true}]}}