{"id":138887,"date":"2023-06-26T20:08:19","date_gmt":"2023-06-26T18:08:19","guid":{"rendered":"https:\/\/wave-lovers.com\/test-flight-mallorca\/"},"modified":"2024-02-11T21:47:54","modified_gmt":"2024-02-11T20:47:54","slug":"vuelo-de-prueba-mallorca","status":"publish","type":"product","link":"https:\/\/wave-lovers.com\/es\/vuelo-de-prueba-mallorca\/","title":{"rendered":"Vuelo de Prueba Mallorca"},"content":{"rendered":"<h2>CURSO DE EFOIL EN MALLORCA | Vuelo de Prueba<\/h2>\n<p>Experimenta la sensaci\u00f3n definitiva de volar sobre el agua. Con los cursos de eFoil \"Vuelo de Prueba\" de nuestra <a href=\"https:\/\/wave-lovers.com\/es\/academia-de-efoil\/mallorca\/\">Academia de eFoil en Mallorca<\/a>, queremos dar a m\u00e1s personas interesadas en el efoiling, la oportunidad de experimentar el \u00faltimo placer del surf el\u00e9ctrico. \u00a1La tendencia est\u00e1 ahora al alcance de todos! Reserva ahora tu \"Vuelo de Prueba\" y despega justo despu\u00e9s de una breve sesi\u00f3n informativa de seguridad. Te acompa\u00f1ar\u00e1 un instructor de surf experimentado profesional.<\/p>\n<h3>REQUISITOS:<\/h3>\n<p>DNI\/Pasaporte<br \/>\nDomicilio\/direcci\u00f3n local (por ej. Apartamento, Hotel)<\/p>\n<h3>INFORMACI\u00d3N GENERAL DEL CURSO DE EFOIL \"Vuelo de Prueba\"<\/h3>\n<p><strong>INCLUIDO:<\/strong> Instructores profesionales de eFoil, m\u00ednimo 15 minutos de curso (efectivo) en el agua, charla instrucci\u00f3n de seguridad antes del comienzo del curso en el agua, 1 tabla de surf eFoil, chaleco salvavidas, bater\u00eda completamente cargada, videos y fotos incluidas.<\/p>\n<p><strong>NO INCLUYE:<\/strong> Bater\u00eda extra.<\/p>\n<p><strong>QUE LLEVAR:<\/strong> Crema solar, bebidas, vibraciones positivas.<\/p>\n<p><strong>PUNTO DE ENCUENTRO:<\/strong> Los \"Vuelos de Prueba\" actualmente s\u00f3lo se ofrecen en el puerto de Port Calanova en Palma de Mallorca.<\/p>\n<p><strong>HORARIO:<\/strong> 100% flexible. Por favor, reserva tu curso directamente online.<\/p>\n<p><strong>POL\u00cdTICA DE CANCELACI\u00d3N:<\/strong> Todas las reservas son reservas finales y deben abonarse antes del inicio del curso. Los clientes pueden cancelar sus reservas hasta 2 semanas antes del inicio del curso.<br \/>\nEn caso de cancelaci\u00f3n de forma voluntaria por parte del cliente, se emitir\u00e1 un vale por el importe del curso. Este vale podr\u00e1 utilizarse en cualquier momento, y para adquirir cualquier producto de la web de Wave Lovers. Si el curso no puede tener lugar debido a malas condiciones meteorol\u00f3gicas, el participante recibir\u00e1 el reembolso del 100% del pago, tambi\u00e9n tiene la opci\u00f3n de cambiar la fecha del curso, o recibir un vale por el importe del curso para utilizarlo en la tienda online de Wave Lovers.<\/p>\n","protected":false},"excerpt":{"rendered":"<p><span style=\"text-decoration: underline;\"><strong>INCLUIDO EN EL CURSO<\/strong><\/span><\/p>\n<ul>\n<li>15 min. de surf (despu\u00e9s de una breve charla informativa de seguridad)<\/li>\n<li>1 tabla de surf\u00a0 eFoil<\/li>\n<li>Salida directamente desde el puerto de Port Calanova (Palma de Mallorca)<\/li>\n<li>Fotos y Videos<\/li>\n<\/ul>\n","protected":false},"featured_media":63435,"comment_status":"open","ping_status":"closed","template":"","meta":{"_acf_changed":false,"_editorskit_title_hidden":false,"_editorskit_reading_time":0,"_editorskit_is_block_options_detached":false,"_editorskit_block_options_position":"{}","site-sidebar-layout":"default","site-content-layout":"","ast-site-content-layout":"default","site-content-style":"default","site-sidebar-style":"default","ast-global-header-display":"","ast-banner-title-visibility":"","ast-main-header-display":"","ast-hfb-above-header-display":"","ast-hfb-below-header-display":"","ast-hfb-mobile-header-display":"","site-post-title":"","ast-breadcrumbs-content":"","ast-featured-img":"","footer-sml-layout":"","ast-disable-related-posts":"","theme-transparent-header-meta":"default","adv-header-id-meta":"","stick-header-meta":"","header-above-stick-meta":"","header-main-stick-meta":"","header-below-stick-meta":"","astra-migrate-meta-layouts":"set","ast-page-background-enabled":"default","ast-page-background-meta":{"desktop":{"background-color":"","background-image":"","background-repeat":"repeat","background-position":"center center","background-size":"auto","background-attachment":"scroll","background-type":"","background-media":"","overlay-type":"","overlay-color":"","overlay-opacity":"","overlay-gradient":""},"tablet":{"background-color":"","background-image":"","background-repeat":"repeat","background-position":"center center","background-size":"auto","background-attachment":"scroll","background-type":"","background-media":"","overlay-type":"","overlay-color":"","overlay-opacity":"","overlay-gradient":""},"mobile":{"background-color":"","background-image":"","background-repeat":"repeat","background-position":"center center","background-size":"auto","background-attachment":"scroll","background-type":"","background-media":"","overlay-type":"","overlay-color":"","overlay-opacity":"","overlay-gradient":""}},"ast-content-background-meta":{"desktop":{"background-color":"var(--ast-global-color-5)","background-image":"","background-repeat":"repeat","background-position":"center center","background-size":"auto","background-attachment":"scroll","background-type":"","background-media":"","overlay-type":"","overlay-color":"","overlay-opacity":"","overlay-gradient":""},"tablet":{"background-color":"var(--ast-global-color-5)","background-image":"","background-repeat":"repeat","background-position":"center center","background-size":"auto","background-attachment":"scroll","background-type":"","background-media":"","overlay-type":"","overlay-color":"","overlay-opacity":"","overlay-gradient":""},"mobile":{"background-color":"var(--ast-global-color-5)","background-image":"","background-repeat":"repeat","background-position":"center center","background-size":"auto","background-attachment":"scroll","background-type":"","background-media":"","overlay-type":"","overlay-color":"","overlay-opacity":"","overlay-gradient":""}},"_jf_save_progress":""},"product_brand":[],"product_cat":[4104,66,3900,4105],"product_tag":[],"class_list":{"0":"post-138887","1":"product","2":"type-product","3":"status-publish","4":"has-post-thumbnail","6":"product_cat-academia-de-e-foil","7":"product_cat-efoil-academy","8":"product_cat-mallorca","9":"product_cat-mallorca-es","10":"desktop-align-center","11":"tablet-align-center","12":"mobile-align-center","13":"ast-product-gallery-layout-horizontal","14":"ast-magnify-disabled","15":"ast-product-tabs-layout-horizontal","17":"first","18":"instock","19":"virtual","20":"taxable","21":"purchasable","22":"product-type-simple"},"acf":[],"brizy_media":[],"_links":{"self":[{"href":"https:\/\/wave-lovers.com\/es\/wp-json\/wp\/v2\/product\/138887","targetHints":{"allow":["GET"]}}],"collection":[{"href":"https:\/\/wave-lovers.com\/es\/wp-json\/wp\/v2\/product"}],"about":[{"href":"https:\/\/wave-lovers.com\/es\/wp-json\/wp\/v2\/types\/product"}],"replies":[{"embeddable":true,"href":"https:\/\/wave-lovers.com\/es\/wp-json\/wp\/v2\/comments?post=138887"}],"wp:featuredmedia":[{"embeddable":true,"href":"https:\/\/wave-lovers.com\/es\/wp-json\/wp\/v2\/media\/63435"}],"wp:attachment":[{"href":"https:\/\/wave-lovers.com\/es\/wp-json\/wp\/v2\/media?parent=138887"}],"wp:term":[{"taxonomy":"product_brand","embeddable":true,"href":"https:\/\/wave-lovers.com\/es\/wp-json\/wp\/v2\/product_brand?post=138887"},{"taxonomy":"product_cat","embeddable":true,"href":"https:\/\/wave-lovers.com\/es\/wp-json\/wp\/v2\/product_cat?post=138887"},{"taxonomy":"product_tag","embeddable":true,"href":"https:\/\/wave-lovers.com\/es\/wp-json\/wp\/v2\/product_tag?post=138887"}],"curies":[{"name":"wp","href":"https:\/\/api.w.org\/{rel}","templated":true}]}}