{"id":134345,"date":"2023-05-08T21:58:32","date_gmt":"2023-05-08T19:58:32","guid":{"rendered":"https:\/\/wave-lovers.com\/imatjet-inflatable-electric-sofa-pro\/"},"modified":"2024-12-09T00:46:23","modified_gmt":"2024-12-08T23:46:23","slug":"imatjet-pro-tumbona-electrica-acuatica-hinchable","status":"publish","type":"product","link":"https:\/\/wave-lovers.com\/es\/imatjet-pro-tumbona-electrica-acuatica-hinchable\/","title":{"rendered":"iMatJet\u00ae PRO Tumbona el\u00e9ctrica hinchable"},"content":{"rendered":"<h2 style=\"text-align: left;\">iMatJet\u00ae PRO tumbona el\u00e9ctrica hinchable | La forma m\u00e1s inteligente de relajarse<\/h2>\n<p>iMatJet\u00ae PRO es la primera tumbona el\u00e9ctrica acu\u00e1tica hinchable patentada del mundo. Cuenta con un c\u00f3modo respaldo, 2 compartimentos porta bebidas y 2 motores el\u00e9ctricos que permiten una velocidad de crucero de hasta 3 nudos (casi 6 km\/h), 2 bater\u00edas potentes de 20000 mAh garantizan un tiempo m\u00ednimo de viaje de 1,5 horas. Equipada con un control remoto recargable sin cables, impermeable y flotante, la iMatJet\u00ae PRO ofrece un viaje relajante y horas interminables de diversi\u00f3n en el agua.<\/p>\n<p>Para un transporte y almacenamiento f\u00e1cil y c\u00f3modo, iMatJet\u00ae viene en su propia maleta de transporte grande con ruedas o tambi\u00e9n, 2 maletas\/mochila de transporte m\u00e1s peque\u00f1as con ruedas. Puede elegir la opci\u00f3n preferida al realizar la compra.<\/p>\n<h3>iMatJet\u00ae PRO - \u00bfQu\u00e9 incluye?<\/h3>\n<p>El producto iMatJet\u00ae PRO incluye:<\/p>\n<ul>\n<li>2 juegos de bater\u00edas (<strong>6 bater\u00edas en total<\/strong>)<\/li>\n<li>2 potentes motores de 24 voltios en carcasa de motor herm\u00e9tica<\/li>\n<li>2 carcasas de pl\u00e1stico impermeables con 2 potentes bater\u00edas de 20 amperios hora en un compartimento de bater\u00eda extra\u00edble que incluye 2 cargadores<\/li>\n<li>iMatJet\u00ae con sistema de 3 c\u00e1maras con v\u00e1lvulas SUP, 3 asas y 2 portabotellas<\/li>\n<li>Bomba compresora SUP de alta presi\u00f3n con funci\u00f3n de inflar y desinflar<\/li>\n<li>Control remoto impermeable flotante con carga inal\u00e1mbrica y cargador con cable USB<\/li>\n<li>Circuito integrado programable con antena<\/li>\n<li>1 maleta de transporte iMatJet\u00ae con 2 ruedas, o 2 maletas\/mochila de transporte peque\u00f1as con ruedas<\/li>\n<li>Bater\u00eda adicional para operar la bomba de alta presi\u00f3n. La bater\u00eda es vers\u00e1til y se puede usar tambi\u00e9n por ejemplo, para neveras de 12 voltios<\/li>\n<li>Instrucciones de funcionamiento claramente dispuestas en 11 idiomas, en folleto a color<\/li>\n<li>2 rejillas protectoras reforzadas para las h\u00e9lices, para evitar lesiones<\/li>\n<li>2 juegos de juntas de cierre secundarias para el compartimento de la bater\u00eda (se recomienda reemplazar las juntas al inicio de cada verano)<\/li>\n<\/ul>\n<p>&nbsp;<\/p>\n<h3>iMatJet\u00ae PRO - Especificaciones T\u00e9cnicas<\/h3>\n<ul>\n<li><span style=\"font-size: 16px;\">Control remoto impermeable, flotante y recargable<\/span><\/li>\n<li><span style=\"font-size: 16px;\">Duraci\u00f3n m\u00ednima de 1.5 horas de la bater\u00eda<\/span><\/li>\n<li><span style=\"font-size: 16px;\">Velocidad m\u00e1xima de 3 nudos (5.5 km\/h)<\/span><\/li>\n<li><span style=\"font-size: 16px;\">Motores el\u00e9ctricos silenciosos resistentes al agua de mar<\/span><\/li>\n<li><span style=\"font-size: 16px;\">Capacidad de peso de hasta aprox. 180 kg (396 libras)<\/span><\/li>\n<li><span style=\"font-size: 16px;\">Reemplazo r\u00e1pido de las bater\u00edas tipo plug-and-play<\/span><\/li>\n<\/ul>\n<p>&nbsp;<\/p>\n<h2>iMatJet\u00ae PRO. La primera tumbona acu\u00e1tica hinchable motorizada patentada del mundo<\/h2>\n<p>Conozca la primera tumbona acu\u00e1tica del mundo impulsada por motores el\u00e9ctricos con velocidad de hasta 3 nudos. Dise\u00f1ada para el placer, la relajaci\u00f3n y la diversi\u00f3n, iMatJet\u00ae revoluciona la forma de desplazamiento en el agua permiti\u00e9ndole moverse en cualquier direcci\u00f3n con solo mover un joystick. \u00a1Despl\u00e1cese por el agua con estilo con esta innovadora tumbona acu\u00e1tica motorizada!<\/p>\n","protected":false},"excerpt":{"rendered":"<p>La primera tumbona el\u00e9ctrica acu\u00e1tica del mundo. Dise\u00f1ada para el placer, la relajaci\u00f3n y la diversi\u00f3n.<br \/>\n<strong>Incluye 3 juegos de bater\u00edas<\/strong><\/p>\n","protected":false},"featured_media":89605,"comment_status":"open","ping_status":"closed","template":"","meta":{"_acf_changed":false,"_editorskit_title_hidden":false,"_editorskit_reading_time":0,"_editorskit_is_block_options_detached":false,"_editorskit_block_options_position":"{}","site-sidebar-layout":"default","site-content-layout":"default","ast-site-content-layout":"default","site-content-style":"default","site-sidebar-style":"default","ast-global-header-display":"","ast-banner-title-visibility":"","ast-main-header-display":"","ast-hfb-above-header-display":"","ast-hfb-below-header-display":"","ast-hfb-mobile-header-display":"","site-post-title":"disabled","ast-breadcrumbs-content":"","ast-featured-img":"","footer-sml-layout":"","ast-disable-related-posts":"","theme-transparent-header-meta":"default","adv-header-id-meta":"","stick-header-meta":"","header-above-stick-meta":"","header-main-stick-meta":"","header-below-stick-meta":"","astra-migrate-meta-layouts":"set","ast-page-background-enabled":"default","ast-page-background-meta":{"desktop":{"background-color":"","background-image":"","background-repeat":"repeat","background-position":"center center","background-size":"auto","background-attachment":"scroll","background-type":"","background-media":"","overlay-type":"","overlay-color":"","overlay-opacity":"","overlay-gradient":""},"tablet":{"background-color":"","background-image":"","background-repeat":"repeat","background-position":"center center","background-size":"auto","background-attachment":"scroll","background-type":"","background-media":"","overlay-type":"","overlay-color":"","overlay-opacity":"","overlay-gradient":""},"mobile":{"background-color":"","background-image":"","background-repeat":"repeat","background-position":"center center","background-size":"auto","background-attachment":"scroll","background-type":"","background-media":"","overlay-type":"","overlay-color":"","overlay-opacity":"","overlay-gradient":""}},"ast-content-background-meta":{"desktop":{"background-color":"var(--ast-global-color-5)","background-image":"","background-repeat":"repeat","background-position":"center center","background-size":"auto","background-attachment":"scroll","background-type":"","background-media":"","overlay-type":"","overlay-color":"","overlay-opacity":"","overlay-gradient":""},"tablet":{"background-color":"var(--ast-global-color-5)","background-image":"","background-repeat":"repeat","background-position":"center center","background-size":"auto","background-attachment":"scroll","background-type":"","background-media":"","overlay-type":"","overlay-color":"","overlay-opacity":"","overlay-gradient":""},"mobile":{"background-color":"var(--ast-global-color-5)","background-image":"","background-repeat":"repeat","background-position":"center center","background-size":"auto","background-attachment":"scroll","background-type":"","background-media":"","overlay-type":"","overlay-color":"","overlay-opacity":"","overlay-gradient":""}},"_jf_save_progress":""},"product_brand":[],"product_cat":[114,3899,115],"product_tag":[],"class_list":{"0":"post-134345","1":"product","2":"type-product","3":"status-publish","4":"has-post-thumbnail","6":"product_cat-comprar","7":"product_cat-hinchable","8":"product_cat-try-and-buy-es","9":"product_shipping_class-lg-es","10":"desktop-align-center","11":"tablet-align-center","12":"mobile-align-center","13":"ast-product-gallery-layout-horizontal","14":"ast-magnify-disabled","15":"ast-product-single-variable","16":"ast-product-tabs-layout-horizontal","18":"first","19":"instock","20":"taxable","21":"shipping-taxable","22":"purchasable","23":"product-type-variable"},"acf":[],"brizy_media":[{"id":394,"url":"https:\/\/wave-lovers.com\/wp-content\/uploads\/2021\/01\/E-Foil-Surf-in-Fuerteventura.png","name":"E-Foil-Surf-in-Fuerteventura.png","meta":{"brizy_attachment_uid":"wp-94c9cce8d679a7c3867d56ce02984e39.png","brizy_post_uid":["036f3c858f7493a96f1ecf6bf97c3739","a9cb51fc18b3a0e5c20b367b123782f1","4d07bf27702d9e74ca4c3511c74110e4","57a9f74eb861a76ebdbcd0ca0523c138"]}}],"_links":{"self":[{"href":"https:\/\/wave-lovers.com\/es\/wp-json\/wp\/v2\/product\/134345","targetHints":{"allow":["GET"]}}],"collection":[{"href":"https:\/\/wave-lovers.com\/es\/wp-json\/wp\/v2\/product"}],"about":[{"href":"https:\/\/wave-lovers.com\/es\/wp-json\/wp\/v2\/types\/product"}],"replies":[{"embeddable":true,"href":"https:\/\/wave-lovers.com\/es\/wp-json\/wp\/v2\/comments?post=134345"}],"wp:featuredmedia":[{"embeddable":true,"href":"https:\/\/wave-lovers.com\/es\/wp-json\/wp\/v2\/media\/89605"}],"wp:attachment":[{"href":"https:\/\/wave-lovers.com\/es\/wp-json\/wp\/v2\/media?parent=134345"}],"wp:term":[{"taxonomy":"product_brand","embeddable":true,"href":"https:\/\/wave-lovers.com\/es\/wp-json\/wp\/v2\/product_brand?post=134345"},{"taxonomy":"product_cat","embeddable":true,"href":"https:\/\/wave-lovers.com\/es\/wp-json\/wp\/v2\/product_cat?post=134345"},{"taxonomy":"product_tag","embeddable":true,"href":"https:\/\/wave-lovers.com\/es\/wp-json\/wp\/v2\/product_tag?post=134345"}],"curies":[{"name":"wp","href":"https:\/\/api.w.org\/{rel}","templated":true}]}}