{"id":138675,"date":"2021-02-25T23:20:28","date_gmt":"2021-02-25T22:20:28","guid":{"rendered":"https:\/\/wave-lovers.com\/imprint\/"},"modified":"2026-01-30T23:41:08","modified_gmt":"2026-01-30T22:41:08","slug":"aviso-legal","status":"publish","type":"page","link":"https:\/\/wave-lovers.com\/es\/aviso-legal\/","title":{"rendered":"Aviso legal"},"content":{"rendered":"<div class=\"brz-root__container brz-reset-all brz brz-root__container-page\">\n<section id=\"c17601fc31a40149311f_nxwmifnxzbcdnvblqefowfrtapbqmrhqpsas\" class=\"brz-section brz-css-aaihk1\">\n<div class=\"brz-section__content brz-section--boxed brz-css-1pen0uy brz-css-udnzy4\" data-brz-custom-id=\"izrxwxwlnckcnduvgnusbjzqcnqmeqrupanj\">\n<div class=\"brz-container brz-css-1s0bfey\">\n<div id=\"\" class=\"brz-css-1i6iaf9 brz-css-4ms8oo brz-wrapper\">\n<div class=\"brz-rich-text brz-rich-text__custom brz-css-mz2bab\" data-brz-custom-id=\"jihMNWNpTuVm\">\n<div data-brz-translate-text=\"1\">\n<p class=\"brz-fs-xs-21 brz-fs-sm-21 brz-ls-lg-0 brz-lh-lg-1_3 brz-tp-lg-empty brz-ff-poppins brz-ft-google brz-fs-lg-36 brz-fss-lg-px brz-fw-lg-600 brz-css-rxtET\" data-uniq-id=\"tVk66\" data-generated-css=\"brz-css-dcvq4\"><span class=\"brz-cp-color2\">Aviso legal<\/span><\/p>\n<p class=\"brz-fs-xs-21 brz-fs-sm-21 brz-fs-lg-20 brz-css-i1bb9\" data-uniq-id=\"yGzu_\" data-generated-css=\"brz-css-dnjA8\"><strong class=\"brz-cp-color2\"> <\/strong><\/p>\n<p class=\"brz-fs-xs-21 brz-fs-sm-21 brz-fs-lg-20 brz-css-d0ZPu\" data-uniq-id=\"aEugf\" data-generated-css=\"brz-css-hI0fh\"><strong class=\"brz-cp-color2\">Informaci\u00f3n de acuerdo con el \u00a7 5 TMG:<\/strong><\/p>\n<p data-uniq-id=\"cOtQP\" data-generated-css=\"brz-css-j_Jmr\" class=\"brz-css-rzfTX\"><strong class=\"brz-cp-color2\"> <\/strong><\/p>\n<p data-uniq-id=\"gPnQc\" data-generated-css=\"brz-css-mt5dO\" class=\"brz-css-w2Ydg\"><span class=\"brz-cp-color2\">ConnectiX GmbH<\/span><\/p>\n<p data-uniq-id=\"agWd8\" data-generated-css=\"brz-css-gDNNN\" class=\"brz-css-ikskS\"><span class=\"brz-cp-color2\">Rigaer Str. 60<\/span><\/p>\n<p data-uniq-id=\"yKNij\" data-generated-css=\"brz-css-tzgxR\" class=\"brz-css-qKIMU\"><span class=\"brz-cp-color2\">10247 Berlin<\/span><\/p>\n<p data-uniq-id=\"i2bta\" data-generated-css=\"brz-css-d7OfK\" class=\"brz-css-rDB62\"><span class=\"brz-cp-color2\"> <\/span><\/p>\n<p class=\"brz-tp-lg-paragraph brz-css-qSmdR\" data-uniq-id=\"mjl4B\" data-generated-css=\"brz-css-dY2tf\"><span class=\"brz-cp-color2\"> <\/span><\/p>\n<p class=\"brz-tp-lg-paragraph brz-css-aRKSU\" data-uniq-id=\"hEtGb\" data-generated-css=\"brz-css-fx5wj\"><strong class=\"brz-cp-color2\">Representado por<\/strong><\/p>\n<p class=\"brz-tp-lg-paragraph brz-css-ni2QW\" data-uniq-id=\"r8Y0m\" data-generated-css=\"brz-css-cvuIZ\"><span class=\"brz-cp-color2\">Gesti\u00f3n: M. Faust<\/span><\/p>\n<p class=\"brz-tp-lg-paragraph brz-css-gRIW0\" data-uniq-id=\"h2sAl\" data-generated-css=\"brz-css-wrMFQ\"><span class=\"brz-cp-color2\"> <\/span><\/p>\n<p data-uniq-id=\"cEM4o\" data-generated-css=\"brz-css-cZp41\" class=\"brz-css-pWVRw\"><strong class=\"brz-cp-color2\">Contacto<\/strong><\/p>\n<p data-uniq-id=\"lPYmW\" data-generated-css=\"brz-css-cV2vh\" class=\"brz-css-suW5F\"><span class=\"brz-cp-color2\">E-mail: info @ wave-lovers.com<\/span><\/p>\n<p class=\"brz-tp-lg-paragraph brz-css-vHw6j\" data-uniq-id=\"kEyB5\" data-generated-css=\"brz-css-ylau5\"><span class=\"brz-cp-color2\">Tel: +49 176 2435 7921<\/span><\/p>\n<p class=\"brz-tp-lg-paragraph brz-css-uXst2\" data-uniq-id=\"rHwoF\" data-generated-css=\"brz-css-swAaT\"><span class=\"brz-cp-color2\"> <\/span><\/p>\n<p data-uniq-id=\"tgJOJ\" data-generated-css=\"brz-css-vIbCR\" class=\"brz-css-atoCE\"><strong class=\"brz-cp-color2\">Entrada de registro<\/strong><\/p>\n<p class=\"brz-tp-lg-paragraph brz-css-nytpM\" data-uniq-id=\"xVPna\" data-generated-css=\"brz-css-uyjKO\"><span class=\"brz-cp-color2\">Inscripci\u00f3n en el Registro Mercantil: <\/span><span class=\"brz-cp-color2\">Tribunal de Distrito de Charlottenburg<\/span><\/p>\n<p class=\"brz-tp-lg-paragraph brz-css-grCgO\" data-uniq-id=\"mk17Q\" data-generated-css=\"brz-css-sV8eN\"><span class=\"brz-cp-color2\">N\u00famero de registro: HRB 251875 B<\/span><\/p>\n<p class=\"brz-tp-lg-paragraph brz-css-iQxxm\" data-uniq-id=\"hRgnY\" data-generated-css=\"brz-css-xiDCc\"><span class=\"brz-cp-color2\"> <\/span><\/p>\n<p data-uniq-id=\"ocxIM\" data-generated-css=\"brz-css-zP2oe\" class=\"brz-css-nKJu7\"><strong class=\"brz-cp-color2\">Impuesto de venta<\/strong><\/p>\n<p class=\"brz-tp-lg-paragraph brz-css-oi5qs\" data-uniq-id=\"r9x0V\" data-generated-css=\"brz-css-d0ygD\"><span class=\"brz-cp-color2\">N\u00famero de identificaci\u00f3n fiscal: DE337605196 (registro fiscal intracomunitario)<\/span><\/p>\n<p class=\"brz-tp-lg-paragraph brz-css-sbXa5\" data-uniq-id=\"oI_MF\" data-generated-css=\"brz-css-bcP_i\"><span class=\"brz-cp-color2\"> <\/span><\/p>\n<p class=\"brz-tp-lg-paragraph brz-css-zpuIw\" data-uniq-id=\"xIzaK\" data-generated-css=\"brz-css-yySKG\"><strong class=\"brz-cp-color2\">Resoluci\u00f3n de conflictos<\/strong><\/p>\n<p class=\"brz-tp-lg-paragraph brz-css-dfBfn\" data-uniq-id=\"frsJ0\" data-generated-css=\"brz-css-lFsZe\"><span class=\"brz-cp-color2\">La Comisi\u00f3n Europea proporciona una plataforma para la resoluci\u00f3n de disputas (OS) en l\u00ednea: https:\/\/ec.europa.eu\/consumers\/odr\/. Puede encontrar nuestros datos de contacto arriba. No estamos dispuestos ni obligados a participar en procedimientos de resoluci\u00f3n de disputas ante una junta arbitral de consumo. <\/span><\/p>\n<p class=\"brz-tp-lg-paragraph brz-css-afRE0\" data-uniq-id=\"dsq0L\" data-generated-css=\"brz-css-u2Rbz\"><span class=\"brz-cp-color2\"> <\/span><\/p>\n<p class=\"brz-tp-lg-paragraph brz-css-joXrU\" data-uniq-id=\"fl3fO\" data-generated-css=\"brz-css-wUjoW\"><strong class=\"brz-cp-color2\">Responsabilidad del contenido<\/strong><\/p>\n<p class=\"brz-tp-lg-paragraph brz-css-eDhRS\" data-uniq-id=\"lApjI\" data-generated-css=\"brz-css-r6Xs9\"><span class=\"brz-cp-color2\">Como proveedor de servicios, somos responsables de nuestro propio contenido en estas p\u00e1ginas seg\u00fan las leyes generales seg\u00fan \u00a7 7 p\u00e1rrafo 1 TMG. Sin embargo, seg\u00fan los art\u00edculos 8 a 10 de la TMG, como proveedor de servicios no estamos obligados a controlar la informaci\u00f3n de terceros transmitida o almacenada ni a investigar circunstancias que indiquen una actividad ilegal. Las obligaciones de eliminar o bloquear el uso de informaci\u00f3n seg\u00fan las leyes generales no se ver\u00e1n afectadas. Sin embargo, la responsabilidad a este respecto s\u00f3lo es posible desde el momento del conocimiento de una infracci\u00f3n concreta. Si tenemos conocimiento de las correspondientes violaciones de la ley, eliminaremos este contenido inmediatamente.<\/span><\/p>\n<p class=\"brz-tp-lg-paragraph brz-css-wdFTG\" data-uniq-id=\"uIGPE\" data-generated-css=\"brz-css-tnmu1\"><span class=\"brz-cp-color2\"> <\/span><\/p>\n<p class=\"brz-tp-lg-paragraph brz-css-lv8KV\" data-uniq-id=\"eIOEl\" data-generated-css=\"brz-css-lJiZE\"><strong class=\"brz-cp-color2\">Responsabilidad por enlaces<\/strong><\/p>\n<p class=\"brz-tp-lg-paragraph brz-css-c7X2p\" data-uniq-id=\"tU1rO\" data-generated-css=\"brz-css-zSOMa\"><span class=\"brz-cp-color2\">Nuestra oferta contiene enlaces a sitios web externos de terceros, sobre cuyos contenidos no tenemos ninguna influencia. Por lo tanto, tampoco podemos asumir ninguna responsabilidad por estos contenidos externos. El respectivo proveedor u operador de las p\u00e1ginas es siempre responsable del contenido de las p\u00e1ginas enlazadas. En el momento de la vinculaci\u00f3n se comprobaron las p\u00e1ginas enlazadas para detectar posibles infracciones legales. En el momento de la vinculaci\u00f3n no se reconocieron contenidos ilegales. Sin embargo, un control permanente de los contenidos de las p\u00e1ginas enlazadas no es razonable sin pruebas concretas de una infracci\u00f3n de la ley. Si tenemos conocimiento de alguna infracci\u00f3n, eliminaremos dichos enlaces inmediatamente.<\/span><\/p>\n<p class=\"brz-tp-lg-paragraph brz-css-eOe4f\" data-uniq-id=\"jrGjT\" data-generated-css=\"brz-css-iqzlD\"><span class=\"brz-cp-color2\"> <\/span><\/p>\n<p class=\"brz-tp-lg-paragraph brz-css-tmRnN\" data-uniq-id=\"dbc24\" data-generated-css=\"brz-css-foDZT\"><strong class=\"brz-cp-color2\">Derechos de autor<\/strong><\/p>\n<p class=\"brz-tp-lg-paragraph brz-css-agh_d\" data-uniq-id=\"zRF4_\" data-generated-css=\"brz-css-lbL1D\"><span class=\"brz-cp-color2\">Los contenidos y trabajos de estas p\u00e1ginas creados por los operadores del sitio est\u00e1n sujetos a la ley de derechos de autor alemana. La reproducci\u00f3n, edici\u00f3n, distribuci\u00f3n y cualquier tipo de explotaci\u00f3n fuera de los l\u00edmites del derecho de autor requieren el consentimiento por escrito del respectivo autor o creador. Las descargas y copias de esta p\u00e1gina s\u00f3lo est\u00e1n permitidas para uso privado y no comercial. Siempre que el contenido de esta p\u00e1gina no haya sido creado por el operador, se respetan los derechos de autor de terceros. En particular, los contenidos de terceros se identifican como tales. No obstante, si tiene conocimiento de una infracci\u00f3n de derechos de autor, le rogamos que nos lo notifique en consecuencia. Si tenemos conocimiento de alguna infracci\u00f3n, eliminaremos dicho contenido de inmediato.<\/span><\/p>\n<p class=\"brz-tp-lg-paragraph brz-css-iv1mY\" data-uniq-id=\"bI6Q4\" data-generated-css=\"brz-css-aE5XP\"><span class=\"brz-cp-color2\"> <\/span><\/p>\n<p class=\"brz-tp-lg-paragraph brz-css-xMm3Q\" data-uniq-id=\"sPrRH\" data-generated-css=\"brz-css-hcYmG\"><strong class=\"brz-cp-color2\">Cr\u00e9ditos de im\u00e1genes<\/strong><\/p>\n<p data-uniq-id=\"dYf8i\" data-generated-css=\"brz-css-uKjcP\" class=\"brz-css-haFJe\"><span class=\"brz-cp-color2\"> 4 PM production \/&nbsp;shutterstock.com, JoshoJosho \/&nbsp;shutterstock.com \/ Licenciado para uso comercial a trav\u00e9s de Pixabay \/ Unsplash \/ Pexels<\/span><\/p>\n<p data-uniq-id=\"kwr7w\" data-generated-css=\"brz-css-w_IIk\" class=\"brz-css-k0vkp\"><\/p>\n<p class=\"brz-tp-lg-paragraph brz-css-bitiq\" data-uniq-id=\"xLmfH\" data-generated-css=\"brz-css-rrJIp\"><strong class=\"brz-cp-color2\">Fuentes <\/strong><\/p>\n<p class=\"brz-tp-lg-paragraph brz-css-pxJ1k\" data-uniq-id=\"eRSxH\" data-generated-css=\"brz-css-vkRcO\"><span class=\"brz-cp-color2\">Utilizamos fuentes con licencia SIL Open Font License. <\/span><strong class=\"brz-cp-color2\"> <\/strong><\/p>\n<\/div>\n<\/div>\n<\/div>\n<\/div>\n<\/div>\n<\/section>\n<\/div>\n<p>    <!-- version:1743682089 --><\/p>\n","protected":false},"excerpt":{"rendered":"<p>Aviso legal Informaci\u00f3n de acuerdo con el \u00a7 5 TMG: ConnectiX GmbH Rigaer Str. 60 10247 Berlin Representado por Gesti\u00f3n: M. Faust Contacto E-mail: info @ wave-lovers.com Tel: +49 176 2435 7921 Entrada de registro Inscripci\u00f3n en el Registro Mercantil: Tribunal de Distrito de Charlottenburg N\u00famero de registro: HRB 251875 B Impuesto de venta N\u00famero [&hellip;]<\/p>\n","protected":false},"author":3,"featured_media":0,"parent":0,"menu_order":0,"comment_status":"closed","ping_status":"closed","template":"elementor_theme","meta":{"_acf_changed":false,"_editorskit_title_hidden":false,"_editorskit_reading_time":0,"_editorskit_is_block_options_detached":false,"_editorskit_block_options_position":"{}","site-sidebar-layout":"default","site-content-layout":"default","ast-site-content-layout":"default","site-content-style":"default","site-sidebar-style":"default","ast-global-header-display":"","ast-banner-title-visibility":"","ast-main-header-display":"","ast-hfb-above-header-display":"","ast-hfb-below-header-display":"","ast-hfb-mobile-header-display":"","site-post-title":"disabled","ast-breadcrumbs-content":"","ast-featured-img":"","footer-sml-layout":"","ast-disable-related-posts":"","theme-transparent-header-meta":"enabled","adv-header-id-meta":"","stick-header-meta":"enabled","header-above-stick-meta":"","header-main-stick-meta":"on","header-below-stick-meta":"","astra-migrate-meta-layouts":"set","ast-page-background-enabled":"default","ast-page-background-meta":{"desktop":{"background-color":"","background-image":"","background-repeat":"repeat","background-position":"center center","background-size":"auto","background-attachment":"scroll","background-type":"","background-media":"","overlay-type":"","overlay-color":"","overlay-opacity":"","overlay-gradient":""},"tablet":{"background-color":"","background-image":"","background-repeat":"repeat","background-position":"center center","background-size":"auto","background-attachment":"scroll","background-type":"","background-media":"","overlay-type":"","overlay-color":"","overlay-opacity":"","overlay-gradient":""},"mobile":{"background-color":"","background-image":"","background-repeat":"repeat","background-position":"center center","background-size":"auto","background-attachment":"scroll","background-type":"","background-media":"","overlay-type":"","overlay-color":"","overlay-opacity":"","overlay-gradient":""}},"ast-content-background-meta":{"desktop":{"background-color":"var(--ast-global-color-5)","background-image":"","background-repeat":"repeat","background-position":"center center","background-size":"auto","background-attachment":"scroll","background-type":"","background-media":"","overlay-type":"","overlay-color":"","overlay-opacity":"","overlay-gradient":""},"tablet":{"background-color":"var(--ast-global-color-5)","background-image":"","background-repeat":"repeat","background-position":"center center","background-size":"auto","background-attachment":"scroll","background-type":"","background-media":"","overlay-type":"","overlay-color":"","overlay-opacity":"","overlay-gradient":""},"mobile":{"background-color":"var(--ast-global-color-5)","background-image":"","background-repeat":"repeat","background-position":"center center","background-size":"auto","background-attachment":"scroll","background-type":"","background-media":"","overlay-type":"","overlay-color":"","overlay-opacity":"","overlay-gradient":""}},"_jf_save_progress":"","footnotes":""},"class_list":["post-138675","page","type-page","status-publish","hentry"],"acf":[],"brizy_media":[],"_links":{"self":[{"href":"https:\/\/wave-lovers.com\/es\/wp-json\/wp\/v2\/pages\/138675","targetHints":{"allow":["GET"]}}],"collection":[{"href":"https:\/\/wave-lovers.com\/es\/wp-json\/wp\/v2\/pages"}],"about":[{"href":"https:\/\/wave-lovers.com\/es\/wp-json\/wp\/v2\/types\/page"}],"author":[{"embeddable":true,"href":"https:\/\/wave-lovers.com\/es\/wp-json\/wp\/v2\/users\/3"}],"replies":[{"embeddable":true,"href":"https:\/\/wave-lovers.com\/es\/wp-json\/wp\/v2\/comments?post=138675"}],"version-history":[{"count":0,"href":"https:\/\/wave-lovers.com\/es\/wp-json\/wp\/v2\/pages\/138675\/revisions"}],"wp:attachment":[{"href":"https:\/\/wave-lovers.com\/es\/wp-json\/wp\/v2\/media?parent=138675"}],"curies":[{"name":"wp","href":"https:\/\/api.w.org\/{rel}","templated":true}]}}