{"id":96937,"date":"2023-06-26T20:08:19","date_gmt":"2023-06-26T18:08:19","guid":{"rendered":"https:\/\/wave-lovers.com\/?post_type=product&#038;p=96937"},"modified":"2024-02-04T12:26:45","modified_gmt":"2024-02-04T11:26:45","slug":"testflug-mallorca","status":"publish","type":"product","link":"https:\/\/wave-lovers.com\/de\/testflug-mallorca\/","title":{"rendered":"Testflug Mallorca"},"content":{"rendered":"<h2><strong>E-FOIL AKADEMIE MALLORCA | Testflug<\/strong><\/h2>\n<p>Erlebe das ultimative Gef\u00fchl, \u00fcber das Meer zu fliegen. Mit den E-Foil Testfl\u00fcgen m\u00f6chten wir mehr Interessierten die M\u00f6glichkeit geben, das neuste elektrische Surfvergn\u00fcgen zu erleben. Der Trend ist jetzt f\u00fcr alle zug\u00e4nglich! Buchen Sie jetzt Ihren Testflug und starte gleich nach einer kurzen Sicherheitseinweisung. Ein erfahrener Surflehrer wird dich begleiten.<\/p>\n<h3><strong>ANFORDERUNGEN:<\/strong><\/h3>\n<ul>\n<li>Personalausweis\/Reisepass<\/li>\n<li>Heimat-\/lokale Adresse (z. B. Hotel)<\/li>\n<\/ul>\n<p><strong>INBEGRIFFEN<\/strong>: Schnupperkurs mit professionellen E-Foil-Instrukteuren, mindestens. 15 Minuten Unterricht (effektiv) auf dem Wasser, 1 Efoil-Surfbrett, Schwimmweste, voll geladener Akku, Videos &amp; Bilder inklusive.<\/p>\n<p><strong>NICHT ENTHALTEN: <\/strong>Zus\u00e4tzliche Batterie<\/p>\n<p><strong>WAS ZU BRINGEN: <\/strong>Sonnencreme, Getr\u00e4nke, positive Stimmung<\/p>\n<p><strong>TREFFPUNKT:<\/strong> Die Testfl\u00fcge werden aktuell nur am Hafen im Port Calanova in Palma de Mallorca angeboten.<\/p>\n<p><strong>ZEITEN: <\/strong>100% Flexibel. Bitte buche deinen e-foil Academy Kurs direkt online.<\/p>\n<p><strong>STORNIERUNG:<\/strong> Wenn die Sitzung aufgrund schlechter Wetterbedingungen nicht stattfinden kann, erh\u00e4lt der Teilnehmer eine 100%ige R\u00fcckerstattung der Zahlung ODER hat die M\u00f6glichkeit, den Tag des E-Foiling-Erlebnisses zu \u00e4ndern<\/p>\n","protected":false},"excerpt":{"rendered":"<p><strong><u>INKLUSIVE<\/u><\/strong><\/p>\n<ul>\n<li><strong>15 Min. Surfzeit<\/strong> (nach kurzer Sicherheitseinweisung)<\/li>\n<li><strong>1 E-FOIL-Surfbrett<\/strong><\/li>\n<li>Start nur vom Hafen in Port Calanova (Palma de Mallorca)<\/li>\n<li>Bilder &amp; Videos<\/li>\n<\/ul>\n","protected":false},"featured_media":63434,"comment_status":"open","ping_status":"closed","template":"","meta":{"_acf_changed":false,"_editorskit_title_hidden":false,"_editorskit_reading_time":0,"_editorskit_is_block_options_detached":false,"_editorskit_block_options_position":"{}","site-sidebar-layout":"default","site-content-layout":"","ast-site-content-layout":"default","site-content-style":"default","site-sidebar-style":"default","ast-global-header-display":"","ast-banner-title-visibility":"","ast-main-header-display":"","ast-hfb-above-header-display":"","ast-hfb-below-header-display":"","ast-hfb-mobile-header-display":"","site-post-title":"","ast-breadcrumbs-content":"","ast-featured-img":"","footer-sml-layout":"","ast-disable-related-posts":"","theme-transparent-header-meta":"default","adv-header-id-meta":"","stick-header-meta":"","header-above-stick-meta":"","header-main-stick-meta":"","header-below-stick-meta":"","astra-migrate-meta-layouts":"set","ast-page-background-enabled":"default","ast-page-background-meta":{"desktop":{"background-color":"","background-image":"","background-repeat":"repeat","background-position":"center center","background-size":"auto","background-attachment":"scroll","background-type":"","background-media":"","overlay-type":"","overlay-color":"","overlay-opacity":"","overlay-gradient":""},"tablet":{"background-color":"","background-image":"","background-repeat":"repeat","background-position":"center center","background-size":"auto","background-attachment":"scroll","background-type":"","background-media":"","overlay-type":"","overlay-color":"","overlay-opacity":"","overlay-gradient":""},"mobile":{"background-color":"","background-image":"","background-repeat":"repeat","background-position":"center center","background-size":"auto","background-attachment":"scroll","background-type":"","background-media":"","overlay-type":"","overlay-color":"","overlay-opacity":"","overlay-gradient":""}},"ast-content-background-meta":{"desktop":{"background-color":"var(--ast-global-color-5)","background-image":"","background-repeat":"repeat","background-position":"center center","background-size":"auto","background-attachment":"scroll","background-type":"","background-media":"","overlay-type":"","overlay-color":"","overlay-opacity":"","overlay-gradient":""},"tablet":{"background-color":"var(--ast-global-color-5)","background-image":"","background-repeat":"repeat","background-position":"center center","background-size":"auto","background-attachment":"scroll","background-type":"","background-media":"","overlay-type":"","overlay-color":"","overlay-opacity":"","overlay-gradient":""},"mobile":{"background-color":"var(--ast-global-color-5)","background-image":"","background-repeat":"repeat","background-position":"center center","background-size":"auto","background-attachment":"scroll","background-type":"","background-media":"","overlay-type":"","overlay-color":"","overlay-opacity":"","overlay-gradient":""}},"_jf_save_progress":""},"product_brand":[],"product_cat":[68,66,3900,3994],"product_tag":[],"class_list":{"0":"post-96937","1":"product","2":"type-product","3":"status-publish","4":"has-post-thumbnail","6":"product_cat-e-foil-akademie-de","7":"product_cat-efoil-academy","8":"product_cat-mallorca","10":"desktop-align-center","11":"tablet-align-center","12":"mobile-align-center","13":"ast-product-gallery-layout-horizontal","14":"ast-magnify-disabled","15":"ast-product-tabs-layout-horizontal","17":"first","18":"instock","19":"virtual","20":"taxable","21":"purchasable","22":"product-type-simple"},"acf":[],"brizy_media":[],"_links":{"self":[{"href":"https:\/\/wave-lovers.com\/de\/wp-json\/wp\/v2\/product\/96937","targetHints":{"allow":["GET"]}}],"collection":[{"href":"https:\/\/wave-lovers.com\/de\/wp-json\/wp\/v2\/product"}],"about":[{"href":"https:\/\/wave-lovers.com\/de\/wp-json\/wp\/v2\/types\/product"}],"replies":[{"embeddable":true,"href":"https:\/\/wave-lovers.com\/de\/wp-json\/wp\/v2\/comments?post=96937"}],"wp:featuredmedia":[{"embeddable":true,"href":"https:\/\/wave-lovers.com\/de\/wp-json\/wp\/v2\/media\/63434"}],"wp:attachment":[{"href":"https:\/\/wave-lovers.com\/de\/wp-json\/wp\/v2\/media?parent=96937"}],"wp:term":[{"taxonomy":"product_brand","embeddable":true,"href":"https:\/\/wave-lovers.com\/de\/wp-json\/wp\/v2\/product_brand?post=96937"},{"taxonomy":"product_cat","embeddable":true,"href":"https:\/\/wave-lovers.com\/de\/wp-json\/wp\/v2\/product_cat?post=96937"},{"taxonomy":"product_tag","embeddable":true,"href":"https:\/\/wave-lovers.com\/de\/wp-json\/wp\/v2\/product_tag?post=96937"}],"curies":[{"name":"wp","href":"https:\/\/api.w.org\/{rel}","templated":true}]}}