{"id":93216,"date":"2023-06-02T15:25:01","date_gmt":"2023-06-02T13:25:01","guid":{"rendered":"https:\/\/wave-lovers.com\/?post_type=product&#038;p=93216"},"modified":"2024-05-03T17:03:30","modified_gmt":"2024-05-03T15:03:30","slug":"verleih-imatjet-aufblasbares-elektrisches-sofa","status":"publish","type":"product","link":"https:\/\/wave-lovers.com\/de\/verleih-imatjet-aufblasbares-elektrisches-sofa\/","title":{"rendered":"Verleih iMatJet\u00ae Aufblasbares Elektrisches Sofa"},"content":{"rendered":"<h2>Vermietung des aufblasbaren elektrischen Sofas iMatJet\u00ae<\/h2>\n<p>Entdecken Sie den ersten elektrischen Wassersessel der Welt und erleben Sie Entspannung auf einem ganz neuen Niveau. Der iMatJet\u00ae bietet Ihnen die komfortabelste Fahrt, die Sie je hatten, mit einer H\u00f6chstgeschwindigkeit von bis zu 3 Knoten (ca. 5,5 km\/h). Ausgestattet mit einem Satz (2x 20.000mAh) oder zwei S\u00e4tzen Batterien (4x 20.000mAh) erreichen Sie Ziele in einer Entfernung von 5 bis 10 Kilometern. Das bedeutet jede Menge garantierten Spa\u00df auf dem Wasser. Die schwimmende Fernsteuerung sorgt daf\u00fcr, dass Sie keine Ausr\u00fcstung verlieren und Ihre Zeit in Ruhe genie\u00dfen k\u00f6nnen.<\/p>\n<h3>Highlights<\/h3>\n<p>- wasserdichte, schwimmf\u00e4hige und wiederaufladbare Fernsteuerung<br \/>\n- 1 Stunde Mindestbatterielaufzeit mit bis zu 1,5 Stunden Betriebsdauer je nach Nutzung<br \/>\n- 3 Knoten H\u00f6chstgeschwindigkeit (5,5 km\/h)<br \/>\n- leise Elektromotoren<br \/>\n- Gewichtskapazit\u00e4t bis zu 180 kg (396 Pfund)<br \/>\n- Plug-n-Play-Batterien<\/p>\n<h3>Umfang der Vermietung<\/h3>\n<p>- iMatJet\u00ae standardm\u00e4\u00dfig mit zwei Motoren, SUP-Ventilen, 3 Haltegriffen und 2 Flaschenhaltern<br \/>\n- SUP-Kompressorpumpe mit Aufblas- und Entleerungsfunktion<br \/>\n- wasserdichte Fernsteuerung mit USB-Ladekabel<br \/>\n- Batterieladeger\u00e4t<br \/>\n- Rucksack und kleiner Trolley<br \/>\n- Batterien Ihrer Wahl (1 Satz \/ 2 S\u00e4tze)<\/p>\n","protected":false},"excerpt":{"rendered":"<p>Mieten Sie das erste elektrisch betriebene Wassersofa der Welt. Entworfen f\u00fcr Vergn\u00fcgen, Entspannung und Spa\u00df.<\/p>\n","protected":false},"featured_media":157166,"comment_status":"open","ping_status":"closed","template":"","meta":{"_acf_changed":false,"_editorskit_title_hidden":false,"_editorskit_reading_time":0,"_editorskit_is_block_options_detached":false,"_editorskit_block_options_position":"{}","site-sidebar-layout":"default","site-content-layout":"default","ast-site-content-layout":"default","site-content-style":"default","site-sidebar-style":"default","ast-global-header-display":"","ast-banner-title-visibility":"","ast-main-header-display":"","ast-hfb-above-header-display":"","ast-hfb-below-header-display":"","ast-hfb-mobile-header-display":"","site-post-title":"","ast-breadcrumbs-content":"","ast-featured-img":"","footer-sml-layout":"","ast-disable-related-posts":"","theme-transparent-header-meta":"default","adv-header-id-meta":"","stick-header-meta":"","header-above-stick-meta":"","header-main-stick-meta":"","header-below-stick-meta":"","astra-migrate-meta-layouts":"set","ast-page-background-enabled":"default","ast-page-background-meta":{"desktop":{"background-color":"","background-image":"","background-repeat":"repeat","background-position":"center center","background-size":"auto","background-attachment":"scroll","background-type":"","background-media":"","overlay-type":"","overlay-color":"","overlay-opacity":"","overlay-gradient":""},"tablet":{"background-color":"","background-image":"","background-repeat":"repeat","background-position":"center center","background-size":"auto","background-attachment":"scroll","background-type":"","background-media":"","overlay-type":"","overlay-color":"","overlay-opacity":"","overlay-gradient":""},"mobile":{"background-color":"","background-image":"","background-repeat":"repeat","background-position":"center center","background-size":"auto","background-attachment":"scroll","background-type":"","background-media":"","overlay-type":"","overlay-color":"","overlay-opacity":"","overlay-gradient":""}},"ast-content-background-meta":{"desktop":{"background-color":"var(--ast-global-color-5)","background-image":"","background-repeat":"repeat","background-position":"center center","background-size":"auto","background-attachment":"scroll","background-type":"","background-media":"","overlay-type":"","overlay-color":"","overlay-opacity":"","overlay-gradient":""},"tablet":{"background-color":"var(--ast-global-color-5)","background-image":"","background-repeat":"repeat","background-position":"center center","background-size":"auto","background-attachment":"scroll","background-type":"","background-media":"","overlay-type":"","overlay-color":"","overlay-opacity":"","overlay-gradient":""},"mobile":{"background-color":"var(--ast-global-color-5)","background-image":"","background-repeat":"repeat","background-position":"center center","background-size":"auto","background-attachment":"scroll","background-type":"","background-media":"","overlay-type":"","overlay-color":"","overlay-opacity":"","overlay-gradient":""}},"_jf_save_progress":""},"product_brand":[],"product_cat":[293,61],"product_tag":[],"class_list":{"0":"post-93216","1":"product","2":"type-product","3":"status-publish","4":"has-post-thumbnail","6":"product_cat-vermietung-de","7":"product_cat-rent","8":"desktop-align-center","9":"tablet-align-center","10":"mobile-align-center","11":"ast-product-gallery-layout-horizontal","12":"ast-magnify-disabled","13":"ast-product-single-variable","14":"ast-product-tabs-layout-horizontal","16":"first","17":"instock","18":"taxable","19":"shipping-taxable","20":"purchasable","21":"product-type-variable"},"acf":[],"brizy_media":[],"_links":{"self":[{"href":"https:\/\/wave-lovers.com\/de\/wp-json\/wp\/v2\/product\/93216","targetHints":{"allow":["GET"]}}],"collection":[{"href":"https:\/\/wave-lovers.com\/de\/wp-json\/wp\/v2\/product"}],"about":[{"href":"https:\/\/wave-lovers.com\/de\/wp-json\/wp\/v2\/types\/product"}],"replies":[{"embeddable":true,"href":"https:\/\/wave-lovers.com\/de\/wp-json\/wp\/v2\/comments?post=93216"}],"wp:featuredmedia":[{"embeddable":true,"href":"https:\/\/wave-lovers.com\/de\/wp-json\/wp\/v2\/media\/157166"}],"wp:attachment":[{"href":"https:\/\/wave-lovers.com\/de\/wp-json\/wp\/v2\/media?parent=93216"}],"wp:term":[{"taxonomy":"product_brand","embeddable":true,"href":"https:\/\/wave-lovers.com\/de\/wp-json\/wp\/v2\/product_brand?post=93216"},{"taxonomy":"product_cat","embeddable":true,"href":"https:\/\/wave-lovers.com\/de\/wp-json\/wp\/v2\/product_cat?post=93216"},{"taxonomy":"product_tag","embeddable":true,"href":"https:\/\/wave-lovers.com\/de\/wp-json\/wp\/v2\/product_tag?post=93216"}],"curies":[{"name":"wp","href":"https:\/\/api.w.org\/{rel}","templated":true}]}}