{"id":85284,"date":"2023-03-03T09:25:19","date_gmt":"2023-03-03T08:25:19","guid":{"rendered":"https:\/\/wave-lovers.com\/iaqua-aquadart-pro-680-light\/"},"modified":"2024-03-11T15:31:23","modified_gmt":"2024-03-11T14:31:23","slug":"iaqua-aquadart-pro-680-light","status":"publish","type":"product","link":"https:\/\/wave-lovers.com\/de\/iaqua-aquadart-pro-680-light\/","title":{"rendered":"iAQUA AquaDart Pro 680 Light"},"content":{"rendered":"<h2><strong>iAQUA AquaDart Pro 680 Light<\/strong><\/h2>\n<p>Der AquaDart Pro 680 Light ist t\u00e4uschend schnell f\u00fcr einen professionellen Tauchscooter der Einstiegsklasse. Er kann Sie mit einer Geschwindigkeit von bis zu 15 km\/h und einer maximalen Tiefe von 40 m \u00fcber die Oberfl\u00e4che oder unter Wasser bef\u00f6rdern. Jede Komponente des iAQUA AquaDart Pro 680 Light wurde sorgf\u00e4ltig entwickelt, um Spitzenleistung zu einem bescheidenen Preis zu bieten. Dies ist zwar unsere \"Einstiegsversion\", aber Sie werden begeistert sein! Mit einer Geschwindigkeit von 15 km\/h und einer Tauchtiefe von 20 m ist der iAQUA AquaDart Pro 680 Light der perfekte Einstieg in das, was bei iAQUA m\u00f6glich ist und der neue Standard f\u00fcr Unterwasserscooter.<\/p>\n<h2><strong>iAQUA AquaDart Pro 680 Light | <\/strong><strong>Erh\u00e4ltliche Farben:<\/strong><\/h2>\n<p><img decoding=\"async\" class=\"alignnone wp-image-84608\" src=\"https:\/\/wave-lovers.com\/wp-content\/uploads\/2023\/03\/iAQUA-AquaDart-Pro-680-Light-colors.jpg\" alt=\"\" width=\"203\" height=\"100\" \/><\/p>\n<h2><strong>iAQUA AquaDart Pro 680 Light | Features<\/strong>:<\/h2>\n<p>Betriebsdauer (min - max): 70-120 Min.<br \/>\nLeistungsstufen: 5 G\u00e4nge<br \/>\nMax Geschwindigkeit: bis zu 15km\/h<br \/>\nMaximale Tauchtiefe: 40m<br \/>\nGewicht: 40kg<br \/>\nLeistung: 3,6 kW<br \/>\nSchubkraft: 680N<br \/>\nLadezeit: 2h mit Schnellladeger\u00e4t, 7h mit Standardladeger\u00e4t<br \/>\nBedienung mit der linken\/rechten Hand: \u2713<br \/>\nLeistungsstarke Unterwasserscheinwerfer: Nein<br \/>\nAbmessungen: 115 x 60 x 40 cm<\/p>\n<p><img fetchpriority=\"high\" decoding=\"async\" class=\"alignnone wp-image-84656 size-full\" src=\"https:\/\/wave-lovers.com\/wp-content\/uploads\/2023\/03\/iaqua-seadart-comparison-specifications-2.png\" alt=\"\" width=\"5254\" height=\"3346\" srcset=\"https:\/\/wave-lovers.com\/wp-content\/uploads\/2023\/03\/iaqua-seadart-comparison-specifications-2.png 5254w, https:\/\/wave-lovers.com\/wp-content\/uploads\/2023\/03\/iaqua-seadart-comparison-specifications-2-300x191.png 300w, https:\/\/wave-lovers.com\/wp-content\/uploads\/2023\/03\/iaqua-seadart-comparison-specifications-2-1024x652.png 1024w, https:\/\/wave-lovers.com\/wp-content\/uploads\/2023\/03\/iaqua-seadart-comparison-specifications-2-768x489.png 768w, https:\/\/wave-lovers.com\/wp-content\/uploads\/2023\/03\/iaqua-seadart-comparison-specifications-2-1536x978.png 1536w, https:\/\/wave-lovers.com\/wp-content\/uploads\/2023\/03\/iaqua-seadart-comparison-specifications-2-2048x1304.png 2048w, https:\/\/wave-lovers.com\/wp-content\/uploads\/2023\/03\/iaqua-seadart-comparison-specifications-2-600x382.png 600w\" sizes=\"(max-width: 5254px) 100vw, 5254px\" \/><\/p>\n<p>&nbsp;<\/p>\n<p>&nbsp;<\/p>\n<h2>Der iAQUA Aquadart Pro in Aktion:<\/h2>\n<p>&nbsp;<\/p>\n<div class=\"ast-oembed-container \" style=\"height: 100%;\"><iframe title=\"AquaDart_720_Max_Arctic_White\" src=\"https:\/\/player.vimeo.com\/video\/745283537?dnt=1&amp;app_id=122963\" width=\"500\" height=\"281\" frameborder=\"0\" allow=\"autoplay; fullscreen; picture-in-picture; clipboard-write\"><\/iframe><\/div>\n<p>&nbsp;<\/p>\n<p><img decoding=\"async\" class=\"alignleft wp-image-76473 size-large\" src=\"https:\/\/wave-lovers.com\/wp-content\/uploads\/2022\/10\/iaqua-vs-seabob-best-underwater-scooter-iaqua-453x1024.png\" alt=\"iAQUA versus Seabob - why iaqua is the best underwater scooter choice\" width=\"453\" height=\"1024\" srcset=\"https:\/\/wave-lovers.com\/wp-content\/uploads\/2022\/10\/iaqua-vs-seabob-best-underwater-scooter-iaqua-453x1024.png 453w, https:\/\/wave-lovers.com\/wp-content\/uploads\/2022\/10\/iaqua-vs-seabob-best-underwater-scooter-iaqua-133x300.png 133w, https:\/\/wave-lovers.com\/wp-content\/uploads\/2022\/10\/iaqua-vs-seabob-best-underwater-scooter-iaqua-768x1737.png 768w, https:\/\/wave-lovers.com\/wp-content\/uploads\/2022\/10\/iaqua-vs-seabob-best-underwater-scooter-iaqua-679x1536.png 679w, https:\/\/wave-lovers.com\/wp-content\/uploads\/2022\/10\/iaqua-vs-seabob-best-underwater-scooter-iaqua-906x2048.png 906w, https:\/\/wave-lovers.com\/wp-content\/uploads\/2022\/10\/iaqua-vs-seabob-best-underwater-scooter-iaqua-600x1357.png 600w, https:\/\/wave-lovers.com\/wp-content\/uploads\/2022\/10\/iaqua-vs-seabob-best-underwater-scooter-iaqua.png 976w\" sizes=\"(max-width: 453px) 100vw, 453px\" \/><\/p>\n<p>&nbsp;<\/p>\n","protected":false},"excerpt":{"rendered":"<p>Der AquaDart Pro 680 Light ist t\u00e4uschend schnell f\u00fcr ein professionelles Einsteigermodell.<\/p>\n","protected":false},"featured_media":95929,"comment_status":"open","ping_status":"closed","template":"","meta":{"_acf_changed":false,"_editorskit_title_hidden":false,"_editorskit_reading_time":0,"_editorskit_is_block_options_detached":false,"_editorskit_block_options_position":"{}","site-sidebar-layout":"default","site-content-layout":"default","ast-site-content-layout":"default","site-content-style":"default","site-sidebar-style":"default","ast-global-header-display":"","ast-banner-title-visibility":"","ast-main-header-display":"","ast-hfb-above-header-display":"","ast-hfb-below-header-display":"","ast-hfb-mobile-header-display":"","site-post-title":"","ast-breadcrumbs-content":"","ast-featured-img":"","footer-sml-layout":"","ast-disable-related-posts":"","theme-transparent-header-meta":"default","adv-header-id-meta":"","stick-header-meta":"","header-above-stick-meta":"","header-main-stick-meta":"","header-below-stick-meta":"","astra-migrate-meta-layouts":"set","ast-page-background-enabled":"default","ast-page-background-meta":{"desktop":{"background-color":"","background-image":"","background-repeat":"repeat","background-position":"center center","background-size":"auto","background-attachment":"scroll","background-type":"","background-media":"","overlay-type":"","overlay-color":"","overlay-opacity":"","overlay-gradient":""},"tablet":{"background-color":"","background-image":"","background-repeat":"repeat","background-position":"center center","background-size":"auto","background-attachment":"scroll","background-type":"","background-media":"","overlay-type":"","overlay-color":"","overlay-opacity":"","overlay-gradient":""},"mobile":{"background-color":"","background-image":"","background-repeat":"repeat","background-position":"center center","background-size":"auto","background-attachment":"scroll","background-type":"","background-media":"","overlay-type":"","overlay-color":"","overlay-opacity":"","overlay-gradient":""}},"ast-content-background-meta":{"desktop":{"background-color":"var(--ast-global-color-5)","background-image":"","background-repeat":"repeat","background-position":"center center","background-size":"auto","background-attachment":"scroll","background-type":"","background-media":"","overlay-type":"","overlay-color":"","overlay-opacity":"","overlay-gradient":""},"tablet":{"background-color":"var(--ast-global-color-5)","background-image":"","background-repeat":"repeat","background-position":"center center","background-size":"auto","background-attachment":"scroll","background-type":"","background-media":"","overlay-type":"","overlay-color":"","overlay-opacity":"","overlay-gradient":""},"mobile":{"background-color":"var(--ast-global-color-5)","background-image":"","background-repeat":"repeat","background-position":"center center","background-size":"auto","background-attachment":"scroll","background-type":"","background-media":"","overlay-type":"","overlay-color":"","overlay-opacity":"","overlay-gradient":""}},"_jf_save_progress":""},"product_brand":[],"product_cat":[121,60,111,19],"product_tag":[],"class_list":{"0":"post-85284","1":"product","2":"type-product","3":"status-publish","4":"has-post-thumbnail","6":"product_cat-unterwasser-scooter-de","7":"product_cat-buy","8":"product_cat-verkauf","9":"product_cat-underwater-scooter","10":"product_shipping_class-mg-de","11":"desktop-align-center","12":"tablet-align-center","13":"mobile-align-center","14":"ast-product-gallery-layout-horizontal","15":"ast-magnify-disabled","16":"ast-product-single-variable","17":"ast-product-tabs-layout-horizontal","19":"first","20":"outofstock","21":"taxable","22":"shipping-taxable","23":"purchasable","24":"product-type-variable"},"acf":[],"brizy_media":[],"_links":{"self":[{"href":"https:\/\/wave-lovers.com\/de\/wp-json\/wp\/v2\/product\/85284","targetHints":{"allow":["GET"]}}],"collection":[{"href":"https:\/\/wave-lovers.com\/de\/wp-json\/wp\/v2\/product"}],"about":[{"href":"https:\/\/wave-lovers.com\/de\/wp-json\/wp\/v2\/types\/product"}],"replies":[{"embeddable":true,"href":"https:\/\/wave-lovers.com\/de\/wp-json\/wp\/v2\/comments?post=85284"}],"wp:featuredmedia":[{"embeddable":true,"href":"https:\/\/wave-lovers.com\/de\/wp-json\/wp\/v2\/media\/95929"}],"wp:attachment":[{"href":"https:\/\/wave-lovers.com\/de\/wp-json\/wp\/v2\/media?parent=85284"}],"wp:term":[{"taxonomy":"product_brand","embeddable":true,"href":"https:\/\/wave-lovers.com\/de\/wp-json\/wp\/v2\/product_brand?post=85284"},{"taxonomy":"product_cat","embeddable":true,"href":"https:\/\/wave-lovers.com\/de\/wp-json\/wp\/v2\/product_cat?post=85284"},{"taxonomy":"product_tag","embeddable":true,"href":"https:\/\/wave-lovers.com\/de\/wp-json\/wp\/v2\/product_tag?post=85284"}],"curies":[{"name":"wp","href":"https:\/\/api.w.org\/{rel}","templated":true}]}}