{"id":85068,"date":"2023-01-23T16:15:59","date_gmt":"2023-01-23T15:15:59","guid":{"rendered":"https:\/\/wave-lovers.com\/?post_type=product&#038;p=85068"},"modified":"2024-03-11T15:31:23","modified_gmt":"2024-03-11T14:31:23","slug":"hydroflyer-cruiser-e-foil","status":"publish","type":"product","link":"https:\/\/wave-lovers.com\/de\/hydroflyer-cruiser-e-foil\/","title":{"rendered":"Hydroflyer Cruiser E-Foil"},"content":{"rendered":"<h2>Hydroflyer Cruiser E-Foil - die Zukunft des Foilings<\/h2>\n<p>Der HydroFlyer\u2122 ist das fortschrittlichste Wassersportger\u00e4t, das jemals entwickelt wurde. Mit Geschwindigkeitseinstellungen, die von leicht bis rasant reichen, und branchenf\u00fchrenden Sicherheitsmerkmalen f\u00fcr den Fahrer wurde der HydroFlyer\u2122 f\u00fcr Anf\u00e4nger und professionelle Adrenalin-Sucher gleicherma\u00dfen entwickelt. Der HydroFlyer\u2122 ist eines der coolstes, neuen Wassersportger\u00e4te der Welt und zudem f\u00fcr Jedermann zug\u00e4nglich.<\/p>\n<h3>Wie funktioniert der HydroFlyer\u2122?<\/h3>\n<p>Der HydroFlyer\u2122 bietet Ihnen eine neue und umweltfreundliche Art, das Fliegen \u00fcber dem Wasser zu erleben. Der HydroFlyer\u2122 eFoil ist zu 100 % elektrisch, d. h. er ben\u00f6tigt keinen Treibstoff, erzeugt keine Abgase oder sonstige (lokale) Umweltverschmutzung. Das Ger\u00e4t l\u00e4sst sich schnell an einer normalen Steckdose aufladen und erfordert kaum Wartung.<\/p>\n<p>Der HydroFlyer\u2122 verwendet einen am Lenker befestigten Bluetooth-Controller, um die Geschwindigkeit zu steuern. Der Controller gibt das Signal an den Bordcomputer weiter, der wiederum der Lithiumbatterie signalisiert, den nahezu ger\u00e4uschlosen Motor einzuschalten. Sobald der Fahrer eine Geschwindigkeit von etwa 4-5 Knoten erreicht hat, beginnen Auftrieb und Schubkraft ihre Wirkung zu entfalten und der HydroFlyer hebt aus dem Wasser ab. Das ist der Moment, in dem es sich wie Fliegen anf\u00fchlt. Es gibt (fast) kein besseres Gef\u00fchl auf der Welt als dieses.<\/p>\n<p><img fetchpriority=\"high\" decoding=\"async\" class=\"aligncenter wp-image-83000 size-full\" src=\"https:\/\/wave-lovers.com\/wp-content\/uploads\/2023\/01\/hydroflyer-cruiser-e-foil-technical-specifications.png\" alt=\"hydroflyer-cruiser-e-foil technical specifications\" width=\"1200\" height=\"800\" srcset=\"https:\/\/wave-lovers.com\/wp-content\/uploads\/2023\/01\/hydroflyer-cruiser-e-foil-technical-specifications.png 1200w, https:\/\/wave-lovers.com\/wp-content\/uploads\/2023\/01\/hydroflyer-cruiser-e-foil-technical-specifications-300x200.png 300w, https:\/\/wave-lovers.com\/wp-content\/uploads\/2023\/01\/hydroflyer-cruiser-e-foil-technical-specifications-1024x683.png 1024w, https:\/\/wave-lovers.com\/wp-content\/uploads\/2023\/01\/hydroflyer-cruiser-e-foil-technical-specifications-768x512.png 768w, https:\/\/wave-lovers.com\/wp-content\/uploads\/2023\/01\/hydroflyer-cruiser-e-foil-technical-specifications-500x333.png 500w, https:\/\/wave-lovers.com\/wp-content\/uploads\/2023\/01\/hydroflyer-cruiser-e-foil-technical-specifications-600x400.png 600w\" sizes=\"(max-width: 1200px) 100vw, 1200px\" \/><\/p>\n<h3>Hydroflyer Cruiser E-Foil - Zahlen &amp; Fakten<\/h3>\n<ul>\n<li>Fahrzeit: 120 Min.<\/li>\n<li>H\u00f6chstgeschwindigkeit: 55 Km\/H<\/li>\n<li>Reichweite: 40 KM<\/li>\n<li>Aufladezeit: 1,5 Stunden<\/li>\n<li>Gewicht: 35-40 Kg<\/li>\n<\/ul>\n<p><img decoding=\"async\" class=\"wp-image-83015 size-full aligncenter\" src=\"https:\/\/wave-lovers.com\/wp-content\/uploads\/2023\/01\/hydroflyer-cruiser-e-foil-white.png\" alt=\"hydroflyer-cruiser-e-foil white\" width=\"1200\" height=\"800\" srcset=\"https:\/\/wave-lovers.com\/wp-content\/uploads\/2023\/01\/hydroflyer-cruiser-e-foil-white.png 1200w, https:\/\/wave-lovers.com\/wp-content\/uploads\/2023\/01\/hydroflyer-cruiser-e-foil-white-300x200.png 300w, https:\/\/wave-lovers.com\/wp-content\/uploads\/2023\/01\/hydroflyer-cruiser-e-foil-white-1024x683.png 1024w, https:\/\/wave-lovers.com\/wp-content\/uploads\/2023\/01\/hydroflyer-cruiser-e-foil-white-768x512.png 768w, https:\/\/wave-lovers.com\/wp-content\/uploads\/2023\/01\/hydroflyer-cruiser-e-foil-white-500x333.png 500w, https:\/\/wave-lovers.com\/wp-content\/uploads\/2023\/01\/hydroflyer-cruiser-e-foil-white-600x400.png 600w\" sizes=\"(max-width: 1200px) 100vw, 1200px\" \/><\/p>\n<p>&nbsp;<\/p>\n<h3>5 Gr\u00fcnde, warum der HydroFlyer\u2122 das coolste neue Wasserspielzeug der Welt ist:<\/h3>\n<ol>\n<li><strong>Entwickelt f\u00fcr maximalen Komfort<\/strong><br \/>\nErgonomisch geformte Griffe, ein geschwungenes Surfbrett f\u00fcr bessere Reaktionsf\u00e4higkeit und eine nach vorne gerichtete Position des Fahrers reduzieren die Erm\u00fcdung der Beine des Fahrers. Optimal gerade bei langen Sessions.<\/li>\n<li><strong>Stabilisiertes Board-Design (zum Patent angemeldet)<\/strong><br \/>\nDas einzigartige \"V-Nose-Design\" des Boards schneidet durch Kabbelwellen und minimiert den Wasser- und Luftwiderstand f\u00fcr einfache Starts und Landungen. Die geringere Seitw\u00e4rtsbewegung erleichtert das Gleichgewicht und verringert die Sturzgefahr.<\/li>\n<li><strong>Safety Wing (zum Patent angemeldet)<\/strong><br \/>\nUnsere zum Patent angemeldete Cloud Tech\u2122 Safety Foil-Technologie verf\u00fcgt \u00fcber einen weichen Fl\u00fcgel mit Gummikanten. Bis zu 5x mehr Sto\u00dfd\u00e4mpfung als ein normaler Carbonfl\u00fcgel. Sch\u00fctzt Fahrer und Ausr\u00fcstung vor Schnitten und gr\u00f6\u00dferen Sch\u00e4den.<\/li>\n<li><strong>Lenker f\u00fcr mehr Stabilit\u00e4t (zum Patent angemeldet)<\/strong><br \/>\nDer abnehmbare Lenker erleichtert das Gleichgewicht, reduziert Wipeouts und verk\u00fcrzt die Lernkurve f\u00fcr Anf\u00e4nger. Sogar Anf\u00e4nger ohne jegliche Erfahrung k\u00f6nnen aufsteigen und das Gef\u00fchl des Fliegens auf Anhieb genie\u00dfen.<\/li>\n<li><strong>Weltklasse-Technik<\/strong><br \/>\nWissenschaftlich entwickelte und getestete Tragfl\u00e4chen. Die ultraeffizienten Tragfl\u00e4chen reduzieren den Luftwiderstand und erm\u00f6glichen maximales Gleiten und eine geringere Belastung des Akkus. Das bedeutet h\u00f6here Geschwindigkeiten und l\u00e4ngere Fahrzeiten ohne Aufladen.<\/li>\n<\/ol>\n<p><img decoding=\"async\" class=\"aligncenter wp-image-82997 size-large\" src=\"https:\/\/wave-lovers.com\/wp-content\/uploads\/2023\/01\/hydroflyer-cruiser-e-foil-environmental-promises-e1674497476501.png\" alt=\"hydroflyer-cruiser-e-foil environmental promises\" width=\"1024\" height=\"256\" srcset=\"https:\/\/wave-lovers.com\/wp-content\/uploads\/2023\/01\/hydroflyer-cruiser-e-foil-environmental-promises-e1674497476501.png 1200w, https:\/\/wave-lovers.com\/wp-content\/uploads\/2023\/01\/hydroflyer-cruiser-e-foil-environmental-promises-e1674497476501-300x75.png 300w, https:\/\/wave-lovers.com\/wp-content\/uploads\/2023\/01\/hydroflyer-cruiser-e-foil-environmental-promises-e1674497476501-1024x256.png 1024w, https:\/\/wave-lovers.com\/wp-content\/uploads\/2023\/01\/hydroflyer-cruiser-e-foil-environmental-promises-e1674497476501-768x192.png 768w, https:\/\/wave-lovers.com\/wp-content\/uploads\/2023\/01\/hydroflyer-cruiser-e-foil-environmental-promises-e1674497476501-600x150.png 600w\" sizes=\"(max-width: 1024px) 100vw, 1024px\" \/><\/p>\n<h3>Der Ritt des Lebens<\/h3>\n<p>Board-, Fl\u00fcgel-, Geschwindigkeits- und Stabilit\u00e4tsoptionen f\u00fcr alle Leistungsniveaus und K\u00f6rpertypen - der HydroFlyer\u2122 wurde entwickelt, um E-Foiling f\u00fcr jeden zug\u00e4nglich zu machen. Die perfekte Balance aus Geschwindigkeit, Spannung, Benutzerfreundlichkeit und Sicherheit: Mindestens eine Option gibt es f\u00fcr jeden Fahrer.\u200d Wenn Sie schon immer wissen wollten, wie es sich anf\u00fchlt, \u00fcber das Wasser und die Wellen zu fliegen, m\u00fcssen Sie das ausprobieren!<\/p>\n<p><img loading=\"lazy\" decoding=\"async\" class=\"aligncenter wp-image-82991 size-full\" src=\"https:\/\/wave-lovers.com\/wp-content\/uploads\/2023\/01\/hydroflyer-cruiser-e-foil-wings-comparison-e1674497565358.png\" alt=\"hydroflyer-cruiser-e-foil wings comparison\" width=\"984\" height=\"800\" srcset=\"https:\/\/wave-lovers.com\/wp-content\/uploads\/2023\/01\/hydroflyer-cruiser-e-foil-wings-comparison-e1674497565358.png 984w, https:\/\/wave-lovers.com\/wp-content\/uploads\/2023\/01\/hydroflyer-cruiser-e-foil-wings-comparison-e1674497565358-300x244.png 300w, https:\/\/wave-lovers.com\/wp-content\/uploads\/2023\/01\/hydroflyer-cruiser-e-foil-wings-comparison-e1674497565358-768x624.png 768w, https:\/\/wave-lovers.com\/wp-content\/uploads\/2023\/01\/hydroflyer-cruiser-e-foil-wings-comparison-e1674497565358-600x488.png 600w\" sizes=\"(max-width: 984px) 100vw, 984px\" \/><\/p>\n<p><img loading=\"lazy\" decoding=\"async\" class=\"aligncenter wp-image-82994 size-full\" src=\"https:\/\/wave-lovers.com\/wp-content\/uploads\/2023\/01\/hydroflyer-cruiser-e-foil-5-reasons-why-it-is-a-good-e-foil.png\" alt=\"hydroflyer-cruiser-e-foil 5 reasons why it is a good e-foil\" width=\"1200\" height=\"800\" srcset=\"https:\/\/wave-lovers.com\/wp-content\/uploads\/2023\/01\/hydroflyer-cruiser-e-foil-5-reasons-why-it-is-a-good-e-foil.png 1200w, https:\/\/wave-lovers.com\/wp-content\/uploads\/2023\/01\/hydroflyer-cruiser-e-foil-5-reasons-why-it-is-a-good-e-foil-300x200.png 300w, https:\/\/wave-lovers.com\/wp-content\/uploads\/2023\/01\/hydroflyer-cruiser-e-foil-5-reasons-why-it-is-a-good-e-foil-1024x683.png 1024w, https:\/\/wave-lovers.com\/wp-content\/uploads\/2023\/01\/hydroflyer-cruiser-e-foil-5-reasons-why-it-is-a-good-e-foil-768x512.png 768w, https:\/\/wave-lovers.com\/wp-content\/uploads\/2023\/01\/hydroflyer-cruiser-e-foil-5-reasons-why-it-is-a-good-e-foil-500x333.png 500w, https:\/\/wave-lovers.com\/wp-content\/uploads\/2023\/01\/hydroflyer-cruiser-e-foil-5-reasons-why-it-is-a-good-e-foil-600x400.png 600w\" sizes=\"(max-width: 1200px) 100vw, 1200px\" \/><\/p>\n","protected":false},"excerpt":{"rendered":"<p>Der HydroFlyer\u2122 ist eines der coolsten, neuen Wassersportger\u00e4te der Welt, das f\u00fcr alle Leistungs-, Alters- und Gewichtsklassen zug\u00e4nglich ist.<\/p>\n","protected":false},"featured_media":95740,"comment_status":"open","ping_status":"closed","template":"","meta":{"_acf_changed":false,"_editorskit_title_hidden":false,"_editorskit_reading_time":0,"_editorskit_is_block_options_detached":false,"_editorskit_block_options_position":"{}","site-sidebar-layout":"default","site-content-layout":"default","ast-site-content-layout":"default","site-content-style":"default","site-sidebar-style":"default","ast-global-header-display":"","ast-banner-title-visibility":"","ast-main-header-display":"","ast-hfb-above-header-display":"","ast-hfb-below-header-display":"","ast-hfb-mobile-header-display":"","site-post-title":"disabled","ast-breadcrumbs-content":"","ast-featured-img":"","footer-sml-layout":"","ast-disable-related-posts":"","theme-transparent-header-meta":"default","adv-header-id-meta":"","stick-header-meta":"","header-above-stick-meta":"","header-main-stick-meta":"","header-below-stick-meta":"","astra-migrate-meta-layouts":"set","ast-page-background-enabled":"default","ast-page-background-meta":{"desktop":{"background-color":"","background-image":"","background-repeat":"repeat","background-position":"center center","background-size":"auto","background-attachment":"scroll","background-type":"","background-media":"","overlay-type":"","overlay-color":"","overlay-opacity":"","overlay-gradient":""},"tablet":{"background-color":"","background-image":"","background-repeat":"repeat","background-position":"center center","background-size":"auto","background-attachment":"scroll","background-type":"","background-media":"","overlay-type":"","overlay-color":"","overlay-opacity":"","overlay-gradient":""},"mobile":{"background-color":"","background-image":"","background-repeat":"repeat","background-position":"center center","background-size":"auto","background-attachment":"scroll","background-type":"","background-media":"","overlay-type":"","overlay-color":"","overlay-opacity":"","overlay-gradient":""}},"ast-content-background-meta":{"desktop":{"background-color":"var(--ast-global-color-5)","background-image":"","background-repeat":"repeat","background-position":"center center","background-size":"auto","background-attachment":"scroll","background-type":"","background-media":"","overlay-type":"","overlay-color":"","overlay-opacity":"","overlay-gradient":""},"tablet":{"background-color":"var(--ast-global-color-5)","background-image":"","background-repeat":"repeat","background-position":"center center","background-size":"auto","background-attachment":"scroll","background-type":"","background-media":"","overlay-type":"","overlay-color":"","overlay-opacity":"","overlay-gradient":""},"mobile":{"background-color":"var(--ast-global-color-5)","background-image":"","background-repeat":"repeat","background-position":"center center","background-size":"auto","background-attachment":"scroll","background-type":"","background-media":"","overlay-type":"","overlay-color":"","overlay-opacity":"","overlay-gradient":""}},"_jf_save_progress":""},"product_brand":[],"product_cat":[111,92],"product_tag":[],"class_list":{"0":"post-85068","1":"product","2":"type-product","3":"status-publish","4":"has-post-thumbnail","6":"product_cat-verkauf","7":"product_cat-e-foil-de","8":"product_shipping_class-lg-de","9":"desktop-align-center","10":"tablet-align-center","11":"mobile-align-center","12":"ast-product-gallery-layout-horizontal","13":"ast-magnify-disabled","14":"ast-product-tabs-layout-horizontal","16":"first","17":"instock","18":"taxable","19":"shipping-taxable","20":"purchasable","21":"product-type-simple"},"acf":[],"brizy_media":[{"id":394,"url":"https:\/\/wave-lovers.com\/wp-content\/uploads\/2021\/01\/E-Foil-Surf-in-Fuerteventura.png","name":"E-Foil-Surf-in-Fuerteventura.png","meta":{"brizy_attachment_uid":"wp-94c9cce8d679a7c3867d56ce02984e39.png","brizy_post_uid":["036f3c858f7493a96f1ecf6bf97c3739","a9cb51fc18b3a0e5c20b367b123782f1","4d07bf27702d9e74ca4c3511c74110e4","57a9f74eb861a76ebdbcd0ca0523c138"]}}],"_links":{"self":[{"href":"https:\/\/wave-lovers.com\/de\/wp-json\/wp\/v2\/product\/85068","targetHints":{"allow":["GET"]}}],"collection":[{"href":"https:\/\/wave-lovers.com\/de\/wp-json\/wp\/v2\/product"}],"about":[{"href":"https:\/\/wave-lovers.com\/de\/wp-json\/wp\/v2\/types\/product"}],"replies":[{"embeddable":true,"href":"https:\/\/wave-lovers.com\/de\/wp-json\/wp\/v2\/comments?post=85068"}],"wp:featuredmedia":[{"embeddable":true,"href":"https:\/\/wave-lovers.com\/de\/wp-json\/wp\/v2\/media\/95740"}],"wp:attachment":[{"href":"https:\/\/wave-lovers.com\/de\/wp-json\/wp\/v2\/media?parent=85068"}],"wp:term":[{"taxonomy":"product_brand","embeddable":true,"href":"https:\/\/wave-lovers.com\/de\/wp-json\/wp\/v2\/product_brand?post=85068"},{"taxonomy":"product_cat","embeddable":true,"href":"https:\/\/wave-lovers.com\/de\/wp-json\/wp\/v2\/product_cat?post=85068"},{"taxonomy":"product_tag","embeddable":true,"href":"https:\/\/wave-lovers.com\/de\/wp-json\/wp\/v2\/product_tag?post=85068"}],"curies":[{"name":"wp","href":"https:\/\/api.w.org\/{rel}","templated":true}]}}