{"id":78150,"date":"2022-04-20T14:27:30","date_gmt":"2022-04-20T12:27:30","guid":{"rendered":"https:\/\/wave-lovers.com\/?post_type=product&#038;p=78150"},"modified":"2024-12-09T00:25:22","modified_gmt":"2024-12-08T23:25:22","slug":"audi-e-tron-foil-von-aerofoils","status":"publish","type":"product","link":"https:\/\/wave-lovers.com\/de\/audi-e-tron-foil-von-aerofoils\/","title":{"rendered":"Audi e-tron foil von Aerofoils"},"content":{"rendered":"<h2 style=\"text-align: center;\"><span style=\"font-size: 1.8em;\"><strong>Audi e-tron foil von Aerofoils<\/strong><\/span><\/h2>\n<h2 style=\"text-align: center;\"><span style=\"font-size: 1.3em;\">Das sicherste elektrische hydrofoil Surfbrett der Welt<\/span><\/h2>\n<p style=\"font-size: 1.1em; text-align: center;\"><strong>Erleben Sie eine der aufregendsten Technologien des 21. Jahrhunderts<\/strong><\/p>\n<hr \/>\n<h2><span style=\"font-size: .7em;\"><strong><u>Audi e-tron foil - ALLGEMEINE INFORMATIONEN<\/u><\/strong><\/span><\/h2>\n<h3><span style=\"font-size: .6em;\"><strong>MODERNE TECHNOLOGIE<\/strong><\/span><\/h3>\n<p>Mit der Technologie kommt eine ganz neue \u00c4ra der M\u00f6glichkeiten. Stellen Sie sich vor, Sie k\u00f6nnten die Natur auf nachhaltige und bewusste Weise erkunden - weit weg vom L\u00e4rm und den Menschenmassen der Ballungsr\u00e4ume. Das getriebelose Antriebssystem ist auf Langlebigkeit und einen niedrigen Ger\u00e4uschpegel ausgelegt und damit die perfekte Wahl f\u00fcr alle, die eine der aufregendsten Technologien des 21.<\/p>\n<h3><span style=\"font-size: .6em;\"><strong>PERFEKTES GLEITEN<\/strong><\/span><\/h3>\n<p>Der SpinOff der Audi AG verbindet zwei Welten und ist das Ergebnis der langj\u00e4hrigen Erfahrung und Designkompetenz von Audi, kombiniert mit 20 Jahren Know-how im Flugzeugbau. Das Ergebnis dieser einzigartigen Kombination ist eine exzellente e-Foil, die nicht nur \u00e4sthetisch ansprechend ist, sondern auch die perfekte Balance zwischen Leistung und Effizienz bietet.<\/p>\n<h3><span style=\"font-size: .6em;\"><strong>FLIEGE H\u00d6HER. CARVE ST\u00c4RKER.<\/strong><\/span><\/h3>\n<p>Es ist Zeit, h\u00f6her zu fliegen! Dies ist eine ausgezeichnete Wahl f\u00fcr alle, die das Beste aus ihrem e-Foil-Erlebnis herausholen wollen. Sein 80 cm langer Mast kann voll ausgenutzt werden, um besser und h\u00f6her \u00fcber raue See zu fliegen und steilere Kurven zu fahren. Au\u00dferdem bietet das e-tron e-Foil gen\u00fcgend Reserven, um auch gro\u00dfe Wellen zu surfen. Damit ist es perfekt f\u00fcr alle, die beim Surfen an ihre Grenzen gehen und neue Herausforderungen entdecken wollen.<\/p>\n<figure id=\"attachment_60812\" aria-describedby=\"caption-attachment-60812\" style=\"width: 1200px\" class=\"wp-caption aligncenter\"><img fetchpriority=\"high\" decoding=\"async\" class=\"wp-image-60812 size-full\" src=\"https:\/\/wave-lovers.com\/wp-content\/uploads\/2022\/04\/audi-etron-efoil-carbon-mast-in-action.jpg\" alt=\"Audi e-tron e-Foil 80cm Carbon Mast on the Water\" width=\"1200\" height=\"800\" srcset=\"https:\/\/wave-lovers.com\/wp-content\/uploads\/2022\/04\/audi-etron-efoil-carbon-mast-in-action.jpg 1200w, https:\/\/wave-lovers.com\/wp-content\/uploads\/2022\/04\/audi-etron-efoil-carbon-mast-in-action-500x333.jpg 500w, https:\/\/wave-lovers.com\/wp-content\/uploads\/2022\/04\/audi-etron-efoil-carbon-mast-in-action-600x400.jpg 600w, https:\/\/wave-lovers.com\/wp-content\/uploads\/2022\/04\/audi-etron-efoil-carbon-mast-in-action-300x200.jpg 300w, https:\/\/wave-lovers.com\/wp-content\/uploads\/2022\/04\/audi-etron-efoil-carbon-mast-in-action-1024x683.jpg 1024w, https:\/\/wave-lovers.com\/wp-content\/uploads\/2022\/04\/audi-etron-efoil-carbon-mast-in-action-768x512.jpg 768w\" sizes=\"(max-width: 1200px) 100vw, 1200px\" \/><figcaption id=\"caption-attachment-60812\" class=\"wp-caption-text\"><span style=\"color: #999999;\">Audi e-tron Foil von Aerofoils<\/span><\/figcaption><\/figure>\n<h3><span style=\"font-size: .6em;\"><strong>MAXIMALES GLEICHGEWICHT<\/strong><\/span><\/h3>\n<p>Maximale Ausgewogenheit ist der Schl\u00fcssel zu einem erfolgreichen e-Foil-Erlebnis. Mast und Fl\u00fcgel aus Kohlefaser bieten maximale Steifigkeit bei geringem Gewicht. Sie sp\u00fcren die Str\u00f6mung unter Ihren F\u00fc\u00dfen und k\u00f6nnen Ihren e-tron mit definierten Bewegungen pr\u00e4zise durch die Kurven steuern.<\/p>\n<h3><span style=\"font-size: .6em;\"><strong>ULTRAKOMPAKTER E-DRIVE - FSP (FULLY SHIELDED PROPELLER)<\/strong><\/span><\/h3>\n<p>Der FSP (Fully Shielded Propeller) ist eine ultrakompakte Antriebseinheit, die mit Blick auf Leistung und Sicherheit entwickelt und konstruiert wurde - ideal f\u00fcr alle, die ein m\u00f6glichst sicheres und schnelles e-Foil suchen. Die rotierenden Teile k\u00f6nnen nicht ber\u00fchrt werden, wodurch Verletzungen der Benutzer vermieden werden. Diese ultrakompakte Antriebseinheit garantiert ein Minimum an Wasserwiderstand und bietet ein un\u00fcbertroffenes Ma\u00df an Leistung und Schubkraft.<\/p>\n<h3><span style=\"font-size: .6em;\"><strong>VOLLE KONTROLLE VON LEVEL ZU LEVEL<\/strong><\/span><\/h3>\n<p>Der e-tron Controller ist die perfekte M\u00f6glichkeit, die Kontrolle \u00fcber Ihr Fahrerlebnis zu \u00fcbernehmen. Mit 10 Leistungsstufen und einer besonders fein einstellbaren Drosselklappe k\u00f6nnen Sie Ihren Fahrstil an Ihre pers\u00f6nlichen Vorlieben anpassen. Die intelligenten Funktionen des Controllers machen es Ihnen au\u00dferdem leicht, Ihr Fahrverhalten an Ihre F\u00e4higkeiten anzupassen. Dank des gestochen scharfen Farbdisplays haben Sie alle wichtigen Fahrdaten immer direkt in der Hand. Dies wird Ihnen zu einem noch angenehmeren Fahrerlebnis verhelfen.<\/p>\n<figure id=\"attachment_60809\" aria-describedby=\"caption-attachment-60809\" style=\"width: 1200px\" class=\"wp-caption aligncenter\"><img decoding=\"async\" class=\"wp-image-60809 size-full\" style=\"font-style: inherit; font-weight: bold; text-align: center;\" src=\"https:\/\/wave-lovers.com\/wp-content\/uploads\/2022\/04\/audi-etron-efoil-anna-gasser-sundowner-surfing.jpg\" alt=\"Anna Gasser Sundowner Surfing with Audi e-tron electric Hydrofoil\" width=\"1200\" height=\"800\" srcset=\"https:\/\/wave-lovers.com\/wp-content\/uploads\/2022\/04\/audi-etron-efoil-anna-gasser-sundowner-surfing.jpg 1200w, https:\/\/wave-lovers.com\/wp-content\/uploads\/2022\/04\/audi-etron-efoil-anna-gasser-sundowner-surfing-500x333.jpg 500w, https:\/\/wave-lovers.com\/wp-content\/uploads\/2022\/04\/audi-etron-efoil-anna-gasser-sundowner-surfing-600x400.jpg 600w, https:\/\/wave-lovers.com\/wp-content\/uploads\/2022\/04\/audi-etron-efoil-anna-gasser-sundowner-surfing-300x200.jpg 300w, https:\/\/wave-lovers.com\/wp-content\/uploads\/2022\/04\/audi-etron-efoil-anna-gasser-sundowner-surfing-1024x683.jpg 1024w, https:\/\/wave-lovers.com\/wp-content\/uploads\/2022\/04\/audi-etron-efoil-anna-gasser-sundowner-surfing-768x512.jpg 768w\" sizes=\"(max-width: 1200px) 100vw, 1200px\" \/><figcaption id=\"caption-attachment-60809\" class=\"wp-caption-text\"><span style=\"color: #999999;\">Anna Gasser surft mit einem Audi e-tron elektrischen hydrofoil Surfbrett<\/span><\/figcaption><\/figure>\n<h3><span style=\"font-size: .6em;\"><strong>BATTERIE MIT MAXIMALER REICHWEITE<\/strong><\/span><\/h3>\n<p>Sicherheit und Leistung waren die wichtigsten Faktoren bei der Entwicklung der Batterie. Durch die Verwendung von Hochleistungszellen wird eine hohe Reichweite bei sehr geringem Gewicht erreicht. Die st\u00e4ndige \u00dcberwachung erm\u00f6glicht eine pr\u00e4zise Feinabstimmung des gesamten Systems auf der Grundlage der gesammelten Daten. Probleme werden erkannt, bevor sie auftreten. Die st\u00e4ndige \u00dcberwachung liefert hervorragende Daten f\u00fcr eine genaue Feinabstimmung des gesamten Systems. Ausgestattet mit zwei Funkmodulen, die sicherstellen, dass die Verbindung auch bei den schwierigsten Fahrman\u00f6vern erhalten bleibt. Der e-Foil verliert nie die Verbindung.<\/p>\n<h2><strong><u>Audi e-tron foil - HIGHLIGHTS<\/u><\/strong><\/h2>\n<ul>\n<li>Das sicherste elektrische hydrofoil Surfbrett der Welt.<\/li>\n<li>Kein offener Propeller.<\/li>\n<li>Keine Verletzungen durch rotierende Teile der Antriebseinheit.<\/li>\n<li>Vollst\u00e4ndig integrierte Antriebseinheit. Ultra schlankes, aerodynamisches Flugzeugdesign.<\/li>\n<li>Bestes Gleiten auf dem Markt. Minimaler Wasserwiderstand.<\/li>\n<li>Leistungsstarke intelligente Batterie. Gro\u00dfe Reichweite bei sehr geringem Gewicht.<\/li>\n<li>80 cm Carbon-Mastl\u00e4nge. Steilere Kurven und besseres Handling in Kabbelwellen. Maximale H\u00f6he.<\/li>\n<li>Wartungsfrei. Getriebeloser Antriebsmotor. Keine K\u00fchlleitungen.<\/li>\n<li>\u00c4u\u00dferst leise. Ger\u00e4uschoptimiert.<\/li>\n<li>Hochempfindliche Drosselklappe. 10 Leistungsstufen.<\/li>\n<li>Intelligente Hightech-Fernbedienung mit ultrascharfem Farbdisplay.<\/li>\n<li>Funkmodule (vorne und hinten) f\u00fcr stabile Verbindung bei extremen Fahrman\u00f6vern.<\/li>\n<li>Smartphone APP (kostenlos).<\/li>\n<li>GPS &amp; Gyro f\u00fcr Datenauswertung und bessere Ausstattung in zuk\u00fcnftigen Entwicklungen.<\/li>\n<li>Hergestellt in Deutschland.<\/li>\n<\/ul>\n<h2><strong><u>Audi e-tron foil - TECHNISCHE DATEN &amp; PERFORMANCE<\/u><\/strong><\/h2>\n\n<table id=\"tablepress-Audi-e-tron-foil-de\" class=\"tablepress tablepress-id-Audi-e-tron-foil-de audi-foil tbody-has-connected-cells\">\n<tbody>\n<tr class=\"row-1\">\n\t<td colspan=\"2\" class=\"column-1\"><h3>PERFORMANCE \u2013 SECURITY \u2013 QUALITY<\/h3><\/td>\n<\/tr>\n<tr class=\"row-2\">\n\t<td class=\"column-1\">FAHRZEIT<\/td><td class=\"column-2\">\u00f81-1,5h. max Zeit 2h.*<\/td>\n<\/tr>\n<tr class=\"row-3\">\n\t<td class=\"column-1\">GESCHWINDIGKEIT<\/td><td class=\"column-2\">\u00f820-30 km\/h \u2013 max 50\/h.*<\/td>\n<\/tr>\n<tr class=\"row-4\">\n\t<td class=\"column-1\">REICHWEITE<\/td><td class=\"column-2\">\u00f820-30 km\/h \u2013 max 40 km.*<\/td>\n<\/tr>\n<tr class=\"row-5\">\n\t<td class=\"column-1\">SENSOREN<\/td><td class=\"column-2\">GPS, Gyro, Daten logging.<\/td>\n<\/tr>\n<tr class=\"row-6\">\n\t<td class=\"column-1\">APP<\/td><td class=\"column-2\">Angek\u00fcndigt.<\/td>\n<\/tr>\n<tr class=\"row-7\">\n\t<td colspan=\"2\" class=\"column-1\">* Die maximale Geschwindigkeit, Reichweite und Fahrzeit h\u00e4ngt vom Gewicht des Piloten, den Wetterbedingungen, der Surfh\u00f6he und dem gew\u00e4hlten Fl\u00fcgel und der Antriebseinheit ab.<\/td>\n<\/tr>\n<tr class=\"row-8\">\n\t<td colspan=\"2\" class=\"column-1\"><h3>TECHNICAL DATA<\/h3><\/td>\n<\/tr>\n<tr class=\"row-9\">\n\t<td colspan=\"2\" class=\"column-1\"><h4>#ANTRIEB<\/h4><\/td>\n<\/tr>\n<tr class=\"row-10\">\n\t<td class=\"column-1\">ANTRIEBSLEISTUNG<\/td><td class=\"column-2\">4,5 kW<\/td>\n<\/tr>\n<tr class=\"row-11\">\n\t<td class=\"column-1\">NUTZBARE MASTL\u00c4NGE<\/td><td class=\"column-2\">80 cm<\/td>\n<\/tr>\n<tr class=\"row-12\">\n\t<td class=\"column-1\">GEWICHT<\/td><td class=\"column-2\">7,7 kg<\/td>\n<\/tr>\n<tr class=\"row-13\">\n\t<td class=\"column-1\">PAKETMA\u00dfE (mit Tasche)<\/td><td class=\"column-2\">1,05 x 0,81 x 0,22 m<\/td>\n<\/tr>\n<tr class=\"row-14\">\n\t<td colspan=\"2\" class=\"column-1\"><h4>#SURFBRETTER: ADVENTURE \/ PERFORMANCE<\/h4><\/td>\n<\/tr>\n<tr class=\"row-15\">\n\t<td class=\"column-1\">VOLUMEN<\/td><td class=\"column-2\">103 l = ADVENTURE<br \/>\n83 l = PERFORMANCE<\/td>\n<\/tr>\n<tr class=\"row-16\">\n\t<td class=\"column-1\">ABMESSUNGEN<\/td><td class=\"column-2\">1,76 x 0,72 x 0,18 m = ADVENTURE<br \/>\n1,53 x 0,67 x 0,15 m = PERFORMANCE<\/td>\n<\/tr>\n<tr class=\"row-17\">\n\t<td class=\"column-1\">GEWICHT<\/td><td class=\"column-2\">approx. 9,5 kg<\/td>\n<\/tr>\n<tr class=\"row-18\">\n\t<td class=\"column-1\">PAKETGR\u00d6\u00dfE (mit Tasche)<\/td><td class=\"column-2\">1,83 x 0,79 x 0,22 m<\/td>\n<\/tr>\n<tr class=\"row-19\">\n\t<td colspan=\"2\" class=\"column-1\"><h4>#BATTERIE<\/h4><\/td>\n<\/tr>\n<tr class=\"row-20\">\n\t<td class=\"column-1\">NENNSPANNUNG<\/td><td class=\"column-2\">50,4 V<\/td>\n<\/tr>\n<tr class=\"row-21\">\n\t<td class=\"column-1\">ENERGIEGEHALT<\/td><td class=\"column-2\">2,23 kWh<\/td>\n<\/tr>\n<tr class=\"row-22\">\n\t<td class=\"column-1\">NENNKAPAZIT\u00c4T<\/td><td class=\"column-2\">44,25 Ah<\/td>\n<\/tr>\n<tr class=\"row-23\">\n\t<td class=\"column-1\">MAX. LEISTUNG<\/td><td class=\"column-2\">6 kW<\/td>\n<\/tr>\n<tr class=\"row-24\">\n\t<td class=\"column-1\">GEWICHT<\/td><td class=\"column-2\">13,2 kg<\/td>\n<\/tr>\n<tr class=\"row-25\">\n\t<td colspan=\"2\" class=\"column-1\"><h4>#FERNBEDIENUNG<\/h4><\/td>\n<\/tr>\n<tr class=\"row-26\">\n\t<td class=\"column-1\">BILDSCHIRMGR\u00d6\u00dfE<\/td><td class=\"column-2\">2.2\u2033<\/td>\n<\/tr>\n<tr class=\"row-27\">\n\t<td class=\"column-1\">BILDSCHIRMTYP<\/td><td class=\"column-2\">Bei Sonnenlicht ablesbares Farbdisplay mit hoher Helligkeit<\/td>\n<\/tr>\n<tr class=\"row-28\">\n\t<td class=\"column-1\">BETRIEBSDAUER (BATTERIE)<\/td><td class=\"column-2\">8 hours of operation<\/td>\n<\/tr>\n<tr class=\"row-29\">\n\t<td class=\"column-1\">LADEDAUER<\/td><td class=\"column-2\">3 hours (0%-30% in 30 min)<\/td>\n<\/tr>\n<tr class=\"row-30\">\n\t<td class=\"column-1\">WASSERSCHUTZSTANDARD<\/td><td class=\"column-2\">IP68, bis 2m<\/td>\n<\/tr>\n<tr class=\"row-31\">\n\t<td class=\"column-1\">GEWICHT<\/td><td class=\"column-2\">191 gm<\/td>\n<\/tr>\n<tr class=\"row-32\">\n\t<td colspan=\"2\" class=\"column-1\"><h4>#LADEGER\u00c4T<\/h4><\/td>\n<\/tr>\n<tr class=\"row-33\">\n\t<td class=\"column-1\"><strong>LADELEISTUNG (600HG Betrieb)<\/strong><\/td><td class=\"column-2\">600W<\/td>\n<\/tr>\n<tr class=\"row-34\">\n\t<td class=\"column-1\"><\/td><td class=\"column-2\">2h 40min (80% SOC)<\/td>\n<\/tr>\n<tr class=\"row-35\">\n\t<td class=\"column-1\"><\/td><td class=\"column-2\">3,5h (100% SOC)<\/td>\n<\/tr>\n<tr class=\"row-36\">\n\t<td class=\"column-1\"><strong>LADELEISTUNG (1200DQ Betrieb)<\/strong><\/td><td class=\"column-2\">1200W<\/td>\n<\/tr>\n<tr class=\"row-37\">\n\t<td class=\"column-1\"><\/td><td class=\"column-2\">1h 20min (80% SOC)<\/td>\n<\/tr>\n<tr class=\"row-38\">\n\t<td class=\"column-1\"><\/td><td class=\"column-2\">2h (100% SOC)<\/td>\n<\/tr>\n<tr class=\"row-39\">\n\t<td class=\"column-1\"><\/td><td class=\"column-2\">IP67<\/td>\n<\/tr>\n<tr class=\"row-40\">\n\t<td colspan=\"2\" class=\"column-1\"><h4>#FL\u00dcGEL<\/h4><\/td>\n<\/tr>\n<tr class=\"row-41\">\n\t<td class=\"column-1\">AERO 1750 \u2013 EASYRIDE<\/td><td class=\"column-2\">1750 cm\u00b2 (geeignet f\u00fcr Anf\u00e4nger)<\/td>\n<\/tr>\n<tr class=\"row-42\">\n\t<td class=\"column-1\">AERO 1350 \u2013 FREERIDE<\/td><td class=\"column-2\">1350 cm\u00b2 (geeignet f\u00fcr Anf\u00e4nger bis Experten)<\/td>\n<\/tr>\n<tr class=\"row-43\">\n\t<td class=\"column-1\">AERO 1100 \u2013 FREERIDE<\/td><td class=\"column-2\">1100 cm\u00b2 (geeignet f\u00fcr Anf\u00e4nger bis Experten)<\/td>\n<\/tr>\n<tr class=\"row-44\">\n\t<td class=\"column-1\">AERO 900 \u2013 FREERACE<\/td><td class=\"column-2\">900 cm\u00b2 (geeignet f\u00fcr Experten)<\/td>\n<\/tr>\n<tr class=\"row-45\">\n\t<td class=\"column-1\">AERO 1250 \u2013 FREECARVE<\/td><td class=\"column-2\">1250 cm\u00b2 (geeignet f\u00fcr Profis)<\/td>\n<\/tr>\n<tr class=\"row-46\">\n\t<td class=\"column-1\">AERO 1000 - FREECARVE<\/td><td class=\"column-2\">1000 cm\u00b2 (geeignet f\u00fcr Profis)<\/td>\n<\/tr>\n<tr class=\"row-47\">\n\t<td colspan=\"2\" class=\"column-1\"><h4>#STABILISATOR<\/h4><\/td>\n<\/tr>\n<tr class=\"row-48\">\n\t<td class=\"column-1\">STABI 500 \u2013 EASYRIDE<\/td><td class=\"column-2\">500 cm\u00b2<\/td>\n<\/tr>\n<tr class=\"row-49\">\n\t<td class=\"column-1\">STABI 400 \u2013 FREERIDE<\/td><td class=\"column-2\">400 cm\u00b2<\/td>\n<\/tr>\n<tr class=\"row-50\">\n\t<td class=\"column-1\">STABI 380 \u2013 FREERIDE<\/td><td class=\"column-2\">380 cm\u00b2<\/td>\n<\/tr>\n<tr class=\"row-51\">\n\t<td class=\"column-1\">STABI 300 \u2013 FREERACE<\/td><td class=\"column-2\">300 cm\u00b2<\/td>\n<\/tr>\n<tr class=\"row-52\">\n\t<td class=\"column-1\">STABI 270 \u2013 FREECARVE<\/td><td class=\"column-2\">270 cm\u00b2<\/td>\n<\/tr>\n<\/tbody>\n<\/table>\n<!-- #tablepress-Audi-e-tron-foil-de from cache -->\n","protected":false},"excerpt":{"rendered":"<p><strong>Das sicherste E-Foil der Welt!<\/strong><br \/>\n- 2 Jahre Garantie<br \/>\n- Kein offener Propeller<br \/>\n- Keine Verletzungen durch rotierende Teile der Antriebseinheit<br \/>\n- 10 Leistungsstufen &amp; bis zu 50 km\/h<br \/>\n- Wartungsfreier getriebeloser Motor<\/p>\n<p>Das Audi e-tron foil von Aerofoils bietet eine revolution\u00e4re neue Art \u00fcber den Wellen zu surfen oder besser zu \"fliegen\". Angetrieben von einem voll integrierten Antriebssystem ist das Audi E-Foil schnell, leise und emissionsfrei. Mit seinem schnittigen Design und seinen innovativen Funktionen ist das e-tron foil aktuell das beste Surfbrett auf dem Markt.<\/p>\n","protected":false},"featured_media":60822,"comment_status":"open","ping_status":"closed","template":"","meta":{"_acf_changed":false,"_editorskit_title_hidden":false,"_editorskit_reading_time":0,"_editorskit_is_block_options_detached":false,"_editorskit_block_options_position":"{}","site-sidebar-layout":"default","site-content-layout":"","ast-site-content-layout":"default","site-content-style":"default","site-sidebar-style":"default","ast-global-header-display":"","ast-banner-title-visibility":"","ast-main-header-display":"","ast-hfb-above-header-display":"","ast-hfb-below-header-display":"","ast-hfb-mobile-header-display":"","site-post-title":"","ast-breadcrumbs-content":"","ast-featured-img":"","footer-sml-layout":"","ast-disable-related-posts":"","theme-transparent-header-meta":"default","adv-header-id-meta":"","stick-header-meta":"","header-above-stick-meta":"","header-main-stick-meta":"","header-below-stick-meta":"","astra-migrate-meta-layouts":"set","ast-page-background-enabled":"default","ast-page-background-meta":{"desktop":{"background-color":"","background-image":"","background-repeat":"repeat","background-position":"center center","background-size":"auto","background-attachment":"scroll","background-type":"","background-media":"","overlay-type":"","overlay-color":"","overlay-opacity":"","overlay-gradient":""},"tablet":{"background-color":"","background-image":"","background-repeat":"repeat","background-position":"center center","background-size":"auto","background-attachment":"scroll","background-type":"","background-media":"","overlay-type":"","overlay-color":"","overlay-opacity":"","overlay-gradient":""},"mobile":{"background-color":"","background-image":"","background-repeat":"repeat","background-position":"center center","background-size":"auto","background-attachment":"scroll","background-type":"","background-media":"","overlay-type":"","overlay-color":"","overlay-opacity":"","overlay-gradient":""}},"ast-content-background-meta":{"desktop":{"background-color":"var(--ast-global-color-5)","background-image":"","background-repeat":"repeat","background-position":"center center","background-size":"auto","background-attachment":"scroll","background-type":"","background-media":"","overlay-type":"","overlay-color":"","overlay-opacity":"","overlay-gradient":""},"tablet":{"background-color":"var(--ast-global-color-5)","background-image":"","background-repeat":"repeat","background-position":"center center","background-size":"auto","background-attachment":"scroll","background-type":"","background-media":"","overlay-type":"","overlay-color":"","overlay-opacity":"","overlay-gradient":""},"mobile":{"background-color":"var(--ast-global-color-5)","background-image":"","background-repeat":"repeat","background-position":"center center","background-size":"auto","background-attachment":"scroll","background-type":"","background-media":"","overlay-type":"","overlay-color":"","overlay-opacity":"","overlay-gradient":""}},"_jf_save_progress":""},"product_brand":[],"product_cat":[92,60,111,18,112,40],"product_tag":[],"class_list":{"0":"post-78150","1":"product","2":"type-product","3":"status-publish","4":"has-post-thumbnail","6":"product_cat-e-foil-de","7":"product_cat-buy","8":"product_cat-verkauf","9":"product_cat-electric-hydrofoil-surfboard","10":"product_cat-try-and-buy-de","11":"product_cat-try-and-buy","12":"product_shipping_class-lg-de","13":"desktop-align-center","14":"tablet-align-center","15":"mobile-align-center","16":"ast-product-gallery-layout-horizontal","17":"ast-magnify-disabled","18":"ast-product-single-variable","19":"ast-product-tabs-layout-horizontal","21":"first","22":"instock","23":"taxable","24":"shipping-taxable","25":"purchasable","26":"product-type-variable"},"acf":[],"brizy_media":[],"_links":{"self":[{"href":"https:\/\/wave-lovers.com\/de\/wp-json\/wp\/v2\/product\/78150","targetHints":{"allow":["GET"]}}],"collection":[{"href":"https:\/\/wave-lovers.com\/de\/wp-json\/wp\/v2\/product"}],"about":[{"href":"https:\/\/wave-lovers.com\/de\/wp-json\/wp\/v2\/types\/product"}],"replies":[{"embeddable":true,"href":"https:\/\/wave-lovers.com\/de\/wp-json\/wp\/v2\/comments?post=78150"}],"wp:featuredmedia":[{"embeddable":true,"href":"https:\/\/wave-lovers.com\/de\/wp-json\/wp\/v2\/media\/60822"}],"wp:attachment":[{"href":"https:\/\/wave-lovers.com\/de\/wp-json\/wp\/v2\/media?parent=78150"}],"wp:term":[{"taxonomy":"product_brand","embeddable":true,"href":"https:\/\/wave-lovers.com\/de\/wp-json\/wp\/v2\/product_brand?post=78150"},{"taxonomy":"product_cat","embeddable":true,"href":"https:\/\/wave-lovers.com\/de\/wp-json\/wp\/v2\/product_cat?post=78150"},{"taxonomy":"product_tag","embeddable":true,"href":"https:\/\/wave-lovers.com\/de\/wp-json\/wp\/v2\/product_tag?post=78150"}],"curies":[{"name":"wp","href":"https:\/\/api.w.org\/{rel}","templated":true}]}}