{"id":66297,"date":"2022-04-23T19:38:32","date_gmt":"2022-04-23T17:38:32","guid":{"rendered":"https:\/\/wave-lovers.com\/boat-group-flight\/"},"modified":"2024-02-13T09:49:16","modified_gmt":"2024-02-13T08:49:16","slug":"boot-gruppenflug-mallorca","status":"publish","type":"product","link":"https:\/\/wave-lovers.com\/de\/boot-gruppenflug-mallorca\/","title":{"rendered":"Boot-Gruppenflug Mallorca"},"content":{"rendered":"<h2>E-FOIL AKADEMIE MALLORCA | Bootsgruppenflug<\/h2>\n<p><strong>Starte Deinen E-Foil Kurs von einem Boot aus! <\/strong>Du und deine Freunde m\u00f6chten gemeinsam das E-Foil Surfen von einem Boot aus erlernen? Bitte sch\u00f6n! Wir treffen uns am Port Calanova Hafen und fahren zusammen mit dem Boot zu einer sch\u00f6nen ruhigen Bucht in der N\u00e4he.<\/p>\n<h3><strong>ANFORDERUNGEN:<\/strong><\/h3>\n<ul>\n<li>Personalausweis\/Reisepass<\/li>\n<li>Heimat-\/lokale Adresse (z. B. Hotel)<\/li>\n<\/ul>\n<p><strong>INBEGRIFFEN: <\/strong>Private Session mit professionellen E-Foil-Instruktoren , min. 1 Stunde Surfunterricht pro Person (effektiv) auf dem Wasser, 2-3 Efoil-Surfbretter, Schwimmweste, voll geladener Akku, Videos &amp; Bilder inklusive.<\/p>\n<p><strong>NICHT ENTHALTEN: <\/strong>Zus\u00e4tzliche Batterie<\/p>\n<p><strong>MITBRINGEN: <\/strong>Sonnencreme, Getr\u00e4nke, positive Stimmung<\/p>\n<p><strong>TREFFPUNKT:<\/strong> Da wir dir das beste E-Foil-Erlebnis bieten m\u00f6chten, findet deine Session an den sch\u00f6nsten Buchten Mallorcas in deiner N\u00e4he statt. Aber aufgrund der Wetterbedingungen kann sich dieser Ort jedoch kurzfristig \u00e4ndern. Sollte das der Fall sein, kontaktieren wir dich innerhalb von 24 Stunden vor deinem vereinbarten E-Foil-Kurs.<\/p>\n<p><strong>ZEITEN:<\/strong> 100 % flexibel. Bitte buche deinen e-foil Academy Kurs direkt online.<\/p>\n<p><strong>STORNIERUNG: <\/strong>Wenn die Sitzung aufgrund schlechter Wetterbedingungen nicht stattfinden kann, erh\u00e4lt der Teilnehmer eine 100%ige R\u00fcckerstattung der Zahlung ODER hat die M\u00f6glichkeit, den Tag des E-Foiling-Erlebnisses zu \u00e4ndern.<\/p>\n","protected":false},"excerpt":{"rendered":"<p><strong><u>INKLUSIVE<\/u><\/strong><\/p>\n<ul>\n<li><strong>3,5 Std. Bootsfahrt in der Gruppe<\/strong><\/li>\n<li><strong>1 Std. Surfzeit <\/strong>(pro Person)<\/li>\n<li><strong>2-3 E-FOIL Surfbretter<\/strong><\/li>\n<li class=\"brz-text-xs-justify brz-tp-lg-paragraph brz-lh-lg-1_9 brz-ls-lg-0 brz-fw-lg-400 brz-fss-lg-px brz-fs-lg-16 brz-ft-google brz-ff-open_sans brz-mb-xs-15 brz-mb-sm-0 brz-mb-lg-0 brz-text-lg-justify brz-text-sm-left brz-bcp-color8\" data-generated-css=\"brz-css-faQ3M\" data-uniq-id=\"ig6HK\"><span class=\"brz-cp-color8\">Abfahrt von Port Calanova (Palma)<\/span><\/li>\n<li>Bilder &amp; Videos<\/li>\n<\/ul>\n<p><strong><u>OPTIONAL<\/u>\u00a0<\/strong>Speisen &amp; Getr\u00e4nke<\/p>\n","protected":false},"featured_media":98775,"comment_status":"open","ping_status":"closed","template":"","meta":{"_acf_changed":false,"_editorskit_title_hidden":false,"_editorskit_reading_time":0,"_editorskit_is_block_options_detached":false,"_editorskit_block_options_position":"{}","site-sidebar-layout":"default","site-content-layout":"","ast-site-content-layout":"default","site-content-style":"default","site-sidebar-style":"default","ast-global-header-display":"","ast-banner-title-visibility":"","ast-main-header-display":"","ast-hfb-above-header-display":"","ast-hfb-below-header-display":"","ast-hfb-mobile-header-display":"","site-post-title":"","ast-breadcrumbs-content":"","ast-featured-img":"","footer-sml-layout":"","ast-disable-related-posts":"","theme-transparent-header-meta":"default","adv-header-id-meta":"","stick-header-meta":"","header-above-stick-meta":"","header-main-stick-meta":"","header-below-stick-meta":"","astra-migrate-meta-layouts":"set","ast-page-background-enabled":"default","ast-page-background-meta":{"desktop":{"background-color":"","background-image":"","background-repeat":"repeat","background-position":"center center","background-size":"auto","background-attachment":"scroll","background-type":"","background-media":"","overlay-type":"","overlay-color":"","overlay-opacity":"","overlay-gradient":""},"tablet":{"background-color":"","background-image":"","background-repeat":"repeat","background-position":"center center","background-size":"auto","background-attachment":"scroll","background-type":"","background-media":"","overlay-type":"","overlay-color":"","overlay-opacity":"","overlay-gradient":""},"mobile":{"background-color":"","background-image":"","background-repeat":"repeat","background-position":"center center","background-size":"auto","background-attachment":"scroll","background-type":"","background-media":"","overlay-type":"","overlay-color":"","overlay-opacity":"","overlay-gradient":""}},"ast-content-background-meta":{"desktop":{"background-color":"var(--ast-global-color-5)","background-image":"","background-repeat":"repeat","background-position":"center center","background-size":"auto","background-attachment":"scroll","background-type":"","background-media":"","overlay-type":"","overlay-color":"","overlay-opacity":"","overlay-gradient":""},"tablet":{"background-color":"var(--ast-global-color-5)","background-image":"","background-repeat":"repeat","background-position":"center center","background-size":"auto","background-attachment":"scroll","background-type":"","background-media":"","overlay-type":"","overlay-color":"","overlay-opacity":"","overlay-gradient":""},"mobile":{"background-color":"var(--ast-global-color-5)","background-image":"","background-repeat":"repeat","background-position":"center center","background-size":"auto","background-attachment":"scroll","background-type":"","background-media":"","overlay-type":"","overlay-color":"","overlay-opacity":"","overlay-gradient":""}},"_jf_save_progress":""},"product_brand":[],"product_cat":[68,66,3900,3994],"product_tag":[],"class_list":{"0":"post-66297","1":"product","2":"type-product","3":"status-publish","4":"has-post-thumbnail","6":"product_cat-e-foil-akademie-de","7":"product_cat-efoil-academy","8":"product_cat-mallorca","10":"desktop-align-center","11":"tablet-align-center","12":"mobile-align-center","13":"ast-product-gallery-layout-horizontal","14":"ast-magnify-disabled","15":"ast-product-tabs-layout-horizontal","17":"first","18":"instock","19":"virtual","20":"taxable","21":"purchasable","22":"product-type-simple"},"acf":[],"brizy_media":[],"_links":{"self":[{"href":"https:\/\/wave-lovers.com\/de\/wp-json\/wp\/v2\/product\/66297","targetHints":{"allow":["GET"]}}],"collection":[{"href":"https:\/\/wave-lovers.com\/de\/wp-json\/wp\/v2\/product"}],"about":[{"href":"https:\/\/wave-lovers.com\/de\/wp-json\/wp\/v2\/types\/product"}],"replies":[{"embeddable":true,"href":"https:\/\/wave-lovers.com\/de\/wp-json\/wp\/v2\/comments?post=66297"}],"wp:featuredmedia":[{"embeddable":true,"href":"https:\/\/wave-lovers.com\/de\/wp-json\/wp\/v2\/media\/98775"}],"wp:attachment":[{"href":"https:\/\/wave-lovers.com\/de\/wp-json\/wp\/v2\/media?parent=66297"}],"wp:term":[{"taxonomy":"product_brand","embeddable":true,"href":"https:\/\/wave-lovers.com\/de\/wp-json\/wp\/v2\/product_brand?post=66297"},{"taxonomy":"product_cat","embeddable":true,"href":"https:\/\/wave-lovers.com\/de\/wp-json\/wp\/v2\/product_cat?post=66297"},{"taxonomy":"product_tag","embeddable":true,"href":"https:\/\/wave-lovers.com\/de\/wp-json\/wp\/v2\/product_tag?post=66297"}],"curies":[{"name":"wp","href":"https:\/\/api.w.org\/{rel}","templated":true}]}}