{"id":66294,"date":"2022-04-23T19:34:37","date_gmt":"2022-04-23T17:34:37","guid":{"rendered":"https:\/\/wave-lovers.com\/paarflug\/"},"modified":"2024-02-07T14:04:51","modified_gmt":"2024-02-07T13:04:51","slug":"paarflug-mallorca","status":"publish","type":"product","link":"https:\/\/wave-lovers.com\/de\/paarflug-mallorca\/","title":{"rendered":"Paarflug Mallorca"},"content":{"rendered":"<h2><strong>E-FOIL AKADEMIE MALLORCA | Paarflug<\/strong><\/h2>\n<p>Lerne mit deinem Partner, deinem Freund oder deiner Freundin gemeinsam das E-Foil Surfen \u00fcber den Wellen Mallorcas. Jeder erh\u00e4lt dabei ein eigenes E-Foil Surfbrett und beide Teilnehmer lernen das Surfen gleichzeitig. Ein erfahrener Instrukteur begleitet euch und gibt euch permanent wertvolle Hinweise auf dem Meer.<\/p>\n<h3><strong>ANFORDERUNGEN:<\/strong><\/h3>\n<ul>\n<li>Personalausweis\/Reisepass<\/li>\n<li>Heimat-\/lokale Adresse (z. B. Hotel)<\/li>\n<\/ul>\n<p><strong>INBEGRIFFEN:<\/strong> Privatunterricht mit professionellen E-Foil-Instruktoren, Mindest. 1 Stunde Unterricht pro Person (effektiv) auf dem Wasser, 2 Efoil-Surfbretter, Schwimmweste, voll geladener Akku, Videos &amp; Bilder inklusive.<\/p>\n<p><strong>NICHT ENTHALTEN: <\/strong>Zus\u00e4tzliche Batterie<\/p>\n<p><strong>WAS ZU BRINGEN: <\/strong>Sonnencreme, Getr\u00e4nke, positive Stimmung<\/p>\n<p><strong>TREFFPUNKT:<\/strong> Da wir dir das beste E-Foil-Erlebnis bieten m\u00f6chten, findet deine Session an den sch\u00f6nsten Buchten Mallorcas in deiner N\u00e4he statt. Aber aufgrund der Wetterbedingungen kann sich dieser Ort jedoch kurzfristig \u00e4ndern. Sollte das der Fall sein, kontaktieren wir dich innerhalb von 24 Stunden vor deinem vereinbarten E-Foil-Kurs.<\/p>\n<p><strong>E-FOIL ACADEMY PL\u00c4TZE: <\/strong><\/p>\n<ul>\n<li>Alcudia, Canyamel<\/li>\n<li>Cala Agulla<\/li>\n<li>Cala D'or<\/li>\n<li>Cala Major<\/li>\n<li>Cala Millor<\/li>\n<li>Cala Ratjada<\/li>\n<li>Cales de Mallorca<\/li>\n<li>Camp de Mar<\/li>\n<li>Can Picafort<\/li>\n<li>Costa de los Pinos<\/li>\n<li>Magaluf<\/li>\n<li>Palmanova<\/li>\n<li>Peguera<\/li>\n<li>Playa de Palma<\/li>\n<li>Platja de Muro<\/li>\n<li>Portals Nous<\/li>\n<li>Port Calanova<\/li>\n<li>Port d' Alcudia<\/li>\n<li>Port d' Andratx<\/li>\n<li>Port de Pollen\u00e7a<\/li>\n<li>Port de S\u00f2ller<\/li>\n<li>Porto Cristo<\/li>\n<li>Santa Ponsa<\/li>\n<\/ul>\n<p>Andere Destinationen, auf Anfrage m\u00f6glich.<\/p>\n<p><strong>ZEITEN: <\/strong>100% Flexibel. Bitte buche deinen e-foil Academy Kurs direkt online.<\/p>\n<p><strong>STORNIERUNG:<\/strong> Wenn die Sitzung aufgrund schlechter Wetterbedingungen nicht stattfinden kann, erh\u00e4lt der Teilnehmer eine 100%ige R\u00fcckerstattung der Zahlung ODER hat die M\u00f6glichkeit, den Tag des E-Foiling-Erlebnisses zu \u00e4ndern.<\/p>\n","protected":false},"excerpt":{"rendered":"<p><strong><u>INKLUSIVE<\/u><\/strong><\/p>\n<ul>\n<li><strong>1 Std. Kurs + 1 Std. Surfzeit<\/strong> (pro Person)<\/li>\n<li><strong>2 E-FOIL Surfbretter<\/strong><\/li>\n<li>Start an einem Strand in der N\u00e4he<\/li>\n<li>Bilder &amp; Videos<\/li>\n<\/ul>\n<p><strong><u>OPTIONAL<\/u><\/strong> Bootsfahrt (+350\u20ac)<\/p>\n","protected":false},"featured_media":95512,"comment_status":"open","ping_status":"closed","template":"","meta":{"_acf_changed":false,"_editorskit_title_hidden":false,"_editorskit_reading_time":0,"_editorskit_is_block_options_detached":false,"_editorskit_block_options_position":"{}","site-sidebar-layout":"default","site-content-layout":"default","ast-site-content-layout":"default","site-content-style":"default","site-sidebar-style":"default","ast-global-header-display":"","ast-banner-title-visibility":"","ast-main-header-display":"","ast-hfb-above-header-display":"","ast-hfb-below-header-display":"","ast-hfb-mobile-header-display":"","site-post-title":"","ast-breadcrumbs-content":"","ast-featured-img":"","footer-sml-layout":"","ast-disable-related-posts":"","theme-transparent-header-meta":"default","adv-header-id-meta":"","stick-header-meta":"","header-above-stick-meta":"","header-main-stick-meta":"","header-below-stick-meta":"","astra-migrate-meta-layouts":"set","ast-page-background-enabled":"default","ast-page-background-meta":{"desktop":{"background-color":"","background-image":"","background-repeat":"repeat","background-position":"center center","background-size":"auto","background-attachment":"scroll","background-type":"","background-media":"","overlay-type":"","overlay-color":"","overlay-opacity":"","overlay-gradient":""},"tablet":{"background-color":"","background-image":"","background-repeat":"repeat","background-position":"center center","background-size":"auto","background-attachment":"scroll","background-type":"","background-media":"","overlay-type":"","overlay-color":"","overlay-opacity":"","overlay-gradient":""},"mobile":{"background-color":"","background-image":"","background-repeat":"repeat","background-position":"center center","background-size":"auto","background-attachment":"scroll","background-type":"","background-media":"","overlay-type":"","overlay-color":"","overlay-opacity":"","overlay-gradient":""}},"ast-content-background-meta":{"desktop":{"background-color":"var(--ast-global-color-5)","background-image":"","background-repeat":"repeat","background-position":"center center","background-size":"auto","background-attachment":"scroll","background-type":"","background-media":"","overlay-type":"","overlay-color":"","overlay-opacity":"","overlay-gradient":""},"tablet":{"background-color":"var(--ast-global-color-5)","background-image":"","background-repeat":"repeat","background-position":"center center","background-size":"auto","background-attachment":"scroll","background-type":"","background-media":"","overlay-type":"","overlay-color":"","overlay-opacity":"","overlay-gradient":""},"mobile":{"background-color":"var(--ast-global-color-5)","background-image":"","background-repeat":"repeat","background-position":"center center","background-size":"auto","background-attachment":"scroll","background-type":"","background-media":"","overlay-type":"","overlay-color":"","overlay-opacity":"","overlay-gradient":""}},"_jf_save_progress":""},"product_brand":[],"product_cat":[68,66,3900,3994],"product_tag":[],"class_list":{"0":"post-66294","1":"product","2":"type-product","3":"status-publish","4":"has-post-thumbnail","6":"product_cat-e-foil-akademie-de","7":"product_cat-efoil-academy","8":"product_cat-mallorca","10":"desktop-align-center","11":"tablet-align-center","12":"mobile-align-center","13":"ast-product-gallery-layout-horizontal","14":"ast-magnify-disabled","15":"ast-product-tabs-layout-horizontal","17":"first","18":"instock","19":"virtual","20":"taxable","21":"purchasable","22":"product-type-simple"},"acf":[],"brizy_media":[],"_links":{"self":[{"href":"https:\/\/wave-lovers.com\/de\/wp-json\/wp\/v2\/product\/66294","targetHints":{"allow":["GET"]}}],"collection":[{"href":"https:\/\/wave-lovers.com\/de\/wp-json\/wp\/v2\/product"}],"about":[{"href":"https:\/\/wave-lovers.com\/de\/wp-json\/wp\/v2\/types\/product"}],"replies":[{"embeddable":true,"href":"https:\/\/wave-lovers.com\/de\/wp-json\/wp\/v2\/comments?post=66294"}],"wp:featuredmedia":[{"embeddable":true,"href":"https:\/\/wave-lovers.com\/de\/wp-json\/wp\/v2\/media\/95512"}],"wp:attachment":[{"href":"https:\/\/wave-lovers.com\/de\/wp-json\/wp\/v2\/media?parent=66294"}],"wp:term":[{"taxonomy":"product_brand","embeddable":true,"href":"https:\/\/wave-lovers.com\/de\/wp-json\/wp\/v2\/product_brand?post=66294"},{"taxonomy":"product_cat","embeddable":true,"href":"https:\/\/wave-lovers.com\/de\/wp-json\/wp\/v2\/product_cat?post=66294"},{"taxonomy":"product_tag","embeddable":true,"href":"https:\/\/wave-lovers.com\/de\/wp-json\/wp\/v2\/product_tag?post=66294"}],"curies":[{"name":"wp","href":"https:\/\/api.w.org\/{rel}","templated":true}]}}