{"id":176489,"date":"2024-09-12T11:05:24","date_gmt":"2024-09-12T09:05:24","guid":{"rendered":"https:\/\/wave-lovers.com\/?post_type=product&#038;p=176489"},"modified":"2024-09-12T11:55:37","modified_gmt":"2024-09-12T09:55:37","slug":"waydoo-flyer-evo-aussenborder-motor-adapter-kit","status":"publish","type":"product","link":"https:\/\/wave-lovers.com\/de\/waydoo-flyer-evo-aussenborder-motor-adapter-kit\/","title":{"rendered":"Waydoo Flyer EVO Au\u00dfenborder Motor Adapter Kit"},"content":{"rendered":"<h2>Waydoo Flyer EVO Au\u00dfenborder Motor Adapter Kit - INFORMATION<\/h2>\n<p><img decoding=\"async\" class=\"alignright wp-image-95208 size-full\" src=\"https:\/\/wave-lovers.com\/wp-content\/uploads\/2023\/06\/outboat-motor-accesory-waydoo.png\" alt=\"\" width=\"183\" height=\"108\" \/><\/p>\n<p>Waydoo zeichnet sich durch seinen innovativen Ansatz aus, das EVO Outboard Kit zu integrieren, das die Powerflight-Batterie und Antriebseinheit in einen vielseitigen Au\u00dfenbordmotor verwandelt. Diese einzigartige Funktion erh\u00f6ht die Vielseitigkeit des Waydoo Flyer EVO und erm\u00f6glicht es, verschiedene Wasserfahrzeuge f\u00fcr eine breite Palette von Wasserabenteuern anzutreiben.<\/p>\n<p><strong>Bitte beachten Sie, dass k\u00fcrzere Versionen des Mastes zu Problemen bei der Montage des Antriebs in einer angemessenen H\u00f6he f\u00fchren k\u00f6nnen. Die meisten Schlauchboote ben\u00f6tigen eine Mindestmastl\u00e4nge von etwa 80 cm. Um Probleme zu vermeiden, messen Sie vorher die ben\u00f6tigte H\u00f6he und entscheiden Sie, ob der Bausatz f\u00fcr Ihren Zweck geeignet ist.<\/strong><\/p>\n","protected":false},"excerpt":{"rendered":"<p>Waydoo zeichnet sich durch seinen innovativen Ansatz aus, das EVO Outboard Kit zu integrieren, das die Powerflight-Batterie und Antriebseinheit in einen vielseitigen Au\u00dfenbordmotor verwandelt.<\/p>\n","protected":false},"featured_media":176492,"comment_status":"open","ping_status":"closed","template":"","meta":{"_acf_changed":false,"_editorskit_title_hidden":false,"_editorskit_reading_time":0,"_editorskit_is_block_options_detached":false,"_editorskit_block_options_position":"{}","site-sidebar-layout":"default","site-content-layout":"default","ast-site-content-layout":"default","site-content-style":"default","site-sidebar-style":"default","ast-global-header-display":"","ast-banner-title-visibility":"","ast-main-header-display":"","ast-hfb-above-header-display":"","ast-hfb-below-header-display":"","ast-hfb-mobile-header-display":"","site-post-title":"disabled","ast-breadcrumbs-content":"","ast-featured-img":"","footer-sml-layout":"","ast-disable-related-posts":"","theme-transparent-header-meta":"default","adv-header-id-meta":"","stick-header-meta":"","header-above-stick-meta":"","header-main-stick-meta":"","header-below-stick-meta":"","astra-migrate-meta-layouts":"set","ast-page-background-enabled":"default","ast-page-background-meta":{"desktop":{"background-color":"","background-image":"","background-repeat":"repeat","background-position":"center center","background-size":"auto","background-attachment":"scroll","background-type":"","background-media":"","overlay-type":"","overlay-color":"","overlay-opacity":"","overlay-gradient":""},"tablet":{"background-color":"","background-image":"","background-repeat":"repeat","background-position":"center center","background-size":"auto","background-attachment":"scroll","background-type":"","background-media":"","overlay-type":"","overlay-color":"","overlay-opacity":"","overlay-gradient":""},"mobile":{"background-color":"","background-image":"","background-repeat":"repeat","background-position":"center center","background-size":"auto","background-attachment":"scroll","background-type":"","background-media":"","overlay-type":"","overlay-color":"","overlay-opacity":"","overlay-gradient":""}},"ast-content-background-meta":{"desktop":{"background-color":"var(--ast-global-color-5)","background-image":"","background-repeat":"repeat","background-position":"center center","background-size":"auto","background-attachment":"scroll","background-type":"","background-media":"","overlay-type":"","overlay-color":"","overlay-opacity":"","overlay-gradient":""},"tablet":{"background-color":"var(--ast-global-color-5)","background-image":"","background-repeat":"repeat","background-position":"center center","background-size":"auto","background-attachment":"scroll","background-type":"","background-media":"","overlay-type":"","overlay-color":"","overlay-opacity":"","overlay-gradient":""},"mobile":{"background-color":"var(--ast-global-color-5)","background-image":"","background-repeat":"repeat","background-position":"center center","background-size":"auto","background-attachment":"scroll","background-type":"","background-media":"","overlay-type":"","overlay-color":"","overlay-opacity":"","overlay-gradient":""}},"_jf_save_progress":""},"product_brand":[],"product_cat":[571,558,60,111,570,536,506,24],"product_tag":[],"class_list":{"0":"post-176489","1":"product","2":"type-product","3":"status-publish","4":"has-post-thumbnail","6":"product_cat-zubehoer-de","7":"product_cat-accessoires","8":"product_cat-buy","9":"product_cat-verkauf","10":"product_cat-e-foil-ersatzteile-de","11":"product_cat-e-foil-spare-parts","12":"product_cat-ersatzteile-de","13":"product_cat-spare-parts","14":"product_shipping_class-m-de","15":"desktop-align-center","16":"tablet-align-center","17":"mobile-align-center","18":"ast-product-gallery-layout-horizontal","19":"ast-product-gallery-with-no-image","20":"ast-magnify-disabled","21":"ast-product-tabs-layout-horizontal","23":"first","24":"instock","25":"taxable","26":"shipping-taxable","27":"purchasable","28":"product-type-simple"},"acf":[],"brizy_media":[],"_links":{"self":[{"href":"https:\/\/wave-lovers.com\/de\/wp-json\/wp\/v2\/product\/176489","targetHints":{"allow":["GET"]}}],"collection":[{"href":"https:\/\/wave-lovers.com\/de\/wp-json\/wp\/v2\/product"}],"about":[{"href":"https:\/\/wave-lovers.com\/de\/wp-json\/wp\/v2\/types\/product"}],"replies":[{"embeddable":true,"href":"https:\/\/wave-lovers.com\/de\/wp-json\/wp\/v2\/comments?post=176489"}],"wp:featuredmedia":[{"embeddable":true,"href":"https:\/\/wave-lovers.com\/de\/wp-json\/wp\/v2\/media\/176492"}],"wp:attachment":[{"href":"https:\/\/wave-lovers.com\/de\/wp-json\/wp\/v2\/media?parent=176489"}],"wp:term":[{"taxonomy":"product_brand","embeddable":true,"href":"https:\/\/wave-lovers.com\/de\/wp-json\/wp\/v2\/product_brand?post=176489"},{"taxonomy":"product_cat","embeddable":true,"href":"https:\/\/wave-lovers.com\/de\/wp-json\/wp\/v2\/product_cat?post=176489"},{"taxonomy":"product_tag","embeddable":true,"href":"https:\/\/wave-lovers.com\/de\/wp-json\/wp\/v2\/product_tag?post=176489"}],"curies":[{"name":"wp","href":"https:\/\/api.w.org\/{rel}","templated":true}]}}