{"id":176409,"date":"2024-09-11T14:12:35","date_gmt":"2024-09-11T12:12:35","guid":{"rendered":"https:\/\/wave-lovers.com\/?post_type=product&#038;p=176409"},"modified":"2024-09-11T15:59:21","modified_gmt":"2024-09-11T13:59:21","slug":"waydoo-flyer-evo-wings","status":"publish","type":"product","link":"https:\/\/wave-lovers.com\/de\/waydoo-flyer-evo-wings\/","title":{"rendered":"Waydoo Flyer EVO Wings"},"content":{"rendered":"<h2>Waydoo Flyer EVO Wings - INFORMATION<\/h2>\n<p><img decoding=\"async\" class=\"alignright size-thumbnail wp-image-176443\" src=\"https:\/\/wave-lovers.com\/wp-content\/uploads\/2024\/09\/waydoo-evo-series-wings-product-image-150x150.webp\" alt=\"\" width=\"150\" height=\"150\" srcset=\"https:\/\/wave-lovers.com\/wp-content\/uploads\/2024\/09\/waydoo-evo-series-wings-product-image-150x150.webp 150w, https:\/\/wave-lovers.com\/wp-content\/uploads\/2024\/09\/waydoo-evo-series-wings-product-image-300x300.webp 300w, https:\/\/wave-lovers.com\/wp-content\/uploads\/2024\/09\/waydoo-evo-series-wings-product-image-100x100.webp 100w, https:\/\/wave-lovers.com\/wp-content\/uploads\/2024\/09\/waydoo-evo-series-wings-product-image-32x32.webp 32w, https:\/\/wave-lovers.com\/wp-content\/uploads\/2024\/09\/waydoo-evo-series-wings-product-image.webp 400w\" sizes=\"(max-width: 150px) 100vw, 150px\" \/>Wenn es darum geht, ein E-Foil individuell zu gestalten, spielen die Wings eine entscheidende Rolle. Profisurfer, die auf der Suche nach H\u00f6chstleistung und dem ultimativen Fahrgef\u00fchl sind, achten besonders auf die Wings ihrer E-Foils. Sie sind entscheidend f\u00fcr die Ausf\u00fchrung beeindruckender Man\u00f6ver, erm\u00f6glichen scharfes Carving und gew\u00e4hrleisten eine erstklassige Aerodynamik. Die Produktentwickler von Waydoo haben sich das Feedback der Kunden zu Herzen genommen und neue und innovative Fl\u00fcgeldesigns eingef\u00fchrt, die eine kleinere Oberfl\u00e4che aufweisen, was zu einem verbesserten Handling bei verschiedenen Bedingungen f\u00fchrt. Diese Fl\u00fcgel werden entweder aus Karbon oder aus Glasfasermaterialien hergestellt, wobei Karbonfl\u00fcgel eine leichtere und steifere Option f\u00fcr Fahrer bieten, die eine optimale Leistung suchen.<\/p>\n<p><strong>EVO Wing Voyager G1500\/C1500<\/strong><br \/>\nLangsame Geschwindigkeit, hohe Stabilit\u00e4t, geeignet f\u00fcr Anf\u00e4nger. Ideal zum \u00dcben von Carving und Surfen bei langsamer Geschwindigkeit in ruhigem Wasser und kleinen Wellen.<\/p>\n<p><strong>EVO Wing Glider G1500\/C1500<\/strong><br \/>\nDie Fl\u00e4che ist gr\u00f6\u00dfer und die Streckung wurde von 4,2 auf 5,8 erh\u00f6ht, was den Widerstand weiter reduziert. Die durchdachte Fl\u00e4chenverteilung sorgt f\u00fcr Stabilit\u00e4t im Geradeausflug und bessere Steuerbarkeit in Kurven.<\/p>\n<p><strong>EVO Wing Voyager 61100\/C1100<\/strong><br \/>\nEs hat die perfekte Gr\u00f6\u00dfe, geeignet f\u00fcr fortgeschrittene Spieler. Es hat eine h\u00f6here Flexibilit\u00e4t und ausreichende Stabilit\u00e4t, und es hat eine st\u00e4rkere Richtwirkung, und das Feedback der Drehung ist genau richtig.<\/p>\n<p><strong>Surfing Tail 322<\/strong><br \/>\nDie Fl\u00e4che ist kleiner und das Profil wurde durch ein effizienteres NACA-Profil ersetzt. Die Spitzen gehen nach oben und erh\u00f6hen die seitliche Stabilit\u00e4t. Der Anstr\u00f6mwinkel wird verringert, wodurch die Haltung beim Abstellen des Motors auf Wellen bequemer wird.<\/p>\n<h2>Waydoo Flyer EVO Wings - DETAILS<\/h2>\n<table width=\"415\">\n<tbody>\n<tr>\n<td width=\"95\">Modell<\/td>\n<td width=\"80\">Voyager C \/ G 1500<\/td>\n<td width=\"80\">Glider C \/ G 1500<\/td>\n<td width=\"80\">Voyager C \/ G 1100<\/td>\n<td width=\"80\">Tail 320 \/ 322<\/td>\n<\/tr>\n<tr>\n<td>Material<\/td>\n<td>Carbon \/ Fibreglass<\/td>\n<td>Carbon \/ Fibreglass<\/td>\n<td>Carbon \/ Fibreglass<\/td>\n<td>Fibreglass + PA \/ Carbon<\/td>\n<\/tr>\n<tr>\n<td>Fl\u00e4che<\/td>\n<td>1642cm\u00b2<\/td>\n<td>1440cm\u00b2<\/td>\n<td>1099cm\u00b2<\/td>\n<td>320cm\u00b2<\/td>\n<\/tr>\n<tr>\n<td>Breite<\/td>\n<td>76.5cm<\/td>\n<td>92cm<\/td>\n<td>63.8cm<\/td>\n<td>39cm<\/td>\n<\/tr>\n<tr>\n<td>Verh\u00e4ltnis<\/td>\n<td>4.2<\/td>\n<td>5.8<\/td>\n<td>4.1<\/td>\n<td>4.7<\/td>\n<\/tr>\n<tr>\n<td>Gewicht<\/td>\n<td>1.51 \/ 1.7 kg<\/td>\n<td>1.5 \/ 1.7 kg<\/td>\n<td>1.1 \/ 1.3 kg<\/td>\n<td>0.3 \/ 0.22 kg<\/td>\n<\/tr>\n<tr>\n<td>Eigenschaften<\/td>\n<td>Allround<\/td>\n<td>Weniger agil, mehr Stabilit\u00e4t<\/td>\n<td>Mehr Geschwindigkeit, weniger Balance<\/td>\n<td>Allround<\/td>\n<\/tr>\n<\/tbody>\n<\/table>\n","protected":false},"excerpt":{"rendered":"<p>Professionelle Surfer achten bei ihrem Streben nach Spitzenleistung und dem ultimativen Fahrgef\u00fchl besonders auf die Fl\u00fcgel ihrer E-Foils. Passen Sie Ihr Waydoo EVO-Board noch heute an und machen Sie das Beste aus Ihrem Erlebnis!<\/p>\n","protected":false},"featured_media":176436,"comment_status":"open","ping_status":"closed","template":"","meta":{"_acf_changed":false,"_editorskit_title_hidden":false,"_editorskit_reading_time":0,"_editorskit_is_block_options_detached":false,"_editorskit_block_options_position":"{}","site-sidebar-layout":"default","site-content-layout":"default","ast-site-content-layout":"default","site-content-style":"default","site-sidebar-style":"default","ast-global-header-display":"","ast-banner-title-visibility":"","ast-main-header-display":"","ast-hfb-above-header-display":"","ast-hfb-below-header-display":"","ast-hfb-mobile-header-display":"","site-post-title":"","ast-breadcrumbs-content":"","ast-featured-img":"","footer-sml-layout":"","ast-disable-related-posts":"","theme-transparent-header-meta":"default","adv-header-id-meta":"","stick-header-meta":"","header-above-stick-meta":"","header-main-stick-meta":"","header-below-stick-meta":"","astra-migrate-meta-layouts":"set","ast-page-background-enabled":"default","ast-page-background-meta":{"desktop":{"background-color":"","background-image":"","background-repeat":"repeat","background-position":"center center","background-size":"auto","background-attachment":"scroll","background-type":"","background-media":"","overlay-type":"","overlay-color":"","overlay-opacity":"","overlay-gradient":""},"tablet":{"background-color":"","background-image":"","background-repeat":"repeat","background-position":"center center","background-size":"auto","background-attachment":"scroll","background-type":"","background-media":"","overlay-type":"","overlay-color":"","overlay-opacity":"","overlay-gradient":""},"mobile":{"background-color":"","background-image":"","background-repeat":"repeat","background-position":"center center","background-size":"auto","background-attachment":"scroll","background-type":"","background-media":"","overlay-type":"","overlay-color":"","overlay-opacity":"","overlay-gradient":""}},"ast-content-background-meta":{"desktop":{"background-color":"var(--ast-global-color-5)","background-image":"","background-repeat":"repeat","background-position":"center center","background-size":"auto","background-attachment":"scroll","background-type":"","background-media":"","overlay-type":"","overlay-color":"","overlay-opacity":"","overlay-gradient":""},"tablet":{"background-color":"var(--ast-global-color-5)","background-image":"","background-repeat":"repeat","background-position":"center center","background-size":"auto","background-attachment":"scroll","background-type":"","background-media":"","overlay-type":"","overlay-color":"","overlay-opacity":"","overlay-gradient":""},"mobile":{"background-color":"var(--ast-global-color-5)","background-image":"","background-repeat":"repeat","background-position":"center center","background-size":"auto","background-attachment":"scroll","background-type":"","background-media":"","overlay-type":"","overlay-color":"","overlay-opacity":"","overlay-gradient":""}},"_jf_save_progress":""},"product_brand":[],"product_cat":[570,111,506],"product_tag":[],"class_list":{"0":"post-176409","1":"product","2":"type-product","3":"status-publish","4":"has-post-thumbnail","6":"product_cat-e-foil-ersatzteile-de","7":"product_cat-verkauf","8":"product_cat-ersatzteile-de","9":"product_shipping_class-m-de","10":"desktop-align-center","11":"tablet-align-center","12":"mobile-align-center","13":"ast-product-gallery-layout-horizontal","14":"ast-magnify-disabled","15":"ast-product-single-variable","16":"ast-product-tabs-layout-horizontal","18":"first","19":"instock","20":"taxable","21":"shipping-taxable","22":"purchasable","23":"product-type-variable"},"acf":[],"brizy_media":[],"_links":{"self":[{"href":"https:\/\/wave-lovers.com\/de\/wp-json\/wp\/v2\/product\/176409","targetHints":{"allow":["GET"]}}],"collection":[{"href":"https:\/\/wave-lovers.com\/de\/wp-json\/wp\/v2\/product"}],"about":[{"href":"https:\/\/wave-lovers.com\/de\/wp-json\/wp\/v2\/types\/product"}],"replies":[{"embeddable":true,"href":"https:\/\/wave-lovers.com\/de\/wp-json\/wp\/v2\/comments?post=176409"}],"wp:featuredmedia":[{"embeddable":true,"href":"https:\/\/wave-lovers.com\/de\/wp-json\/wp\/v2\/media\/176436"}],"wp:attachment":[{"href":"https:\/\/wave-lovers.com\/de\/wp-json\/wp\/v2\/media?parent=176409"}],"wp:term":[{"taxonomy":"product_brand","embeddable":true,"href":"https:\/\/wave-lovers.com\/de\/wp-json\/wp\/v2\/product_brand?post=176409"},{"taxonomy":"product_cat","embeddable":true,"href":"https:\/\/wave-lovers.com\/de\/wp-json\/wp\/v2\/product_cat?post=176409"},{"taxonomy":"product_tag","embeddable":true,"href":"https:\/\/wave-lovers.com\/de\/wp-json\/wp\/v2\/product_tag?post=176409"}],"curies":[{"name":"wp","href":"https:\/\/api.w.org\/{rel}","templated":true}]}}