{"id":176395,"date":"2024-09-11T13:51:36","date_gmt":"2024-09-11T11:51:36","guid":{"rendered":"https:\/\/wave-lovers.com\/?post_type=product&#038;p=176395"},"modified":"2024-09-11T16:18:11","modified_gmt":"2024-09-11T14:18:11","slug":"waydoo-flyer-evo-mast","status":"publish","type":"product","link":"https:\/\/wave-lovers.com\/de\/waydoo-flyer-evo-mast\/","title":{"rendered":"Waydoo Flyer EVO Mast"},"content":{"rendered":"<h2>Waydoo Flyer EVO Mast - INFORMATION<\/h2>\n<p><img decoding=\"async\" class=\"wp-image-176418 size-thumbnail alignright\" src=\"https:\/\/wave-lovers.com\/wp-content\/uploads\/2024\/09\/Screenshot-2024-09-11-at-14-27-31-Magic-Eraser-Pixelcut1-150x150.webp\" alt=\"\" width=\"150\" height=\"150\" srcset=\"https:\/\/wave-lovers.com\/wp-content\/uploads\/2024\/09\/Screenshot-2024-09-11-at-14-27-31-Magic-Eraser-Pixelcut1-150x150.webp 150w, https:\/\/wave-lovers.com\/wp-content\/uploads\/2024\/09\/Screenshot-2024-09-11-at-14-27-31-Magic-Eraser-Pixelcut1-300x300.webp 300w, https:\/\/wave-lovers.com\/wp-content\/uploads\/2024\/09\/Screenshot-2024-09-11-at-14-27-31-Magic-Eraser-Pixelcut1-100x100.webp 100w, https:\/\/wave-lovers.com\/wp-content\/uploads\/2024\/09\/Screenshot-2024-09-11-at-14-27-31-Magic-Eraser-Pixelcut1-32x32.webp 32w, https:\/\/wave-lovers.com\/wp-content\/uploads\/2024\/09\/Screenshot-2024-09-11-at-14-27-31-Magic-Eraser-Pixelcut1.webp 400w\" sizes=\"(max-width: 150px) 100vw, 150px\" \/>Der Flyer EVO wird mit drei verschiedenen Mastoptionen geliefert:<br \/>\n69cm (27\") | Dies ist der k\u00fcrzeste Mast, ideal f\u00fcr Anf\u00e4nger oder Gelegenheitsfahrer, die Stabilit\u00e4t und leichte Man\u00f6vrierbarkeit auf dem Wasser suchen. Er ist aus einer robusten Aluminiumlegierung gefertigt.<br \/>\n79cm (31\") | Dieser mittellange, leichte Mast aus geschmiedetem Kohlefaser bietet Fahrern die ideale Mischung aus Stabilit\u00e4t und Agilit\u00e4t. F\u00fcr Rider, die Leistung und Vielseitigkeit bei allen eFoiling-Bedingungen suchen, ist er die ideale Allround-Option.<br \/>\n89cm (35\")| Aus einer haltbaren Aluminiumlegierung gefertigt, ist dies der l\u00e4ngste Mast im Angebot, der erfahrenen Fahrern die zus\u00e4tzliche H\u00f6he bietet, die sie ben\u00f6tigen, um harte Kurven pr\u00e4zise auszuf\u00fchren.<\/p>\n<p><strong>Achtung!<\/strong> <em>Wenn Sie vorhaben, diese Masten mit dem \u201eOutboard Motor Adapter Kit\u201c zu kombinieren, empfehlen wir, eine l\u00e4ngere Version des Mastes auszuw\u00e4hlen.<\/em><\/p>\n<h2>Waydoo Flyer EVO Mast - DETAILS<\/h2>\n<table border=\"0\" rules=\"NONE\" cellspacing=\"0\">\n<tbody>\n<tr>\n<td align=\"LEFT\" width=\"117\" height=\"17\">Modell<\/td>\n<td align=\"LEFT\" width=\"215\">EVO 69cm\u00a0 Mast<\/td>\n<td align=\"LEFT\" width=\"217\">EVO 79cm Mast Karbon<\/td>\n<td align=\"LEFT\" width=\"211\">EVO 89cm Mast<\/td>\n<\/tr>\n<tr>\n<td align=\"LEFT\" height=\"17\">Gewicht<\/td>\n<td align=\"LEFT\">3.55kg<\/td>\n<td align=\"LEFT\">2.61kg<\/td>\n<td align=\"LEFT\">3.93kg<\/td>\n<\/tr>\n<tr>\n<td align=\"LEFT\" height=\"17\">Mast H\u00f6he<\/td>\n<td align=\"LEFT\">69cm<\/td>\n<td align=\"LEFT\">79cm<\/td>\n<td align=\"LEFT\">89cm<\/td>\n<\/tr>\n<tr>\n<td align=\"LEFT\" height=\"17\">Material<\/td>\n<td align=\"LEFT\">Aluminiumlegierung<\/td>\n<td align=\"LEFT\">Kohlefaser<\/td>\n<td align=\"LEFT\">Aluminiumlegierung<\/td>\n<\/tr>\n<tr>\n<td align=\"LEFT\" height=\"17\">Gr\u00f6\u00dfe<\/td>\n<td align=\"LEFT\">69x24.6\u00d710.4cm<\/td>\n<td align=\"LEFT\">79\u00d724.6x10.4cm<\/td>\n<td align=\"LEFT\">89x24.6x10.4cm<\/td>\n<\/tr>\n<\/tbody>\n<\/table>\n","protected":false},"excerpt":{"rendered":"<p><strong>Der Flyer EVO<\/strong> | wird mit drei verschiedenen Mastoptionen geliefert: Zuerst die <strong>69cm (27\")<\/strong> Option | Dies ist der k\u00fcrzeste Mast, ideal f\u00fcr Anf\u00e4nger oder Gelegenheitsfahrer, die Stabilit\u00e4t und einfache Man\u00f6vrierbarkeit auf dem Wasser suchen. Der <strong>79cm (31\")<\/strong> Mast | Er bietet Fahrern die ideale Mischung aus Stabilit\u00e4t und Agilit\u00e4t. Und schlie\u00dflich die <strong>89cm (35\")<\/strong> Option | Dies ist der l\u00e4ngste Mast im Angebot, der erfahrenen Fahrern die zus\u00e4tzliche H\u00f6he bietet, die sie ben\u00f6tigen, um harte Kurven pr\u00e4zise zu fahren.<\/p>\n","protected":false},"featured_media":176481,"comment_status":"open","ping_status":"closed","template":"","meta":{"_acf_changed":false,"_editorskit_title_hidden":false,"_editorskit_reading_time":0,"_editorskit_is_block_options_detached":false,"_editorskit_block_options_position":"{}","site-sidebar-layout":"default","site-content-layout":"default","ast-site-content-layout":"default","site-content-style":"default","site-sidebar-style":"default","ast-global-header-display":"","ast-banner-title-visibility":"","ast-main-header-display":"","ast-hfb-above-header-display":"","ast-hfb-below-header-display":"","ast-hfb-mobile-header-display":"","site-post-title":"","ast-breadcrumbs-content":"","ast-featured-img":"","footer-sml-layout":"","ast-disable-related-posts":"","theme-transparent-header-meta":"default","adv-header-id-meta":"","stick-header-meta":"","header-above-stick-meta":"","header-main-stick-meta":"","header-below-stick-meta":"","astra-migrate-meta-layouts":"set","ast-page-background-enabled":"default","ast-page-background-meta":{"desktop":{"background-color":"","background-image":"","background-repeat":"repeat","background-position":"center center","background-size":"auto","background-attachment":"scroll","background-type":"","background-media":"","overlay-type":"","overlay-color":"","overlay-opacity":"","overlay-gradient":""},"tablet":{"background-color":"","background-image":"","background-repeat":"repeat","background-position":"center center","background-size":"auto","background-attachment":"scroll","background-type":"","background-media":"","overlay-type":"","overlay-color":"","overlay-opacity":"","overlay-gradient":""},"mobile":{"background-color":"","background-image":"","background-repeat":"repeat","background-position":"center center","background-size":"auto","background-attachment":"scroll","background-type":"","background-media":"","overlay-type":"","overlay-color":"","overlay-opacity":"","overlay-gradient":""}},"ast-content-background-meta":{"desktop":{"background-color":"var(--ast-global-color-5)","background-image":"","background-repeat":"repeat","background-position":"center center","background-size":"auto","background-attachment":"scroll","background-type":"","background-media":"","overlay-type":"","overlay-color":"","overlay-opacity":"","overlay-gradient":""},"tablet":{"background-color":"var(--ast-global-color-5)","background-image":"","background-repeat":"repeat","background-position":"center center","background-size":"auto","background-attachment":"scroll","background-type":"","background-media":"","overlay-type":"","overlay-color":"","overlay-opacity":"","overlay-gradient":""},"mobile":{"background-color":"var(--ast-global-color-5)","background-image":"","background-repeat":"repeat","background-position":"center center","background-size":"auto","background-attachment":"scroll","background-type":"","background-media":"","overlay-type":"","overlay-color":"","overlay-opacity":"","overlay-gradient":""}},"_jf_save_progress":""},"product_brand":[],"product_cat":[570,60,111,536,506,24],"product_tag":[],"class_list":{"0":"post-176395","1":"product","2":"type-product","3":"status-publish","4":"has-post-thumbnail","6":"product_cat-e-foil-ersatzteile-de","7":"product_cat-buy","8":"product_cat-verkauf","9":"product_cat-e-foil-spare-parts","10":"product_cat-ersatzteile-de","11":"product_cat-spare-parts","12":"product_shipping_class-m-de","13":"desktop-align-center","14":"tablet-align-center","15":"mobile-align-center","16":"ast-product-gallery-layout-horizontal","17":"ast-product-gallery-with-no-image","18":"ast-magnify-disabled","19":"ast-product-single-variable","20":"ast-product-tabs-layout-horizontal","22":"first","23":"instock","24":"taxable","25":"shipping-taxable","26":"purchasable","27":"product-type-variable","28":"has-default-attributes"},"acf":[],"brizy_media":[],"_links":{"self":[{"href":"https:\/\/wave-lovers.com\/de\/wp-json\/wp\/v2\/product\/176395","targetHints":{"allow":["GET"]}}],"collection":[{"href":"https:\/\/wave-lovers.com\/de\/wp-json\/wp\/v2\/product"}],"about":[{"href":"https:\/\/wave-lovers.com\/de\/wp-json\/wp\/v2\/types\/product"}],"replies":[{"embeddable":true,"href":"https:\/\/wave-lovers.com\/de\/wp-json\/wp\/v2\/comments?post=176395"}],"wp:featuredmedia":[{"embeddable":true,"href":"https:\/\/wave-lovers.com\/de\/wp-json\/wp\/v2\/media\/176481"}],"wp:attachment":[{"href":"https:\/\/wave-lovers.com\/de\/wp-json\/wp\/v2\/media?parent=176395"}],"wp:term":[{"taxonomy":"product_brand","embeddable":true,"href":"https:\/\/wave-lovers.com\/de\/wp-json\/wp\/v2\/product_brand?post=176395"},{"taxonomy":"product_cat","embeddable":true,"href":"https:\/\/wave-lovers.com\/de\/wp-json\/wp\/v2\/product_cat?post=176395"},{"taxonomy":"product_tag","embeddable":true,"href":"https:\/\/wave-lovers.com\/de\/wp-json\/wp\/v2\/product_tag?post=176395"}],"curies":[{"name":"wp","href":"https:\/\/api.w.org\/{rel}","templated":true}]}}