{"id":176363,"date":"2024-09-11T12:06:52","date_gmt":"2024-09-11T10:06:52","guid":{"rendered":"https:\/\/wave-lovers.com\/?post_type=product&#038;p=176363"},"modified":"2024-09-11T13:30:25","modified_gmt":"2024-09-11T11:30:25","slug":"waydoo-flyer-evo-akku","status":"publish","type":"product","link":"https:\/\/wave-lovers.com\/de\/waydoo-flyer-evo-akku\/","title":{"rendered":"Waydoo Flyer EVO Akku"},"content":{"rendered":"<h2>Waydoo Flyer EVO Akku - INFORMATION<\/h2>\n<div class=\"w-full quill-editor p-2 border border-gray-100 rounded-lg outline-none shadow-lg\"><img decoding=\"async\" class=\"alignright size-thumbnail wp-image-176377\" src=\"https:\/\/wave-lovers.com\/wp-content\/uploads\/2024\/09\/waydoo-evo-series-battery-product-image-150x150.webp\" alt=\"\" width=\"150\" height=\"150\" srcset=\"https:\/\/wave-lovers.com\/wp-content\/uploads\/2024\/09\/waydoo-evo-series-battery-product-image-150x150.webp 150w, https:\/\/wave-lovers.com\/wp-content\/uploads\/2024\/09\/waydoo-evo-series-battery-product-image-300x300.webp 300w, https:\/\/wave-lovers.com\/wp-content\/uploads\/2024\/09\/waydoo-evo-series-battery-product-image-100x100.webp 100w, https:\/\/wave-lovers.com\/wp-content\/uploads\/2024\/09\/waydoo-evo-series-battery-product-image-32x32.webp 32w, https:\/\/wave-lovers.com\/wp-content\/uploads\/2024\/09\/waydoo-evo-series-battery-product-image.webp 400w\" sizes=\"(max-width: 150px) 100vw, 150px\" \/>F\u00fcr den Flyer EVO stehen zwei Akkukapazit\u00e4ten zur Auswahl: die 1800-Wh-Version und das gr\u00f6\u00dfere 2300-Wh-Modell. Diese Akkus bestehen aus erstklassigen Lithium-Ionen-Zellen, die in einem robusten Geh\u00e4use aus Aluminiumlegierung untergebracht sind. Der 1800-Wh-Akku ist ideal f\u00fcr die Verbesserung der Man\u00f6vrierf\u00e4higkeit auf dem Wasser, w\u00e4hrend die 2300-Wh-Option eine l\u00e4ngere Betriebszeit bietet. Beide Akku-Optionen sind mit einem LCD-Display f\u00fcr sofortige Status-Updates ausgestattet, sind nach IP68 wasserdicht und verf\u00fcgen \u00fcber eine Auslaufwarnung, um die Zuverl\u00e4ssigkeit zu erh\u00f6hen. Dar\u00fcber hinaus k\u00f6nnen diese Akkus in Verbindung mit dem Wechselrichter-Ladeger\u00e4t auch umgekehrt geladen werden und dienen somit als Stromquelle. Die optische Signal\u00fcbertragung gew\u00e4hrleistet eine sichere und konsistente Kommunikation.<\/div>\n<p>&nbsp;<\/p>\n<h2>Waydoo Flyer EVO Akku - DETAILS<\/h2>\n<table width=\"255\">\n<tbody>\n<tr>\n<td width=\"95\">Modell<\/td>\n<td width=\"80\">Powerflight 18<\/td>\n<td width=\"80\">Powerflight 23<\/td>\n<\/tr>\n<tr>\n<td>Akkutyp<\/td>\n<td>Lithium-Ion<\/td>\n<td>Lithium-Ion<\/td>\n<\/tr>\n<tr>\n<td>Dichtheitsklasse<\/td>\n<td>IP68<\/td>\n<td>IP68<\/td>\n<\/tr>\n<tr>\n<td>Kapazit\u00e4t<\/td>\n<td>1800Wh<\/td>\n<td>2300Wh<\/td>\n<\/tr>\n<tr>\n<td>Gewicht<\/td>\n<td>15.7kg<\/td>\n<td>17.5kg<\/td>\n<\/tr>\n<tr>\n<td>Spannung<\/td>\n<td>58.4V<\/td>\n<td>58.4V<\/td>\n<\/tr>\n<tr>\n<td>Gr\u00f6\u00dfe<\/td>\n<td>43.5x28.8x9.1cm<\/td>\n<td>43.5x28.8x9.1cm<\/td>\n<\/tr>\n<\/tbody>\n<\/table>\n","protected":false},"excerpt":{"rendered":"<p>F\u00fcr den Flyer EVO stehen zwei Akkukapazit\u00e4ten zur Auswahl: die 1800-Wh-Version und das gr\u00f6\u00dfere 2300-Wh-Modell. Diese Akkus bestehen aus erstklassigen Lithium-Ionen-Zellen, die in einem robusten Geh\u00e4use aus Aluminiumlegierung untergebracht sind.<\/p>\n","protected":false},"featured_media":176389,"comment_status":"open","ping_status":"closed","template":"","meta":{"_acf_changed":false,"_editorskit_title_hidden":false,"_editorskit_reading_time":0,"_editorskit_is_block_options_detached":false,"_editorskit_block_options_position":"{}","site-sidebar-layout":"default","site-content-layout":"default","ast-site-content-layout":"default","site-content-style":"default","site-sidebar-style":"default","ast-global-header-display":"","ast-banner-title-visibility":"","ast-main-header-display":"","ast-hfb-above-header-display":"","ast-hfb-below-header-display":"","ast-hfb-mobile-header-display":"","site-post-title":"","ast-breadcrumbs-content":"","ast-featured-img":"","footer-sml-layout":"","ast-disable-related-posts":"","theme-transparent-header-meta":"default","adv-header-id-meta":"","stick-header-meta":"","header-above-stick-meta":"","header-main-stick-meta":"","header-below-stick-meta":"","astra-migrate-meta-layouts":"set","ast-page-background-enabled":"default","ast-page-background-meta":{"desktop":{"background-color":"","background-image":"","background-repeat":"repeat","background-position":"center center","background-size":"auto","background-attachment":"scroll","background-type":"","background-media":"","overlay-type":"","overlay-color":"","overlay-opacity":"","overlay-gradient":""},"tablet":{"background-color":"","background-image":"","background-repeat":"repeat","background-position":"center center","background-size":"auto","background-attachment":"scroll","background-type":"","background-media":"","overlay-type":"","overlay-color":"","overlay-opacity":"","overlay-gradient":""},"mobile":{"background-color":"","background-image":"","background-repeat":"repeat","background-position":"center center","background-size":"auto","background-attachment":"scroll","background-type":"","background-media":"","overlay-type":"","overlay-color":"","overlay-opacity":"","overlay-gradient":""}},"ast-content-background-meta":{"desktop":{"background-color":"var(--ast-global-color-5)","background-image":"","background-repeat":"repeat","background-position":"center center","background-size":"auto","background-attachment":"scroll","background-type":"","background-media":"","overlay-type":"","overlay-color":"","overlay-opacity":"","overlay-gradient":""},"tablet":{"background-color":"var(--ast-global-color-5)","background-image":"","background-repeat":"repeat","background-position":"center center","background-size":"auto","background-attachment":"scroll","background-type":"","background-media":"","overlay-type":"","overlay-color":"","overlay-opacity":"","overlay-gradient":""},"mobile":{"background-color":"var(--ast-global-color-5)","background-image":"","background-repeat":"repeat","background-position":"center center","background-size":"auto","background-attachment":"scroll","background-type":"","background-media":"","overlay-type":"","overlay-color":"","overlay-opacity":"","overlay-gradient":""}},"_jf_save_progress":""},"product_brand":[],"product_cat":[570,60,111,536,506,24],"product_tag":[],"class_list":{"0":"post-176363","1":"product","2":"type-product","3":"status-publish","4":"has-post-thumbnail","6":"product_cat-e-foil-ersatzteile-de","7":"product_cat-buy","8":"product_cat-verkauf","9":"product_cat-e-foil-spare-parts","10":"product_cat-ersatzteile-de","11":"product_cat-spare-parts","12":"product_shipping_class-mg-de","13":"desktop-align-center","14":"tablet-align-center","15":"mobile-align-center","16":"ast-product-gallery-layout-horizontal","17":"ast-product-gallery-with-no-image","18":"ast-magnify-disabled","19":"ast-product-single-variable","20":"ast-product-tabs-layout-horizontal","22":"first","23":"instock","24":"taxable","25":"shipping-taxable","26":"purchasable","27":"product-type-variable"},"acf":[],"brizy_media":[],"_links":{"self":[{"href":"https:\/\/wave-lovers.com\/de\/wp-json\/wp\/v2\/product\/176363","targetHints":{"allow":["GET"]}}],"collection":[{"href":"https:\/\/wave-lovers.com\/de\/wp-json\/wp\/v2\/product"}],"about":[{"href":"https:\/\/wave-lovers.com\/de\/wp-json\/wp\/v2\/types\/product"}],"replies":[{"embeddable":true,"href":"https:\/\/wave-lovers.com\/de\/wp-json\/wp\/v2\/comments?post=176363"}],"wp:featuredmedia":[{"embeddable":true,"href":"https:\/\/wave-lovers.com\/de\/wp-json\/wp\/v2\/media\/176389"}],"wp:attachment":[{"href":"https:\/\/wave-lovers.com\/de\/wp-json\/wp\/v2\/media?parent=176363"}],"wp:term":[{"taxonomy":"product_brand","embeddable":true,"href":"https:\/\/wave-lovers.com\/de\/wp-json\/wp\/v2\/product_brand?post=176363"},{"taxonomy":"product_cat","embeddable":true,"href":"https:\/\/wave-lovers.com\/de\/wp-json\/wp\/v2\/product_cat?post=176363"},{"taxonomy":"product_tag","embeddable":true,"href":"https:\/\/wave-lovers.com\/de\/wp-json\/wp\/v2\/product_tag?post=176363"}],"curies":[{"name":"wp","href":"https:\/\/api.w.org\/{rel}","templated":true}]}}