{"id":176349,"date":"2024-09-11T10:57:37","date_gmt":"2024-09-11T08:57:37","guid":{"rendered":"https:\/\/wave-lovers.com\/?post_type=product&#038;p=176349"},"modified":"2024-09-11T11:21:39","modified_gmt":"2024-09-11T09:21:39","slug":"waydoo-flyer-evo-ladegeraet","status":"publish","type":"product","link":"https:\/\/wave-lovers.com\/de\/waydoo-flyer-evo-ladegeraet\/","title":{"rendered":"Waydoo Flyer EVO Ladeger\u00e4t"},"content":{"rendered":"<h2>Waydoo Flyer EVO Ladeger\u00e4t - INFORMATION<\/h2>\n<p>Der Waydoo Flyer EVO bietet die M\u00f6glichkeit, mit zwei verschiedenen Ger\u00e4ten zu laden, die jeweils \u00fcber unterschiedliche Kapazit\u00e4ten verf\u00fcgen. Das 600-Watt-Powerflight-Ladeger\u00e4t ist kompakt und leicht zu transportieren, was es ideal f\u00fcr das Aufladen unterwegs macht. Dar\u00fcber hinaus kann das 1500-W-Inverter-Ladeger\u00e4t als Stromquelle f\u00fcr andere Ger\u00e4te dienen und bietet so eine vielseitige Stromversorgung. Der Benutzer kann au\u00dferdem die Ausgangsspannung und -frequenz an seine spezifischen Bed\u00fcrfnisse anpassen, was Flexibilit\u00e4t und Komfort bietet.<\/p>\n<h2>Waydoo Flyer EVO Ladeger\u00e4t - DETAILS<\/h2>\n<table width=\"255\">\n<tbody>\n<tr>\n<td width=\"95\">Modell<\/td>\n<td width=\"80\">Powerflight Charger<\/td>\n<td width=\"80\">Inverter Charger<\/td>\n<\/tr>\n<tr>\n<td>Input<\/td>\n<td>100~240 VAC<\/td>\n<td>90~264 VAC<\/td>\n<\/tr>\n<tr>\n<td>Output<\/td>\n<td>58.8V<\/td>\n<td>40~59 VDC<\/td>\n<\/tr>\n<tr>\n<td>Leistung<\/td>\n<td>600W<\/td>\n<td>1500W<\/td>\n<\/tr>\n<tr>\n<td>Stromst\u00e4rke<\/td>\n<td>10A<\/td>\n<td>30A<\/td>\n<\/tr>\n<tr>\n<td>Gr\u00f6\u00dfe<\/td>\n<td>23.7x10.4x5.8cm<\/td>\n<td>26.6x14.1x4.4cm<\/td>\n<\/tr>\n<tr>\n<td>Ladequelle f\u00fcr andere Ger\u00e4te<\/td>\n<td>nein<\/td>\n<td>ja<\/td>\n<\/tr>\n<\/tbody>\n<\/table>\n","protected":false},"excerpt":{"rendered":"<p>Der Waydoo Flyer EVO gibt Ihnen die Flexibilit\u00e4t, mit zwei verschiedenen Ger\u00e4ten aufzuladen, die jeweils eine unterschiedliche Energiekapazit\u00e4t aufweisen.<\/p>\n","protected":false},"featured_media":176352,"comment_status":"open","ping_status":"closed","template":"","meta":{"_acf_changed":false,"_editorskit_title_hidden":false,"_editorskit_reading_time":0,"_editorskit_is_block_options_detached":false,"_editorskit_block_options_position":"{}","site-sidebar-layout":"default","site-content-layout":"default","ast-site-content-layout":"default","site-content-style":"default","site-sidebar-style":"default","ast-global-header-display":"","ast-banner-title-visibility":"","ast-main-header-display":"","ast-hfb-above-header-display":"","ast-hfb-below-header-display":"","ast-hfb-mobile-header-display":"","site-post-title":"","ast-breadcrumbs-content":"","ast-featured-img":"","footer-sml-layout":"","ast-disable-related-posts":"","theme-transparent-header-meta":"default","adv-header-id-meta":"","stick-header-meta":"","header-above-stick-meta":"","header-main-stick-meta":"","header-below-stick-meta":"","astra-migrate-meta-layouts":"set","ast-page-background-enabled":"default","ast-page-background-meta":{"desktop":{"background-color":"","background-image":"","background-repeat":"repeat","background-position":"center center","background-size":"auto","background-attachment":"scroll","background-type":"","background-media":"","overlay-type":"","overlay-color":"","overlay-opacity":"","overlay-gradient":""},"tablet":{"background-color":"","background-image":"","background-repeat":"repeat","background-position":"center center","background-size":"auto","background-attachment":"scroll","background-type":"","background-media":"","overlay-type":"","overlay-color":"","overlay-opacity":"","overlay-gradient":""},"mobile":{"background-color":"","background-image":"","background-repeat":"repeat","background-position":"center center","background-size":"auto","background-attachment":"scroll","background-type":"","background-media":"","overlay-type":"","overlay-color":"","overlay-opacity":"","overlay-gradient":""}},"ast-content-background-meta":{"desktop":{"background-color":"var(--ast-global-color-5)","background-image":"","background-repeat":"repeat","background-position":"center center","background-size":"auto","background-attachment":"scroll","background-type":"","background-media":"","overlay-type":"","overlay-color":"","overlay-opacity":"","overlay-gradient":""},"tablet":{"background-color":"var(--ast-global-color-5)","background-image":"","background-repeat":"repeat","background-position":"center center","background-size":"auto","background-attachment":"scroll","background-type":"","background-media":"","overlay-type":"","overlay-color":"","overlay-opacity":"","overlay-gradient":""},"mobile":{"background-color":"var(--ast-global-color-5)","background-image":"","background-repeat":"repeat","background-position":"center center","background-size":"auto","background-attachment":"scroll","background-type":"","background-media":"","overlay-type":"","overlay-color":"","overlay-opacity":"","overlay-gradient":""}},"_jf_save_progress":""},"product_brand":[],"product_cat":[570,60,111,536,506,24],"product_tag":[],"class_list":{"0":"post-176349","1":"product","2":"type-product","3":"status-publish","4":"has-post-thumbnail","6":"product_cat-e-foil-ersatzteile-de","7":"product_cat-buy","8":"product_cat-verkauf","9":"product_cat-e-foil-spare-parts","10":"product_cat-ersatzteile-de","11":"product_cat-spare-parts","12":"product_shipping_class-s-de","13":"desktop-align-center","14":"tablet-align-center","15":"mobile-align-center","16":"ast-product-gallery-layout-horizontal","17":"ast-product-gallery-with-no-image","18":"ast-magnify-disabled","19":"ast-product-single-variable","20":"ast-product-tabs-layout-horizontal","22":"first","23":"instock","24":"taxable","25":"shipping-taxable","26":"purchasable","27":"product-type-variable"},"acf":[],"brizy_media":[],"_links":{"self":[{"href":"https:\/\/wave-lovers.com\/de\/wp-json\/wp\/v2\/product\/176349","targetHints":{"allow":["GET"]}}],"collection":[{"href":"https:\/\/wave-lovers.com\/de\/wp-json\/wp\/v2\/product"}],"about":[{"href":"https:\/\/wave-lovers.com\/de\/wp-json\/wp\/v2\/types\/product"}],"replies":[{"embeddable":true,"href":"https:\/\/wave-lovers.com\/de\/wp-json\/wp\/v2\/comments?post=176349"}],"wp:featuredmedia":[{"embeddable":true,"href":"https:\/\/wave-lovers.com\/de\/wp-json\/wp\/v2\/media\/176352"}],"wp:attachment":[{"href":"https:\/\/wave-lovers.com\/de\/wp-json\/wp\/v2\/media?parent=176349"}],"wp:term":[{"taxonomy":"product_brand","embeddable":true,"href":"https:\/\/wave-lovers.com\/de\/wp-json\/wp\/v2\/product_brand?post=176349"},{"taxonomy":"product_cat","embeddable":true,"href":"https:\/\/wave-lovers.com\/de\/wp-json\/wp\/v2\/product_cat?post=176349"},{"taxonomy":"product_tag","embeddable":true,"href":"https:\/\/wave-lovers.com\/de\/wp-json\/wp\/v2\/product_tag?post=176349"}],"curies":[{"name":"wp","href":"https:\/\/api.w.org\/{rel}","templated":true}]}}