{"id":176339,"date":"2024-09-11T10:24:23","date_gmt":"2024-09-11T08:24:23","guid":{"rendered":"https:\/\/wave-lovers.com\/?post_type=product&#038;p=176339"},"modified":"2024-09-11T10:44:33","modified_gmt":"2024-09-11T08:44:33","slug":"waydoo-flyer-evo-fernbedienung","status":"publish","type":"product","link":"https:\/\/wave-lovers.com\/de\/waydoo-flyer-evo-fernbedienung\/","title":{"rendered":"Waydoo Flyer EVO Fernbedienung"},"content":{"rendered":"<h2>Waydoo Flyer EVO Fernbedienung - INFORMATION<\/h2>\n<p><img decoding=\"async\" class=\"alignright size-thumbnail wp-image-176341\" src=\"https:\/\/wave-lovers.com\/wp-content\/uploads\/2024\/09\/waydoo-evo-series-remote-control-150x150.webp\" alt=\"\" width=\"150\" height=\"150\" srcset=\"https:\/\/wave-lovers.com\/wp-content\/uploads\/2024\/09\/waydoo-evo-series-remote-control-150x150.webp 150w, https:\/\/wave-lovers.com\/wp-content\/uploads\/2024\/09\/waydoo-evo-series-remote-control-300x300.webp 300w, https:\/\/wave-lovers.com\/wp-content\/uploads\/2024\/09\/waydoo-evo-series-remote-control-100x100.webp 100w, https:\/\/wave-lovers.com\/wp-content\/uploads\/2024\/09\/waydoo-evo-series-remote-control-32x32.webp 32w, https:\/\/wave-lovers.com\/wp-content\/uploads\/2024\/09\/waydoo-evo-series-remote-control.webp 400w\" sizes=\"(max-width: 150px) 100vw, 150px\" \/><\/p>\n<div class=\"w-full quill-editor p-2 border border-gray-100 rounded-lg outline-none shadow-lg\">\n<p>Die verbesserte EVO Fernbedienung wurde mit einer neuen Benutzeroberfl\u00e4che und einem verbesserten Ausl\u00f6semechanismus neu gestaltet, um eine bessere Kontrolle und Pr\u00e4zision beim Fahren auf dem Wasser zu erm\u00f6glichen. Das aktualisierte Design verf\u00fcgt \u00fcber einen erweiterten Steuerbereich, der sanftere und pr\u00e4zisere Man\u00f6ver erm\u00f6glicht. Dar\u00fcber hinaus verf\u00fcgt die verbesserte Handschlaufe jetzt \u00fcber eine Silikonpolsterung f\u00fcr mehr Komfort und Sicherheit, die eine angenehmere und sichere Fahrt gew\u00e4hrleistet.<\/p>\n<\/div>\n<h2>Waydoo Flyer EVO Fernbedienung - DETAILS<\/h2>\n<table width=\"175\">\n<tbody>\n<tr>\n<td width=\"95\">Aufladezeit<\/td>\n<td width=\"80\">2h<\/td>\n<\/tr>\n<tr>\n<td>Wasserdichte Bewertung<\/td>\n<td>IP68<\/td>\n<\/tr>\n<tr>\n<td>Anschluss<\/td>\n<td>Bluetooth Low Energy<\/td>\n<\/tr>\n<tr>\n<td>Methode zum Aufladen<\/td>\n<td>Magnetisches Kabel<\/td>\n<\/tr>\n<tr>\n<td>Gr\u00f6\u00dfe<\/td>\n<td>15.3x5.9x11.8cm<\/td>\n<\/tr>\n<\/tbody>\n<\/table>\n","protected":false},"excerpt":{"rendered":"<p>Die verbesserte EVO-Fernbedienung wurde mit einer neuen Benutzeroberfl\u00e4che und einem verbesserten Ausl\u00f6semechanismus ausgestattet, um eine bessere Kontrolle und Genauigkeit beim Fahren auf dem Wasser zu gew\u00e4hrleisten.<\/p>\n","protected":false},"featured_media":176345,"comment_status":"open","ping_status":"closed","template":"","meta":{"_acf_changed":false,"_editorskit_title_hidden":false,"_editorskit_reading_time":0,"_editorskit_is_block_options_detached":false,"_editorskit_block_options_position":"{}","site-sidebar-layout":"default","site-content-layout":"default","ast-site-content-layout":"default","site-content-style":"default","site-sidebar-style":"default","ast-global-header-display":"","ast-banner-title-visibility":"","ast-main-header-display":"","ast-hfb-above-header-display":"","ast-hfb-below-header-display":"","ast-hfb-mobile-header-display":"","site-post-title":"","ast-breadcrumbs-content":"","ast-featured-img":"","footer-sml-layout":"","ast-disable-related-posts":"","theme-transparent-header-meta":"default","adv-header-id-meta":"","stick-header-meta":"","header-above-stick-meta":"","header-main-stick-meta":"","header-below-stick-meta":"","astra-migrate-meta-layouts":"set","ast-page-background-enabled":"default","ast-page-background-meta":{"desktop":{"background-color":"","background-image":"","background-repeat":"repeat","background-position":"center center","background-size":"auto","background-attachment":"scroll","background-type":"","background-media":"","overlay-type":"","overlay-color":"","overlay-opacity":"","overlay-gradient":""},"tablet":{"background-color":"","background-image":"","background-repeat":"repeat","background-position":"center center","background-size":"auto","background-attachment":"scroll","background-type":"","background-media":"","overlay-type":"","overlay-color":"","overlay-opacity":"","overlay-gradient":""},"mobile":{"background-color":"","background-image":"","background-repeat":"repeat","background-position":"center center","background-size":"auto","background-attachment":"scroll","background-type":"","background-media":"","overlay-type":"","overlay-color":"","overlay-opacity":"","overlay-gradient":""}},"ast-content-background-meta":{"desktop":{"background-color":"var(--ast-global-color-5)","background-image":"","background-repeat":"repeat","background-position":"center center","background-size":"auto","background-attachment":"scroll","background-type":"","background-media":"","overlay-type":"","overlay-color":"","overlay-opacity":"","overlay-gradient":""},"tablet":{"background-color":"var(--ast-global-color-5)","background-image":"","background-repeat":"repeat","background-position":"center center","background-size":"auto","background-attachment":"scroll","background-type":"","background-media":"","overlay-type":"","overlay-color":"","overlay-opacity":"","overlay-gradient":""},"mobile":{"background-color":"var(--ast-global-color-5)","background-image":"","background-repeat":"repeat","background-position":"center center","background-size":"auto","background-attachment":"scroll","background-type":"","background-media":"","overlay-type":"","overlay-color":"","overlay-opacity":"","overlay-gradient":""}},"_jf_save_progress":""},"product_brand":[],"product_cat":[570,60,111,536,506,24],"product_tag":[],"class_list":{"0":"post-176339","1":"product","2":"type-product","3":"status-publish","4":"has-post-thumbnail","6":"product_cat-e-foil-ersatzteile-de","7":"product_cat-buy","8":"product_cat-verkauf","9":"product_cat-e-foil-spare-parts","10":"product_cat-ersatzteile-de","11":"product_cat-spare-parts","12":"product_shipping_class-s-de","13":"desktop-align-center","14":"tablet-align-center","15":"mobile-align-center","16":"ast-product-gallery-layout-horizontal","17":"ast-product-gallery-with-no-image","18":"ast-magnify-disabled","19":"ast-product-tabs-layout-horizontal","21":"first","22":"instock","23":"taxable","24":"shipping-taxable","25":"purchasable","26":"product-type-simple"},"acf":[],"brizy_media":[],"_links":{"self":[{"href":"https:\/\/wave-lovers.com\/de\/wp-json\/wp\/v2\/product\/176339","targetHints":{"allow":["GET"]}}],"collection":[{"href":"https:\/\/wave-lovers.com\/de\/wp-json\/wp\/v2\/product"}],"about":[{"href":"https:\/\/wave-lovers.com\/de\/wp-json\/wp\/v2\/types\/product"}],"replies":[{"embeddable":true,"href":"https:\/\/wave-lovers.com\/de\/wp-json\/wp\/v2\/comments?post=176339"}],"wp:featuredmedia":[{"embeddable":true,"href":"https:\/\/wave-lovers.com\/de\/wp-json\/wp\/v2\/media\/176345"}],"wp:attachment":[{"href":"https:\/\/wave-lovers.com\/de\/wp-json\/wp\/v2\/media?parent=176339"}],"wp:term":[{"taxonomy":"product_brand","embeddable":true,"href":"https:\/\/wave-lovers.com\/de\/wp-json\/wp\/v2\/product_brand?post=176339"},{"taxonomy":"product_cat","embeddable":true,"href":"https:\/\/wave-lovers.com\/de\/wp-json\/wp\/v2\/product_cat?post=176339"},{"taxonomy":"product_tag","embeddable":true,"href":"https:\/\/wave-lovers.com\/de\/wp-json\/wp\/v2\/product_tag?post=176339"}],"curies":[{"name":"wp","href":"https:\/\/api.w.org\/{rel}","templated":true}]}}