{"id":175525,"date":"2024-09-10T13:25:39","date_gmt":"2024-09-10T11:25:39","guid":{"rendered":"https:\/\/wave-lovers.com\/?post_type=product&#038;p=175525"},"modified":"2024-09-13T10:50:05","modified_gmt":"2024-09-13T08:50:05","slug":"seabob-f9s-unterwasser-scooter","status":"publish","type":"product","link":"https:\/\/wave-lovers.com\/de\/seabob-f9s-unterwasser-scooter\/","title":{"rendered":"SEABOB F9S Unterwasser Scooter"},"content":{"rendered":"<h2>SEABOB F9S Unterwasser Scooter - INFORMATION<\/h2>\n<p><img decoding=\"async\" class=\"alignright wp-image-174868 size-thumbnail\" src=\"https:\/\/wave-lovers.com\/wp-content\/uploads\/2024\/09\/seabob-f9-diving-scooter-product-150x150.webp\" alt=\"\" width=\"150\" height=\"150\" srcset=\"https:\/\/wave-lovers.com\/wp-content\/uploads\/2024\/09\/seabob-f9-diving-scooter-product-150x150.webp 150w, https:\/\/wave-lovers.com\/wp-content\/uploads\/2024\/09\/seabob-f9-diving-scooter-product-300x300.webp 300w, https:\/\/wave-lovers.com\/wp-content\/uploads\/2024\/09\/seabob-f9-diving-scooter-product-100x100.webp 100w, https:\/\/wave-lovers.com\/wp-content\/uploads\/2024\/09\/seabob-f9-diving-scooter-product-32x32.webp 32w, https:\/\/wave-lovers.com\/wp-content\/uploads\/2024\/09\/seabob-f9-diving-scooter-product.webp 400w\" sizes=\"(max-width: 150px) 100vw, 150px\" \/>Wir pr\u00e4sentieren die neueste Innovation in der Unterwasserforschung - die brandneuen Seabob Unterwasserscooter! Seabob ist bekannt f\u00fcr seine hochmoderne Technologie, seinen au\u00dfergew\u00f6hnlichen Service und sein unvergleichliches Fahrerlebnis und hat die Messlatte wieder einmal h\u00f6her gelegt. Diese eleganten und hochentwickelten Scooter wurden komplett \u00fcberarbeitet, um die Leistung und Qualit\u00e4t in der Branche neu zu definieren. Im Gegensatz zu anderen Produkten, die Jahr f\u00fcr Jahr einfach nur die gleichen Funktionen neu verpacken, hat Seabob keine Kosten gescheut, um einen echten Mehrwert f\u00fcr seine Kunden zu schaffen. Das Ergebnis ist ein Unterwasserscooter der Spitzenklasse, der unvergleichliche Leistung und ein unvergleichliches Taucherlebnis bietet. Mit zwei neuen Modellen zur Auswahl k\u00f6nnen die Kunden von Seabob nur das Beste erwarten. Die Zusammenarbeit mit Studio F. A. Porsche hat ein Designkonzept hervorgebracht, das nicht nur elegant und stilvoll aussieht, sondern auch technische Innovation und Effizienz in den Vordergrund stellt. Die neuen Scooter sind leichter als je zuvor und wiegen nur etwas mehr als 20 kg f\u00fcr optimale Handhabung und Man\u00f6vrierbarkeit.<\/p>\n<p><strong>Die Besonderheit des High-End-Modells F9S ist nicht nur die verbesserte Leistung, sondern auch das \u00fcberarbeitete Fahrwerk, das dank des integrierten Fahrstabilit\u00e4tssystems f\u00fcr mehr Dynamik und bessere Man\u00f6vrierbarkeit steht. Auch die Akkukapazit\u00e4t ist ab Werk auf das Maximum ausgelegt. Mehr Leistung, l\u00e4ngere Tauchg\u00e4nge und eine neue Form der Freiheit, die Sie sp\u00fcren k\u00f6nnen. G\u00e4nsehaut pur!<\/strong><\/p>\n<h3><img decoding=\"async\" class=\"alignright wp-image-174862 size-thumbnail\" src=\"https:\/\/wave-lovers.com\/wp-content\/uploads\/2024\/09\/seabob-f9-diving-scooter-design-150x150.webp\" alt=\"\" width=\"100\" height=\"100\" srcset=\"https:\/\/wave-lovers.com\/wp-content\/uploads\/2024\/09\/seabob-f9-diving-scooter-design-150x150.webp 150w, https:\/\/wave-lovers.com\/wp-content\/uploads\/2024\/09\/seabob-f9-diving-scooter-design-300x300.webp 300w, https:\/\/wave-lovers.com\/wp-content\/uploads\/2024\/09\/seabob-f9-diving-scooter-design-100x100.webp 100w, https:\/\/wave-lovers.com\/wp-content\/uploads\/2024\/09\/seabob-f9-diving-scooter-design-32x32.webp 32w, https:\/\/wave-lovers.com\/wp-content\/uploads\/2024\/09\/seabob-f9-diving-scooter-design.webp 400w\" sizes=\"(max-width: 100px) 100vw, 100px\" \/>End-Level Performance<\/h3>\n<p>Auf den ersten Blick f\u00e4llt auf, dass sich das neueste Modell des SEABOB, der F9S, vom Antriebskonzept seines gelungenen Vorg\u00e4ngers inspirieren l\u00e4sst. Bei n\u00e4herer Betrachtung f\u00e4llt die Vielzahl an technischen Verbesserungen auf, die nahtlos integriert wurden. Wieder einmal haben die Macher einen innovativen Ansatz gew\u00e4hlt, um ein erstklassiges Freizeit-Wasserfahrzeug zu entwickeln, das nicht nur durch seine Qualit\u00e4t besticht, sondern auch neue Ma\u00dfst\u00e4be setzt. Durch die Verwendung von Premium-Materialien wie Titan, Magnesium und speziellen Keramikbeschichtungen wurde eine Reihe von bahnbrechenden Verbesserungen umgesetzt, die Ihr Wassererlebnis in unvergleichliche H\u00f6hen heben.<\/p>\n<h3 class=\"w-full quill-editor p-2 border border-gray-100 rounded-lg outline-none shadow-lg\"><img decoding=\"async\" class=\"alignright wp-image-174859 size-thumbnail\" src=\"https:\/\/wave-lovers.com\/wp-content\/uploads\/2024\/09\/seabob-f9-diving-scooter-cockpit-150x150.webp\" alt=\"\" width=\"100\" height=\"100\" srcset=\"https:\/\/wave-lovers.com\/wp-content\/uploads\/2024\/09\/seabob-f9-diving-scooter-cockpit-150x150.webp 150w, https:\/\/wave-lovers.com\/wp-content\/uploads\/2024\/09\/seabob-f9-diving-scooter-cockpit-300x300.webp 300w, https:\/\/wave-lovers.com\/wp-content\/uploads\/2024\/09\/seabob-f9-diving-scooter-cockpit-100x100.webp 100w, https:\/\/wave-lovers.com\/wp-content\/uploads\/2024\/09\/seabob-f9-diving-scooter-cockpit-32x32.webp 32w, https:\/\/wave-lovers.com\/wp-content\/uploads\/2024\/09\/seabob-f9-diving-scooter-cockpit.webp 400w\" sizes=\"(max-width: 100px) 100vw, 100px\" \/>Alles unter Kontrolle<\/h3>\n<p>Mit dem SEABOB F9S wurden bedeutende Fortschritte bei der Verbesserung der Benutzererfahrung gemacht. Das innovative digitale Gaspedal, das mit dem Daumen gesteuert wird, erm\u00f6glicht es dem Benutzer, die Motorleistung pr\u00e4zise an seine Bed\u00fcrfnisse anzupassen. Das Umschalten zwischen Normal- und Tauchmodus erfolgt m\u00fchelos \u00fcber einen Schaltersensor, der eine feinf\u00fchligere Beschleunigung f\u00fcr eine nahtlose Unterwassererkundung bietet. Im Sportmodus, der mit dem Sensorschalter aktiviert wird, liefert der SEABOB maximale Motorleistung f\u00fcr eine aufregende Fahrt \u00fcber dem Wasser. Egal, ob Sie eine gem\u00e4chliche Fahrt oder ein adrenalingeladenes Erlebnis bevorzugen, der SEABOB F9S garantiert unvergleichlichen Spa\u00df und Freude f\u00fcr alle Wasserenthusiasten.<\/p>\n<h3>Anpassung ist der Schl\u00fcssel<\/h3>\n<p><img loading=\"lazy\" decoding=\"async\" class=\"alignright size-thumbnail wp-image-174865\" src=\"https:\/\/wave-lovers.com\/wp-content\/uploads\/2024\/09\/seabob-f9-diving-scooter-fast-charger-150x150.webp\" alt=\"\" width=\"100\" height=\"100\" srcset=\"https:\/\/wave-lovers.com\/wp-content\/uploads\/2024\/09\/seabob-f9-diving-scooter-fast-charger-150x150.webp 150w, https:\/\/wave-lovers.com\/wp-content\/uploads\/2024\/09\/seabob-f9-diving-scooter-fast-charger-300x300.webp 300w, https:\/\/wave-lovers.com\/wp-content\/uploads\/2024\/09\/seabob-f9-diving-scooter-fast-charger-100x100.webp 100w, https:\/\/wave-lovers.com\/wp-content\/uploads\/2024\/09\/seabob-f9-diving-scooter-fast-charger-32x32.webp 32w, https:\/\/wave-lovers.com\/wp-content\/uploads\/2024\/09\/seabob-f9-diving-scooter-fast-charger.webp 400w\" sizes=\"(max-width: 100px) 100vw, 100px\" \/>Die Marke bietet eine Reihe von verlockenden Upgrade-Optionen, die Ihr Interesse wecken werden. Genau wie bei seinen Vorg\u00e4ngern l\u00e4sst sich das Design des Fahrzeugs vollst\u00e4ndig an Ihre W\u00fcnsche anpassen. Sie k\u00f6nnen aus einer Reihe luxuri\u00f6ser Farben w\u00e4hlen oder sich sogar f\u00fcr eine bestimmte Farbgebung der Mittelkonsole entscheiden. Wenn Sie kreativ sind, k\u00f6nnen Sie Ihr eigenes Farbschema entwerfen und das Design an Ihren individuellen Stil anpassen. Sollten Sie sich f\u00fcr diesen Weg entscheiden, setzen Sie sich bitte im Voraus mit uns in Verbindung, um Ihr individuelles Design zu besprechen.<\/p>\n<p>F\u00fcr diejenigen, die Wert auf Leistung legen, gibt es Optionen, um die F\u00e4higkeiten des Rollers zu verbessern. W\u00e4hlen Sie beispielsweise das Schnellladeger\u00e4t f\u00fcr zus\u00e4tzlichen Komfort oder die leistungsstarken Scheinwerfer f\u00fcr bessere Sicht bei allen Bedingungen.<\/p>\n<h2>SEABOB F9S Tauchscooter - DETAILS<\/h2>\n<table width=\"320\">\n<tbody>\n<tr>\n<td width=\"80\"><strong>Kategorie<\/strong><\/td>\n<td width=\"80\"><strong>Beschreibung<\/strong><\/td>\n<td width=\"80\"><strong>SEABOB F9<\/strong><\/td>\n<td width=\"80\"><strong>SEABOB F9S<\/strong><\/td>\n<\/tr>\n<tr>\n<td width=\"80\">Energie<\/td>\n<td width=\"80\">Gesamtkapazit\u00e4t<\/td>\n<td width=\"80\">48V; 18 Ah; 0,8 kWh<\/td>\n<td rowspan=\"2\" width=\"80\">48V; 27 Ah; 1,2 kWh<\/td>\n<\/tr>\n<tr>\n<td width=\"80\"><\/td>\n<td width=\"80\"><\/td>\n<td width=\"80\">48V; 27 Ah; 1,2 kWh (*mit Batteriekapazit\u00e4t plus)<\/td>\n<\/tr>\n<tr>\n<td width=\"80\">Betriebszeit<\/td>\n<td width=\"80\">Bei sportlicher Fahrweise bis zu<\/td>\n<td width=\"80\">40 min \/ 60 min*<\/td>\n<td width=\"80\">50 min<\/td>\n<\/tr>\n<tr>\n<td width=\"80\">Aufladezeit<\/td>\n<td width=\"80\">Standardaufladung ca.<\/td>\n<td width=\"80\">4 h \/ 6 h*<\/td>\n<td width=\"80\">6 h<\/td>\n<\/tr>\n<tr>\n<td width=\"80\"><\/td>\n<td width=\"80\">Schnellladung ca.<\/td>\n<td width=\"80\">1 h \/ 1,5 h*<\/td>\n<td width=\"80\">1,5 h<\/td>\n<\/tr>\n<tr>\n<td width=\"80\">Motor<\/td>\n<td width=\"80\">Elektrische Leistung<\/td>\n<td width=\"80\">2,6 kW<\/td>\n<td width=\"80\">3,6 kW<\/td>\n<\/tr>\n<tr>\n<td width=\"80\">Leistung<\/td>\n<td width=\"80\">Schubleistung<\/td>\n<td width=\"80\">60 TP<\/td>\n<td width=\"80\">84 TP<\/td>\n<\/tr>\n<tr>\n<td width=\"80\">Motorsteuerung<\/td>\n<td width=\"80\">Elektronische Geschwindigkeitsregelung<\/td>\n<td width=\"80\">Stufenlos<\/td>\n<td width=\"80\">Stufenlos<\/td>\n<\/tr>\n<tr>\n<td width=\"80\">Tauchtiefe<\/td>\n<td width=\"80\">Sicherheitsabschaltung durch den eingebauten Tiefensensor bei einer Wassertiefe von<\/td>\n<td width=\"80\">3,0 m<\/td>\n<td width=\"80\">3,0 m<\/td>\n<\/tr>\n<tr>\n<td width=\"80\"><\/td>\n<td width=\"80\">Elektronisches Steuersystem kann auf eine maximale Wassertiefe eingestellt werden von<\/td>\n<td width=\"80\">30 m<\/td>\n<td width=\"80\">30 m<\/td>\n<\/tr>\n<tr>\n<td width=\"80\">Abmessungen<\/td>\n<td width=\"80\">L x B x H (in mm)<\/td>\n<td width=\"80\">1.023 x 526 x 343<\/td>\n<td width=\"80\">1.023 x 526 x 343<\/td>\n<\/tr>\n<tr>\n<td width=\"80\">Gewicht<\/td>\n<td width=\"80\">Ungef\u00e4hr.<\/td>\n<td width=\"80\">20,9 kg \/ 22,8 kg*<\/td>\n<td width=\"80\">23,9 kg<\/td>\n<\/tr>\n<tr>\n<td width=\"80\">Auftrieb im Wasser<\/td>\n<td width=\"80\">Ca.<\/td>\n<td width=\"80\">10 kg \/ 9 kg*<\/td>\n<td width=\"80\">8 kg<\/td>\n<\/tr>\n<tr>\n<td width=\"80\">Fahrstabilit\u00e4tssystem<\/td>\n<td width=\"80\">Ausziehbarer Heckstabilisator links und rechts und zwei Flossen am Unterk\u00f6rper<\/td>\n<td width=\"80\"><\/td>\n<td width=\"80\">\u2022<\/td>\n<\/tr>\n<tr>\n<td width=\"80\">Sicherungsvorrichtung<\/td>\n<td width=\"80\">F\u00fcr Pilot-Gurtsystem<\/td>\n<td width=\"80\">\u2022<\/td>\n<td width=\"80\">\u2022<\/td>\n<\/tr>\n<\/tbody>\n<\/table>\n","protected":false},"excerpt":{"rendered":"<p>Die neuen Unterwasserscooter von Seabob sind da! Mehr Leistung, l\u00e4ngere Tauchg\u00e4nge und eine neue Form der Freiheit, die man sp\u00fcren kann. G\u00e4nsehaut pur!<\/p>\n","protected":false},"featured_media":176104,"comment_status":"open","ping_status":"closed","template":"","meta":{"_acf_changed":false,"_editorskit_title_hidden":false,"_editorskit_reading_time":0,"_editorskit_is_block_options_detached":false,"_editorskit_block_options_position":"{}","site-sidebar-layout":"default","site-content-layout":"default","ast-site-content-layout":"default","site-content-style":"default","site-sidebar-style":"default","ast-global-header-display":"","ast-banner-title-visibility":"","ast-main-header-display":"","ast-hfb-above-header-display":"","ast-hfb-below-header-display":"","ast-hfb-mobile-header-display":"","site-post-title":"","ast-breadcrumbs-content":"","ast-featured-img":"","footer-sml-layout":"","ast-disable-related-posts":"","theme-transparent-header-meta":"default","adv-header-id-meta":"","stick-header-meta":"","header-above-stick-meta":"","header-main-stick-meta":"","header-below-stick-meta":"","astra-migrate-meta-layouts":"set","ast-page-background-enabled":"default","ast-page-background-meta":{"desktop":{"background-color":"","background-image":"","background-repeat":"repeat","background-position":"center center","background-size":"auto","background-attachment":"scroll","background-type":"","background-media":"","overlay-type":"","overlay-color":"","overlay-opacity":"","overlay-gradient":""},"tablet":{"background-color":"","background-image":"","background-repeat":"repeat","background-position":"center center","background-size":"auto","background-attachment":"scroll","background-type":"","background-media":"","overlay-type":"","overlay-color":"","overlay-opacity":"","overlay-gradient":""},"mobile":{"background-color":"","background-image":"","background-repeat":"repeat","background-position":"center center","background-size":"auto","background-attachment":"scroll","background-type":"","background-media":"","overlay-type":"","overlay-color":"","overlay-opacity":"","overlay-gradient":""}},"ast-content-background-meta":{"desktop":{"background-color":"var(--ast-global-color-5)","background-image":"","background-repeat":"repeat","background-position":"center center","background-size":"auto","background-attachment":"scroll","background-type":"","background-media":"","overlay-type":"","overlay-color":"","overlay-opacity":"","overlay-gradient":""},"tablet":{"background-color":"var(--ast-global-color-5)","background-image":"","background-repeat":"repeat","background-position":"center center","background-size":"auto","background-attachment":"scroll","background-type":"","background-media":"","overlay-type":"","overlay-color":"","overlay-opacity":"","overlay-gradient":""},"mobile":{"background-color":"var(--ast-global-color-5)","background-image":"","background-repeat":"repeat","background-position":"center center","background-size":"auto","background-attachment":"scroll","background-type":"","background-media":"","overlay-type":"","overlay-color":"","overlay-opacity":"","overlay-gradient":""}},"_jf_save_progress":""},"product_brand":[],"product_cat":[60,111,19,121],"product_tag":[],"class_list":{"0":"post-175525","1":"product","2":"type-product","3":"status-publish","4":"has-post-thumbnail","6":"product_cat-buy","7":"product_cat-verkauf","8":"product_cat-underwater-scooter","9":"product_cat-unterwasser-scooter-de","10":"product_shipping_class-lg-de","11":"desktop-align-center","12":"tablet-align-center","13":"mobile-align-center","14":"ast-product-gallery-layout-horizontal","15":"ast-magnify-disabled","16":"ast-product-single-variable","17":"ast-product-tabs-layout-horizontal","19":"first","20":"instock","21":"taxable","22":"shipping-taxable","23":"purchasable","24":"product-type-variable"},"acf":[],"brizy_media":[],"_links":{"self":[{"href":"https:\/\/wave-lovers.com\/de\/wp-json\/wp\/v2\/product\/175525","targetHints":{"allow":["GET"]}}],"collection":[{"href":"https:\/\/wave-lovers.com\/de\/wp-json\/wp\/v2\/product"}],"about":[{"href":"https:\/\/wave-lovers.com\/de\/wp-json\/wp\/v2\/types\/product"}],"replies":[{"embeddable":true,"href":"https:\/\/wave-lovers.com\/de\/wp-json\/wp\/v2\/comments?post=175525"}],"wp:featuredmedia":[{"embeddable":true,"href":"https:\/\/wave-lovers.com\/de\/wp-json\/wp\/v2\/media\/176104"}],"wp:attachment":[{"href":"https:\/\/wave-lovers.com\/de\/wp-json\/wp\/v2\/media?parent=175525"}],"wp:term":[{"taxonomy":"product_brand","embeddable":true,"href":"https:\/\/wave-lovers.com\/de\/wp-json\/wp\/v2\/product_brand?post=175525"},{"taxonomy":"product_cat","embeddable":true,"href":"https:\/\/wave-lovers.com\/de\/wp-json\/wp\/v2\/product_cat?post=175525"},{"taxonomy":"product_tag","embeddable":true,"href":"https:\/\/wave-lovers.com\/de\/wp-json\/wp\/v2\/product_tag?post=175525"}],"curies":[{"name":"wp","href":"https:\/\/api.w.org\/{rel}","templated":true}]}}