{"id":174800,"date":"2024-09-10T10:33:40","date_gmt":"2024-09-10T08:33:40","guid":{"rendered":"https:\/\/wave-lovers.com\/?post_type=product&#038;p=174800"},"modified":"2024-09-11T10:50:53","modified_gmt":"2024-09-11T08:50:53","slug":"seabob-f9-unterwasser-scooter","status":"publish","type":"product","link":"https:\/\/wave-lovers.com\/de\/seabob-f9-unterwasser-scooter\/","title":{"rendered":"SEABOB F9 Unterwasser Scooter"},"content":{"rendered":"<h2>SEABOB F9 Unterwasser Scooter - INFORMATION<\/h2>\n<p><img decoding=\"async\" class=\"alignright wp-image-174868 size-thumbnail\" src=\"https:\/\/wave-lovers.com\/wp-content\/uploads\/2024\/09\/seabob-f9-diving-scooter-product-150x150.webp\" alt=\"\" width=\"150\" height=\"150\" srcset=\"https:\/\/wave-lovers.com\/wp-content\/uploads\/2024\/09\/seabob-f9-diving-scooter-product-150x150.webp 150w, https:\/\/wave-lovers.com\/wp-content\/uploads\/2024\/09\/seabob-f9-diving-scooter-product-300x300.webp 300w, https:\/\/wave-lovers.com\/wp-content\/uploads\/2024\/09\/seabob-f9-diving-scooter-product-100x100.webp 100w, https:\/\/wave-lovers.com\/wp-content\/uploads\/2024\/09\/seabob-f9-diving-scooter-product-32x32.webp 32w, https:\/\/wave-lovers.com\/wp-content\/uploads\/2024\/09\/seabob-f9-diving-scooter-product.webp 400w\" sizes=\"(max-width: 150px) 100vw, 150px\" \/><\/p>\n<p>Die neuen Unterwasserscooter von Seabob sind da! Die bew\u00e4hrten Tauchger\u00e4te haben sich durch seine ausgekl\u00fcgelte Technik, den exzellenten Service und die tollen Fahreigenschaften l\u00e4ngst einen Namen gemacht und \u00fcberzeugen auch mit den neuesten Innovationen. Es stehen zwei neue Modelle zur Auswahl, die in jeder Hinsicht \u00fcberarbeitet wurden und Leistung und Qualit\u00e4t neu definieren. Im Gegensatz zu den Mitbewerbern werden hier nicht Jahr f\u00fcr Jahr kleine \u00c4nderungen neu verpackt, sondern keine Kosten gescheut, um einen echten Mehrwert f\u00fcr die Kunden zu schaffen. Lassen Sie sich \u00fcberzeugen und erleben Sie die Spitzenleistung der n\u00e4chsten Generation.<\/p>\n<p>Die Ver\u00e4nderungen sind nicht nur im Design schnell erkennbar. Vielmehr ist in Zusammenarbeit mit dem Studio F. A. Porsche ein Konzept entstanden, das es versteht, technische Innovationen effizient umzusetzen und dabei neue Ma\u00dfst\u00e4be zu setzen. Auch das Gewicht konnte deutlich reduziert werden und sorgt mit knapp \u00fcber 20 kg f\u00fcr ein optimales Handling. Sportlich, vielseitig und immer einsatzbereit. Der SEABOB F9 besticht durch seine ph\u00e4nomenale Man\u00f6vrierf\u00e4higkeit, auch in kleineren Becken oder in unwegsamem Gel\u00e4nde.<\/p>\n<h3><img decoding=\"async\" class=\"alignright wp-image-174862 size-thumbnail\" src=\"https:\/\/wave-lovers.com\/wp-content\/uploads\/2024\/09\/seabob-f9-diving-scooter-design-150x150.webp\" alt=\"\" width=\"100\" height=\"100\" srcset=\"https:\/\/wave-lovers.com\/wp-content\/uploads\/2024\/09\/seabob-f9-diving-scooter-design-150x150.webp 150w, https:\/\/wave-lovers.com\/wp-content\/uploads\/2024\/09\/seabob-f9-diving-scooter-design-300x300.webp 300w, https:\/\/wave-lovers.com\/wp-content\/uploads\/2024\/09\/seabob-f9-diving-scooter-design-100x100.webp 100w, https:\/\/wave-lovers.com\/wp-content\/uploads\/2024\/09\/seabob-f9-diving-scooter-design-32x32.webp 32w, https:\/\/wave-lovers.com\/wp-content\/uploads\/2024\/09\/seabob-f9-diving-scooter-design.webp 400w\" sizes=\"(max-width: 100px) 100vw, 100px\" \/>Next-Level Performance<\/h3>\n<p>Auf den ersten Blick ist zu erkennen, dass die neue SEABOB F9-Serie auf dem durchdachten Antriebskonzept des Vorg\u00e4ngers basiert. Bei n\u00e4herer Betrachtung wird deutlich, dass eine F\u00fclle von technischen Weiterentwicklungen eingeflossen sind. Einmal mehr wurde ein innovativer Ansatz zur Entwicklung eines Freizeitbootes der Spitzenklasse pr\u00e4sentiert, der ein bisher nicht gekanntes Qualit\u00e4tsniveau erreicht und damit neue Ma\u00dfst\u00e4be setzt. Durch die Verwendung von hochwertigen Materialien wie Titan, Magnesium und speziellen Keramikbeschichtungen wurde die Reihe der bahnbrechenden Fortschritte fortgesetzt, um Ihr Erlebnis auf ein neues Niveau zu katapultieren.<\/p>\n<h3><img decoding=\"async\" class=\"alignright wp-image-174859 size-thumbnail\" src=\"https:\/\/wave-lovers.com\/wp-content\/uploads\/2024\/09\/seabob-f9-diving-scooter-cockpit-150x150.webp\" alt=\"\" width=\"100\" height=\"100\" srcset=\"https:\/\/wave-lovers.com\/wp-content\/uploads\/2024\/09\/seabob-f9-diving-scooter-cockpit-150x150.webp 150w, https:\/\/wave-lovers.com\/wp-content\/uploads\/2024\/09\/seabob-f9-diving-scooter-cockpit-300x300.webp 300w, https:\/\/wave-lovers.com\/wp-content\/uploads\/2024\/09\/seabob-f9-diving-scooter-cockpit-100x100.webp 100w, https:\/\/wave-lovers.com\/wp-content\/uploads\/2024\/09\/seabob-f9-diving-scooter-cockpit-32x32.webp 32w, https:\/\/wave-lovers.com\/wp-content\/uploads\/2024\/09\/seabob-f9-diving-scooter-cockpit.webp 400w\" sizes=\"(max-width: 100px) 100vw, 100px\" \/>Mehr Sensorik als bei der K9<\/h3>\n<p>Auch in Bezug auf die Benutzerfreundlichkeit wurden gro\u00dfe Schritte unternommen. Der SEABOB F9 verf\u00fcgt \u00fcber ein digitales Gaspedal, das mit dem Daumen bedient wird. So k\u00f6nnen Sie die stufenlose Motorleistung an Ihre Bed\u00fcrfnisse anpassen. \u00dcber einen Schaltsensor kann man zwischen Normal- und Tauchmodus umschalten. Im Tauchmodus ist die Beschleunigung wesentlich sensibler f\u00fcr komfortable Fahrten unter Wasser. F\u00fcr sportliche Leistungen \u00fcber Wasser aktivieren Sie einfach den Sensorschalter f\u00fcr den Sportmodus. Dieser Modus erzeugt maximale Motorleistung und sorgt f\u00fcr unvergleichlichen Fahrspa\u00df mit Ihrem neuen SEABOB.<\/p>\n<h3>Vielseitigkeit am Limit<\/h3>\n<p><img loading=\"lazy\" decoding=\"async\" class=\"alignright size-thumbnail wp-image-174865\" src=\"https:\/\/wave-lovers.com\/wp-content\/uploads\/2024\/09\/seabob-f9-diving-scooter-fast-charger-150x150.webp\" alt=\"\" width=\"100\" height=\"100\" srcset=\"https:\/\/wave-lovers.com\/wp-content\/uploads\/2024\/09\/seabob-f9-diving-scooter-fast-charger-150x150.webp 150w, https:\/\/wave-lovers.com\/wp-content\/uploads\/2024\/09\/seabob-f9-diving-scooter-fast-charger-300x300.webp 300w, https:\/\/wave-lovers.com\/wp-content\/uploads\/2024\/09\/seabob-f9-diving-scooter-fast-charger-100x100.webp 100w, https:\/\/wave-lovers.com\/wp-content\/uploads\/2024\/09\/seabob-f9-diving-scooter-fast-charger-32x32.webp 32w, https:\/\/wave-lovers.com\/wp-content\/uploads\/2024\/09\/seabob-f9-diving-scooter-fast-charger.webp 400w\" sizes=\"(max-width: 100px) 100vw, 100px\" \/>Der Hersteller lockt Sie mit vielen interessanten Upgrades aus der Reserve. Wie bei den Vorg\u00e4ngermodellen liegt das Design in Ihrer Hand. W\u00e4hlen Sie aus einer luxuri\u00f6sen Auswahl an Farben oder entscheiden Sie sich f\u00fcr eine Chromausf\u00fchrung der Mittelkonsole. Oder f\u00fcgen Sie Ihr eigenes Farbschema hinzu und gestalten Sie das Design nach Ihren W\u00fcnschen. Wenn das Ihre Option ist, kontaktieren Sie uns bitte im Voraus!<\/p>\n<p>Oder sind Sie eher an Leistung interessiert? Dann entscheiden Sie sich f\u00fcr die verl\u00e4ngerte Batterie, das Schnellladeger\u00e4t oder das einzigartige neue Fahrstabilit\u00e4tssystem des F9S, das mit seinem ausfahrbaren Heckfl\u00fcgel und 2 Folien am Triebwerk beeindruckt.<\/p>\n<h2>SEABOB F9 Tauchscooter - DETAILS<\/h2>\n<table width=\"320\">\n<tbody>\n<tr>\n<td width=\"80\"><strong>Kategorie<\/strong><\/td>\n<td width=\"80\"><strong>Beschreibung<\/strong><\/td>\n<td width=\"80\"><strong>SEABOB F9<\/strong><\/td>\n<td width=\"80\"><strong>SEABOB F9S<\/strong><\/td>\n<\/tr>\n<tr>\n<td width=\"80\">Energie<\/td>\n<td width=\"80\">Gesamtkapazit\u00e4t<\/td>\n<td width=\"80\">48V; 18 Ah; 0,8 kWh<\/td>\n<td rowspan=\"2\" width=\"80\">48V; 27 Ah; 1,2 kWh<\/td>\n<\/tr>\n<tr>\n<td width=\"80\"><\/td>\n<td width=\"80\"><\/td>\n<td width=\"80\">48V; 27 Ah; 1,2 kWh (*mit Batteriekapazit\u00e4t plus)<\/td>\n<\/tr>\n<tr>\n<td width=\"80\">Betriebszeit<\/td>\n<td width=\"80\">Bei sportlicher Fahrweise bis zu<\/td>\n<td width=\"80\">40 min \/ 60 min*<\/td>\n<td width=\"80\">50 min<\/td>\n<\/tr>\n<tr>\n<td width=\"80\">Aufladezeit<\/td>\n<td width=\"80\">Standardaufladung ca.<\/td>\n<td width=\"80\">4 h \/ 6 h*<\/td>\n<td width=\"80\">6 h<\/td>\n<\/tr>\n<tr>\n<td width=\"80\"><\/td>\n<td width=\"80\">Schnellladung ca.<\/td>\n<td width=\"80\">1 h \/ 1,5 h*<\/td>\n<td width=\"80\">1,5 h<\/td>\n<\/tr>\n<tr>\n<td width=\"80\">Motor<\/td>\n<td width=\"80\">Elektrische Leistung<\/td>\n<td width=\"80\">2,6 kW<\/td>\n<td width=\"80\">3,6 kW<\/td>\n<\/tr>\n<tr>\n<td width=\"80\">Leistung<\/td>\n<td width=\"80\">Schubleistung<\/td>\n<td width=\"80\">60 TP<\/td>\n<td width=\"80\">84 TP<\/td>\n<\/tr>\n<tr>\n<td width=\"80\">Motorsteuerung<\/td>\n<td width=\"80\">Elektronische Geschwindigkeitsregelung<\/td>\n<td width=\"80\">Stufenlos<\/td>\n<td width=\"80\">Stufenlos<\/td>\n<\/tr>\n<tr>\n<td width=\"80\">Tauchtiefe<\/td>\n<td width=\"80\">Sicherheitsabschaltung durch den eingebauten Tiefensensor bei einer Wassertiefe von<\/td>\n<td width=\"80\">3,0 m<\/td>\n<td width=\"80\">3,0 m<\/td>\n<\/tr>\n<tr>\n<td width=\"80\"><\/td>\n<td width=\"80\">Elektronisches Steuersystem kann auf eine maximale Wassertiefe eingestellt werden von<\/td>\n<td width=\"80\">30 m<\/td>\n<td width=\"80\">30 m<\/td>\n<\/tr>\n<tr>\n<td width=\"80\">Abmessungen<\/td>\n<td width=\"80\">L x B x H (in mm)<\/td>\n<td width=\"80\">1.023 x 526 x 343<\/td>\n<td width=\"80\">1.023 x 526 x 343<\/td>\n<\/tr>\n<tr>\n<td width=\"80\">Gewicht<\/td>\n<td width=\"80\">Ungef\u00e4hr.<\/td>\n<td width=\"80\">20,9 kg \/ 22,8 kg*<\/td>\n<td width=\"80\">23,9 kg<\/td>\n<\/tr>\n<tr>\n<td width=\"80\">Auftrieb im Wasser<\/td>\n<td width=\"80\">Ca.<\/td>\n<td width=\"80\">10 kg \/ 9 kg*<\/td>\n<td width=\"80\">8 kg<\/td>\n<\/tr>\n<tr>\n<td width=\"80\">Fahrstabilit\u00e4tssystem<\/td>\n<td width=\"80\">Ausziehbarer Heckstabilisator links und rechts und zwei Flossen am Unterk\u00f6rper<\/td>\n<td width=\"80\"><\/td>\n<td width=\"80\">\u2022<\/td>\n<\/tr>\n<tr>\n<td width=\"80\">Sicherungsvorrichtung<\/td>\n<td width=\"80\">F\u00fcr Pilot-Gurtsystem<\/td>\n<td width=\"80\">\u2022<\/td>\n<td width=\"80\">\u2022<\/td>\n<\/tr>\n<\/tbody>\n<\/table>\n","protected":false},"excerpt":{"rendered":"<p>Die neuen Unterwasserscooter von Seabob sind da! Das bew\u00e4hrte Tauchger\u00e4t hat sich durch seine ausgekl\u00fcgelte Technik, den hervorragenden Service und die tollen Fahreigenschaften l\u00e4ngst einen Namen gemacht.<\/p>\n","protected":false},"featured_media":174839,"comment_status":"open","ping_status":"closed","template":"","meta":{"_acf_changed":false,"_editorskit_title_hidden":false,"_editorskit_reading_time":0,"_editorskit_is_block_options_detached":false,"_editorskit_block_options_position":"{}","site-sidebar-layout":"default","site-content-layout":"default","ast-site-content-layout":"default","site-content-style":"default","site-sidebar-style":"default","ast-global-header-display":"","ast-banner-title-visibility":"","ast-main-header-display":"","ast-hfb-above-header-display":"","ast-hfb-below-header-display":"","ast-hfb-mobile-header-display":"","site-post-title":"","ast-breadcrumbs-content":"","ast-featured-img":"","footer-sml-layout":"","ast-disable-related-posts":"","theme-transparent-header-meta":"default","adv-header-id-meta":"","stick-header-meta":"","header-above-stick-meta":"","header-main-stick-meta":"","header-below-stick-meta":"","astra-migrate-meta-layouts":"set","ast-page-background-enabled":"default","ast-page-background-meta":{"desktop":{"background-color":"","background-image":"","background-repeat":"repeat","background-position":"center center","background-size":"auto","background-attachment":"scroll","background-type":"","background-media":"","overlay-type":"","overlay-color":"","overlay-opacity":"","overlay-gradient":""},"tablet":{"background-color":"","background-image":"","background-repeat":"repeat","background-position":"center center","background-size":"auto","background-attachment":"scroll","background-type":"","background-media":"","overlay-type":"","overlay-color":"","overlay-opacity":"","overlay-gradient":""},"mobile":{"background-color":"","background-image":"","background-repeat":"repeat","background-position":"center center","background-size":"auto","background-attachment":"scroll","background-type":"","background-media":"","overlay-type":"","overlay-color":"","overlay-opacity":"","overlay-gradient":""}},"ast-content-background-meta":{"desktop":{"background-color":"var(--ast-global-color-5)","background-image":"","background-repeat":"repeat","background-position":"center center","background-size":"auto","background-attachment":"scroll","background-type":"","background-media":"","overlay-type":"","overlay-color":"","overlay-opacity":"","overlay-gradient":""},"tablet":{"background-color":"var(--ast-global-color-5)","background-image":"","background-repeat":"repeat","background-position":"center center","background-size":"auto","background-attachment":"scroll","background-type":"","background-media":"","overlay-type":"","overlay-color":"","overlay-opacity":"","overlay-gradient":""},"mobile":{"background-color":"var(--ast-global-color-5)","background-image":"","background-repeat":"repeat","background-position":"center center","background-size":"auto","background-attachment":"scroll","background-type":"","background-media":"","overlay-type":"","overlay-color":"","overlay-opacity":"","overlay-gradient":""}},"_jf_save_progress":""},"product_brand":[],"product_cat":[60,111,19,121],"product_tag":[],"class_list":{"0":"post-174800","1":"product","2":"type-product","3":"status-publish","4":"has-post-thumbnail","6":"product_cat-buy","7":"product_cat-verkauf","8":"product_cat-underwater-scooter","9":"product_cat-unterwasser-scooter-de","10":"product_shipping_class-lg-de","11":"desktop-align-center","12":"tablet-align-center","13":"mobile-align-center","14":"ast-product-gallery-layout-horizontal","15":"ast-magnify-disabled","16":"ast-product-single-variable","17":"ast-product-tabs-layout-horizontal","19":"first","20":"instock","21":"taxable","22":"shipping-taxable","23":"purchasable","24":"product-type-variable"},"acf":[],"brizy_media":[],"_links":{"self":[{"href":"https:\/\/wave-lovers.com\/de\/wp-json\/wp\/v2\/product\/174800","targetHints":{"allow":["GET"]}}],"collection":[{"href":"https:\/\/wave-lovers.com\/de\/wp-json\/wp\/v2\/product"}],"about":[{"href":"https:\/\/wave-lovers.com\/de\/wp-json\/wp\/v2\/types\/product"}],"replies":[{"embeddable":true,"href":"https:\/\/wave-lovers.com\/de\/wp-json\/wp\/v2\/comments?post=174800"}],"wp:featuredmedia":[{"embeddable":true,"href":"https:\/\/wave-lovers.com\/de\/wp-json\/wp\/v2\/media\/174839"}],"wp:attachment":[{"href":"https:\/\/wave-lovers.com\/de\/wp-json\/wp\/v2\/media?parent=174800"}],"wp:term":[{"taxonomy":"product_brand","embeddable":true,"href":"https:\/\/wave-lovers.com\/de\/wp-json\/wp\/v2\/product_brand?post=174800"},{"taxonomy":"product_cat","embeddable":true,"href":"https:\/\/wave-lovers.com\/de\/wp-json\/wp\/v2\/product_cat?post=174800"},{"taxonomy":"product_tag","embeddable":true,"href":"https:\/\/wave-lovers.com\/de\/wp-json\/wp\/v2\/product_tag?post=174800"}],"curies":[{"name":"wp","href":"https:\/\/api.w.org\/{rel}","templated":true}]}}