{"id":174772,"date":"2024-09-09T16:17:28","date_gmt":"2024-09-09T14:17:28","guid":{"rendered":"https:\/\/wave-lovers.com\/?post_type=product&#038;p=174772"},"modified":"2024-09-09T16:42:14","modified_gmt":"2024-09-09T14:42:14","slug":"waydoo-flyer-evo-max-scooter-kit","status":"publish","type":"product","link":"https:\/\/wave-lovers.com\/de\/waydoo-flyer-evo-max-scooter-kit\/","title":{"rendered":"Waydoo Flyer EVO MAX Scooter Kit"},"content":{"rendered":"<h2>Waydoo Flyer EVO MAX Scooter Kit - INFORMATION<\/h2>\n<p>Mit dem neuen Scooter Kit k\u00f6nnen Sie Ihr Waydoo EVO MAX Plus schnell und ohne gro\u00dfen Aufwand in einen trendigen Scooter umbauen. Die Lenkerstange l\u00e4sst sich in wenigen Handgriffen auf dem Board montieren und bietet Platz f\u00fcr die Fernbedienung, sodass Sie jederzeit alle wichtigen Informationen schnell ablesen k\u00f6nnen.<\/p>\n<p>Welche Vorteile bietet das Scooter Kit? Besonders f\u00fcr Anf\u00e4nger und Lernende gedacht, sorgt die zus\u00e4tzliche Lenkerstange f\u00fcr ein Maximum an Stabilit\u00e4t und Komfort. Sobald das E-Foil aus dem Wasser abhebt, ist es notwendig die richtige Balance zu finden. Die neue EVO Serie ist deshalb auch mit zeitgerechter Sensorik ausgestattet und hilft jedem Neuling zu einem einfachen Einstieg in die Welt des Wassersports. Und in Kombination mit dem Scooter Kit werden Sie schon bald gro\u00dfe Fortschritte erzielen. Soviel ist sicher!<\/p>\n<p><strong>Achtung! Dieses Produkt ist nur mit dem gr\u00f6\u00dferen Board der EVO-Serie kompatibel (Waydoo Flyer EVO MAX Plus), aber <span style=\"text-decoration: underline;\">nicht<\/span> mit den anderen Modellen (EVO PRO \/ PRO Plus \/ Master Plus).<\/strong><\/p>\n","protected":false},"excerpt":{"rendered":"<p>Einfach, praktisch und gut durchdacht. Mit dem neuen Scooter Kit k\u00f6nnen Sie Ihr Waydoo EVO MAX Plus schnell und einfach in einen trendigen Scooter verwandeln.<\/p>\n","protected":false},"featured_media":174777,"comment_status":"open","ping_status":"closed","template":"","meta":{"_acf_changed":false,"_editorskit_title_hidden":false,"_editorskit_reading_time":0,"_editorskit_is_block_options_detached":false,"_editorskit_block_options_position":"{}","site-sidebar-layout":"default","site-content-layout":"default","ast-site-content-layout":"default","site-content-style":"default","site-sidebar-style":"default","ast-global-header-display":"","ast-banner-title-visibility":"","ast-main-header-display":"","ast-hfb-above-header-display":"","ast-hfb-below-header-display":"","ast-hfb-mobile-header-display":"","site-post-title":"","ast-breadcrumbs-content":"","ast-featured-img":"","footer-sml-layout":"","ast-disable-related-posts":"","theme-transparent-header-meta":"default","adv-header-id-meta":"","stick-header-meta":"","header-above-stick-meta":"","header-main-stick-meta":"","header-below-stick-meta":"","astra-migrate-meta-layouts":"set","ast-page-background-enabled":"default","ast-page-background-meta":{"desktop":{"background-color":"","background-image":"","background-repeat":"repeat","background-position":"center center","background-size":"auto","background-attachment":"scroll","background-type":"","background-media":"","overlay-type":"","overlay-color":"","overlay-opacity":"","overlay-gradient":""},"tablet":{"background-color":"","background-image":"","background-repeat":"repeat","background-position":"center center","background-size":"auto","background-attachment":"scroll","background-type":"","background-media":"","overlay-type":"","overlay-color":"","overlay-opacity":"","overlay-gradient":""},"mobile":{"background-color":"","background-image":"","background-repeat":"repeat","background-position":"center center","background-size":"auto","background-attachment":"scroll","background-type":"","background-media":"","overlay-type":"","overlay-color":"","overlay-opacity":"","overlay-gradient":""}},"ast-content-background-meta":{"desktop":{"background-color":"var(--ast-global-color-5)","background-image":"","background-repeat":"repeat","background-position":"center center","background-size":"auto","background-attachment":"scroll","background-type":"","background-media":"","overlay-type":"","overlay-color":"","overlay-opacity":"","overlay-gradient":""},"tablet":{"background-color":"var(--ast-global-color-5)","background-image":"","background-repeat":"repeat","background-position":"center center","background-size":"auto","background-attachment":"scroll","background-type":"","background-media":"","overlay-type":"","overlay-color":"","overlay-opacity":"","overlay-gradient":""},"mobile":{"background-color":"var(--ast-global-color-5)","background-image":"","background-repeat":"repeat","background-position":"center center","background-size":"auto","background-attachment":"scroll","background-type":"","background-media":"","overlay-type":"","overlay-color":"","overlay-opacity":"","overlay-gradient":""}},"_jf_save_progress":""},"product_brand":[],"product_cat":[570,60,111,536,506,24],"product_tag":[],"class_list":{"0":"post-174772","1":"product","2":"type-product","3":"status-publish","4":"has-post-thumbnail","6":"product_cat-e-foil-ersatzteile-de","7":"product_cat-buy","8":"product_cat-verkauf","9":"product_cat-e-foil-spare-parts","10":"product_cat-ersatzteile-de","11":"product_cat-spare-parts","12":"product_shipping_class-l-de","13":"desktop-align-center","14":"tablet-align-center","15":"mobile-align-center","16":"ast-product-gallery-layout-horizontal","17":"ast-product-gallery-with-no-image","18":"ast-magnify-disabled","19":"ast-product-tabs-layout-horizontal","21":"first","22":"instock","23":"taxable","24":"shipping-taxable","25":"purchasable","26":"product-type-simple"},"acf":[],"brizy_media":[],"_links":{"self":[{"href":"https:\/\/wave-lovers.com\/de\/wp-json\/wp\/v2\/product\/174772","targetHints":{"allow":["GET"]}}],"collection":[{"href":"https:\/\/wave-lovers.com\/de\/wp-json\/wp\/v2\/product"}],"about":[{"href":"https:\/\/wave-lovers.com\/de\/wp-json\/wp\/v2\/types\/product"}],"replies":[{"embeddable":true,"href":"https:\/\/wave-lovers.com\/de\/wp-json\/wp\/v2\/comments?post=174772"}],"wp:featuredmedia":[{"embeddable":true,"href":"https:\/\/wave-lovers.com\/de\/wp-json\/wp\/v2\/media\/174777"}],"wp:attachment":[{"href":"https:\/\/wave-lovers.com\/de\/wp-json\/wp\/v2\/media?parent=174772"}],"wp:term":[{"taxonomy":"product_brand","embeddable":true,"href":"https:\/\/wave-lovers.com\/de\/wp-json\/wp\/v2\/product_brand?post=174772"},{"taxonomy":"product_cat","embeddable":true,"href":"https:\/\/wave-lovers.com\/de\/wp-json\/wp\/v2\/product_cat?post=174772"},{"taxonomy":"product_tag","embeddable":true,"href":"https:\/\/wave-lovers.com\/de\/wp-json\/wp\/v2\/product_tag?post=174772"}],"curies":[{"name":"wp","href":"https:\/\/api.w.org\/{rel}","templated":true}]}}