{"id":174752,"date":"2024-09-09T15:23:28","date_gmt":"2024-09-09T13:23:28","guid":{"rendered":"https:\/\/wave-lovers.com\/?post_type=product&#038;p=174752"},"modified":"2025-03-11T18:59:57","modified_gmt":"2025-03-11T17:59:57","slug":"waydoo-flyer-evo-mover-transportrollen","status":"publish","type":"product","link":"https:\/\/wave-lovers.com\/de\/waydoo-flyer-evo-mover-transportrollen\/","title":{"rendered":"Waydoo Flyer EVO Mover Transportrollen"},"content":{"rendered":"<h2>Waydoo Flyer EVO Mover Transportrollen - INFORMATION<\/h2>\n<p><img decoding=\"async\" class=\"alignright size-thumbnail wp-image-174764\" src=\"https:\/\/wave-lovers.com\/wp-content\/uploads\/2024\/09\/waydoo-evo-series-mover-transport-rollers-150x150.webp\" alt=\"\" width=\"150\" height=\"150\" srcset=\"https:\/\/wave-lovers.com\/wp-content\/uploads\/2024\/09\/waydoo-evo-series-mover-transport-rollers-150x150.webp 150w, https:\/\/wave-lovers.com\/wp-content\/uploads\/2024\/09\/waydoo-evo-series-mover-transport-rollers-300x300.webp 300w, https:\/\/wave-lovers.com\/wp-content\/uploads\/2024\/09\/waydoo-evo-series-mover-transport-rollers-100x100.webp 100w, https:\/\/wave-lovers.com\/wp-content\/uploads\/2024\/09\/waydoo-evo-series-mover-transport-rollers-32x32.webp 32w, https:\/\/wave-lovers.com\/wp-content\/uploads\/2024\/09\/waydoo-evo-series-mover-transport-rollers.webp 400w\" sizes=\"(max-width: 150px) 100vw, 150px\" \/>Einfach, praktisch und gut durchdacht. Die neuen EVO-Boards von Waydoo bringen viele n\u00fctzliche Features, wie zum Beispiel die Transportrollen, die in zwei Gr\u00f6\u00dfen erh\u00e4ltlich sind.<\/p>\n<p>Der Mover-L ist f\u00fcr das gro\u00dfe Board (Waydoo Flyer EVO Max Plus) gedacht, w\u00e4hrend der Mover-S mit den kleineren Boards (Waydoo Flyer EVO Pro \/ Pro Plus \/ Master Plus) kompatibel ist.<\/p>\n<p>Die hochwertigen R\u00e4der werden von einer Aluminiumstange getragen und haben gro\u00dfe gummierte R\u00e4der, die auf allen Oberfl\u00e4chen hervorragend funktionieren. Mit einem Gewicht von weniger als 2kg sind Ihrem n\u00e4chsten Ausflug also keine Grenzen gesetzt.<\/p>\n<h2>Waydoo Flyer EVO Mover Transportrollen - DETAILS<\/h2>\n<table>\n<tbody>\n<tr>\n<td>Modell<\/td>\n<td>Mover-S<\/td>\n<td>Mover-L<\/td>\n<\/tr>\n<tr>\n<td>Gewicht<\/td>\n<td>1.76 kg<\/td>\n<td>1.96 kg<\/td>\n<\/tr>\n<tr>\n<td>Gr\u00f6\u00dfe<\/td>\n<td>17.8 x 74.5 cm<\/td>\n<td>17.8 x 86.9 cm<\/td>\n<\/tr>\n<tr>\n<td>Kompatibilit\u00e4t<\/td>\n<td>Waydoo EVO PRO (90l), Waydoo EVO PRO Plus (90l), Waydoo EVO Master (75l)<\/td>\n<td>Waydoo EVO MAX Plus (130l)<\/td>\n<\/tr>\n<\/tbody>\n<\/table>\n","protected":false},"excerpt":{"rendered":"<p>Einfach, praktisch und gut durchdacht. Die neuen EVO-Boards von Waydoo erweitern den Markt um viele n\u00fctzliche Features, wie auch die Transportrollen, die jeden Transport zum Kinderspiel machen.<\/p>\n","protected":false},"featured_media":174768,"comment_status":"open","ping_status":"closed","template":"","meta":{"_acf_changed":false,"_editorskit_title_hidden":false,"_editorskit_reading_time":0,"_editorskit_is_block_options_detached":false,"_editorskit_block_options_position":"{}","site-sidebar-layout":"default","site-content-layout":"default","ast-site-content-layout":"default","site-content-style":"default","site-sidebar-style":"default","ast-global-header-display":"","ast-banner-title-visibility":"","ast-main-header-display":"","ast-hfb-above-header-display":"","ast-hfb-below-header-display":"","ast-hfb-mobile-header-display":"","site-post-title":"","ast-breadcrumbs-content":"","ast-featured-img":"","footer-sml-layout":"","ast-disable-related-posts":"","theme-transparent-header-meta":"default","adv-header-id-meta":"","stick-header-meta":"","header-above-stick-meta":"","header-main-stick-meta":"","header-below-stick-meta":"","astra-migrate-meta-layouts":"set","ast-page-background-enabled":"default","ast-page-background-meta":{"desktop":{"background-color":"","background-image":"","background-repeat":"repeat","background-position":"center center","background-size":"auto","background-attachment":"scroll","background-type":"","background-media":"","overlay-type":"","overlay-color":"","overlay-opacity":"","overlay-gradient":""},"tablet":{"background-color":"","background-image":"","background-repeat":"repeat","background-position":"center center","background-size":"auto","background-attachment":"scroll","background-type":"","background-media":"","overlay-type":"","overlay-color":"","overlay-opacity":"","overlay-gradient":""},"mobile":{"background-color":"","background-image":"","background-repeat":"repeat","background-position":"center center","background-size":"auto","background-attachment":"scroll","background-type":"","background-media":"","overlay-type":"","overlay-color":"","overlay-opacity":"","overlay-gradient":""}},"ast-content-background-meta":{"desktop":{"background-color":"var(--ast-global-color-5)","background-image":"","background-repeat":"repeat","background-position":"center center","background-size":"auto","background-attachment":"scroll","background-type":"","background-media":"","overlay-type":"","overlay-color":"","overlay-opacity":"","overlay-gradient":""},"tablet":{"background-color":"var(--ast-global-color-5)","background-image":"","background-repeat":"repeat","background-position":"center center","background-size":"auto","background-attachment":"scroll","background-type":"","background-media":"","overlay-type":"","overlay-color":"","overlay-opacity":"","overlay-gradient":""},"mobile":{"background-color":"var(--ast-global-color-5)","background-image":"","background-repeat":"repeat","background-position":"center center","background-size":"auto","background-attachment":"scroll","background-type":"","background-media":"","overlay-type":"","overlay-color":"","overlay-opacity":"","overlay-gradient":""}},"_jf_save_progress":""},"product_brand":[],"product_cat":[570,111,506],"product_tag":[],"class_list":{"0":"post-174752","1":"product","2":"type-product","3":"status-publish","4":"has-post-thumbnail","6":"product_cat-e-foil-ersatzteile-de","7":"product_cat-verkauf","8":"product_cat-ersatzteile-de","9":"product_shipping_class-m-de","10":"desktop-align-center","11":"tablet-align-center","12":"mobile-align-center","13":"ast-product-gallery-layout-horizontal","14":"ast-product-gallery-with-no-image","15":"ast-magnify-disabled","16":"ast-product-single-variable","17":"ast-product-tabs-layout-horizontal","19":"first","20":"instock","21":"taxable","22":"shipping-taxable","23":"purchasable","24":"product-type-variable"},"acf":[],"brizy_media":[],"_links":{"self":[{"href":"https:\/\/wave-lovers.com\/de\/wp-json\/wp\/v2\/product\/174752","targetHints":{"allow":["GET"]}}],"collection":[{"href":"https:\/\/wave-lovers.com\/de\/wp-json\/wp\/v2\/product"}],"about":[{"href":"https:\/\/wave-lovers.com\/de\/wp-json\/wp\/v2\/types\/product"}],"replies":[{"embeddable":true,"href":"https:\/\/wave-lovers.com\/de\/wp-json\/wp\/v2\/comments?post=174752"}],"wp:featuredmedia":[{"embeddable":true,"href":"https:\/\/wave-lovers.com\/de\/wp-json\/wp\/v2\/media\/174768"}],"wp:attachment":[{"href":"https:\/\/wave-lovers.com\/de\/wp-json\/wp\/v2\/media?parent=174752"}],"wp:term":[{"taxonomy":"product_brand","embeddable":true,"href":"https:\/\/wave-lovers.com\/de\/wp-json\/wp\/v2\/product_brand?post=174752"},{"taxonomy":"product_cat","embeddable":true,"href":"https:\/\/wave-lovers.com\/de\/wp-json\/wp\/v2\/product_cat?post=174752"},{"taxonomy":"product_tag","embeddable":true,"href":"https:\/\/wave-lovers.com\/de\/wp-json\/wp\/v2\/product_tag?post=174752"}],"curies":[{"name":"wp","href":"https:\/\/api.w.org\/{rel}","templated":true}]}}