{"id":174717,"date":"2024-09-09T12:24:40","date_gmt":"2024-09-09T10:24:40","guid":{"rendered":"https:\/\/wave-lovers.com\/?post_type=product&#038;p=174717"},"modified":"2024-09-09T13:15:46","modified_gmt":"2024-09-09T11:15:46","slug":"waydoo-flyer-evo-propeller","status":"publish","type":"product","link":"https:\/\/wave-lovers.com\/de\/waydoo-flyer-evo-propeller\/","title":{"rendered":"Waydoo Flyer EVO Propeller"},"content":{"rendered":"<h2>Waydoo Flyer EVO Propeller - INFORMATION<\/h2>\n<p>F\u00fcr den neuen Flyer EVO von Waydoo gibt es 3 verschiedene Propeller zur Auswahl. Serienm\u00e4\u00dfig ist ein Propeller enthalten, der dank seiner sp\u00e4rlichen Abschirmung die meisten Unf\u00e4lle verhindert, aber nicht die maximale Sicherheit bietet. Er ist leistungsorientiert und schafft ein hervorragendes Verh\u00e4ltnis von Beschleunigung zu Leistung. Was er jedoch nicht bietet, ist ein zus\u00e4tzlicher Schutz gegen \u00e4u\u00dfere Einfl\u00fcsse wie Sand, kleine Steine oder Algen. Und f\u00fcr Enthusiasten, die auch ohne elektrischen Antrieb Spa\u00df auf dem Wasser haben wollen, bietet der Standardpropeller nicht die volle Bandbreite an Einsatzm\u00f6glichkeiten.<\/p>\n<h3>Jet Drive<\/h3>\n<p>Der Jet Drive wurde entwickelt, um dem Fahrer den bestm\u00f6glichen Komfort und maximale Sicherheit zu bieten. Der Propeller ist vollst\u00e4ndig von einem Aluminiumgeh\u00e4use umschlossen, so dass keine Fremdk\u00f6rper in den Antrieb gelangen k\u00f6nnen. Obwohl die Fahreigenschaften in Bezug auf die Leistung leicht eingeschr\u00e4nkt sind, sind diese nur f\u00fcr erfahrene Surfer sp\u00fcrbar, die schnelle Kurven fahren und in raueren Gew\u00e4ssern unterwegs sind. Sofern Sie kein Profi sind, bietet der Jet Drive viele Vorteile in Bezug auf Haltbarkeit, Sicherheit und Handhabung. Testen Sie ihn jetzt!<\/p>\n<h3>Folding Propeller<\/h3>\n<p>Der Folding Propeller ist besonders f\u00fcr konventionelle Surfer interessant, die ihr Efoil zum Wellenreiten nutzen wollen. Dank eines ausgekl\u00fcgelten Mechanismus lassen sich die Propellerbl\u00e4tter im Leerlauf einklappen, wodurch das System weniger Wasserwiderstand erf\u00e4hrt. Tauchen Sie ein in die fabelhafte Welt des Wassersports und entdecken Sie die M\u00f6glichkeiten, die Tradition und modernste Technologie miteinander verbinden.<\/p>\n<h2>Waydoo Flyer EVO Propeller - DETAILS<\/h2>\n<table>\n<tbody>\n<tr>\n<td>Modell<\/td>\n<td>Jet Drive<\/td>\n<td>Folding Propeller<\/td>\n<\/tr>\n<tr>\n<td>Gewicht<\/td>\n<td>1 kg<\/td>\n<td>0.18 kg<\/td>\n<\/tr>\n<tr>\n<td>Gr\u00f6\u00dfe<\/td>\n<td>11.4 x 11.3 cm<\/td>\n<td>14 x 6.5 cm<\/td>\n<\/tr>\n<tr>\n<td>Material<\/td>\n<td>Aluminium Alloy<\/td>\n<td>Aluminium Alloy<\/td>\n<\/tr>\n<\/tbody>\n<\/table>\n","protected":false},"excerpt":{"rendered":"<p>W\u00e4hlen Sie Ihre Ausr\u00fcstung f\u00fcr die neue Waydoo EVO-Serie. Die Propeller sind aus hochwertigen Materialien gefertigt und f\u00fcr eine lange Lebensdauer ausgelegt.<\/p>\n","protected":false},"featured_media":174726,"comment_status":"open","ping_status":"closed","template":"","meta":{"_acf_changed":false,"_editorskit_title_hidden":false,"_editorskit_reading_time":0,"_editorskit_is_block_options_detached":false,"_editorskit_block_options_position":"{}","site-sidebar-layout":"default","site-content-layout":"default","ast-site-content-layout":"default","site-content-style":"default","site-sidebar-style":"default","ast-global-header-display":"","ast-banner-title-visibility":"","ast-main-header-display":"","ast-hfb-above-header-display":"","ast-hfb-below-header-display":"","ast-hfb-mobile-header-display":"","site-post-title":"","ast-breadcrumbs-content":"","ast-featured-img":"","footer-sml-layout":"","ast-disable-related-posts":"","theme-transparent-header-meta":"default","adv-header-id-meta":"","stick-header-meta":"","header-above-stick-meta":"","header-main-stick-meta":"","header-below-stick-meta":"","astra-migrate-meta-layouts":"set","ast-page-background-enabled":"default","ast-page-background-meta":{"desktop":{"background-color":"","background-image":"","background-repeat":"repeat","background-position":"center center","background-size":"auto","background-attachment":"scroll","background-type":"","background-media":"","overlay-type":"","overlay-color":"","overlay-opacity":"","overlay-gradient":""},"tablet":{"background-color":"","background-image":"","background-repeat":"repeat","background-position":"center center","background-size":"auto","background-attachment":"scroll","background-type":"","background-media":"","overlay-type":"","overlay-color":"","overlay-opacity":"","overlay-gradient":""},"mobile":{"background-color":"","background-image":"","background-repeat":"repeat","background-position":"center center","background-size":"auto","background-attachment":"scroll","background-type":"","background-media":"","overlay-type":"","overlay-color":"","overlay-opacity":"","overlay-gradient":""}},"ast-content-background-meta":{"desktop":{"background-color":"var(--ast-global-color-5)","background-image":"","background-repeat":"repeat","background-position":"center center","background-size":"auto","background-attachment":"scroll","background-type":"","background-media":"","overlay-type":"","overlay-color":"","overlay-opacity":"","overlay-gradient":""},"tablet":{"background-color":"var(--ast-global-color-5)","background-image":"","background-repeat":"repeat","background-position":"center center","background-size":"auto","background-attachment":"scroll","background-type":"","background-media":"","overlay-type":"","overlay-color":"","overlay-opacity":"","overlay-gradient":""},"mobile":{"background-color":"var(--ast-global-color-5)","background-image":"","background-repeat":"repeat","background-position":"center center","background-size":"auto","background-attachment":"scroll","background-type":"","background-media":"","overlay-type":"","overlay-color":"","overlay-opacity":"","overlay-gradient":""}},"_jf_save_progress":""},"product_brand":[],"product_cat":[570,60,111,536,506,24],"product_tag":[],"class_list":{"0":"post-174717","1":"product","2":"type-product","3":"status-publish","4":"has-post-thumbnail","6":"product_cat-e-foil-ersatzteile-de","7":"product_cat-buy","8":"product_cat-verkauf","9":"product_cat-e-foil-spare-parts","10":"product_cat-ersatzteile-de","11":"product_cat-spare-parts","12":"product_shipping_class-s-de","13":"desktop-align-center","14":"tablet-align-center","15":"mobile-align-center","16":"ast-product-gallery-layout-horizontal","17":"ast-product-gallery-with-no-image","18":"ast-magnify-disabled","19":"ast-product-single-variable","20":"ast-product-tabs-layout-horizontal","22":"first","23":"instock","24":"taxable","25":"shipping-taxable","26":"purchasable","27":"product-type-variable"},"acf":[],"brizy_media":[],"_links":{"self":[{"href":"https:\/\/wave-lovers.com\/de\/wp-json\/wp\/v2\/product\/174717","targetHints":{"allow":["GET"]}}],"collection":[{"href":"https:\/\/wave-lovers.com\/de\/wp-json\/wp\/v2\/product"}],"about":[{"href":"https:\/\/wave-lovers.com\/de\/wp-json\/wp\/v2\/types\/product"}],"replies":[{"embeddable":true,"href":"https:\/\/wave-lovers.com\/de\/wp-json\/wp\/v2\/comments?post=174717"}],"wp:featuredmedia":[{"embeddable":true,"href":"https:\/\/wave-lovers.com\/de\/wp-json\/wp\/v2\/media\/174726"}],"wp:attachment":[{"href":"https:\/\/wave-lovers.com\/de\/wp-json\/wp\/v2\/media?parent=174717"}],"wp:term":[{"taxonomy":"product_brand","embeddable":true,"href":"https:\/\/wave-lovers.com\/de\/wp-json\/wp\/v2\/product_brand?post=174717"},{"taxonomy":"product_cat","embeddable":true,"href":"https:\/\/wave-lovers.com\/de\/wp-json\/wp\/v2\/product_cat?post=174717"},{"taxonomy":"product_tag","embeddable":true,"href":"https:\/\/wave-lovers.com\/de\/wp-json\/wp\/v2\/product_tag?post=174717"}],"curies":[{"name":"wp","href":"https:\/\/api.w.org\/{rel}","templated":true}]}}