{"id":173669,"date":"2024-08-14T13:26:11","date_gmt":"2024-08-14T11:26:11","guid":{"rendered":"https:\/\/wave-lovers.com\/?post_type=product&#038;p=173669"},"modified":"2024-09-09T10:20:49","modified_gmt":"2024-09-09T08:20:49","slug":"iaqua-x-jet-xtreme","status":"publish","type":"product","link":"https:\/\/wave-lovers.com\/de\/iaqua-x-jet-xtreme\/","title":{"rendered":"iAQUA X-Jet Xtreme"},"content":{"rendered":"<h2>iAQUA X-Jet Xtreme - INFORMATION<\/h2>\n<p><img decoding=\"async\" class=\"size-thumbnail wp-image-173692 alignright\" src=\"https:\/\/wave-lovers.com\/wp-content\/uploads\/2024\/08\/iAQUA-X-JET-Jetboard-Product-150x150.webp\" alt=\"\" width=\"150\" height=\"150\" srcset=\"https:\/\/wave-lovers.com\/wp-content\/uploads\/2024\/08\/iAQUA-X-JET-Jetboard-Product-150x150.webp 150w, https:\/\/wave-lovers.com\/wp-content\/uploads\/2024\/08\/iAQUA-X-JET-Jetboard-Product-300x300.webp 300w, https:\/\/wave-lovers.com\/wp-content\/uploads\/2024\/08\/iAQUA-X-JET-Jetboard-Product-100x100.webp 100w, https:\/\/wave-lovers.com\/wp-content\/uploads\/2024\/08\/iAQUA-X-JET-Jetboard-Product-32x32.webp 32w, https:\/\/wave-lovers.com\/wp-content\/uploads\/2024\/08\/iAQUA-X-JET-Jetboard-Product.webp 400w\" sizes=\"(max-width: 150px) 100vw, 150px\" \/>Das schnellste und gleichzeitig leistungsst\u00e4rkste Elektro-Surfboard der Welt bereichert die Wassersportszene um eine noch nie dagewesene Vielfalt. Das Board kann \u00fcber 4 Geschwindigkeitsstufen auf unglaubliche 68 km\/h beschleunigt werden und erreicht damit neue H\u00f6chstleistungen. Genie\u00dfen Sie Laufzeiten von bis zu 120 Minuten und eine Reichweite von 25-40 km. Sicherheit, Ausstattung und Design - der neue iAQUA X-Jet Xtreme l\u00e4sst die Herzen der Wassersportler h\u00f6her schlagen.<\/p>\n<hr \/>\n<h3>Equipment Upgrades - Sparen Sie Geld beim Zubeh\u00f6r!<\/h3>\n<table>\n<tbody>\n<tr>\n<td><strong>Transport Kit<\/strong><\/td>\n<td><strong>Extra Battery<\/strong><\/td>\n<\/tr>\n<tr>\n<td>Neben dem Standard-Lieferumfang, bestehend aus dem Board mit kraftvollem 20-kW-Jet-Antrieb, der kabellosen Gas- und Balance-Leine, dem 3.670-Wh-Akku und 2 verstellbaren Fu\u00dfhalterungen, umfasst das Transport-Kit auch s\u00e4mtliches Zubeh\u00f6r f\u00fcr den einfachen Transport. Dazu geh\u00f6ren nicht nur der gel\u00e4ndeg\u00e4ngige Transportrahmen mit extragro\u00dfen R\u00e4dern, sondern auch eine Deluxe-Tragetasche und ein praktischer St\u00e4nder.<\/td>\n<td>F\u00fcgen Sie dem Board einen zus\u00e4tzlichen Akku hinzu und maximieren Sie Ihre Zeit auf dem Wasser. Das Board verspricht schon in der Standardkonfiguration jede Menge Action, aber dank des herausnehmbaren Akkus sind deinem n\u00e4chsten Abenteuer keine Grenzen gesetzt. Dank der Schnellladefunktion sind Sie auch unterwegs schnell wieder einsatzbereit. Besonders praktisch auch f\u00fcr Verleihfirmen oder Surfschulen!<\/td>\n<\/tr>\n<\/tbody>\n<\/table>\n<hr \/>\n<h3>Top-class Design trifft Performance<\/h3>\n<p><img decoding=\"async\" class=\"size-thumbnail wp-image-173695 alignright\" src=\"https:\/\/wave-lovers.com\/wp-content\/uploads\/2024\/08\/iAQUA-X-JET-Jetboard-Propulsion-150x150.webp\" alt=\"\" width=\"100\" height=\"100\" srcset=\"https:\/\/wave-lovers.com\/wp-content\/uploads\/2024\/08\/iAQUA-X-JET-Jetboard-Propulsion-150x150.webp 150w, https:\/\/wave-lovers.com\/wp-content\/uploads\/2024\/08\/iAQUA-X-JET-Jetboard-Propulsion-300x300.webp 300w, https:\/\/wave-lovers.com\/wp-content\/uploads\/2024\/08\/iAQUA-X-JET-Jetboard-Propulsion-100x100.webp 100w, https:\/\/wave-lovers.com\/wp-content\/uploads\/2024\/08\/iAQUA-X-JET-Jetboard-Propulsion-32x32.webp 32w, https:\/\/wave-lovers.com\/wp-content\/uploads\/2024\/08\/iAQUA-X-JET-Jetboard-Propulsion.webp 400w\" sizes=\"(max-width: 100px) 100vw, 100px\" \/>Das X-Jet Xtreme geht an die Grenzen des Machbaren und schafft den Spagat zwischen hydrodynamischer Leistung und Fahrstabilit\u00e4t. Jedes Teil des Boards wurde entwickelt, um den Wasserwiderstand zu minimieren. Das Ergebnis: Der ph\u00e4nomenale 20 kW-Antrieb sorgt f\u00fcr eine erstaunliche Leistung, die weit \u00fcber die der Konkurrenz hinausgeht. Fahrspa\u00df, Ausdauer und Leistung trotz geringem Gewicht. Das gab es noch nie!<\/p>\n<h3>\u00dcberarbeitete Batterie und Sicherheitsfunktionen<\/h3>\n<p><img decoding=\"async\" class=\"size-thumbnail wp-image-173686 alignright\" src=\"https:\/\/wave-lovers.com\/wp-content\/uploads\/2024\/08\/iAQUA-X-JET-Jetboard-Battery-150x150.webp\" alt=\"\" width=\"100\" height=\"100\" srcset=\"https:\/\/wave-lovers.com\/wp-content\/uploads\/2024\/08\/iAQUA-X-JET-Jetboard-Battery-150x150.webp 150w, https:\/\/wave-lovers.com\/wp-content\/uploads\/2024\/08\/iAQUA-X-JET-Jetboard-Battery-300x300.webp 300w, https:\/\/wave-lovers.com\/wp-content\/uploads\/2024\/08\/iAQUA-X-JET-Jetboard-Battery-100x100.webp 100w, https:\/\/wave-lovers.com\/wp-content\/uploads\/2024\/08\/iAQUA-X-JET-Jetboard-Battery-32x32.webp 32w, https:\/\/wave-lovers.com\/wp-content\/uploads\/2024\/08\/iAQUA-X-JET-Jetboard-Battery.webp 400w\" sizes=\"(max-width: 100px) 100vw, 100px\" \/>Dank der absoluten Innovation auf dem Gebiet der Batterietechnologien, dem LithiumVault\u2122 Battery Shield, erleben Sie ein H\u00f6chstma\u00df an Sicherheit beim Umgang mit Ihrem Ger\u00e4t. Eine Kevlar-Schicht reduziert das Risiko eines Lithiumbrandes um bis zu 95 %. Aber das ist noch nicht alles. Das Board verf\u00fcgt auch \u00fcber einen magnetischen Kill Switch f\u00fcr Ihre Sicherheit im Falle eines Sturzes und einen eingebauten Jet Drive-Schutz, der den Hochleistungsmotor vollst\u00e4ndig verborgen und gesch\u00fctzt h\u00e4lt.<\/p>\n<h3>Hervorragende Ausstattung auch ohne Extras<\/h3>\n<p><img loading=\"lazy\" decoding=\"async\" class=\"size-thumbnail wp-image-173689 alignright\" src=\"https:\/\/wave-lovers.com\/wp-content\/uploads\/2024\/08\/iAQUA-X-JET-Jetboard-Design-150x150.webp\" alt=\"\" width=\"100\" height=\"100\" srcset=\"https:\/\/wave-lovers.com\/wp-content\/uploads\/2024\/08\/iAQUA-X-JET-Jetboard-Design-150x150.webp 150w, https:\/\/wave-lovers.com\/wp-content\/uploads\/2024\/08\/iAQUA-X-JET-Jetboard-Design-300x300.webp 300w, https:\/\/wave-lovers.com\/wp-content\/uploads\/2024\/08\/iAQUA-X-JET-Jetboard-Design-100x100.webp 100w, https:\/\/wave-lovers.com\/wp-content\/uploads\/2024\/08\/iAQUA-X-JET-Jetboard-Design-32x32.webp 32w, https:\/\/wave-lovers.com\/wp-content\/uploads\/2024\/08\/iAQUA-X-JET-Jetboard-Design.webp 400w\" sizes=\"(max-width: 100px) 100vw, 100px\" \/>Das Brett selbst besticht durch viele praktische Details, wie zum Beispiel die vier Griffe, von denen zwei extra weit hinten am Brett angebracht sind. Das werden Sie garantiert zu sch\u00e4tzen wissen! Das 2+1-Finnensystem sorgt f\u00fcr maximale Balance auch bei extremen Geschwindigkeiten und die bequemen, gepolsterten Fu\u00dfrasten garantieren auch bei rauer See die richtige Kontrolle.<\/p>\n<h2>iAQUA X-Jet Xtreme - DETAILS<\/h2>\n<table>\n<tbody>\n<tr>\n<td>Material<\/td>\n<td>Carbon<\/td>\n<\/tr>\n<tr>\n<td>Maximum Power<\/td>\n<td>20kW<\/td>\n<\/tr>\n<tr>\n<td rowspan=\"4\">Powerstufen<\/td>\n<td>25% Anf\u00e4nger<\/td>\n<\/tr>\n<tr>\n<td>50% Fortgeschritten<\/td>\n<\/tr>\n<tr>\n<td>75% Experte<\/td>\n<\/tr>\n<tr>\n<td>100% Profi<\/td>\n<\/tr>\n<tr>\n<td>H\u00f6chstgeschwindigkeit<\/td>\n<td>68 km\/h<\/td>\n<\/tr>\n<tr>\n<td>Akkuspannung<\/td>\n<td>72V<\/td>\n<\/tr>\n<tr>\n<td>Akkukapazit\u00e4t<\/td>\n<td>3670Wh<\/td>\n<\/tr>\n<tr>\n<td>Reichweite<\/td>\n<td>25km - 40km<\/td>\n<\/tr>\n<tr>\n<td>Laufzeit<\/td>\n<td>40m - 1h 20m<\/td>\n<\/tr>\n<tr>\n<td>Ladezeit bis 80%<\/td>\n<td>2h 30min<\/td>\n<\/tr>\n<tr>\n<td>Ladezeit bis 100%<\/td>\n<td>3h 30min<\/td>\n<\/tr>\n<tr>\n<td>Schnellladeger\u00e4t inklusive<\/td>\n<td>Ja<\/td>\n<\/tr>\n<tr>\n<td>Boardl\u00e4nge<\/td>\n<td>1800mm<\/td>\n<\/tr>\n<tr>\n<td>Boardbreite<\/td>\n<td>630mm<\/td>\n<\/tr>\n<tr>\n<td>Volumen<\/td>\n<td>60 l<\/td>\n<\/tr>\n<tr>\n<td>Belastbarkeit<\/td>\n<td>160kg<\/td>\n<\/tr>\n<tr>\n<td>Gewicht inkl. Akku<\/td>\n<td>43kg<\/td>\n<\/tr>\n<tr>\n<td>Gewicht exkl. Akku<\/td>\n<td>23kg<\/td>\n<\/tr>\n<\/tbody>\n<\/table>\n","protected":false},"excerpt":{"rendered":"<p>Das <strong>schnellste und leistungsst\u00e4rkste elektrische Surfbrett der Welt<\/strong> bereichert die Wassersportszene um eine noch nie dagewesene Vielfalt. Erleben Sie die n\u00e4chste Stufe des Nervenkitzels und entdecken Sie die M\u00f6glichkeiten, die die Technologie zu bieten hat.<\/p>\n","protected":false},"featured_media":173672,"comment_status":"closed","ping_status":"closed","template":"","meta":{"_acf_changed":false,"_editorskit_title_hidden":false,"_editorskit_reading_time":0,"_editorskit_is_block_options_detached":false,"_editorskit_block_options_position":"{}","site-sidebar-layout":"default","site-content-layout":"default","ast-site-content-layout":"default","site-content-style":"default","site-sidebar-style":"default","ast-global-header-display":"","ast-banner-title-visibility":"","ast-main-header-display":"","ast-hfb-above-header-display":"","ast-hfb-below-header-display":"","ast-hfb-mobile-header-display":"","site-post-title":"disabled","ast-breadcrumbs-content":"","ast-featured-img":"","footer-sml-layout":"","ast-disable-related-posts":"","theme-transparent-header-meta":"default","adv-header-id-meta":"","stick-header-meta":"","header-above-stick-meta":"","header-main-stick-meta":"","header-below-stick-meta":"","astra-migrate-meta-layouts":"set","ast-page-background-enabled":"default","ast-page-background-meta":{"desktop":{"background-color":"","background-image":"","background-repeat":"repeat","background-position":"center center","background-size":"auto","background-attachment":"scroll","background-type":"","background-media":"","overlay-type":"","overlay-color":"","overlay-opacity":"","overlay-gradient":""},"tablet":{"background-color":"","background-image":"","background-repeat":"repeat","background-position":"center center","background-size":"auto","background-attachment":"scroll","background-type":"","background-media":"","overlay-type":"","overlay-color":"","overlay-opacity":"","overlay-gradient":""},"mobile":{"background-color":"","background-image":"","background-repeat":"repeat","background-position":"center center","background-size":"auto","background-attachment":"scroll","background-type":"","background-media":"","overlay-type":"","overlay-color":"","overlay-opacity":"","overlay-gradient":""}},"ast-content-background-meta":{"desktop":{"background-color":"var(--ast-global-color-5)","background-image":"","background-repeat":"repeat","background-position":"center center","background-size":"auto","background-attachment":"scroll","background-type":"","background-media":"","overlay-type":"","overlay-color":"","overlay-opacity":"","overlay-gradient":""},"tablet":{"background-color":"var(--ast-global-color-5)","background-image":"","background-repeat":"repeat","background-position":"center center","background-size":"auto","background-attachment":"scroll","background-type":"","background-media":"","overlay-type":"","overlay-color":"","overlay-opacity":"","overlay-gradient":""},"mobile":{"background-color":"var(--ast-global-color-5)","background-image":"","background-repeat":"repeat","background-position":"center center","background-size":"auto","background-attachment":"scroll","background-type":"","background-media":"","overlay-type":"","overlay-color":"","overlay-opacity":"","overlay-gradient":""}},"_jf_save_progress":""},"product_brand":[],"product_cat":[111,559],"product_tag":[],"class_list":{"0":"post-173669","1":"product","2":"type-product","3":"status-publish","4":"has-post-thumbnail","6":"product_cat-verkauf","7":"product_cat-e-jet-de","8":"product_shipping_class-lg-de","9":"desktop-align-center","10":"tablet-align-center","11":"mobile-align-center","12":"ast-product-gallery-layout-horizontal","13":"ast-magnify-disabled","14":"ast-product-single-variable","15":"ast-product-tabs-layout-horizontal","17":"first","18":"instock","19":"taxable","20":"shipping-taxable","21":"purchasable","22":"product-type-variable"},"acf":[],"brizy_media":[{"id":394,"url":"https:\/\/wave-lovers.com\/wp-content\/uploads\/2021\/01\/E-Foil-Surf-in-Fuerteventura.png","name":"E-Foil-Surf-in-Fuerteventura.png","meta":{"brizy_attachment_uid":"wp-94c9cce8d679a7c3867d56ce02984e39.png","brizy_post_uid":["036f3c858f7493a96f1ecf6bf97c3739","a9cb51fc18b3a0e5c20b367b123782f1","4d07bf27702d9e74ca4c3511c74110e4","57a9f74eb861a76ebdbcd0ca0523c138"]}}],"_links":{"self":[{"href":"https:\/\/wave-lovers.com\/de\/wp-json\/wp\/v2\/product\/173669","targetHints":{"allow":["GET"]}}],"collection":[{"href":"https:\/\/wave-lovers.com\/de\/wp-json\/wp\/v2\/product"}],"about":[{"href":"https:\/\/wave-lovers.com\/de\/wp-json\/wp\/v2\/types\/product"}],"replies":[{"embeddable":true,"href":"https:\/\/wave-lovers.com\/de\/wp-json\/wp\/v2\/comments?post=173669"}],"wp:featuredmedia":[{"embeddable":true,"href":"https:\/\/wave-lovers.com\/de\/wp-json\/wp\/v2\/media\/173672"}],"wp:attachment":[{"href":"https:\/\/wave-lovers.com\/de\/wp-json\/wp\/v2\/media?parent=173669"}],"wp:term":[{"taxonomy":"product_brand","embeddable":true,"href":"https:\/\/wave-lovers.com\/de\/wp-json\/wp\/v2\/product_brand?post=173669"},{"taxonomy":"product_cat","embeddable":true,"href":"https:\/\/wave-lovers.com\/de\/wp-json\/wp\/v2\/product_cat?post=173669"},{"taxonomy":"product_tag","embeddable":true,"href":"https:\/\/wave-lovers.com\/de\/wp-json\/wp\/v2\/product_tag?post=173669"}],"curies":[{"name":"wp","href":"https:\/\/api.w.org\/{rel}","templated":true}]}}