{"id":172031,"date":"2024-07-18T11:54:31","date_gmt":"2024-07-18T09:54:31","guid":{"rendered":"https:\/\/wave-lovers.com\/?post_type=product&#038;p=172031"},"modified":"2024-09-11T10:56:32","modified_gmt":"2024-09-11T08:56:32","slug":"audi-12-monats-tune-up-service","status":"publish","type":"product","link":"https:\/\/wave-lovers.com\/de\/audi-12-monats-tune-up-service\/","title":{"rendered":"Audi 12-Monats-Tune-Up Service"},"content":{"rendered":"<p>Die E-Foils von Aerofoils brauchen Pflege, um ihre erstklassige Leistung zu erhalten. Nach 12 Monaten empfiehlt der Hersteller eine \u00dcberpr\u00fcfung des jeweiligen Ger\u00e4tes. Unser Servicepaket enth\u00e4lt alle wesentlichen Komponenten, die f\u00fcr eine reibungslose und lang anhaltende Nutzung Ihres Foils erforderlich sind.<\/p>\n<p><strong>Was beinhaltet der umfassende Service?<\/strong><\/p>\n<p>Antrieb: Austausch der wichtigsten Komponenten nach dem neuesten Stand der Technik f\u00fcr optimale Leistung.<br \/>\nInnenleben: Gr\u00fcndliche Inspektion und Austausch der relevanten Teile zur Verbesserung der Funktionalit\u00e4t.<br \/>\nMotor: Pr\u00e4ziser \u00d6lwechsel f\u00fcr erstklassigen Hightech-Betrieb.<br \/>\nMast: Digitale Kallibrierung f\u00fcr un\u00fcbertroffene Stabilit\u00e4t und Agilit\u00e4t.<br \/>\nOpferanode: Ersatz der n\u00e4chsten Generation zum Schutz vor Korrosion.<br \/>\nElektrische Verbindungen: Fortschrittliche Inspektion zur Gew\u00e4hrleistung von Sicherheit und Zuverl\u00e4ssigkeit.<br \/>\nFunktionstest: Strenge Tests, um die Spitzenleistung des E-Foils zu gew\u00e4hrleisten.<\/p>\n<p>Wenn Sie in die Wartung Ihres Aerofoils-Produkts investieren, sichern Sie sich eine hochtechnologische und langlebige Reise. Der kosteneffiziente Service soll Ihnen Sicherheit geben, damit Sie sich auf den berauschenden Nervenkitzel des Wellenreitens mit modernster Technologie konzentrieren k\u00f6nnen.<\/p>\n","protected":false},"excerpt":{"rendered":"<p>Das Servicepaket enth\u00e4lt alle wesentlichen Komponenten, die f\u00fcr ein reibungsloses und lang anhaltendes Erlebnis Ihres Foils erforderlich sind. Der kosteneffiziente Service soll Ihnen Sicherheit geben, damit Sie sich auf den berauschenden Nervenkitzel des Wellenreitens mit modernster Technologie konzentrieren k\u00f6nnen.<\/p>\n","protected":false},"featured_media":172041,"comment_status":"open","ping_status":"closed","template":"","meta":{"_acf_changed":false,"_editorskit_title_hidden":false,"_editorskit_reading_time":0,"_editorskit_is_block_options_detached":false,"_editorskit_block_options_position":"{}","site-sidebar-layout":"default","site-content-layout":"","ast-site-content-layout":"default","site-content-style":"default","site-sidebar-style":"default","ast-global-header-display":"","ast-banner-title-visibility":"","ast-main-header-display":"","ast-hfb-above-header-display":"","ast-hfb-below-header-display":"","ast-hfb-mobile-header-display":"","site-post-title":"","ast-breadcrumbs-content":"","ast-featured-img":"","footer-sml-layout":"","ast-disable-related-posts":"","theme-transparent-header-meta":"default","adv-header-id-meta":"","stick-header-meta":"","header-above-stick-meta":"","header-main-stick-meta":"","header-below-stick-meta":"","astra-migrate-meta-layouts":"set","ast-page-background-enabled":"default","ast-page-background-meta":{"desktop":{"background-color":"","background-image":"","background-repeat":"repeat","background-position":"center center","background-size":"auto","background-attachment":"scroll","background-type":"","background-media":"","overlay-type":"","overlay-color":"","overlay-opacity":"","overlay-gradient":""},"tablet":{"background-color":"","background-image":"","background-repeat":"repeat","background-position":"center center","background-size":"auto","background-attachment":"scroll","background-type":"","background-media":"","overlay-type":"","overlay-color":"","overlay-opacity":"","overlay-gradient":""},"mobile":{"background-color":"","background-image":"","background-repeat":"repeat","background-position":"center center","background-size":"auto","background-attachment":"scroll","background-type":"","background-media":"","overlay-type":"","overlay-color":"","overlay-opacity":"","overlay-gradient":""}},"ast-content-background-meta":{"desktop":{"background-color":"var(--ast-global-color-5)","background-image":"","background-repeat":"repeat","background-position":"center center","background-size":"auto","background-attachment":"scroll","background-type":"","background-media":"","overlay-type":"","overlay-color":"","overlay-opacity":"","overlay-gradient":""},"tablet":{"background-color":"var(--ast-global-color-5)","background-image":"","background-repeat":"repeat","background-position":"center center","background-size":"auto","background-attachment":"scroll","background-type":"","background-media":"","overlay-type":"","overlay-color":"","overlay-opacity":"","overlay-gradient":""},"mobile":{"background-color":"var(--ast-global-color-5)","background-image":"","background-repeat":"repeat","background-position":"center center","background-size":"auto","background-attachment":"scroll","background-type":"","background-media":"","overlay-type":"","overlay-color":"","overlay-opacity":"","overlay-gradient":""}},"_jf_save_progress":""},"product_brand":[],"product_cat":[111,12079,60,12078],"product_tag":[],"class_list":{"0":"post-172031","1":"product","2":"type-product","3":"status-publish","4":"has-post-thumbnail","6":"product_cat-verkauf","7":"product_cat-services-de","8":"product_cat-buy","9":"product_cat-services","10":"desktop-align-center","11":"tablet-align-center","12":"mobile-align-center","13":"ast-product-gallery-layout-horizontal","14":"ast-magnify-disabled","15":"ast-product-tabs-layout-horizontal","17":"first","18":"instock","19":"taxable","20":"shipping-taxable","21":"purchasable","22":"product-type-simple"},"acf":[],"brizy_media":[],"_links":{"self":[{"href":"https:\/\/wave-lovers.com\/de\/wp-json\/wp\/v2\/product\/172031","targetHints":{"allow":["GET"]}}],"collection":[{"href":"https:\/\/wave-lovers.com\/de\/wp-json\/wp\/v2\/product"}],"about":[{"href":"https:\/\/wave-lovers.com\/de\/wp-json\/wp\/v2\/types\/product"}],"replies":[{"embeddable":true,"href":"https:\/\/wave-lovers.com\/de\/wp-json\/wp\/v2\/comments?post=172031"}],"wp:featuredmedia":[{"embeddable":true,"href":"https:\/\/wave-lovers.com\/de\/wp-json\/wp\/v2\/media\/172041"}],"wp:attachment":[{"href":"https:\/\/wave-lovers.com\/de\/wp-json\/wp\/v2\/media?parent=172031"}],"wp:term":[{"taxonomy":"product_brand","embeddable":true,"href":"https:\/\/wave-lovers.com\/de\/wp-json\/wp\/v2\/product_brand?post=172031"},{"taxonomy":"product_cat","embeddable":true,"href":"https:\/\/wave-lovers.com\/de\/wp-json\/wp\/v2\/product_cat?post=172031"},{"taxonomy":"product_tag","embeddable":true,"href":"https:\/\/wave-lovers.com\/de\/wp-json\/wp\/v2\/product_tag?post=172031"}],"curies":[{"name":"wp","href":"https:\/\/api.w.org\/{rel}","templated":true}]}}