{"id":170525,"date":"2024-06-26T13:57:22","date_gmt":"2024-06-26T11:57:22","guid":{"rendered":"https:\/\/wave-lovers.com\/?post_type=product&#038;p=170525"},"modified":"2025-02-26T18:44:18","modified_gmt":"2025-02-26T17:44:18","slug":"waydoo-flyer-evo-master-plus","status":"publish","type":"product","link":"https:\/\/wave-lovers.com\/de\/waydoo-flyer-evo-master-plus\/","title":{"rendered":"Waydoo Flyer EVO Master Plus"},"content":{"rendered":"<h2>Waydoo Flyer EVO Master Plus - INFORMATION<\/h2>\n<p>Die mit Spannung erwarteten neuen Waydoo-Boards sorgen bei E-Foil-Enthusiasten f\u00fcr Aufregung. Die Boards sind vollgepackt mit aufregenden Verbesserungen, wie z.B. Leistungsf\u00e4higkeit, Transportoptionen durch die innovativen Plug &amp; Play-R\u00e4der und einer breiten Palette von Anpassungsm\u00f6glichkeiten. Mit un\u00fcbertroffener Leistung, einem schlanken und futuristischen Design und Waydoos wettbewerbsf\u00e4higen Preisen ist diese neue Serie ein wahrgewordener Traum f\u00fcr jeden, der sich f\u00fcr E-Foiling begeistert.<\/p>\n<p>Die aus elegantem Carbon gefertigten Boards strahlen nicht nur ein erstklassiges Design aus, sondern legen auch Wert auf Performance und Haltbarkeit. F\u00fcr diejenigen, die Unterst\u00fctzung suchen, ist die Master Plus Version mit internen Sensoren ausgestattet, die sich nahtlos in das Waydoo Flight Management System einf\u00fcgen und dem Benutzer eine verbesserte Kontrolle w\u00e4hrend seines E-Foil-Abenteuers erm\u00f6glichen.<\/p>\n<hr \/>\n<h2>Antrieb - Evolution trifft Vielf\u00e4ltigkeit<\/h2>\n<p><img decoding=\"async\" class=\"size-thumbnail wp-image-154215 alignright\" src=\"https:\/\/wave-lovers.com\/wp-content\/uploads\/2024\/03\/waydoo-flyer-evo-propulsion-150x150.webp\" alt=\"\" width=\"120\" height=\"120\" srcset=\"https:\/\/wave-lovers.com\/wp-content\/uploads\/2024\/03\/waydoo-flyer-evo-propulsion-150x150.webp 150w, https:\/\/wave-lovers.com\/wp-content\/uploads\/2024\/03\/waydoo-flyer-evo-propulsion-300x300.webp 300w, https:\/\/wave-lovers.com\/wp-content\/uploads\/2024\/03\/waydoo-flyer-evo-propulsion-100x100.webp 100w, https:\/\/wave-lovers.com\/wp-content\/uploads\/2024\/03\/waydoo-flyer-evo-propulsion-32x32.webp 32w, https:\/\/wave-lovers.com\/wp-content\/uploads\/2024\/03\/waydoo-flyer-evo-propulsion.webp 400w\" sizes=\"(max-width: 120px) 100vw, 120px\" \/>Das Waydoo Flyer Master Plus bietet Fahrern die Wahl zwischen drei leistungsstarken Antriebsoptionen: zwei robuste 6KW-Einheiten und eine kleinere 4KW-Standardeinheit. Die Performance Einheit ist ideal f\u00fcr Fahrer mit einem Gewicht von bis zu 170 kg und erreicht eine Geschwindigkeit von bis zu 45 km\/h. Der Elite-Antrieb, der in pr\u00e4ziser CNC-Bearbeitung hergestellt wird, zeichnet sich durch eine verbesserte Produktionsqualit\u00e4t aus. F\u00fcr Fahrer mit einem Gewicht von bis zu 130 kg bietet der kleinere Standardantrieb vergleichbare Geschwindigkeiten.<\/p>\n<p>Ein herausragendes Merkmal dieser Antriebssysteme ist ihr innovatives modulares Design, ein bahnbrechender Fortschritt in der Branche. Diese Konstruktion erm\u00f6glicht ein einfaches Abnehmen vom Mast, was die Anpassungsf\u00e4higkeit, Mobilit\u00e4t und Sicherheit erh\u00f6ht und gleichzeitig die Wartungskosten senkt. Die Antriebseinheit des Flyer verk\u00f6rpert ein revolution\u00e4res Konzept, das Leistung, Vielseitigkeit und benutzerfreundliche Wartungsverfahren nahtlos miteinander verbindet.<\/p>\n<h2>Akku - Agilit\u00e4t versus Ausdauer<\/h2>\n<p><img decoding=\"async\" class=\"size-thumbnail wp-image-154200 alignright\" src=\"https:\/\/wave-lovers.com\/wp-content\/uploads\/2024\/03\/waydoo-flyer-evo-battery-150x150.webp\" alt=\"\" width=\"120\" height=\"120\" srcset=\"https:\/\/wave-lovers.com\/wp-content\/uploads\/2024\/03\/waydoo-flyer-evo-battery-150x150.webp 150w, https:\/\/wave-lovers.com\/wp-content\/uploads\/2024\/03\/waydoo-flyer-evo-battery-300x300.webp 300w, https:\/\/wave-lovers.com\/wp-content\/uploads\/2024\/03\/waydoo-flyer-evo-battery-100x100.webp 100w, https:\/\/wave-lovers.com\/wp-content\/uploads\/2024\/03\/waydoo-flyer-evo-battery-32x32.webp 32w, https:\/\/wave-lovers.com\/wp-content\/uploads\/2024\/03\/waydoo-flyer-evo-battery.webp 400w\" sizes=\"(max-width: 120px) 100vw, 120px\" \/>Der mitgelieferte Powerflight-Akku ist in zwei Varianten erh\u00e4ltlich: eine 36-Ah-Option, bei der die Gewichtsreduzierung f\u00fcr mehr Agilit\u00e4t im Vordergrund steht, und eine gr\u00f6\u00dfere 45-Ah-Version f\u00fcr l\u00e4ngere Fahrten. Beide Akkus sind in einem robusten Geh\u00e4use aus Aluminiumlegierung untergebracht, das eine hohe Belastbarkeit gew\u00e4hrleistet. Bei der 36Ah-Batterie steht die Gewichtsreduzierung im Vordergrund, wodurch das Board wendiger und reaktionsschneller wird.<\/p>\n<p>Der 45Ah-Akku ist ideal f\u00fcr l\u00e4ngere Fahrten und bietet eine beeindruckende Fahrzeit von bis zu 135 Minuten. Beide Akkus sind mit einem benutzerfreundlichen LCD-Display ausgestattet, das klare Statusanzeigen liefert und eine beeindruckende Wasserdichtigkeit nach IP68 aufweist. Die Leuchtsignal\u00fcbertragung vereinfacht den Verbindungsprozess, w\u00e4hrend Auslaufwarnungen, effizientes W\u00e4rmemanagement und dynamische Ladeanpassung f\u00fcr Sicherheit, Langlebigkeit und ein optimales Benutzererlebnis sorgen.<\/p>\n<h2>Mastl\u00e4nge - 3 Gr\u00f6\u00dfen zur Auswahl<\/h2>\n<p><img decoding=\"async\" class=\"size-thumbnail wp-image-154203 alignright\" src=\"https:\/\/wave-lovers.com\/wp-content\/uploads\/2024\/03\/waydoo-flyer-evo-mast-150x150.webp\" alt=\"\" width=\"120\" height=\"120\" srcset=\"https:\/\/wave-lovers.com\/wp-content\/uploads\/2024\/03\/waydoo-flyer-evo-mast-150x150.webp 150w, https:\/\/wave-lovers.com\/wp-content\/uploads\/2024\/03\/waydoo-flyer-evo-mast-300x300.webp 300w, https:\/\/wave-lovers.com\/wp-content\/uploads\/2024\/03\/waydoo-flyer-evo-mast-100x100.webp 100w, https:\/\/wave-lovers.com\/wp-content\/uploads\/2024\/03\/waydoo-flyer-evo-mast-32x32.webp 32w, https:\/\/wave-lovers.com\/wp-content\/uploads\/2024\/03\/waydoo-flyer-evo-mast.webp 400w\" sizes=\"(max-width: 120px) 100vw, 120px\" \/>Der Waydoo Flyer geht einen Schritt weiter und bietet drei verschiedene Mastl\u00e4ngen: eine 69 cm und 89 cm lange Option aus einer haltbaren Aluminiumlegierung sowie eine 79 cm lange Version aus hochfestem, leichtem Carbon. Die k\u00fcrzeren Masten legen den Schwerpunkt auf Kontrolle und Stabilit\u00e4t und eignen sich perfekt f\u00fcr Anf\u00e4nger oder diejenigen, die ein entspanntes Fahrgef\u00fchl suchen.<\/p>\n<p>Die Modelle mit l\u00e4ngerem Mast sind f\u00fcr erfahrene Fahrer gedacht, die raue Wellen bew\u00e4ltigen und ihre Man\u00f6vrierf\u00e4higkeit verbessern wollen. Was den Waydoo Flyer von anderen Boards abhebt, ist sein innovatives modulares Design, das es erm\u00f6glicht, den Mast einfach von der Antriebseinheit zu trennen. Dieses einzigartige Merkmal macht das Board nicht nur leichter transportierbar, sondern vereinfacht auch die Wartung. Dar\u00fcber hinaus ist die Mastspitze mit einer integrierten, programmierbaren LED-Beleuchtung ausgestattet, die vor allem bei Nachtfahrten f\u00fcr einen stylischen Touch sorgt.<\/p>\n<p><strong>Achtung! Wenn Sie die Antriebseinheit mit dem Waydoo Au\u00dfenbordmotor-Adapter verwenden m\u00f6chten, empfehlen wir, einen l\u00e4ngeren Mast zu w\u00e4hlen!<\/strong><\/p>\n<h2>Upgradefeatures - Unendliche M\u00f6glichkeiten<\/h2>\n<p><img loading=\"lazy\" decoding=\"async\" class=\"size-thumbnail wp-image-154218 alignright\" src=\"https:\/\/wave-lovers.com\/wp-content\/uploads\/2024\/03\/waydoo-flyer-evo-trolley-150x150.webp\" alt=\"\" width=\"120\" height=\"120\" srcset=\"https:\/\/wave-lovers.com\/wp-content\/uploads\/2024\/03\/waydoo-flyer-evo-trolley-150x150.webp 150w, https:\/\/wave-lovers.com\/wp-content\/uploads\/2024\/03\/waydoo-flyer-evo-trolley-300x300.webp 300w, https:\/\/wave-lovers.com\/wp-content\/uploads\/2024\/03\/waydoo-flyer-evo-trolley-100x100.webp 100w, https:\/\/wave-lovers.com\/wp-content\/uploads\/2024\/03\/waydoo-flyer-evo-trolley-32x32.webp 32w, https:\/\/wave-lovers.com\/wp-content\/uploads\/2024\/03\/waydoo-flyer-evo-trolley.webp 400w\" sizes=\"(max-width: 120px) 100vw, 120px\" \/>Ob ansteckbare Transportr\u00e4der, Au\u00dfenbordmotor-Halterungen f\u00fcr Ihr Schlauchboot oder sogar ein 1500W Wechselrichter f\u00fcr alle Ihre Ger\u00e4te. Waydoo hat viele interessante Optionen, um Ihnen das bestm\u00f6gliche Erlebnis zu bieten.<\/p>\n<p>Verwandeln Sie Ihr E-Foil in ein Antriebssystem und nutzen Sie es, wann immer Sie in Meeresn\u00e4he sind. Trotzen Sie jeder Situation und haben Sie auch bei rauem Wetter eine Menge Spa\u00df. Mit den Upgrade-Optionen sind Ihnen keine Grenzen gesetzt.<\/p>\n<hr \/>\n<h2>Wing Optionen - W\u00e4hlen Sie Ihr Equipment<\/h2>\n<p>Die verf\u00fcgbaren Wings sind das wichtigste Auswahlkriterium in Bezug auf die Fahreigenschaften. W\u00e4hrend gro\u00dfe und breite Modelle eine bessere Kontrolle bieten und f\u00fcr Anf\u00e4nger und Lernende geeignet sind, sind die kleineren Modelle wendiger und anspruchsvoller.<\/p>\n<p>Wenn Sie noch unentschlossen sind, empfehlen wir Ihnen den Voyager C1500. Als Allrounder bietet er maximale Kontrolle bei guter Man\u00f6vrierf\u00e4higkeit.<\/p>\n<p><img loading=\"lazy\" decoding=\"async\" class=\"alignnone wp-image-154236 size-full\" src=\"https:\/\/wave-lovers.com\/wp-content\/uploads\/2024\/03\/voyager-g1500-front-wing.webp\" alt=\"\" width=\"300\" height=\"300\" srcset=\"https:\/\/wave-lovers.com\/wp-content\/uploads\/2024\/03\/voyager-g1500-front-wing.webp 400w, https:\/\/wave-lovers.com\/wp-content\/uploads\/2024\/03\/voyager-g1500-front-wing-300x300.webp 300w, https:\/\/wave-lovers.com\/wp-content\/uploads\/2024\/03\/voyager-g1500-front-wing-150x150.webp 150w, https:\/\/wave-lovers.com\/wp-content\/uploads\/2024\/03\/voyager-g1500-front-wing-100x100.webp 100w, https:\/\/wave-lovers.com\/wp-content\/uploads\/2024\/03\/voyager-g1500-front-wing-32x32.webp 32w\" sizes=\"(max-width: 300px) 100vw, 300px\" \/><img loading=\"lazy\" decoding=\"async\" class=\"alignnone wp-image-154227 size-full\" src=\"https:\/\/wave-lovers.com\/wp-content\/uploads\/2024\/03\/gliding-g1500-front-wing.webp\" alt=\"\" width=\"300\" height=\"300\" srcset=\"https:\/\/wave-lovers.com\/wp-content\/uploads\/2024\/03\/gliding-g1500-front-wing.webp 400w, https:\/\/wave-lovers.com\/wp-content\/uploads\/2024\/03\/gliding-g1500-front-wing-300x300.webp 300w, https:\/\/wave-lovers.com\/wp-content\/uploads\/2024\/03\/gliding-g1500-front-wing-150x150.webp 150w, https:\/\/wave-lovers.com\/wp-content\/uploads\/2024\/03\/gliding-g1500-front-wing-100x100.webp 100w, https:\/\/wave-lovers.com\/wp-content\/uploads\/2024\/03\/gliding-g1500-front-wing-32x32.webp 32w\" sizes=\"(max-width: 300px) 100vw, 300px\" \/><img loading=\"lazy\" decoding=\"async\" class=\"alignnone wp-image-154224 size-full\" src=\"https:\/\/wave-lovers.com\/wp-content\/uploads\/2024\/03\/gliding-g1100-front-wing.webp\" alt=\"\" width=\"300\" height=\"300\" srcset=\"https:\/\/wave-lovers.com\/wp-content\/uploads\/2024\/03\/gliding-g1100-front-wing.webp 400w, https:\/\/wave-lovers.com\/wp-content\/uploads\/2024\/03\/gliding-g1100-front-wing-300x300.webp 300w, https:\/\/wave-lovers.com\/wp-content\/uploads\/2024\/03\/gliding-g1100-front-wing-150x150.webp 150w, https:\/\/wave-lovers.com\/wp-content\/uploads\/2024\/03\/gliding-g1100-front-wing-100x100.webp 100w, https:\/\/wave-lovers.com\/wp-content\/uploads\/2024\/03\/gliding-g1100-front-wing-32x32.webp 32w\" sizes=\"(max-width: 300px) 100vw, 300px\" \/><\/p>\n<p><img loading=\"lazy\" decoding=\"async\" class=\"alignnone wp-image-154233 size-full\" src=\"https:\/\/wave-lovers.com\/wp-content\/uploads\/2024\/03\/voyager-c1500-front-wing.webp\" alt=\"\" width=\"300\" height=\"300\" srcset=\"https:\/\/wave-lovers.com\/wp-content\/uploads\/2024\/03\/voyager-c1500-front-wing.webp 400w, https:\/\/wave-lovers.com\/wp-content\/uploads\/2024\/03\/voyager-c1500-front-wing-300x300.webp 300w, https:\/\/wave-lovers.com\/wp-content\/uploads\/2024\/03\/voyager-c1500-front-wing-150x150.webp 150w, https:\/\/wave-lovers.com\/wp-content\/uploads\/2024\/03\/voyager-c1500-front-wing-100x100.webp 100w, https:\/\/wave-lovers.com\/wp-content\/uploads\/2024\/03\/voyager-c1500-front-wing-32x32.webp 32w\" sizes=\"(max-width: 300px) 100vw, 300px\" \/><img loading=\"lazy\" decoding=\"async\" class=\"alignnone wp-image-154221 size-full\" src=\"https:\/\/wave-lovers.com\/wp-content\/uploads\/2024\/03\/gliding-c1500-front-wing.webp\" alt=\"\" width=\"300\" height=\"300\" srcset=\"https:\/\/wave-lovers.com\/wp-content\/uploads\/2024\/03\/gliding-c1500-front-wing.webp 400w, https:\/\/wave-lovers.com\/wp-content\/uploads\/2024\/03\/gliding-c1500-front-wing-300x300.webp 300w, https:\/\/wave-lovers.com\/wp-content\/uploads\/2024\/03\/gliding-c1500-front-wing-150x150.webp 150w, https:\/\/wave-lovers.com\/wp-content\/uploads\/2024\/03\/gliding-c1500-front-wing-100x100.webp 100w, https:\/\/wave-lovers.com\/wp-content\/uploads\/2024\/03\/gliding-c1500-front-wing-32x32.webp 32w\" sizes=\"(max-width: 300px) 100vw, 300px\" \/><img loading=\"lazy\" decoding=\"async\" class=\"alignnone wp-image-154230 size-full\" src=\"https:\/\/wave-lovers.com\/wp-content\/uploads\/2024\/03\/voyager-c1100-front-wing.webp\" alt=\"\" width=\"300\" height=\"300\" srcset=\"https:\/\/wave-lovers.com\/wp-content\/uploads\/2024\/03\/voyager-c1100-front-wing.webp 400w, https:\/\/wave-lovers.com\/wp-content\/uploads\/2024\/03\/voyager-c1100-front-wing-300x300.webp 300w, https:\/\/wave-lovers.com\/wp-content\/uploads\/2024\/03\/voyager-c1100-front-wing-150x150.webp 150w, https:\/\/wave-lovers.com\/wp-content\/uploads\/2024\/03\/voyager-c1100-front-wing-100x100.webp 100w, https:\/\/wave-lovers.com\/wp-content\/uploads\/2024\/03\/voyager-c1100-front-wing-32x32.webp 32w\" sizes=\"(max-width: 300px) 100vw, 300px\" \/><\/p>\n<h2>Waydoo EVO Master Plus - DETAILS<\/h2>\n<table>\n<tbody>\n<tr>\n<td>Model<\/td>\n<td>EVO PRO \/ PRO Plus*<\/td>\n<td>EVO MAX \/ MAX Plus*<\/td>\n<td><strong>EVO Master Plus*<\/strong><\/td>\n<\/tr>\n<tr>\n<td>Volumen<\/td>\n<td>90 l<\/td>\n<td>130 l<\/td>\n<td>75 l<\/td>\n<\/tr>\n<tr>\n<td>Material<\/td>\n<td>EPP<\/td>\n<td>EPP<\/td>\n<td>Carbon<\/td>\n<\/tr>\n<tr>\n<td>Farbe<\/td>\n<td>Cerulean Blue<\/td>\n<td>Surging Grey<\/td>\n<td>Dawn \/ Onyx Black<\/td>\n<\/tr>\n<tr>\n<td>Gr\u00f6\u00dfe<\/td>\n<td>154 x 67 x 15cm<\/td>\n<td>177 x 75 x 16cm<\/td>\n<td>144 x 62 x 15cm<\/td>\n<\/tr>\n<tr>\n<td>Sensors<\/td>\n<td>X \/ <strong>\u2713<\/strong><\/td>\n<td><strong>\u2713<\/strong><\/td>\n<td><strong>\u2713<\/strong><\/td>\n<\/tr>\n<tr>\n<td>GPS<\/td>\n<td>X \/ <strong>\u2713<\/strong><\/td>\n<td><strong>\u2713<\/strong><\/td>\n<td><strong>\u2713<\/strong><\/td>\n<\/tr>\n<\/tbody>\n<\/table>\n<p>*Die Plus-Modelle (EVO Master Plus, EVO PRO Plus und EVO MAX Plus) verf\u00fcgen \u00fcber zus\u00e4tzliche Sensoren, die die Balance \/ Starthilfe, Geo-Fencing und Wipe-Out-Schutz bieten.<\/p>\n","protected":false},"excerpt":{"rendered":"<p>Das Waydoo Flyer EVO Master Plus ist aus elegantem Carbon-Material gefertigt und besticht nicht nur durch das erstklassiges Design, sondern auch durch Leistung und Haltbarkeit.<\/p>\n","protected":false},"featured_media":170901,"comment_status":"open","ping_status":"closed","template":"","meta":{"_acf_changed":false,"_editorskit_title_hidden":false,"_editorskit_reading_time":0,"_editorskit_is_block_options_detached":false,"_editorskit_block_options_position":"{}","site-sidebar-layout":"default","site-content-layout":"default","ast-site-content-layout":"default","site-content-style":"default","site-sidebar-style":"default","ast-global-header-display":"","ast-banner-title-visibility":"","ast-main-header-display":"","ast-hfb-above-header-display":"","ast-hfb-below-header-display":"","ast-hfb-mobile-header-display":"","site-post-title":"disabled","ast-breadcrumbs-content":"","ast-featured-img":"","footer-sml-layout":"","ast-disable-related-posts":"","theme-transparent-header-meta":"default","adv-header-id-meta":"","stick-header-meta":"","header-above-stick-meta":"","header-main-stick-meta":"","header-below-stick-meta":"","astra-migrate-meta-layouts":"set","ast-page-background-enabled":"default","ast-page-background-meta":{"desktop":{"background-color":"","background-image":"","background-repeat":"repeat","background-position":"center center","background-size":"auto","background-attachment":"scroll","background-type":"","background-media":"","overlay-type":"","overlay-color":"","overlay-opacity":"","overlay-gradient":""},"tablet":{"background-color":"","background-image":"","background-repeat":"repeat","background-position":"center center","background-size":"auto","background-attachment":"scroll","background-type":"","background-media":"","overlay-type":"","overlay-color":"","overlay-opacity":"","overlay-gradient":""},"mobile":{"background-color":"","background-image":"","background-repeat":"repeat","background-position":"center center","background-size":"auto","background-attachment":"scroll","background-type":"","background-media":"","overlay-type":"","overlay-color":"","overlay-opacity":"","overlay-gradient":""}},"ast-content-background-meta":{"desktop":{"background-color":"var(--ast-global-color-5)","background-image":"","background-repeat":"repeat","background-position":"center center","background-size":"auto","background-attachment":"scroll","background-type":"","background-media":"","overlay-type":"","overlay-color":"","overlay-opacity":"","overlay-gradient":""},"tablet":{"background-color":"var(--ast-global-color-5)","background-image":"","background-repeat":"repeat","background-position":"center center","background-size":"auto","background-attachment":"scroll","background-type":"","background-media":"","overlay-type":"","overlay-color":"","overlay-opacity":"","overlay-gradient":""},"mobile":{"background-color":"var(--ast-global-color-5)","background-image":"","background-repeat":"repeat","background-position":"center center","background-size":"auto","background-attachment":"scroll","background-type":"","background-media":"","overlay-type":"","overlay-color":"","overlay-opacity":"","overlay-gradient":""}},"_jf_save_progress":""},"product_brand":[],"product_cat":[111,60,18,92,112,40],"product_tag":[],"class_list":{"0":"post-170525","1":"product","2":"type-product","3":"status-publish","4":"has-post-thumbnail","6":"product_cat-verkauf","7":"product_cat-buy","8":"product_cat-electric-hydrofoil-surfboard","9":"product_cat-e-foil-de","10":"product_cat-try-and-buy-de","11":"product_cat-try-and-buy","12":"product_shipping_class-lg-de","13":"desktop-align-center","14":"tablet-align-center","15":"mobile-align-center","16":"ast-product-gallery-layout-horizontal","17":"ast-magnify-disabled","18":"ast-product-single-variable","19":"ast-product-tabs-layout-horizontal","21":"first","22":"instock","23":"taxable","24":"shipping-taxable","25":"purchasable","26":"product-type-variable"},"acf":[],"brizy_media":[{"id":394,"url":"https:\/\/wave-lovers.com\/wp-content\/uploads\/2021\/01\/E-Foil-Surf-in-Fuerteventura.png","name":"E-Foil-Surf-in-Fuerteventura.png","meta":{"brizy_attachment_uid":"wp-94c9cce8d679a7c3867d56ce02984e39.png","brizy_post_uid":["036f3c858f7493a96f1ecf6bf97c3739","a9cb51fc18b3a0e5c20b367b123782f1","4d07bf27702d9e74ca4c3511c74110e4","57a9f74eb861a76ebdbcd0ca0523c138"]}}],"_links":{"self":[{"href":"https:\/\/wave-lovers.com\/de\/wp-json\/wp\/v2\/product\/170525","targetHints":{"allow":["GET"]}}],"collection":[{"href":"https:\/\/wave-lovers.com\/de\/wp-json\/wp\/v2\/product"}],"about":[{"href":"https:\/\/wave-lovers.com\/de\/wp-json\/wp\/v2\/types\/product"}],"replies":[{"embeddable":true,"href":"https:\/\/wave-lovers.com\/de\/wp-json\/wp\/v2\/comments?post=170525"}],"wp:featuredmedia":[{"embeddable":true,"href":"https:\/\/wave-lovers.com\/de\/wp-json\/wp\/v2\/media\/170901"}],"wp:attachment":[{"href":"https:\/\/wave-lovers.com\/de\/wp-json\/wp\/v2\/media?parent=170525"}],"wp:term":[{"taxonomy":"product_brand","embeddable":true,"href":"https:\/\/wave-lovers.com\/de\/wp-json\/wp\/v2\/product_brand?post=170525"},{"taxonomy":"product_cat","embeddable":true,"href":"https:\/\/wave-lovers.com\/de\/wp-json\/wp\/v2\/product_cat?post=170525"},{"taxonomy":"product_tag","embeddable":true,"href":"https:\/\/wave-lovers.com\/de\/wp-json\/wp\/v2\/product_tag?post=170525"}],"curies":[{"name":"wp","href":"https:\/\/api.w.org\/{rel}","templated":true}]}}