{"id":165376,"date":"2024-06-13T14:50:48","date_gmt":"2024-06-13T12:50:48","guid":{"rendered":"https:\/\/wave-lovers.com\/?post_type=product&#038;p=165376"},"modified":"2024-06-13T15:54:17","modified_gmt":"2024-06-13T13:54:17","slug":"waydoo-subnado","status":"publish","type":"product","link":"https:\/\/wave-lovers.com\/de\/waydoo-subnado\/","title":{"rendered":"Waydoo Subnado"},"content":{"rendered":"<h2>Waydoo Subnado - INFORMATION<\/h2>\n<p><img fetchpriority=\"high\" decoding=\"async\" class=\"hidden-mobile alignright wp-image-165388 size-full\" src=\"https:\/\/wave-lovers.com\/wp-content\/uploads\/2024\/06\/waydoo-subnado-product.gif\" alt=\"\" width=\"266\" height=\"200\" \/><\/p>\n<p>Mit erstaunlich geringen Ma\u00dfen von nur 38 x 6 cm ist die absolute Neuheit von Waydoo kompakt, elegant und schlank gestaltet. Damit ist der Unterwasserscooter nicht nur leicht zu transportieren, sondern kann auch problemlos in ein Flugzeug mitgenommen werden. Auch das Gewicht von nur 1,4 kg sorgt f\u00fcr Begeisterung, denn er ist ganze 50% leichter als vergleichbare Unterwasserscooter. Ob im n\u00e4chsten Familienurlaub, im Schwimmbad oder am See, der Waydoo Subnado wird Ihnen viel Freude bereiten und hat viele n\u00fctzliche Funktionen.<\/p>\n<p>Der kraftvolle und ausdauernde Jet-Antrieb beschleunigt den Subnado m\u00fchelos auf eine Vorw\u00e4rtsgeschwindigkeit von bis zu 1,4 m\/s und bietet Ihnen den ultimativen Unterwasserkick. Dar\u00fcber hinaus ist der Subnado mit einer maximalen Tauchtiefe von 60m auch f\u00fcr extreme Abenteuer ger\u00fcstet und unterst\u00fctzt jeden Ger\u00e4tetaucher, der das Beste aus seiner kostbaren Zeit unter Wasser machen m\u00f6chte.<\/p>\n<hr \/>\n<h3>Beliebige Kontrollm\u00f6glichkeiten<\/h3>\n<p><img decoding=\"async\" class=\"wp-image-165391 size-thumbnail alignright\" src=\"https:\/\/wave-lovers.com\/wp-content\/uploads\/2024\/06\/waydoo-subnado-controls-150x150.webp\" alt=\"\" width=\"100\" height=\"100\" srcset=\"https:\/\/wave-lovers.com\/wp-content\/uploads\/2024\/06\/waydoo-subnado-controls-150x150.webp 150w, https:\/\/wave-lovers.com\/wp-content\/uploads\/2024\/06\/waydoo-subnado-controls-300x300.webp 300w, https:\/\/wave-lovers.com\/wp-content\/uploads\/2024\/06\/waydoo-subnado-controls-100x100.webp 100w, https:\/\/wave-lovers.com\/wp-content\/uploads\/2024\/06\/waydoo-subnado-controls-32x32.webp 32w, https:\/\/wave-lovers.com\/wp-content\/uploads\/2024\/06\/waydoo-subnado-controls.webp 400w\" sizes=\"(max-width: 100px) 100vw, 100px\" \/>Das revolution\u00e4re Design vom Subnado erm\u00f6glicht es Ihnen, es frei und reibungslos nur mit Ihrem Arm zu man\u00f6vrieren. Zu diesem Zweck sind ein B\u00fcgel und ein Daumengriff im Lieferumfang enthalten. Wenn Sie es vorziehen, die Kontrolle mit beiden H\u00e4nden zu behalten, k\u00f6nnen Sie den Griffb\u00fcgel verwenden. Der Fingerschutz sch\u00fctzt Sie zu jeder Zeit vor Verletzungen.<\/p>\n<h3>Erweiterte Funktionalit\u00e4t<\/h3>\n<p data-wp-editing=\"1\"><img decoding=\"async\" class=\"wp-image-165394 size-full alignright\" src=\"https:\/\/wave-lovers.com\/wp-content\/uploads\/2024\/06\/waydoo-subnado-functionality.gif\" alt=\"\" width=\"100\" height=\"100\" srcset=\"https:\/\/wave-lovers.com\/wp-content\/uploads\/2024\/06\/waydoo-subnado-functionality.gif 100w, https:\/\/wave-lovers.com\/wp-content\/uploads\/2024\/06\/waydoo-subnado-functionality-32x32.gif 32w\" sizes=\"(max-width: 100px) 100vw, 100px\" \/>Dank der modernen Akkutechnologie kann der Subnado in nur 1,2 Stunden aufgeladen werden. Au\u00dferdem erm\u00f6glicht die Reverse-Charging-Funktion des subnado eine Ausgangsleistung von bis zu 100W, was ihn zu einer tragbaren Powerbank zum Laden von Smartphones, GoPro, Laptops und anderen Ger\u00e4ten macht. Dank der kompatiblen Halterung (1\/4-20UNC-Schraube) k\u00f6nnen Sie weiteres Zubeh\u00f6r wie eine GoPro, ein OLED-Display oder ein anderes Ger\u00e4t an Ihrem Subnado befestigen. So wird jedes Abenteuer zu einem vollen Erfolg!<\/p>\n<h2>Waydoo Subnado - DETAILS<\/h2>\n<p><a href=\"https:\/\/wave-lovers.com\/wp-content\/uploads\/2024\/06\/waydoo-subnado-details-650x1024.webp\"><img loading=\"lazy\" decoding=\"async\" class=\"alignnone wp-image-165397\" src=\"https:\/\/wave-lovers.com\/wp-content\/uploads\/2024\/06\/waydoo-subnado-details-650x1024.webp\" alt=\"\" width=\"381\" height=\"600\" srcset=\"https:\/\/wave-lovers.com\/wp-content\/uploads\/2024\/06\/waydoo-subnado-details-650x1024.webp 650w, https:\/\/wave-lovers.com\/wp-content\/uploads\/2024\/06\/waydoo-subnado-details-190x300.webp 190w, https:\/\/wave-lovers.com\/wp-content\/uploads\/2024\/06\/waydoo-subnado-details-768x1210.webp 768w, https:\/\/wave-lovers.com\/wp-content\/uploads\/2024\/06\/waydoo-subnado-details-975x1536.webp 975w, https:\/\/wave-lovers.com\/wp-content\/uploads\/2024\/06\/waydoo-subnado-details-600x946.webp 600w, https:\/\/wave-lovers.com\/wp-content\/uploads\/2024\/06\/waydoo-subnado-details.webp 1000w\" sizes=\"(max-width: 381px) 100vw, 381px\" \/><\/a> \u00a0\u00a0\u00a0 <a href=\"https:\/\/wave-lovers.com\/wp-content\/uploads\/2024\/06\/waydoo-subnado-comparison-884x1024.webp\"><img loading=\"lazy\" decoding=\"async\" class=\"alignnone wp-image-165400\" src=\"https:\/\/wave-lovers.com\/wp-content\/uploads\/2024\/06\/waydoo-subnado-comparison-884x1024.webp\" alt=\"\" width=\"518\" height=\"600\" srcset=\"https:\/\/wave-lovers.com\/wp-content\/uploads\/2024\/06\/waydoo-subnado-comparison-884x1024.webp 884w, https:\/\/wave-lovers.com\/wp-content\/uploads\/2024\/06\/waydoo-subnado-comparison-259x300.webp 259w, https:\/\/wave-lovers.com\/wp-content\/uploads\/2024\/06\/waydoo-subnado-comparison-768x890.webp 768w, https:\/\/wave-lovers.com\/wp-content\/uploads\/2024\/06\/waydoo-subnado-comparison-600x695.webp 600w, https:\/\/wave-lovers.com\/wp-content\/uploads\/2024\/06\/waydoo-subnado-comparison.webp 1000w\" sizes=\"(max-width: 518px) 100vw, 518px\" \/><\/a><\/p>\n","protected":false},"excerpt":{"rendered":"<p>Der <strong>kraftvolle und ausdauernde Jet-Antrieb<\/strong> beschleunigt den Subnado m\u00fchelos auf eine <strong>Vorw\u00e4rtsgeschwindigkeit von bis zu 1,4 m\/s<\/strong> und bietet Ihnen den ultimativen Unterwasserkick.<\/p>\n","protected":false},"featured_media":165408,"comment_status":"closed","ping_status":"closed","template":"","meta":{"_acf_changed":false,"_editorskit_title_hidden":false,"_editorskit_reading_time":0,"_editorskit_is_block_options_detached":false,"_editorskit_block_options_position":"{}","site-sidebar-layout":"default","site-content-layout":"default","ast-site-content-layout":"default","site-content-style":"default","site-sidebar-style":"default","ast-global-header-display":"","ast-banner-title-visibility":"","ast-main-header-display":"","ast-hfb-above-header-display":"","ast-hfb-below-header-display":"","ast-hfb-mobile-header-display":"","site-post-title":"disabled","ast-breadcrumbs-content":"","ast-featured-img":"","footer-sml-layout":"","ast-disable-related-posts":"","theme-transparent-header-meta":"default","adv-header-id-meta":"","stick-header-meta":"","header-above-stick-meta":"","header-main-stick-meta":"","header-below-stick-meta":"","astra-migrate-meta-layouts":"set","ast-page-background-enabled":"default","ast-page-background-meta":{"desktop":{"background-color":"","background-image":"","background-repeat":"repeat","background-position":"center center","background-size":"auto","background-attachment":"scroll","background-type":"","background-media":"","overlay-type":"","overlay-color":"","overlay-opacity":"","overlay-gradient":""},"tablet":{"background-color":"","background-image":"","background-repeat":"repeat","background-position":"center center","background-size":"auto","background-attachment":"scroll","background-type":"","background-media":"","overlay-type":"","overlay-color":"","overlay-opacity":"","overlay-gradient":""},"mobile":{"background-color":"","background-image":"","background-repeat":"repeat","background-position":"center center","background-size":"auto","background-attachment":"scroll","background-type":"","background-media":"","overlay-type":"","overlay-color":"","overlay-opacity":"","overlay-gradient":""}},"ast-content-background-meta":{"desktop":{"background-color":"var(--ast-global-color-5)","background-image":"","background-repeat":"repeat","background-position":"center center","background-size":"auto","background-attachment":"scroll","background-type":"","background-media":"","overlay-type":"","overlay-color":"","overlay-opacity":"","overlay-gradient":""},"tablet":{"background-color":"var(--ast-global-color-5)","background-image":"","background-repeat":"repeat","background-position":"center center","background-size":"auto","background-attachment":"scroll","background-type":"","background-media":"","overlay-type":"","overlay-color":"","overlay-opacity":"","overlay-gradient":""},"mobile":{"background-color":"var(--ast-global-color-5)","background-image":"","background-repeat":"repeat","background-position":"center center","background-size":"auto","background-attachment":"scroll","background-type":"","background-media":"","overlay-type":"","overlay-color":"","overlay-opacity":"","overlay-gradient":""}},"_jf_save_progress":""},"product_brand":[],"product_cat":[111,60,19,121],"product_tag":[],"class_list":{"0":"post-165376","1":"product","2":"type-product","3":"status-publish","4":"has-post-thumbnail","6":"product_cat-verkauf","7":"product_cat-buy","8":"product_cat-underwater-scooter","9":"product_cat-unterwasser-scooter-de","10":"product_shipping_class-sg-de","11":"desktop-align-center","12":"tablet-align-center","13":"mobile-align-center","14":"ast-product-gallery-layout-horizontal","15":"ast-magnify-disabled","16":"ast-product-tabs-layout-horizontal","18":"first","19":"instock","20":"taxable","21":"shipping-taxable","22":"purchasable","23":"product-type-simple"},"acf":[],"brizy_media":[{"id":394,"url":"https:\/\/wave-lovers.com\/wp-content\/uploads\/2021\/01\/E-Foil-Surf-in-Fuerteventura.png","name":"E-Foil-Surf-in-Fuerteventura.png","meta":{"brizy_attachment_uid":"wp-94c9cce8d679a7c3867d56ce02984e39.png","brizy_post_uid":["036f3c858f7493a96f1ecf6bf97c3739","a9cb51fc18b3a0e5c20b367b123782f1","4d07bf27702d9e74ca4c3511c74110e4","57a9f74eb861a76ebdbcd0ca0523c138"]}}],"_links":{"self":[{"href":"https:\/\/wave-lovers.com\/de\/wp-json\/wp\/v2\/product\/165376","targetHints":{"allow":["GET"]}}],"collection":[{"href":"https:\/\/wave-lovers.com\/de\/wp-json\/wp\/v2\/product"}],"about":[{"href":"https:\/\/wave-lovers.com\/de\/wp-json\/wp\/v2\/types\/product"}],"replies":[{"embeddable":true,"href":"https:\/\/wave-lovers.com\/de\/wp-json\/wp\/v2\/comments?post=165376"}],"wp:featuredmedia":[{"embeddable":true,"href":"https:\/\/wave-lovers.com\/de\/wp-json\/wp\/v2\/media\/165408"}],"wp:attachment":[{"href":"https:\/\/wave-lovers.com\/de\/wp-json\/wp\/v2\/media?parent=165376"}],"wp:term":[{"taxonomy":"product_brand","embeddable":true,"href":"https:\/\/wave-lovers.com\/de\/wp-json\/wp\/v2\/product_brand?post=165376"},{"taxonomy":"product_cat","embeddable":true,"href":"https:\/\/wave-lovers.com\/de\/wp-json\/wp\/v2\/product_cat?post=165376"},{"taxonomy":"product_tag","embeddable":true,"href":"https:\/\/wave-lovers.com\/de\/wp-json\/wp\/v2\/product_tag?post=165376"}],"curies":[{"name":"wp","href":"https:\/\/api.w.org\/{rel}","templated":true}]}}