{"id":165010,"date":"2024-06-07T14:32:25","date_gmt":"2024-06-07T12:32:25","guid":{"rendered":"https:\/\/wave-lovers.com\/?post_type=product&#038;p=165010"},"modified":"2024-06-07T16:51:55","modified_gmt":"2024-06-07T14:51:55","slug":"sublue-vapor","status":"publish","type":"product","link":"https:\/\/wave-lovers.com\/de\/sublue-vapor\/","title":{"rendered":"Sublue Vapor"},"content":{"rendered":"<h2>Sublue Vapor - INFORMATION<\/h2>\n<p><img decoding=\"async\" class=\"alignright wp-image-165021 size-thumbnail\" src=\"https:\/\/wave-lovers.com\/wp-content\/uploads\/2024\/06\/sublue-vapor-product-image-150x150.webp\" alt=\"\" width=\"150\" height=\"150\" srcset=\"https:\/\/wave-lovers.com\/wp-content\/uploads\/2024\/06\/sublue-vapor-product-image-150x150.webp 150w, https:\/\/wave-lovers.com\/wp-content\/uploads\/2024\/06\/sublue-vapor-product-image-300x300.webp 300w, https:\/\/wave-lovers.com\/wp-content\/uploads\/2024\/06\/sublue-vapor-product-image-100x100.webp 100w, https:\/\/wave-lovers.com\/wp-content\/uploads\/2024\/06\/sublue-vapor-product-image-32x32.webp 32w, https:\/\/wave-lovers.com\/wp-content\/uploads\/2024\/06\/sublue-vapor-product-image.webp 600w\" sizes=\"(max-width: 150px) 100vw, 150px\" \/>Neues Jahr, neues Gl\u00fcck! Auch wenn der Sublue Vapor sicherlich nicht zu den gr\u00f6\u00dften Tauchscootern geh\u00f6rt, so bietet er doch eine hervorragende Leistung. Dank des brandneuen ALO 2.0-Antriebssystems erreicht dieser ultrakompakte und \u00e4u\u00dferst praktische Unterwasserscooter eine Spitzengeschwindigkeit von 10 km\/h. Das gab es noch nie!<\/p>\n<p>Ausgestattet mit einem 6-bl\u00e4ttrigen Impeller und einer 12-bl\u00e4ttrigen hinteren Leitschaufel bietet der Sublue Vapor unvergleichliche Kontrolle und Spannung mit einer nahtlosen Mischung aus Drehmoment und Schubkraft. Auch die Akkukapazit\u00e4t ist beeindruckend, denn das Ger\u00e4t hat eine Laufzeit von bis zu 60 Minuten. Und er kann fast in der gleichen Zeit wieder aufgeladen werden. Wunderbar!<\/p>\n<hr \/>\n<h3>High-End Technology 2.0<\/h3>\n<p><img decoding=\"async\" class=\"wp-image-165012 size-thumbnail alignright\" src=\"https:\/\/wave-lovers.com\/wp-content\/uploads\/2024\/06\/sublue-vapor-alo-2-0-propulsion-150x150.webp\" alt=\"\" width=\"100\" height=\"100\" srcset=\"https:\/\/wave-lovers.com\/wp-content\/uploads\/2024\/06\/sublue-vapor-alo-2-0-propulsion-150x150.webp 150w, https:\/\/wave-lovers.com\/wp-content\/uploads\/2024\/06\/sublue-vapor-alo-2-0-propulsion-300x300.webp 300w, https:\/\/wave-lovers.com\/wp-content\/uploads\/2024\/06\/sublue-vapor-alo-2-0-propulsion-100x100.webp 100w, https:\/\/wave-lovers.com\/wp-content\/uploads\/2024\/06\/sublue-vapor-alo-2-0-propulsion-32x32.webp 32w, https:\/\/wave-lovers.com\/wp-content\/uploads\/2024\/06\/sublue-vapor-alo-2-0-propulsion.webp 600w\" sizes=\"(max-width: 100px) 100vw, 100px\" \/>Angetrieben von der hochmodernen Active-Loop-Optimization-2.0-Antriebstechnologie setzt der Sublue Vapor neue Ma\u00dfst\u00e4be. Mit intelligenten Funktionen wie dynamischer Geschwindigkeitsregelung, Tiefenmanagement mit automatischer Leistungsanpassung, Alarmfunktionen und App-Funktionalit\u00e4t ist der Sublue Vapor bestens ausgestattet und bietet modernste Technologie zu einem erschwinglichen Preis. Unschlagbar!<\/p>\n<h3>Stromlinienf\u00f6rmige Eleganz<\/h3>\n<p><img decoding=\"async\" class=\"wp-image-165024 size-thumbnail alignright\" src=\"https:\/\/wave-lovers.com\/wp-content\/uploads\/2024\/06\/sublue-vapor-streamlined-design-150x150.webp\" alt=\"\" width=\"100\" height=\"100\" srcset=\"https:\/\/wave-lovers.com\/wp-content\/uploads\/2024\/06\/sublue-vapor-streamlined-design-150x150.webp 150w, https:\/\/wave-lovers.com\/wp-content\/uploads\/2024\/06\/sublue-vapor-streamlined-design-300x300.webp 300w, https:\/\/wave-lovers.com\/wp-content\/uploads\/2024\/06\/sublue-vapor-streamlined-design-100x100.webp 100w, https:\/\/wave-lovers.com\/wp-content\/uploads\/2024\/06\/sublue-vapor-streamlined-design-32x32.webp 32w, https:\/\/wave-lovers.com\/wp-content\/uploads\/2024\/06\/sublue-vapor-streamlined-design.webp 600w\" sizes=\"(max-width: 100px) 100vw, 100px\" \/>Der Sublue Vapor bietet ein stromlinienf\u00f6rmiges Design, das ein unvergleichliches Gef\u00fchl von Freiheit vermittelt. Erleben Sie die Unterwasserwelt wie nie zuvor. Eine Komposition aus Leistung, Innovation und Effizienz erm\u00f6glicht es Ihnen, noch tiefer zu tauchen und noch weiter zu gleiten. Freuen Sie sich auf eine neue Dimension in der Wassersportbranche, in der hochwertige Verarbeitung, elegantes Aussehen und Komfort nahtlos ineinander \u00fcbergehen. Der spindelf\u00f6rmige Rumpf sorgt f\u00fcr ein sanftes Gleiten durch das Wasser und wird durch eine hydrodynamische Auftriebskammer f\u00fcr minimale St\u00f6rung erg\u00e4nzt. Wirklich genial!<\/p>\n<h3>Futuristisches Display<\/h3>\n<p><img loading=\"lazy\" decoding=\"async\" class=\"wp-image-165018 size-thumbnail alignright\" src=\"https:\/\/wave-lovers.com\/wp-content\/uploads\/2024\/06\/sublue-vapor-led-display-150x150.webp\" alt=\"\" width=\"100\" height=\"100\" srcset=\"https:\/\/wave-lovers.com\/wp-content\/uploads\/2024\/06\/sublue-vapor-led-display-150x150.webp 150w, https:\/\/wave-lovers.com\/wp-content\/uploads\/2024\/06\/sublue-vapor-led-display-300x300.webp 300w, https:\/\/wave-lovers.com\/wp-content\/uploads\/2024\/06\/sublue-vapor-led-display-100x100.webp 100w, https:\/\/wave-lovers.com\/wp-content\/uploads\/2024\/06\/sublue-vapor-led-display-32x32.webp 32w, https:\/\/wave-lovers.com\/wp-content\/uploads\/2024\/06\/sublue-vapor-led-display.webp 600w\" sizes=\"(max-width: 100px) 100vw, 100px\" \/>Entdecken Sie eine neue Welt der Kontrolle! Nicht 40 Jahre Jubil\u00e4um von Orwell, sondern die Zukunft ist jetzt. Mit dem brandneuen Unterwasser-Dashboard k\u00f6nnen Sie ganz einfach Batteriestand, Geschwindigkeit, Peilung, Wassertemperatur und Tiefe \u00fcberwachen. Passen Sie die Einstellungen nach Ihren W\u00fcnschen an, um eine pers\u00f6nliche und bereichernde Unterwasserreise zu erleben.<\/p>\n<h3>Was Ihrem Smartphone Fehlt<\/h3>\n<p><img loading=\"lazy\" decoding=\"async\" class=\"wp-image-165015 size-thumbnail alignright\" src=\"https:\/\/wave-lovers.com\/wp-content\/uploads\/2024\/06\/sublue-vapor-battery-150x150.webp\" alt=\"\" width=\"100\" height=\"100\" srcset=\"https:\/\/wave-lovers.com\/wp-content\/uploads\/2024\/06\/sublue-vapor-battery-150x150.webp 150w, https:\/\/wave-lovers.com\/wp-content\/uploads\/2024\/06\/sublue-vapor-battery-300x300.webp 300w, https:\/\/wave-lovers.com\/wp-content\/uploads\/2024\/06\/sublue-vapor-battery-100x100.webp 100w, https:\/\/wave-lovers.com\/wp-content\/uploads\/2024\/06\/sublue-vapor-battery-32x32.webp 32w, https:\/\/wave-lovers.com\/wp-content\/uploads\/2024\/06\/sublue-vapor-battery.webp 600w\" sizes=\"(max-width: 100px) 100vw, 100px\" \/>Kurz, ein entnehmbarer Akku. Das 60min lauff\u00e4hige Herzst\u00fcck ist mit mehreren Schutzma\u00dfnahmen wie BMS-\u00dcberladung, \u00dcberentladung, \u00dcberstrom, Kurzschluss und Entladungs\u00fcberwachung ausgestattet, um Ihre volle Sicherheit zu gew\u00e4hrleisten. Dar\u00fcber hinaus sorgt die Super-Schnellladetechnologie f\u00fcr ununterbrochene Lade\u00fcberraschungen. Es dauert nur 1 Stunde, um von 0% auf 85% aufzuladen, und nur 0,5 Stunden, um 100% zu erreichen.<\/p>\n<h2>Sublue Vapor - DETAILS<\/h2>\n<p>Ma\u00dfe: 54\u00d738\u00d729 cm<br \/>\nGewicht (inkl. Akku): 8.6 kg<br \/>\nMax Schubkraft: 21 kg<br \/>\nMax Tiefe: 40m<br \/>\nMax Laufzeit: 60min<br \/>\nH\u00f6chstgeschwindigkeit: 10 km\/h<br \/>\nAkkukapazit\u00e4t: 384.8 Wh<br \/>\nLadezeiten: 1.5 h (Schnellladen) , 3 h (Standard)<\/p>\n","protected":false},"excerpt":{"rendered":"<p>Mehr Leistung durch aktive Loop-Optimierung. Die <strong>absolute Neuheit<\/strong> im Bereich der platzsparenden Unterwasserscooter und eine <strong>echte Alternative<\/strong> zu seinen schweren Geschwistermodellen.<\/p>\n","protected":false},"featured_media":165033,"comment_status":"closed","ping_status":"closed","template":"","meta":{"_acf_changed":false,"_editorskit_title_hidden":false,"_editorskit_reading_time":0,"_editorskit_is_block_options_detached":false,"_editorskit_block_options_position":"{}","site-sidebar-layout":"default","site-content-layout":"default","ast-site-content-layout":"default","site-content-style":"default","site-sidebar-style":"default","ast-global-header-display":"","ast-banner-title-visibility":"","ast-main-header-display":"","ast-hfb-above-header-display":"","ast-hfb-below-header-display":"","ast-hfb-mobile-header-display":"","site-post-title":"disabled","ast-breadcrumbs-content":"","ast-featured-img":"","footer-sml-layout":"","ast-disable-related-posts":"","theme-transparent-header-meta":"default","adv-header-id-meta":"","stick-header-meta":"","header-above-stick-meta":"","header-main-stick-meta":"","header-below-stick-meta":"","astra-migrate-meta-layouts":"set","ast-page-background-enabled":"default","ast-page-background-meta":{"desktop":{"background-color":"","background-image":"","background-repeat":"repeat","background-position":"center center","background-size":"auto","background-attachment":"scroll","background-type":"","background-media":"","overlay-type":"","overlay-color":"","overlay-opacity":"","overlay-gradient":""},"tablet":{"background-color":"","background-image":"","background-repeat":"repeat","background-position":"center center","background-size":"auto","background-attachment":"scroll","background-type":"","background-media":"","overlay-type":"","overlay-color":"","overlay-opacity":"","overlay-gradient":""},"mobile":{"background-color":"","background-image":"","background-repeat":"repeat","background-position":"center center","background-size":"auto","background-attachment":"scroll","background-type":"","background-media":"","overlay-type":"","overlay-color":"","overlay-opacity":"","overlay-gradient":""}},"ast-content-background-meta":{"desktop":{"background-color":"var(--ast-global-color-5)","background-image":"","background-repeat":"repeat","background-position":"center center","background-size":"auto","background-attachment":"scroll","background-type":"","background-media":"","overlay-type":"","overlay-color":"","overlay-opacity":"","overlay-gradient":""},"tablet":{"background-color":"var(--ast-global-color-5)","background-image":"","background-repeat":"repeat","background-position":"center center","background-size":"auto","background-attachment":"scroll","background-type":"","background-media":"","overlay-type":"","overlay-color":"","overlay-opacity":"","overlay-gradient":""},"mobile":{"background-color":"var(--ast-global-color-5)","background-image":"","background-repeat":"repeat","background-position":"center center","background-size":"auto","background-attachment":"scroll","background-type":"","background-media":"","overlay-type":"","overlay-color":"","overlay-opacity":"","overlay-gradient":""}},"_jf_save_progress":""},"product_brand":[],"product_cat":[111,121],"product_tag":[],"class_list":{"0":"post-165010","1":"product","2":"type-product","3":"status-publish","4":"has-post-thumbnail","6":"product_cat-verkauf","7":"product_cat-unterwasser-scooter-de","8":"product_shipping_class-mg-de","9":"desktop-align-center","10":"tablet-align-center","11":"mobile-align-center","12":"ast-product-gallery-layout-horizontal","13":"ast-magnify-disabled","14":"ast-product-single-variable","15":"ast-product-tabs-layout-horizontal","17":"first","18":"instock","19":"taxable","20":"shipping-taxable","21":"purchasable","22":"product-type-variable"},"acf":[],"brizy_media":[{"id":394,"url":"https:\/\/wave-lovers.com\/wp-content\/uploads\/2021\/01\/E-Foil-Surf-in-Fuerteventura.png","name":"E-Foil-Surf-in-Fuerteventura.png","meta":{"brizy_attachment_uid":"wp-94c9cce8d679a7c3867d56ce02984e39.png","brizy_post_uid":["036f3c858f7493a96f1ecf6bf97c3739","a9cb51fc18b3a0e5c20b367b123782f1","4d07bf27702d9e74ca4c3511c74110e4","57a9f74eb861a76ebdbcd0ca0523c138"]}}],"_links":{"self":[{"href":"https:\/\/wave-lovers.com\/de\/wp-json\/wp\/v2\/product\/165010","targetHints":{"allow":["GET"]}}],"collection":[{"href":"https:\/\/wave-lovers.com\/de\/wp-json\/wp\/v2\/product"}],"about":[{"href":"https:\/\/wave-lovers.com\/de\/wp-json\/wp\/v2\/types\/product"}],"replies":[{"embeddable":true,"href":"https:\/\/wave-lovers.com\/de\/wp-json\/wp\/v2\/comments?post=165010"}],"wp:featuredmedia":[{"embeddable":true,"href":"https:\/\/wave-lovers.com\/de\/wp-json\/wp\/v2\/media\/165033"}],"wp:attachment":[{"href":"https:\/\/wave-lovers.com\/de\/wp-json\/wp\/v2\/media?parent=165010"}],"wp:term":[{"taxonomy":"product_brand","embeddable":true,"href":"https:\/\/wave-lovers.com\/de\/wp-json\/wp\/v2\/product_brand?post=165010"},{"taxonomy":"product_cat","embeddable":true,"href":"https:\/\/wave-lovers.com\/de\/wp-json\/wp\/v2\/product_cat?post=165010"},{"taxonomy":"product_tag","embeddable":true,"href":"https:\/\/wave-lovers.com\/de\/wp-json\/wp\/v2\/product_tag?post=165010"}],"curies":[{"name":"wp","href":"https:\/\/api.w.org\/{rel}","templated":true}]}}