{"id":159953,"date":"2024-05-23T15:38:14","date_gmt":"2024-05-23T13:38:14","guid":{"rendered":"https:\/\/wave-lovers.com\/?post_type=product&#038;p=159953"},"modified":"2025-02-26T18:47:26","modified_gmt":"2025-02-26T17:47:26","slug":"waydoo-flyer-evo-max-max-plus","status":"publish","type":"product","link":"https:\/\/wave-lovers.com\/de\/waydoo-flyer-evo-max-max-plus\/","title":{"rendered":"Waydoo Flyer EVO MAX \/ MAX Plus"},"content":{"rendered":"<h2>Waydoo Flyer EVO MAX \/ MAX Plus - INFORMATION<\/h2>\n<p>Die mit Spannung erwarteten neuen Waydoo-Boards sind da! Sie bieten eine Reihe von aufregenden Fortschritten, einschlie\u00dflich verbesserter Leistung, m\u00fchelosen Transport mit den neuen Plug &amp; Play R\u00e4dern und ein beeindruckendes Ma\u00df an Anpassungsm\u00f6glichkeiten. Unerreichte Leistung, ein schlankes, futuristisches Design und Waydoo's typisch wettbewerbsf\u00e4hige Preise machen diese neue Serie zu einem wahr gewordenen Traum f\u00fcr alle E-Foil-Enthusiasten.<\/p>\n<p><strong>Die robuste EPP-Konstruktion des EVO MAX bietet eine kosteneffiziente L\u00f6sung, wobei die Sicherheit durch die au\u00dfergew\u00f6hnlichen Sto\u00dfd\u00e4mpfungseigenschaften im Vordergrund steht. F\u00fcr diejenigen, die zus\u00e4tzliche Features suchen, ist die PRO Plus Version mit internen Sensoren ausgestattet, die eine bessere Kontrolle \u00fcber das Waydoo Flight Management System erm\u00f6glichen.<\/strong><\/p>\n<hr \/>\n<h2>Antrieb - Evolution trifft auf Vielfalt<\/h2>\n<p><img decoding=\"async\" class=\"size-thumbnail wp-image-154215 alignright\" src=\"https:\/\/wave-lovers.com\/wp-content\/uploads\/2024\/03\/waydoo-flyer-evo-propulsion-150x150.webp\" alt=\"\" width=\"120\" height=\"120\" srcset=\"https:\/\/wave-lovers.com\/wp-content\/uploads\/2024\/03\/waydoo-flyer-evo-propulsion-150x150.webp 150w, https:\/\/wave-lovers.com\/wp-content\/uploads\/2024\/03\/waydoo-flyer-evo-propulsion-300x300.webp 300w, https:\/\/wave-lovers.com\/wp-content\/uploads\/2024\/03\/waydoo-flyer-evo-propulsion-100x100.webp 100w, https:\/\/wave-lovers.com\/wp-content\/uploads\/2024\/03\/waydoo-flyer-evo-propulsion-32x32.webp 32w, https:\/\/wave-lovers.com\/wp-content\/uploads\/2024\/03\/waydoo-flyer-evo-propulsion.webp 400w\" sizes=\"(max-width: 120px) 100vw, 120px\" \/>Der Waydoo Flyer MAX verf\u00fcgt \u00fcber zwei verschiedene Antriebsoptionen: eine leistungsstarke 6KW Performance Unit und eine leistungsf\u00e4hige 4KW Standard Unit. Die Performance Unit eignet sich f\u00fcr Fahrer mit einem Gewicht von bis zu 170 kg und erreicht eine Geschwindigkeit von bis zu 45 km\/h. Die Elite Version erreicht die gleiche Leistung, wurde jedoch CNC-gefr\u00e4st, wodurch die Verarbeitungsqualit\u00e4t verbessert werden konnte und das Produkt noch edler wirken l\u00e4sst. Die kleine Standard Version ist f\u00fcr eine Kapazit\u00e4t von bis zu 130kg ausgelegt.<\/p>\n<p>Alle Systeme zeichnen sich durch ihre innovative, modulare Bauweise aus, eine Premiere in der Branche. Dieses Design erm\u00f6glicht eine m\u00fchelose Demontage vom Mast, was die Anpassungsf\u00e4higkeit, Portabilit\u00e4t und Sicherheit erh\u00f6ht und gleichzeitig die Wartungskosten minimiert. Die Antriebseinheit des Flyer MAX stellt ein revolution\u00e4res Konzept dar, das Leistung, Vielseitigkeit und benutzerfreundliche Wartung nahtlos miteinander verbindet.<\/p>\n<h2>Akkuoptionen - Dynamik gegen Ausdauer<\/h2>\n<p><img decoding=\"async\" class=\"size-thumbnail wp-image-154200 alignright\" src=\"https:\/\/wave-lovers.com\/wp-content\/uploads\/2024\/03\/waydoo-flyer-evo-battery-150x150.webp\" alt=\"\" width=\"120\" height=\"120\" srcset=\"https:\/\/wave-lovers.com\/wp-content\/uploads\/2024\/03\/waydoo-flyer-evo-battery-150x150.webp 150w, https:\/\/wave-lovers.com\/wp-content\/uploads\/2024\/03\/waydoo-flyer-evo-battery-300x300.webp 300w, https:\/\/wave-lovers.com\/wp-content\/uploads\/2024\/03\/waydoo-flyer-evo-battery-100x100.webp 100w, https:\/\/wave-lovers.com\/wp-content\/uploads\/2024\/03\/waydoo-flyer-evo-battery-32x32.webp 32w, https:\/\/wave-lovers.com\/wp-content\/uploads\/2024\/03\/waydoo-flyer-evo-battery.webp 400w\" sizes=\"(max-width: 120px) 100vw, 120px\" \/>Der Powerflight-Akku des Waydoo Flyer MAX ist in zwei Kapazit\u00e4ten erh\u00e4ltlich: eine leichte 36-Ah-Option und eine 45-Ah-Variante mit gr\u00f6\u00dferer Reichweite. Beide sind in einem robusten Geh\u00e4use aus einer Aluminiumlegierung untergebracht, um sicherzustellen, dass sie schwere Lasten bew\u00e4ltigen k\u00f6nnen.<\/p>\n<p>Bei der 36Ah-Batterie steht die Gewichtsminimierung im Vordergrund, was die Agilit\u00e4t des Boards erh\u00f6ht. Die 45Ah-Variante hingegen ist f\u00fcr l\u00e4ngere Fahrten gedacht und bietet eine Fahrzeit von bis zu 135 Minuten.<\/p>\n<p>Beide Akkus verf\u00fcgen \u00fcber ein benutzerfreundliches LCD-Display f\u00fcr eine klare Statusanzeige und bieten eine beeindruckende Wasserdichtigkeit nach IP68. Die Lichtsignal\u00fcbertragung vereinfacht den Verbindungsprozess. Dar\u00fcber hinaus sorgen Warnungen, ein effizientes W\u00e4rmemanagement und eine dynamische Ladeanpassung f\u00fcr Sicherheit, Langlebigkeit und ein optimales Nutzererlebnis.<\/p>\n<h2>Mast - 3 verschiedene Gr\u00f6\u00dfen<\/h2>\n<p><img decoding=\"async\" class=\"size-thumbnail wp-image-154203 alignright\" src=\"https:\/\/wave-lovers.com\/wp-content\/uploads\/2024\/03\/waydoo-flyer-evo-mast-150x150.webp\" alt=\"\" width=\"120\" height=\"120\" srcset=\"https:\/\/wave-lovers.com\/wp-content\/uploads\/2024\/03\/waydoo-flyer-evo-mast-150x150.webp 150w, https:\/\/wave-lovers.com\/wp-content\/uploads\/2024\/03\/waydoo-flyer-evo-mast-300x300.webp 300w, https:\/\/wave-lovers.com\/wp-content\/uploads\/2024\/03\/waydoo-flyer-evo-mast-100x100.webp 100w, https:\/\/wave-lovers.com\/wp-content\/uploads\/2024\/03\/waydoo-flyer-evo-mast-32x32.webp 32w, https:\/\/wave-lovers.com\/wp-content\/uploads\/2024\/03\/waydoo-flyer-evo-mast.webp 400w\" sizes=\"(max-width: 120px) 100vw, 120px\" \/>Der Waydoo Flyer MAX bietet drei verschiedene Mastl\u00e4ngen an: 69 cm und 89 cm aus einer Aluminiumlegierung und eine 79 cm lange Version aus hochfester, leichter Kohlefaser. Bei den k\u00fcrzeren Masten stehen Kontrolle und Stabilit\u00e4t im Vordergrund, w\u00e4hrend die l\u00e4ngeren Modelle sich an erfahrene Fahrer richten, die raue Wellen bezwingen und ihre Man\u00f6vrierf\u00e4higkeit maximieren wollen.<\/p>\n<p>Das bahnbrechende modulare Design trennt den Mast von der Antriebseinheit, was die Portabilit\u00e4t deutlich erh\u00f6ht und die Wartung vereinfacht. Die Spitze des Mastes verf\u00fcgt \u00fcber ein integriertes, programmierbares farbiges LED-Licht, das vor allem bei Nachtfahrten f\u00fcr ein besonderes optisches Flair sorgt.<\/p>\n<p><strong>Achtung! Wenn Sie die Antriebseinheit mit dem Waydoo Au\u00dfenbordmotor-Adapter verwenden m\u00f6chten, empfehlen wir, einen l\u00e4ngeren Mast zu w\u00e4hlen!<\/strong><\/p>\n<h2>Upgrades - unlimitierte M\u00f6glichkeiten<\/h2>\n<p><img loading=\"lazy\" decoding=\"async\" class=\"size-thumbnail wp-image-154218 alignright\" src=\"https:\/\/wave-lovers.com\/wp-content\/uploads\/2024\/03\/waydoo-flyer-evo-trolley-150x150.webp\" alt=\"\" width=\"120\" height=\"120\" srcset=\"https:\/\/wave-lovers.com\/wp-content\/uploads\/2024\/03\/waydoo-flyer-evo-trolley-150x150.webp 150w, https:\/\/wave-lovers.com\/wp-content\/uploads\/2024\/03\/waydoo-flyer-evo-trolley-300x300.webp 300w, https:\/\/wave-lovers.com\/wp-content\/uploads\/2024\/03\/waydoo-flyer-evo-trolley-100x100.webp 100w, https:\/\/wave-lovers.com\/wp-content\/uploads\/2024\/03\/waydoo-flyer-evo-trolley-32x32.webp 32w, https:\/\/wave-lovers.com\/wp-content\/uploads\/2024\/03\/waydoo-flyer-evo-trolley.webp 400w\" sizes=\"(max-width: 120px) 100vw, 120px\" \/>Ob ansteckbare Transportr\u00e4der, Au\u00dfenbordmotorhalterungen f\u00fcr Ihr Schlauchboot oder sogar ein 1500-Watt-Wechselrichter f\u00fcr Ihre Ger\u00e4te. Waydoo hat viele interessante Optionen, um Ihnen das bestm\u00f6gliche Erlebnis zu bieten.<\/p>\n<p>Verwandeln Sie Ihr E-Foil beispielsweise in ein Schlauchboot-Antriebssystem oder nutzen Sie es f\u00fcr andere kleinere Boote. Mit den Upgrade-Optionen sind Ihnen keine Grenzen gesetzt.<\/p>\n<hr \/>\n<h2>Wing Optionen<\/h2>\n<p>Die verf\u00fcgbaren Fl\u00fcgel sind das wichtigste Auswahlkriterium in Bezug auf die Fahreigenschaften. W\u00e4hrend gro\u00dfe und breite Modelle eine bessere Kontrolle bieten und f\u00fcr Anf\u00e4nger und Lernende geeignet sind, sind die kleineren Modelle wendiger und anspruchsvoller.<\/p>\n<p>Wenn Sie noch unentschlossen sind, empfehlen wir Ihnen den Voyager C1500. Als Allrounder bietet er maximale Kontrolle bei guter Man\u00f6vrierbarkeit.<\/p>\n<p><img loading=\"lazy\" decoding=\"async\" class=\"alignnone wp-image-154236 size-full\" src=\"https:\/\/wave-lovers.com\/wp-content\/uploads\/2024\/03\/voyager-g1500-front-wing.webp\" alt=\"\" width=\"300\" height=\"300\" srcset=\"https:\/\/wave-lovers.com\/wp-content\/uploads\/2024\/03\/voyager-g1500-front-wing.webp 400w, https:\/\/wave-lovers.com\/wp-content\/uploads\/2024\/03\/voyager-g1500-front-wing-300x300.webp 300w, https:\/\/wave-lovers.com\/wp-content\/uploads\/2024\/03\/voyager-g1500-front-wing-150x150.webp 150w, https:\/\/wave-lovers.com\/wp-content\/uploads\/2024\/03\/voyager-g1500-front-wing-100x100.webp 100w, https:\/\/wave-lovers.com\/wp-content\/uploads\/2024\/03\/voyager-g1500-front-wing-32x32.webp 32w\" sizes=\"(max-width: 300px) 100vw, 300px\" \/><img loading=\"lazy\" decoding=\"async\" class=\"alignnone wp-image-154227 size-full\" src=\"https:\/\/wave-lovers.com\/wp-content\/uploads\/2024\/03\/gliding-g1500-front-wing.webp\" alt=\"\" width=\"300\" height=\"300\" srcset=\"https:\/\/wave-lovers.com\/wp-content\/uploads\/2024\/03\/gliding-g1500-front-wing.webp 400w, https:\/\/wave-lovers.com\/wp-content\/uploads\/2024\/03\/gliding-g1500-front-wing-300x300.webp 300w, https:\/\/wave-lovers.com\/wp-content\/uploads\/2024\/03\/gliding-g1500-front-wing-150x150.webp 150w, https:\/\/wave-lovers.com\/wp-content\/uploads\/2024\/03\/gliding-g1500-front-wing-100x100.webp 100w, https:\/\/wave-lovers.com\/wp-content\/uploads\/2024\/03\/gliding-g1500-front-wing-32x32.webp 32w\" sizes=\"(max-width: 300px) 100vw, 300px\" \/><img loading=\"lazy\" decoding=\"async\" class=\"alignnone wp-image-154224 size-full\" src=\"https:\/\/wave-lovers.com\/wp-content\/uploads\/2024\/03\/gliding-g1100-front-wing.webp\" alt=\"\" width=\"300\" height=\"300\" srcset=\"https:\/\/wave-lovers.com\/wp-content\/uploads\/2024\/03\/gliding-g1100-front-wing.webp 400w, https:\/\/wave-lovers.com\/wp-content\/uploads\/2024\/03\/gliding-g1100-front-wing-300x300.webp 300w, https:\/\/wave-lovers.com\/wp-content\/uploads\/2024\/03\/gliding-g1100-front-wing-150x150.webp 150w, https:\/\/wave-lovers.com\/wp-content\/uploads\/2024\/03\/gliding-g1100-front-wing-100x100.webp 100w, https:\/\/wave-lovers.com\/wp-content\/uploads\/2024\/03\/gliding-g1100-front-wing-32x32.webp 32w\" sizes=\"(max-width: 300px) 100vw, 300px\" \/><\/p>\n<p><img loading=\"lazy\" decoding=\"async\" class=\"alignnone wp-image-154233 size-full\" src=\"https:\/\/wave-lovers.com\/wp-content\/uploads\/2024\/03\/voyager-c1500-front-wing.webp\" alt=\"\" width=\"300\" height=\"300\" srcset=\"https:\/\/wave-lovers.com\/wp-content\/uploads\/2024\/03\/voyager-c1500-front-wing.webp 400w, https:\/\/wave-lovers.com\/wp-content\/uploads\/2024\/03\/voyager-c1500-front-wing-300x300.webp 300w, https:\/\/wave-lovers.com\/wp-content\/uploads\/2024\/03\/voyager-c1500-front-wing-150x150.webp 150w, https:\/\/wave-lovers.com\/wp-content\/uploads\/2024\/03\/voyager-c1500-front-wing-100x100.webp 100w, https:\/\/wave-lovers.com\/wp-content\/uploads\/2024\/03\/voyager-c1500-front-wing-32x32.webp 32w\" sizes=\"(max-width: 300px) 100vw, 300px\" \/><img loading=\"lazy\" decoding=\"async\" class=\"alignnone wp-image-154221 size-full\" src=\"https:\/\/wave-lovers.com\/wp-content\/uploads\/2024\/03\/gliding-c1500-front-wing.webp\" alt=\"\" width=\"300\" height=\"300\" srcset=\"https:\/\/wave-lovers.com\/wp-content\/uploads\/2024\/03\/gliding-c1500-front-wing.webp 400w, https:\/\/wave-lovers.com\/wp-content\/uploads\/2024\/03\/gliding-c1500-front-wing-300x300.webp 300w, https:\/\/wave-lovers.com\/wp-content\/uploads\/2024\/03\/gliding-c1500-front-wing-150x150.webp 150w, https:\/\/wave-lovers.com\/wp-content\/uploads\/2024\/03\/gliding-c1500-front-wing-100x100.webp 100w, https:\/\/wave-lovers.com\/wp-content\/uploads\/2024\/03\/gliding-c1500-front-wing-32x32.webp 32w\" sizes=\"(max-width: 300px) 100vw, 300px\" \/><img loading=\"lazy\" decoding=\"async\" class=\"alignnone wp-image-154230 size-full\" src=\"https:\/\/wave-lovers.com\/wp-content\/uploads\/2024\/03\/voyager-c1100-front-wing.webp\" alt=\"\" width=\"300\" height=\"300\" srcset=\"https:\/\/wave-lovers.com\/wp-content\/uploads\/2024\/03\/voyager-c1100-front-wing.webp 400w, https:\/\/wave-lovers.com\/wp-content\/uploads\/2024\/03\/voyager-c1100-front-wing-300x300.webp 300w, https:\/\/wave-lovers.com\/wp-content\/uploads\/2024\/03\/voyager-c1100-front-wing-150x150.webp 150w, https:\/\/wave-lovers.com\/wp-content\/uploads\/2024\/03\/voyager-c1100-front-wing-100x100.webp 100w, https:\/\/wave-lovers.com\/wp-content\/uploads\/2024\/03\/voyager-c1100-front-wing-32x32.webp 32w\" sizes=\"(max-width: 300px) 100vw, 300px\" \/><\/p>\n<h2>Waydoo Flyer EVO MAX \/ MAX Plus - DETAILS<\/h2>\n<table>\n<tbody>\n<tr>\n<td>Model<\/td>\n<td>EVO PRO \/ PRO Plus*<\/td>\n<td><strong>EVO MAX \/ MAX Plus*<\/strong><\/td>\n<td>EVO Master Plus*<\/td>\n<\/tr>\n<tr>\n<td>Volumen<\/td>\n<td>90 l<\/td>\n<td>130 l<\/td>\n<td>75 l<\/td>\n<\/tr>\n<tr>\n<td>Material<\/td>\n<td>EPP<\/td>\n<td>EPP<\/td>\n<td>Carbon<\/td>\n<\/tr>\n<tr>\n<td>Farbe<\/td>\n<td>Cerulean Blue<\/td>\n<td>Surging Grey<\/td>\n<td>Dawn \/ Onyx Black<\/td>\n<\/tr>\n<tr>\n<td>Gr\u00f6\u00dfe<\/td>\n<td>154 x 67 x 15cm<\/td>\n<td>177 x 75 x 16cm<\/td>\n<td>144 x 62 x 15cm<\/td>\n<\/tr>\n<tr>\n<td>Sensoren<\/td>\n<td>X \/ <strong>\u2713<\/strong><\/td>\n<td>X \/ <strong>\u2713<\/strong><\/td>\n<td><strong>\u2713<\/strong><\/td>\n<\/tr>\n<tr>\n<td>GPS<\/td>\n<td>X \/ <strong>\u2713<\/strong><\/td>\n<td>X \/ <strong>\u2713<\/strong><\/td>\n<td><strong>\u2713<\/strong><\/td>\n<\/tr>\n<\/tbody>\n<\/table>\n<p>*Die Plus-Modelle (EVO Master Plus, EVO PRO Plus und EVO MAX Plus) verf\u00fcgen \u00fcber zus\u00e4tzliche Sensoren, die eine Balance- \/ Starthilfe, Geo-Fencing und Wipe-Out-Schutz realisieren.<\/p>\n","protected":false},"excerpt":{"rendered":"<p>Maximale Kontrolle, maximale Balance und maximale Belastbarkeit. Die neue EVO-Reihe bietet endlich auch Surfern mit einem h\u00f6heren Gewicht (bis 170 kg) die perfekte Wahl. Die Flyer MAX und MAX Plus sind dank ihres gr\u00f6\u00dferen Volumens nicht nur leichter zu balancieren, sondern stehen auch in Sachen Leistung den kleineren Boards in nichts nach. Unglaublich!<\/p>\n","protected":false},"featured_media":170503,"comment_status":"open","ping_status":"closed","template":"","meta":{"_acf_changed":false,"_editorskit_title_hidden":false,"_editorskit_reading_time":0,"_editorskit_is_block_options_detached":false,"_editorskit_block_options_position":"{}","site-sidebar-layout":"default","site-content-layout":"default","ast-site-content-layout":"default","site-content-style":"default","site-sidebar-style":"default","ast-global-header-display":"","ast-banner-title-visibility":"","ast-main-header-display":"","ast-hfb-above-header-display":"","ast-hfb-below-header-display":"","ast-hfb-mobile-header-display":"","site-post-title":"disabled","ast-breadcrumbs-content":"","ast-featured-img":"","footer-sml-layout":"","ast-disable-related-posts":"","theme-transparent-header-meta":"default","adv-header-id-meta":"","stick-header-meta":"","header-above-stick-meta":"","header-main-stick-meta":"","header-below-stick-meta":"","astra-migrate-meta-layouts":"set","ast-page-background-enabled":"default","ast-page-background-meta":{"desktop":{"background-color":"","background-image":"","background-repeat":"repeat","background-position":"center center","background-size":"auto","background-attachment":"scroll","background-type":"","background-media":"","overlay-type":"","overlay-color":"","overlay-opacity":"","overlay-gradient":""},"tablet":{"background-color":"","background-image":"","background-repeat":"repeat","background-position":"center center","background-size":"auto","background-attachment":"scroll","background-type":"","background-media":"","overlay-type":"","overlay-color":"","overlay-opacity":"","overlay-gradient":""},"mobile":{"background-color":"","background-image":"","background-repeat":"repeat","background-position":"center center","background-size":"auto","background-attachment":"scroll","background-type":"","background-media":"","overlay-type":"","overlay-color":"","overlay-opacity":"","overlay-gradient":""}},"ast-content-background-meta":{"desktop":{"background-color":"var(--ast-global-color-5)","background-image":"","background-repeat":"repeat","background-position":"center center","background-size":"auto","background-attachment":"scroll","background-type":"","background-media":"","overlay-type":"","overlay-color":"","overlay-opacity":"","overlay-gradient":""},"tablet":{"background-color":"var(--ast-global-color-5)","background-image":"","background-repeat":"repeat","background-position":"center center","background-size":"auto","background-attachment":"scroll","background-type":"","background-media":"","overlay-type":"","overlay-color":"","overlay-opacity":"","overlay-gradient":""},"mobile":{"background-color":"var(--ast-global-color-5)","background-image":"","background-repeat":"repeat","background-position":"center center","background-size":"auto","background-attachment":"scroll","background-type":"","background-media":"","overlay-type":"","overlay-color":"","overlay-opacity":"","overlay-gradient":""}},"_jf_save_progress":""},"product_brand":[],"product_cat":[111,92,112],"product_tag":[],"class_list":{"0":"post-159953","1":"product","2":"type-product","3":"status-publish","4":"has-post-thumbnail","6":"product_cat-verkauf","7":"product_cat-e-foil-de","8":"product_cat-try-and-buy-de","9":"product_shipping_class-lg-de","10":"desktop-align-center","11":"tablet-align-center","12":"mobile-align-center","13":"ast-product-gallery-layout-horizontal","14":"ast-magnify-disabled","15":"ast-product-single-variable","16":"ast-product-tabs-layout-horizontal","18":"first","19":"instock","20":"taxable","21":"shipping-taxable","22":"purchasable","23":"product-type-variable"},"acf":[],"brizy_media":[{"id":394,"url":"https:\/\/wave-lovers.com\/wp-content\/uploads\/2021\/01\/E-Foil-Surf-in-Fuerteventura.png","name":"E-Foil-Surf-in-Fuerteventura.png","meta":{"brizy_attachment_uid":"wp-94c9cce8d679a7c3867d56ce02984e39.png","brizy_post_uid":["036f3c858f7493a96f1ecf6bf97c3739","a9cb51fc18b3a0e5c20b367b123782f1","4d07bf27702d9e74ca4c3511c74110e4","57a9f74eb861a76ebdbcd0ca0523c138"]}}],"_links":{"self":[{"href":"https:\/\/wave-lovers.com\/de\/wp-json\/wp\/v2\/product\/159953","targetHints":{"allow":["GET"]}}],"collection":[{"href":"https:\/\/wave-lovers.com\/de\/wp-json\/wp\/v2\/product"}],"about":[{"href":"https:\/\/wave-lovers.com\/de\/wp-json\/wp\/v2\/types\/product"}],"replies":[{"embeddable":true,"href":"https:\/\/wave-lovers.com\/de\/wp-json\/wp\/v2\/comments?post=159953"}],"wp:featuredmedia":[{"embeddable":true,"href":"https:\/\/wave-lovers.com\/de\/wp-json\/wp\/v2\/media\/170503"}],"wp:attachment":[{"href":"https:\/\/wave-lovers.com\/de\/wp-json\/wp\/v2\/media?parent=159953"}],"wp:term":[{"taxonomy":"product_brand","embeddable":true,"href":"https:\/\/wave-lovers.com\/de\/wp-json\/wp\/v2\/product_brand?post=159953"},{"taxonomy":"product_cat","embeddable":true,"href":"https:\/\/wave-lovers.com\/de\/wp-json\/wp\/v2\/product_cat?post=159953"},{"taxonomy":"product_tag","embeddable":true,"href":"https:\/\/wave-lovers.com\/de\/wp-json\/wp\/v2\/product_tag?post=159953"}],"curies":[{"name":"wp","href":"https:\/\/api.w.org\/{rel}","templated":true}]}}