{"id":159687,"date":"2024-05-22T09:50:56","date_gmt":"2024-05-22T07:50:56","guid":{"rendered":"https:\/\/wave-lovers.com\/?post_type=product&#038;p=159687"},"modified":"2025-04-18T13:30:54","modified_gmt":"2025-04-18T11:30:54","slug":"audi-aerofoils-airfly-aufblasbares-e-foil","status":"publish","type":"product","link":"https:\/\/wave-lovers.com\/de\/audi-aerofoils-airfly-aufblasbares-e-foil\/","title":{"rendered":"Audi Aerofoils Airfly Aufblasbares E-Foil"},"content":{"rendered":"<h2>Audi Aerofoils Airfly Aufblasbares E-Foil - INFORMATION<\/h2>\n<p><img decoding=\"async\" class=\"wp-image-159704 size-thumbnail alignright\" src=\"https:\/\/wave-lovers.com\/wp-content\/uploads\/2024\/05\/audi-aerofoils-airfly-product-image-150x150.webp\" alt=\"\" width=\"150\" height=\"150\" srcset=\"https:\/\/wave-lovers.com\/wp-content\/uploads\/2024\/05\/audi-aerofoils-airfly-product-image-150x150.webp 150w, https:\/\/wave-lovers.com\/wp-content\/uploads\/2024\/05\/audi-aerofoils-airfly-product-image-300x300.webp 300w, https:\/\/wave-lovers.com\/wp-content\/uploads\/2024\/05\/audi-aerofoils-airfly-product-image-100x100.webp 100w, https:\/\/wave-lovers.com\/wp-content\/uploads\/2024\/05\/audi-aerofoils-airfly-product-image-32x32.webp 32w, https:\/\/wave-lovers.com\/wp-content\/uploads\/2024\/05\/audi-aerofoils-airfly-product-image.webp 600w\" sizes=\"(max-width: 150px) 100vw, 150px\" \/><\/p>\n<p>Lernen Sie die Welt des Wassersports auf eine neue Art kennen! Der innovative Airfly von Audi | Aerofoils begleitet Sie bei Ihren ersten Schritten. Schnell aufgeblasen und los geht's. Einfacher geht's nicht.<\/p>\n<p>Befreien Sie sich von Ihren Lasten und entdecken Sie, wie einfach es sein kann, \u00fcber die Wellen zu fliegen. Mit einem enormen Volumen von 150L ist das neue Board nicht nur stabiler, sondern sorgt auch gleichzeitig f\u00fcr die richtige Balance. So kann jeder schnell Teil einer gro\u00dfen Entwicklung werden. Und auch das Board kann sich entfalten. Dank des aufblasbaren K\u00f6rpers spart man Platz, Gewicht und Nerven beim n\u00e4chsten Transport.<\/p>\n<hr \/>\n<h3>Love is in the air<\/h3>\n<p><img decoding=\"async\" class=\"wp-image-159701 size-medium alignright\" src=\"https:\/\/wave-lovers.com\/wp-content\/uploads\/2024\/05\/audi-aerofoils-airfly-performance-300x300.webp\" alt=\"\" width=\"100\" height=\"100\" srcset=\"https:\/\/wave-lovers.com\/wp-content\/uploads\/2024\/05\/audi-aerofoils-airfly-performance-300x300.webp 300w, https:\/\/wave-lovers.com\/wp-content\/uploads\/2024\/05\/audi-aerofoils-airfly-performance-150x150.webp 150w, https:\/\/wave-lovers.com\/wp-content\/uploads\/2024\/05\/audi-aerofoils-airfly-performance-100x100.webp 100w, https:\/\/wave-lovers.com\/wp-content\/uploads\/2024\/05\/audi-aerofoils-airfly-performance-32x32.webp 32w, https:\/\/wave-lovers.com\/wp-content\/uploads\/2024\/05\/audi-aerofoils-airfly-performance.webp 600w\" sizes=\"(max-width: 100px) 100vw, 100px\" \/>Und damit Sie Ihr neues Ger\u00e4t lieben lernen, wird das Board bald in vielen verschiedenen Farben anpassbar sein. Die Qualit\u00e4t der Verarbeitung steht bei Audi an erster Stelle und schafft ein Gef\u00fchl des Vertrauens, auf das Sie sich verlassen k\u00f6nnen. Dank des fehlerverzeihenden Materials werden Sie viele Jahre lang Spa\u00df haben und immer sicher sein. Ausgezeichnet!<\/p>\n<h3>Anti-Breach System<\/h3>\n<p><img decoding=\"async\" class=\"wp-image-159698 size-medium alignright\" src=\"https:\/\/wave-lovers.com\/wp-content\/uploads\/2024\/05\/audi-aerofoils-airfly-anti-breach-system-300x300.webp\" alt=\"\" width=\"100\" height=\"100\" srcset=\"https:\/\/wave-lovers.com\/wp-content\/uploads\/2024\/05\/audi-aerofoils-airfly-anti-breach-system-300x300.webp 300w, https:\/\/wave-lovers.com\/wp-content\/uploads\/2024\/05\/audi-aerofoils-airfly-anti-breach-system-150x150.webp 150w, https:\/\/wave-lovers.com\/wp-content\/uploads\/2024\/05\/audi-aerofoils-airfly-anti-breach-system-100x100.webp 100w, https:\/\/wave-lovers.com\/wp-content\/uploads\/2024\/05\/audi-aerofoils-airfly-anti-breach-system-32x32.webp 32w, https:\/\/wave-lovers.com\/wp-content\/uploads\/2024\/05\/audi-aerofoils-airfly-anti-breach-system.webp 600w\" sizes=\"(max-width: 100px) 100vw, 100px\" \/>Die Entwicklungen am Markt greifen auch das Thema Sensorik auf. Eine innovative Technologie erm\u00f6glicht mehr Sicherheit und mehr Fahrspa\u00df: das brandneue Anti-Breach-System! Lassen Sie sich von rauer See nicht beeindrucken und trotzen Sie auch den schwierigsten Situationen. Das automatische Assistenzsystem l\u00e4sst Sie nicht im Stich.<\/p>\n<h2>Audi Aerofoils Airfly Aufblasbares E-Foil - DETAILS<\/h2>\n<p>Ma\u00dfe: 174 x 70 x 15 cm<br \/>\nVolumen: 150L<br \/>\nH\u00f6chstgeschwindigkeit: 35 - 50 km\/h (je nach Fl\u00fcgelsatz, Fahrergewicht, Seegang etc.)<br \/>\nTragkraft: bis zu 120kg<br \/>\nMast-L\u00e4nge: 60cm<\/p>\n","protected":false},"excerpt":{"rendered":"<p>Lernen Sie die Welt des Wassersports neu kennen! Der innovative Airfly von Audi | Aerofoils begleitet Sie bei Ihren ersten Schritten. Schnell aufgeblasen und los geht's. Einfacher geht's nicht. Jetzt verf\u00fcgbar!<\/p>\n","protected":false},"featured_media":159690,"comment_status":"open","ping_status":"closed","template":"","meta":{"_acf_changed":false,"_editorskit_title_hidden":false,"_editorskit_reading_time":0,"_editorskit_is_block_options_detached":false,"_editorskit_block_options_position":"{}","site-sidebar-layout":"default","site-content-layout":"default","ast-site-content-layout":"default","site-content-style":"default","site-sidebar-style":"default","ast-global-header-display":"","ast-banner-title-visibility":"","ast-main-header-display":"","ast-hfb-above-header-display":"","ast-hfb-below-header-display":"","ast-hfb-mobile-header-display":"","site-post-title":"disabled","ast-breadcrumbs-content":"","ast-featured-img":"","footer-sml-layout":"","ast-disable-related-posts":"","theme-transparent-header-meta":"default","adv-header-id-meta":"","stick-header-meta":"","header-above-stick-meta":"","header-main-stick-meta":"","header-below-stick-meta":"","astra-migrate-meta-layouts":"set","ast-page-background-enabled":"default","ast-page-background-meta":{"desktop":{"background-color":"","background-image":"","background-repeat":"repeat","background-position":"center center","background-size":"auto","background-attachment":"scroll","background-type":"","background-media":"","overlay-type":"","overlay-color":"","overlay-opacity":"","overlay-gradient":""},"tablet":{"background-color":"","background-image":"","background-repeat":"repeat","background-position":"center center","background-size":"auto","background-attachment":"scroll","background-type":"","background-media":"","overlay-type":"","overlay-color":"","overlay-opacity":"","overlay-gradient":""},"mobile":{"background-color":"","background-image":"","background-repeat":"repeat","background-position":"center center","background-size":"auto","background-attachment":"scroll","background-type":"","background-media":"","overlay-type":"","overlay-color":"","overlay-opacity":"","overlay-gradient":""}},"ast-content-background-meta":{"desktop":{"background-color":"var(--ast-global-color-5)","background-image":"","background-repeat":"repeat","background-position":"center center","background-size":"auto","background-attachment":"scroll","background-type":"","background-media":"","overlay-type":"","overlay-color":"","overlay-opacity":"","overlay-gradient":""},"tablet":{"background-color":"var(--ast-global-color-5)","background-image":"","background-repeat":"repeat","background-position":"center center","background-size":"auto","background-attachment":"scroll","background-type":"","background-media":"","overlay-type":"","overlay-color":"","overlay-opacity":"","overlay-gradient":""},"mobile":{"background-color":"var(--ast-global-color-5)","background-image":"","background-repeat":"repeat","background-position":"center center","background-size":"auto","background-attachment":"scroll","background-type":"","background-media":"","overlay-type":"","overlay-color":"","overlay-opacity":"","overlay-gradient":""}},"_jf_save_progress":""},"product_brand":[],"product_cat":[111,562,128,60,18,92],"product_tag":[],"class_list":{"0":"post-159687","1":"product","2":"type-product","3":"status-publish","4":"has-post-thumbnail","6":"product_cat-verkauf","7":"product_cat-aufblasbar-de","8":"product_cat-inflatable","9":"product_cat-buy","10":"product_cat-electric-hydrofoil-surfboard","11":"product_cat-e-foil-de","12":"product_shipping_class-lg-de","13":"desktop-align-center","14":"tablet-align-center","15":"mobile-align-center","16":"ast-product-gallery-layout-horizontal","17":"ast-magnify-disabled","18":"ast-product-tabs-layout-horizontal","20":"first","21":"instock","22":"taxable","23":"shipping-taxable","24":"purchasable","25":"product-type-simple"},"acf":[],"brizy_media":[{"id":394,"url":"https:\/\/wave-lovers.com\/wp-content\/uploads\/2021\/01\/E-Foil-Surf-in-Fuerteventura.png","name":"E-Foil-Surf-in-Fuerteventura.png","meta":{"brizy_attachment_uid":"wp-94c9cce8d679a7c3867d56ce02984e39.png","brizy_post_uid":["036f3c858f7493a96f1ecf6bf97c3739","a9cb51fc18b3a0e5c20b367b123782f1","4d07bf27702d9e74ca4c3511c74110e4","57a9f74eb861a76ebdbcd0ca0523c138"]}}],"_links":{"self":[{"href":"https:\/\/wave-lovers.com\/de\/wp-json\/wp\/v2\/product\/159687","targetHints":{"allow":["GET"]}}],"collection":[{"href":"https:\/\/wave-lovers.com\/de\/wp-json\/wp\/v2\/product"}],"about":[{"href":"https:\/\/wave-lovers.com\/de\/wp-json\/wp\/v2\/types\/product"}],"replies":[{"embeddable":true,"href":"https:\/\/wave-lovers.com\/de\/wp-json\/wp\/v2\/comments?post=159687"}],"wp:featuredmedia":[{"embeddable":true,"href":"https:\/\/wave-lovers.com\/de\/wp-json\/wp\/v2\/media\/159690"}],"wp:attachment":[{"href":"https:\/\/wave-lovers.com\/de\/wp-json\/wp\/v2\/media?parent=159687"}],"wp:term":[{"taxonomy":"product_brand","embeddable":true,"href":"https:\/\/wave-lovers.com\/de\/wp-json\/wp\/v2\/product_brand?post=159687"},{"taxonomy":"product_cat","embeddable":true,"href":"https:\/\/wave-lovers.com\/de\/wp-json\/wp\/v2\/product_cat?post=159687"},{"taxonomy":"product_tag","embeddable":true,"href":"https:\/\/wave-lovers.com\/de\/wp-json\/wp\/v2\/product_tag?post=159687"}],"curies":[{"name":"wp","href":"https:\/\/api.w.org\/{rel}","templated":true}]}}