{"id":158784,"date":"2024-05-15T14:25:23","date_gmt":"2024-05-15T12:25:23","guid":{"rendered":"https:\/\/wave-lovers.com\/?post_type=product&#038;p=158784"},"modified":"2025-04-18T13:18:34","modified_gmt":"2025-04-18T11:18:34","slug":"audi-aerofoils-hyperfly-aufblasbares-scooter-e-foil","status":"publish","type":"product","link":"https:\/\/wave-lovers.com\/de\/audi-aerofoils-hyperfly-aufblasbares-scooter-e-foil\/","title":{"rendered":"Audi Aerofoils Hyperfly Aufblasbares Scooter E-Foil"},"content":{"rendered":"<h2>Audi Aerofoils Hyperfly Aufblasbares Scooter E-Foil - INFORMATION<\/h2>\n<p><img decoding=\"async\" class=\"wp-image-158802 size-thumbnail alignright\" src=\"https:\/\/wave-lovers.com\/wp-content\/uploads\/2024\/05\/audi-aerofoils-hyperfly-product-image-150x150.webp\" alt=\"\" width=\"150\" height=\"150\" srcset=\"https:\/\/wave-lovers.com\/wp-content\/uploads\/2024\/05\/audi-aerofoils-hyperfly-product-image-150x150.webp 150w, https:\/\/wave-lovers.com\/wp-content\/uploads\/2024\/05\/audi-aerofoils-hyperfly-product-image-300x300.webp 300w, https:\/\/wave-lovers.com\/wp-content\/uploads\/2024\/05\/audi-aerofoils-hyperfly-product-image-100x100.webp 100w, https:\/\/wave-lovers.com\/wp-content\/uploads\/2024\/05\/audi-aerofoils-hyperfly-product-image-32x32.webp 32w, https:\/\/wave-lovers.com\/wp-content\/uploads\/2024\/05\/audi-aerofoils-hyperfly-product-image.webp 600w\" sizes=\"(max-width: 150px) 100vw, 150px\" \/><\/p>\n<p>Tauchen Sie ein in die aufregende Welt des Wassersports! Mit dem allerneuesten Produkt von Aerofoils k\u00f6nnen Sie in nur wenigen Minuten loslegen. Es war noch nie so einfach!<\/p>\n<p>Die robusten aufblasbaren Boards sind eine Revolution. Sie sparen nicht nur zus\u00e4tzlichen Platz und Gewicht, sondern sind sehr fehlertolerant ausglegt. Die Boards sind so konzipiert, dass auch Anf\u00e4nger sofort in ein aufregendes Erlebnis starten k\u00f6nnen. Ganz ohne steile Lernkurve. Super einfach.<\/p>\n<hr \/>\n<h3>Vertrauen ist gut, ...<\/h3>\n<p><img decoding=\"async\" class=\"wp-image-158799 size-thumbnail alignright\" src=\"https:\/\/wave-lovers.com\/wp-content\/uploads\/2024\/05\/audi-aerofoils-hyperfly-handle-150x150.webp\" alt=\"\" width=\"100\" height=\"100\" srcset=\"https:\/\/wave-lovers.com\/wp-content\/uploads\/2024\/05\/audi-aerofoils-hyperfly-handle-150x150.webp 150w, https:\/\/wave-lovers.com\/wp-content\/uploads\/2024\/05\/audi-aerofoils-hyperfly-handle-300x300.webp 300w, https:\/\/wave-lovers.com\/wp-content\/uploads\/2024\/05\/audi-aerofoils-hyperfly-handle-100x100.webp 100w, https:\/\/wave-lovers.com\/wp-content\/uploads\/2024\/05\/audi-aerofoils-hyperfly-handle-32x32.webp 32w, https:\/\/wave-lovers.com\/wp-content\/uploads\/2024\/05\/audi-aerofoils-hyperfly-handle.webp 600w\" sizes=\"(max-width: 100px) 100vw, 100px\" \/>2024 ist das Jahr des E-Scooters. Wie andere namhafte Hersteller auch, reagiert Aerofoils auf die Bed\u00fcrfnisse seiner Kunden. Es wurde ein E-Foil entwickelt, der den Einstieg in die Welt des Hydrofoilings wesentlich erleichtert. Dank des integrierten Lenkers finden nun auch absolute Anf\u00e4nger schnell die richtige Balance und kontrollieren das Board im Handumdrehen wie ein Profi.<\/p>\n<h3>Anti-Breach System<\/h3>\n<p><img decoding=\"async\" class=\"wp-image-158793 size-thumbnail alignright\" src=\"https:\/\/wave-lovers.com\/wp-content\/uploads\/2024\/05\/audi-aerofoils-hyperfly-anti-breach-system-150x150.webp\" alt=\"\" width=\"100\" height=\"100\" srcset=\"https:\/\/wave-lovers.com\/wp-content\/uploads\/2024\/05\/audi-aerofoils-hyperfly-anti-breach-system-150x150.webp 150w, https:\/\/wave-lovers.com\/wp-content\/uploads\/2024\/05\/audi-aerofoils-hyperfly-anti-breach-system-300x300.webp 300w, https:\/\/wave-lovers.com\/wp-content\/uploads\/2024\/05\/audi-aerofoils-hyperfly-anti-breach-system-100x100.webp 100w, https:\/\/wave-lovers.com\/wp-content\/uploads\/2024\/05\/audi-aerofoils-hyperfly-anti-breach-system-32x32.webp 32w, https:\/\/wave-lovers.com\/wp-content\/uploads\/2024\/05\/audi-aerofoils-hyperfly-anti-breach-system.webp 600w\" sizes=\"(max-width: 100px) 100vw, 100px\" \/>Die Entwicklungen am Markt greifen auch das Thema Sensorik auf. Eine innovative Technologie erm\u00f6glicht mehr Sicherheit und mehr Fahrspa\u00df: das brandneue Anti-Breach-System! Lassen Sie sich von rauer See nicht beeindrucken und trotzen Sie auch den schwierigsten Situationen. Das automatische Assistenzsystem l\u00e4sst Sie nicht im Stich.<\/p>\n<h3>Luft &amp; Liebe<\/h3>\n<p><img loading=\"lazy\" decoding=\"async\" class=\"wp-image-158796 size-thumbnail alignright\" src=\"https:\/\/wave-lovers.com\/wp-content\/uploads\/2024\/05\/audi-aerofoils-hyperfly-design-150x150.webp\" alt=\"\" width=\"100\" height=\"100\" srcset=\"https:\/\/wave-lovers.com\/wp-content\/uploads\/2024\/05\/audi-aerofoils-hyperfly-design-150x150.webp 150w, https:\/\/wave-lovers.com\/wp-content\/uploads\/2024\/05\/audi-aerofoils-hyperfly-design-300x300.webp 300w, https:\/\/wave-lovers.com\/wp-content\/uploads\/2024\/05\/audi-aerofoils-hyperfly-design-100x100.webp 100w, https:\/\/wave-lovers.com\/wp-content\/uploads\/2024\/05\/audi-aerofoils-hyperfly-design-32x32.webp 32w, https:\/\/wave-lovers.com\/wp-content\/uploads\/2024\/05\/audi-aerofoils-hyperfly-design.webp 600w\" sizes=\"(max-width: 100px) 100vw, 100px\" \/>Man k\u00f6nnte meinen, dass das typische Audi-Finish nur bei den edelsten Materialien wiederzufinden ist. Aber nein, das neue aufblasbare Board zeigt, wie es geht. Stilvoll und elegant, wei\u00df das cybergraue Design zu \u00fcberzeugen. Das nachgiebige Material sorgt f\u00fcr Langlebigkeit und hilft dabei, Sch\u00e4den und Kratzer zu vermeiden. Ein weiterer Vorteil ist das geringere Gewicht und der geringere Platzbedarf, was letztlich den Transport und die Lagerung erleichtert. Funktional und echt praktisch.<\/p>\n<h2>Audi Aerofoils Hyperfly Aufblasbares Scooter E-Foil - DETAILS<\/h2>\n<p>Ma\u00dfe: 220 x 95 x 15 cm<br \/>\nVolumen: 230L<br \/>\nH\u00f6chstgeschwindigkeit: 35 - 50 km\/h (je nach Fl\u00fcgelsatz, Fahrergewicht, Wellengang etc.)<br \/>\nAkkulaufzeit: bis zu 2h<br \/>\nBelastbarkeit: bis zu 120kg<br \/>\nMast-L\u00e4nge: 60cm<\/p>\n","protected":false},"excerpt":{"rendered":"<p>Tauchen Sie ein in die aufregende Welt des Wassersports! Mit dem allerneuesten Produkt von Aerofoils k\u00f6nnen Sie in nur wenigen Minuten loslegen. Es war noch nie so einfach! Jetzt verf\u00fcgbar!<\/p>\n","protected":false},"featured_media":158788,"comment_status":"open","ping_status":"closed","template":"","meta":{"_acf_changed":false,"_editorskit_title_hidden":false,"_editorskit_reading_time":0,"_editorskit_is_block_options_detached":false,"_editorskit_block_options_position":"{}","site-sidebar-layout":"default","site-content-layout":"default","ast-site-content-layout":"default","site-content-style":"default","site-sidebar-style":"default","ast-global-header-display":"","ast-banner-title-visibility":"","ast-main-header-display":"","ast-hfb-above-header-display":"","ast-hfb-below-header-display":"","ast-hfb-mobile-header-display":"","site-post-title":"disabled","ast-breadcrumbs-content":"","ast-featured-img":"","footer-sml-layout":"","ast-disable-related-posts":"","theme-transparent-header-meta":"default","adv-header-id-meta":"","stick-header-meta":"","header-above-stick-meta":"","header-main-stick-meta":"","header-below-stick-meta":"","astra-migrate-meta-layouts":"set","ast-page-background-enabled":"default","ast-page-background-meta":{"desktop":{"background-color":"","background-image":"","background-repeat":"repeat","background-position":"center center","background-size":"auto","background-attachment":"scroll","background-type":"","background-media":"","overlay-type":"","overlay-color":"","overlay-opacity":"","overlay-gradient":""},"tablet":{"background-color":"","background-image":"","background-repeat":"repeat","background-position":"center center","background-size":"auto","background-attachment":"scroll","background-type":"","background-media":"","overlay-type":"","overlay-color":"","overlay-opacity":"","overlay-gradient":""},"mobile":{"background-color":"","background-image":"","background-repeat":"repeat","background-position":"center center","background-size":"auto","background-attachment":"scroll","background-type":"","background-media":"","overlay-type":"","overlay-color":"","overlay-opacity":"","overlay-gradient":""}},"ast-content-background-meta":{"desktop":{"background-color":"var(--ast-global-color-5)","background-image":"","background-repeat":"repeat","background-position":"center center","background-size":"auto","background-attachment":"scroll","background-type":"","background-media":"","overlay-type":"","overlay-color":"","overlay-opacity":"","overlay-gradient":""},"tablet":{"background-color":"var(--ast-global-color-5)","background-image":"","background-repeat":"repeat","background-position":"center center","background-size":"auto","background-attachment":"scroll","background-type":"","background-media":"","overlay-type":"","overlay-color":"","overlay-opacity":"","overlay-gradient":""},"mobile":{"background-color":"var(--ast-global-color-5)","background-image":"","background-repeat":"repeat","background-position":"center center","background-size":"auto","background-attachment":"scroll","background-type":"","background-media":"","overlay-type":"","overlay-color":"","overlay-opacity":"","overlay-gradient":""}},"_jf_save_progress":""},"product_brand":[],"product_cat":[111,562,128,60,18,92],"product_tag":[],"class_list":{"0":"post-158784","1":"product","2":"type-product","3":"status-publish","4":"has-post-thumbnail","6":"product_cat-verkauf","7":"product_cat-aufblasbar-de","8":"product_cat-inflatable","9":"product_cat-buy","10":"product_cat-electric-hydrofoil-surfboard","11":"product_cat-e-foil-de","12":"product_shipping_class-lg-de","13":"desktop-align-center","14":"tablet-align-center","15":"mobile-align-center","16":"ast-product-gallery-layout-horizontal","17":"ast-magnify-disabled","18":"ast-product-tabs-layout-horizontal","20":"first","21":"instock","22":"taxable","23":"shipping-taxable","24":"purchasable","25":"product-type-simple"},"acf":[],"brizy_media":[{"id":394,"url":"https:\/\/wave-lovers.com\/wp-content\/uploads\/2021\/01\/E-Foil-Surf-in-Fuerteventura.png","name":"E-Foil-Surf-in-Fuerteventura.png","meta":{"brizy_attachment_uid":"wp-94c9cce8d679a7c3867d56ce02984e39.png","brizy_post_uid":["036f3c858f7493a96f1ecf6bf97c3739","a9cb51fc18b3a0e5c20b367b123782f1","4d07bf27702d9e74ca4c3511c74110e4","57a9f74eb861a76ebdbcd0ca0523c138"]}}],"_links":{"self":[{"href":"https:\/\/wave-lovers.com\/de\/wp-json\/wp\/v2\/product\/158784","targetHints":{"allow":["GET"]}}],"collection":[{"href":"https:\/\/wave-lovers.com\/de\/wp-json\/wp\/v2\/product"}],"about":[{"href":"https:\/\/wave-lovers.com\/de\/wp-json\/wp\/v2\/types\/product"}],"replies":[{"embeddable":true,"href":"https:\/\/wave-lovers.com\/de\/wp-json\/wp\/v2\/comments?post=158784"}],"wp:featuredmedia":[{"embeddable":true,"href":"https:\/\/wave-lovers.com\/de\/wp-json\/wp\/v2\/media\/158788"}],"wp:attachment":[{"href":"https:\/\/wave-lovers.com\/de\/wp-json\/wp\/v2\/media?parent=158784"}],"wp:term":[{"taxonomy":"product_brand","embeddable":true,"href":"https:\/\/wave-lovers.com\/de\/wp-json\/wp\/v2\/product_brand?post=158784"},{"taxonomy":"product_cat","embeddable":true,"href":"https:\/\/wave-lovers.com\/de\/wp-json\/wp\/v2\/product_cat?post=158784"},{"taxonomy":"product_tag","embeddable":true,"href":"https:\/\/wave-lovers.com\/de\/wp-json\/wp\/v2\/product_tag?post=158784"}],"curies":[{"name":"wp","href":"https:\/\/api.w.org\/{rel}","templated":true}]}}