{"id":157027,"date":"2024-04-19T11:39:55","date_gmt":"2024-04-19T09:39:55","guid":{"rendered":"https:\/\/wave-lovers.com\/?post_type=product&#038;p=157027"},"modified":"2024-04-19T12:17:38","modified_gmt":"2024-04-19T10:17:38","slug":"red-shark-bikes-scooter-kit","status":"publish","type":"product","link":"https:\/\/wave-lovers.com\/de\/red-shark-bikes-scooter-kit\/","title":{"rendered":"Red Shark Bikes Scooter Kit"},"content":{"rendered":"<h2>Red Shark Bikes Scooter Kit - INFORMATION<\/h2>\n<p><img fetchpriority=\"high\" decoding=\"async\" class=\"alignright wp-image-155779 size-full\" src=\"https:\/\/wave-lovers.com\/wp-content\/uploads\/2024\/04\/redsharkbikes-modular-6in1-concept.webp\" alt=\"\" width=\"493\" height=\"318\" srcset=\"https:\/\/wave-lovers.com\/wp-content\/uploads\/2024\/04\/redsharkbikes-modular-6in1-concept.webp 493w, https:\/\/wave-lovers.com\/wp-content\/uploads\/2024\/04\/redsharkbikes-modular-6in1-concept-300x194.webp 300w\" sizes=\"(max-width: 493px) 100vw, 493px\" \/><\/p>\n<p>Das Scooter Kit von Red Shark Bikes ist das umfassendste Upgrade-Kit. Denn Sie erhalten einen vollwertigen E-Antrieb, mit dem Sie Ihr vorhandenes Bike Surf-Ger\u00e4t in ein elektrisches SUP verwandeln k\u00f6nnen. So k\u00f6nnen Sie sich ausruhen, wenn Ihr Sportprogramm eine Pause macht.<\/p>\n<p>Mit dem mitgelieferten Akku k\u00f6nnen Sie bei langsamer Geschwindigkeit bis zu 6 Stunden am St\u00fcck fahren. Bei H\u00f6chstgeschwindigkeit hat der Scooter eine Betriebsdauer von bis zu 1,15 Stunden. Mit 10 G\u00e4ngen im Vorw\u00e4rtsmodus und 3 G\u00e4ngen im R\u00fcckw\u00e4rtsmodus haben Sie viele M\u00f6glichkeiten, die Geschwindigkeit einzustellen. Es gibt viele n\u00fctzliche Funktionen, die Ihr Erlebnis verbessern, wie z. B. einen magnetischen Ausschalter, externe Ladem\u00f6glichkeiten mit 5V \/ 12V Ausgang und eine LED-Batteriestatusanzeige. Das Zubeh\u00f6r ist nicht nur wasserdicht, sondern die Batteriebox und die Fernbedienung sind so konstruiert, dass sie an der Oberfl\u00e4che schwimmen. Praktisch, denn so k\u00f6nnen Sie nichts verlieren. Durchdacht bis ins letzte Detail!<\/p>\n<p><strong>Alle Red Shark Bikes Produkte lassen sich problemlos erweitern, um Ihnen ein m\u00f6glichst breites Anwendungsspektrum zu bieten.<\/strong> <strong>Auch nach dem Kauf k\u00f6nnen Sie noch entscheiden, ob Sie das Ger\u00e4t in ein Wasserfahrrad umbauen, als Kayak nutzen oder einfach in ein SUP verwandeln wollen.<\/strong> <strong>Ihrer Phantasie sind keine Grenzen gesetzt.<\/strong><\/p>\n<h3>Lieferumfang<\/h3>\n<p><img decoding=\"async\" class=\"alignright wp-image-157032 size-thumbnail\" src=\"https:\/\/wave-lovers.com\/wp-content\/uploads\/2024\/04\/red-shark-bikes-scooter-kit-scope-of-delivery-150x150.webp\" alt=\"\" width=\"150\" height=\"150\" srcset=\"https:\/\/wave-lovers.com\/wp-content\/uploads\/2024\/04\/red-shark-bikes-scooter-kit-scope-of-delivery-150x150.webp 150w, https:\/\/wave-lovers.com\/wp-content\/uploads\/2024\/04\/red-shark-bikes-scooter-kit-scope-of-delivery-300x300.webp 300w, https:\/\/wave-lovers.com\/wp-content\/uploads\/2024\/04\/red-shark-bikes-scooter-kit-scope-of-delivery-100x100.webp 100w, https:\/\/wave-lovers.com\/wp-content\/uploads\/2024\/04\/red-shark-bikes-scooter-kit-scope-of-delivery-32x32.webp 32w, https:\/\/wave-lovers.com\/wp-content\/uploads\/2024\/04\/red-shark-bikes-scooter-kit-scope-of-delivery.webp 400w\" sizes=\"(max-width: 150px) 100vw, 150px\" \/>Das Kit erweitert Ihr Bike Surf Komplettset. Das Board ist daher nicht im Lieferumfang enthalten. Stattdessen erhalten Sie den Scooter-Rahmen mit allem notwendigen Zubeh\u00f6r zum Aufbau des Elektroantriebs (Motor, Lenker, Griff, Fernbedienung und Akku) und zus\u00e4tzliches Equipment wie den Magnet-Kill-Switch oder Abdeckungen f\u00fcr das hintere Befestigungsloch des Boards. F\u00fcr eine Anleitung zum Aufbau Ihres Ger\u00e4ts lesen Sie einfach die mitgelieferte Anleitung.<\/p>\n","protected":false},"excerpt":{"rendered":"<p>Das Scooter Kit von Red Shark Bikes ist das umfassendste Upgrade-Kit. Es enth\u00e4lt einen vollst\u00e4ndigen E-Antrieb, der Ihr vorhandenes Bike Surf-Ger\u00e4t in ein elektrisches SUP verwandelt.<\/p>\n<p><strong>Achtung!<\/strong> <strong>Bei dieser Aufr\u00fcstungsoption ist das Board nicht im Lieferumfang enthalten.<\/strong><\/p>\n","protected":false},"featured_media":157030,"comment_status":"open","ping_status":"closed","template":"","meta":{"_acf_changed":false,"_editorskit_title_hidden":false,"_editorskit_reading_time":0,"_editorskit_is_block_options_detached":false,"_editorskit_block_options_position":"{}","site-sidebar-layout":"default","site-content-layout":"default","ast-site-content-layout":"default","site-content-style":"default","site-sidebar-style":"default","ast-global-header-display":"","ast-banner-title-visibility":"","ast-main-header-display":"","ast-hfb-above-header-display":"","ast-hfb-below-header-display":"","ast-hfb-mobile-header-display":"","site-post-title":"disabled","ast-breadcrumbs-content":"","ast-featured-img":"","footer-sml-layout":"","ast-disable-related-posts":"","theme-transparent-header-meta":"default","adv-header-id-meta":"","stick-header-meta":"","header-above-stick-meta":"","header-main-stick-meta":"","header-below-stick-meta":"","astra-migrate-meta-layouts":"set","ast-page-background-enabled":"default","ast-page-background-meta":{"desktop":{"background-color":"","background-image":"","background-repeat":"repeat","background-position":"center center","background-size":"auto","background-attachment":"scroll","background-type":"","background-media":"","overlay-type":"","overlay-color":"","overlay-opacity":"","overlay-gradient":""},"tablet":{"background-color":"","background-image":"","background-repeat":"repeat","background-position":"center center","background-size":"auto","background-attachment":"scroll","background-type":"","background-media":"","overlay-type":"","overlay-color":"","overlay-opacity":"","overlay-gradient":""},"mobile":{"background-color":"","background-image":"","background-repeat":"repeat","background-position":"center center","background-size":"auto","background-attachment":"scroll","background-type":"","background-media":"","overlay-type":"","overlay-color":"","overlay-opacity":"","overlay-gradient":""}},"ast-content-background-meta":{"desktop":{"background-color":"var(--ast-global-color-5)","background-image":"","background-repeat":"repeat","background-position":"center center","background-size":"auto","background-attachment":"scroll","background-type":"","background-media":"","overlay-type":"","overlay-color":"","overlay-opacity":"","overlay-gradient":""},"tablet":{"background-color":"var(--ast-global-color-5)","background-image":"","background-repeat":"repeat","background-position":"center center","background-size":"auto","background-attachment":"scroll","background-type":"","background-media":"","overlay-type":"","overlay-color":"","overlay-opacity":"","overlay-gradient":""},"mobile":{"background-color":"var(--ast-global-color-5)","background-image":"","background-repeat":"repeat","background-position":"center center","background-size":"auto","background-attachment":"scroll","background-type":"","background-media":"","overlay-type":"","overlay-color":"","overlay-opacity":"","overlay-gradient":""}},"_jf_save_progress":""},"product_brand":[],"product_cat":[111,558,571,562,128,60,37,499],"product_tag":[],"class_list":{"0":"post-157027","1":"product","2":"type-product","3":"status-publish","4":"has-post-thumbnail","6":"product_cat-verkauf","7":"product_cat-accessoires","8":"product_cat-zubehoer-de","9":"product_cat-aufblasbar-de","10":"product_cat-inflatable","11":"product_cat-buy","12":"product_cat-electric-stand-up-paddle-board","13":"product_cat-electric-stand-up-paddle-board-de","14":"product_shipping_class-m-de","15":"desktop-align-center","16":"tablet-align-center","17":"mobile-align-center","18":"ast-product-gallery-layout-horizontal","19":"ast-magnify-disabled","20":"ast-product-tabs-layout-horizontal","22":"first","23":"instock","24":"taxable","25":"shipping-taxable","26":"purchasable","27":"product-type-simple"},"acf":[],"brizy_media":[{"id":394,"url":"https:\/\/wave-lovers.com\/wp-content\/uploads\/2021\/01\/E-Foil-Surf-in-Fuerteventura.png","name":"E-Foil-Surf-in-Fuerteventura.png","meta":{"brizy_attachment_uid":"wp-94c9cce8d679a7c3867d56ce02984e39.png","brizy_post_uid":["036f3c858f7493a96f1ecf6bf97c3739","a9cb51fc18b3a0e5c20b367b123782f1","4d07bf27702d9e74ca4c3511c74110e4","57a9f74eb861a76ebdbcd0ca0523c138"]}}],"_links":{"self":[{"href":"https:\/\/wave-lovers.com\/de\/wp-json\/wp\/v2\/product\/157027","targetHints":{"allow":["GET"]}}],"collection":[{"href":"https:\/\/wave-lovers.com\/de\/wp-json\/wp\/v2\/product"}],"about":[{"href":"https:\/\/wave-lovers.com\/de\/wp-json\/wp\/v2\/types\/product"}],"replies":[{"embeddable":true,"href":"https:\/\/wave-lovers.com\/de\/wp-json\/wp\/v2\/comments?post=157027"}],"wp:featuredmedia":[{"embeddable":true,"href":"https:\/\/wave-lovers.com\/de\/wp-json\/wp\/v2\/media\/157030"}],"wp:attachment":[{"href":"https:\/\/wave-lovers.com\/de\/wp-json\/wp\/v2\/media?parent=157027"}],"wp:term":[{"taxonomy":"product_brand","embeddable":true,"href":"https:\/\/wave-lovers.com\/de\/wp-json\/wp\/v2\/product_brand?post=157027"},{"taxonomy":"product_cat","embeddable":true,"href":"https:\/\/wave-lovers.com\/de\/wp-json\/wp\/v2\/product_cat?post=157027"},{"taxonomy":"product_tag","embeddable":true,"href":"https:\/\/wave-lovers.com\/de\/wp-json\/wp\/v2\/product_tag?post=157027"}],"curies":[{"name":"wp","href":"https:\/\/api.w.org\/{rel}","templated":true}]}}