{"id":157014,"date":"2024-04-19T11:10:18","date_gmt":"2024-04-19T09:10:18","guid":{"rendered":"https:\/\/wave-lovers.com\/?post_type=product&#038;p=157014"},"modified":"2024-04-19T11:37:02","modified_gmt":"2024-04-19T09:37:02","slug":"red-shark-bikes-sup-paddle-kit","status":"publish","type":"product","link":"https:\/\/wave-lovers.com\/de\/red-shark-bikes-sup-paddle-kit\/","title":{"rendered":"Red Shark Bikes SUP Paddle Kit"},"content":{"rendered":"<h2>Red Shark Bikes SUP Paddle Kit - INFORMATION<\/h2>\n<p><img fetchpriority=\"high\" decoding=\"async\" class=\"alignright wp-image-155779 size-full\" src=\"https:\/\/wave-lovers.com\/wp-content\/uploads\/2024\/04\/redsharkbikes-modular-6in1-concept.webp\" alt=\"\" width=\"493\" height=\"318\" srcset=\"https:\/\/wave-lovers.com\/wp-content\/uploads\/2024\/04\/redsharkbikes-modular-6in1-concept.webp 493w, https:\/\/wave-lovers.com\/wp-content\/uploads\/2024\/04\/redsharkbikes-modular-6in1-concept-300x194.webp 300w\" sizes=\"(max-width: 493px) 100vw, 493px\" \/><\/p>\n<p>Das SUP Paddle Kit von Red Shark Bikes bietet eine einfache, aber hervorragende L\u00f6sung, um Ihr Bike Surf Set oder Scooter Surf in ein Stand-up Paddle Board umzuwandeln. Die mitgelieferten Abdeckungen erm\u00f6glichen es Ihnen, die L\u00f6cher f\u00fcr die Befestigung des Rahmens zu verschlie\u00dfen. Au\u00dferdem erhalten Sie ein hochwertiges Paddel, das in der Gr\u00f6\u00dfe verstellbar ist und somit perfekt an Ihre Bed\u00fcrfnisse angepasst werden kann. Damit Sie Ihr Paddel nicht versehentlich verlieren, wird auch eine Leine mitgeliefert. Alles was dazu geh\u00f6rt!<\/p>\n<p><strong>Alle Red Shark Bikes Produkte lassen sich problemlos erweitern, um Ihnen ein m\u00f6glichst breites Einsatzspektrum zu bieten.<\/strong> <strong>Auch nach dem Kauf k\u00f6nnen Sie noch entscheiden, ob Sie das Ger\u00e4t in ein Wasserfahrrad umbauen, als E-Scooter nutzen oder einfach in ein SUP verwandeln wollen.<\/strong> <strong>Ihrer Phantasie sind keine Grenzen gesetzt.<\/strong><\/p>\n<h3>Lieferumfang<\/h3>\n<p><img decoding=\"async\" class=\"alignright wp-image-157022 size-thumbnail\" src=\"https:\/\/wave-lovers.com\/wp-content\/uploads\/2024\/04\/red-shark-bikes-sup-paddle-kit-scope-of-delivery-150x150.webp\" alt=\"\" width=\"150\" height=\"150\" srcset=\"https:\/\/wave-lovers.com\/wp-content\/uploads\/2024\/04\/red-shark-bikes-sup-paddle-kit-scope-of-delivery-150x150.webp 150w, https:\/\/wave-lovers.com\/wp-content\/uploads\/2024\/04\/red-shark-bikes-sup-paddle-kit-scope-of-delivery-300x300.webp 300w, https:\/\/wave-lovers.com\/wp-content\/uploads\/2024\/04\/red-shark-bikes-sup-paddle-kit-scope-of-delivery-100x100.webp 100w, https:\/\/wave-lovers.com\/wp-content\/uploads\/2024\/04\/red-shark-bikes-sup-paddle-kit-scope-of-delivery-32x32.webp 32w, https:\/\/wave-lovers.com\/wp-content\/uploads\/2024\/04\/red-shark-bikes-sup-paddle-kit-scope-of-delivery.webp 400w\" sizes=\"(max-width: 150px) 100vw, 150px\" \/>Das Kit erweitert Ihr Bike Surf Komplettset. Das Board ist daher nicht im Lieferumfang enthalten. Stattdessen erhalten Sie 4 Abdeckungen f\u00fcr jede Seite der beiden L\u00f6cher im Deck, eine Leine (ca. 175 bis 215cm) und das verstellbare Paddel.<\/p>\n","protected":false},"excerpt":{"rendered":"<p>Das SUP Paddle Kit von Red Shark Bikes bietet eine einfache, aber hervorragende L\u00f6sung, um Ihr Bike Surf Set oder Scooter Surf in ein Stand-up-Paddle Board umzuwandeln. Alles was Sie brauchen ist dabei!<\/p>\n<p><strong>Achtung!<\/strong> <strong>Bei dieser Upgrade-Option ist das Board nicht im Lieferumfang enthalten.<\/strong><\/p>\n","protected":false},"featured_media":157017,"comment_status":"open","ping_status":"closed","template":"","meta":{"_acf_changed":false,"_editorskit_title_hidden":false,"_editorskit_reading_time":0,"_editorskit_is_block_options_detached":false,"_editorskit_block_options_position":"{}","site-sidebar-layout":"default","site-content-layout":"default","ast-site-content-layout":"default","site-content-style":"default","site-sidebar-style":"default","ast-global-header-display":"","ast-banner-title-visibility":"","ast-main-header-display":"","ast-hfb-above-header-display":"","ast-hfb-below-header-display":"","ast-hfb-mobile-header-display":"","site-post-title":"disabled","ast-breadcrumbs-content":"","ast-featured-img":"","footer-sml-layout":"","ast-disable-related-posts":"","theme-transparent-header-meta":"default","adv-header-id-meta":"","stick-header-meta":"","header-above-stick-meta":"","header-main-stick-meta":"","header-below-stick-meta":"","astra-migrate-meta-layouts":"set","ast-page-background-enabled":"default","ast-page-background-meta":{"desktop":{"background-color":"","background-image":"","background-repeat":"repeat","background-position":"center center","background-size":"auto","background-attachment":"scroll","background-type":"","background-media":"","overlay-type":"","overlay-color":"","overlay-opacity":"","overlay-gradient":""},"tablet":{"background-color":"","background-image":"","background-repeat":"repeat","background-position":"center center","background-size":"auto","background-attachment":"scroll","background-type":"","background-media":"","overlay-type":"","overlay-color":"","overlay-opacity":"","overlay-gradient":""},"mobile":{"background-color":"","background-image":"","background-repeat":"repeat","background-position":"center center","background-size":"auto","background-attachment":"scroll","background-type":"","background-media":"","overlay-type":"","overlay-color":"","overlay-opacity":"","overlay-gradient":""}},"ast-content-background-meta":{"desktop":{"background-color":"var(--ast-global-color-5)","background-image":"","background-repeat":"repeat","background-position":"center center","background-size":"auto","background-attachment":"scroll","background-type":"","background-media":"","overlay-type":"","overlay-color":"","overlay-opacity":"","overlay-gradient":""},"tablet":{"background-color":"var(--ast-global-color-5)","background-image":"","background-repeat":"repeat","background-position":"center center","background-size":"auto","background-attachment":"scroll","background-type":"","background-media":"","overlay-type":"","overlay-color":"","overlay-opacity":"","overlay-gradient":""},"mobile":{"background-color":"var(--ast-global-color-5)","background-image":"","background-repeat":"repeat","background-position":"center center","background-size":"auto","background-attachment":"scroll","background-type":"","background-media":"","overlay-type":"","overlay-color":"","overlay-opacity":"","overlay-gradient":""}},"_jf_save_progress":""},"product_brand":[],"product_cat":[111,558,571,562,128,60],"product_tag":[],"class_list":{"0":"post-157014","1":"product","2":"type-product","3":"status-publish","4":"has-post-thumbnail","6":"product_cat-verkauf","7":"product_cat-accessoires","8":"product_cat-zubehoer-de","9":"product_cat-aufblasbar-de","10":"product_cat-inflatable","11":"product_cat-buy","12":"product_shipping_class-m-de","13":"desktop-align-center","14":"tablet-align-center","15":"mobile-align-center","16":"ast-product-gallery-layout-horizontal","17":"ast-magnify-disabled","18":"ast-product-tabs-layout-horizontal","20":"first","21":"instock","22":"taxable","23":"shipping-taxable","24":"purchasable","25":"product-type-simple"},"acf":[],"brizy_media":[{"id":394,"url":"https:\/\/wave-lovers.com\/wp-content\/uploads\/2021\/01\/E-Foil-Surf-in-Fuerteventura.png","name":"E-Foil-Surf-in-Fuerteventura.png","meta":{"brizy_attachment_uid":"wp-94c9cce8d679a7c3867d56ce02984e39.png","brizy_post_uid":["036f3c858f7493a96f1ecf6bf97c3739","a9cb51fc18b3a0e5c20b367b123782f1","4d07bf27702d9e74ca4c3511c74110e4","57a9f74eb861a76ebdbcd0ca0523c138"]}}],"_links":{"self":[{"href":"https:\/\/wave-lovers.com\/de\/wp-json\/wp\/v2\/product\/157014","targetHints":{"allow":["GET"]}}],"collection":[{"href":"https:\/\/wave-lovers.com\/de\/wp-json\/wp\/v2\/product"}],"about":[{"href":"https:\/\/wave-lovers.com\/de\/wp-json\/wp\/v2\/types\/product"}],"replies":[{"embeddable":true,"href":"https:\/\/wave-lovers.com\/de\/wp-json\/wp\/v2\/comments?post=157014"}],"wp:featuredmedia":[{"embeddable":true,"href":"https:\/\/wave-lovers.com\/de\/wp-json\/wp\/v2\/media\/157017"}],"wp:attachment":[{"href":"https:\/\/wave-lovers.com\/de\/wp-json\/wp\/v2\/media?parent=157014"}],"wp:term":[{"taxonomy":"product_brand","embeddable":true,"href":"https:\/\/wave-lovers.com\/de\/wp-json\/wp\/v2\/product_brand?post=157014"},{"taxonomy":"product_cat","embeddable":true,"href":"https:\/\/wave-lovers.com\/de\/wp-json\/wp\/v2\/product_cat?post=157014"},{"taxonomy":"product_tag","embeddable":true,"href":"https:\/\/wave-lovers.com\/de\/wp-json\/wp\/v2\/product_tag?post=157014"}],"curies":[{"name":"wp","href":"https:\/\/api.w.org\/{rel}","templated":true}]}}